{"id":9291,"date":"2022-06-01T15:35:03","date_gmt":"2022-06-01T13:35:03","guid":{"rendered":"https:\/\/agora.xtec.cat\/zermoianesllevant\/?page_id=9291"},"modified":"2023-05-21T20:08:36","modified_gmt":"2023-05-21T18:08:36","slug":"avaluacio","status":"publish","type":"page","link":"https:\/\/agora.xtec.cat\/zermoianesllevant\/estrategia-digital-de-la-zer\/pla-estrategic\/avaluacio\/","title":{"rendered":"Avaluaci\u00f3"},"content":{"rendered":"<div>L&#8217;avaluaci\u00f3 de l&#8217;estrat\u00e8gia\u00a0s&#8217;ha de fer en tres moments diferents:<\/div>\n<div><\/div>\n<div><strong>Cont\u00ednua:<\/strong> una cop finalitzada cada actuaci\u00f3 es valora.<\/div>\n<div><\/div>\n<div><strong>Anual:<\/strong> les actuacions i objectius de l&#8217;estrat\u00e8gia formen part de la PGA, per tant a final de curs es valora en la mem\u00f2ria.<\/div>\n<div><\/div>\n<div><strong>Final:<\/strong> un cop transcorreguts els 3-4 anys es fa una valoraci\u00f3 global del proc\u00e9s, que a m\u00e9s servir\u00e0 d&#8217;element de diagnosi per la seg\u00fcent estrat\u00e8gia digital.<\/div>\n<div><\/div>\n<div><a href=\"https:\/\/agora.xtec.cat\/zermoianesllevant\/wp-content\/uploads\/usu130\/2023\/05\/illustracio-avaluacio-1.png\"><img loading=\"lazy\" decoding=\"async\" class=\"alignnone size-full wp-image-9616\" src=\"https:\/\/agora.xtec.cat\/zermoianesllevant\/wp-content\/uploads\/usu130\/2023\/05\/illustracio-avaluacio-1.png\" alt=\"\" width=\"960\" height=\"540\" srcset=\"https:\/\/agora.xtec.cat\/zermoianesllevant\/wp-content\/uploads\/usu130\/2023\/05\/illustracio-avaluacio-1.png 960w, https:\/\/agora.xtec.cat\/zermoianesllevant\/wp-content\/uploads\/usu130\/2023\/05\/illustracio-avaluacio-1-300x169.png 300w, https:\/\/agora.xtec.cat\/zermoianesllevant\/wp-content\/uploads\/usu130\/2023\/05\/illustracio-avaluacio-1-768x432.png 768w\" sizes=\"auto, (max-width: 960px) 100vw, 960px\" \/><\/a><\/div>\n<div><\/div>\n","protected":false},"excerpt":{"rendered":"<p>L&#8217;avaluaci\u00f3 de l&#8217;estrat\u00e8gia\u00a0s&#8217;ha de fer en tres moments diferents:<\/p>\n<p>Cont\u00ednua: una cop finalitzada cada actuaci\u00f3 es valora.<\/p>\n<p>Anual: les actuacions i objectius de l&#8217;estrat\u00e8gia formen part de la PGA, per tant a final de curs es valora en la mem\u00f2ria.<\/p>\n<p>Final: un cop transcorreguts els 3-4 anys es&hellip;  <a href=\"https:\/\/agora.xtec.cat\/zermoianesllevant\/estrategia-digital-de-la-zer\/pla-estrategic\/avaluacio\/\" title=\"Read Avaluaci\u00f3\">Llegeix m\u00e9s\u00bb<\/a><\/p>\n","protected":false},"author":1,"featured_media":0,"parent":9281,"menu_order":3,"comment_status":"closed","ping_status":"closed","template":"page-templates\/side-menu.php","meta":{"_bbp_topic_count":0,"_bbp_reply_count":0,"_bbp_total_topic_count":0,"_bbp_total_reply_count":0,"_bbp_voice_count":0,"_bbp_anonymous_reply_count":0,"_bbp_topic_count_hidden":0,"_bbp_reply_count_hidden":0,"_bbp_forum_subforum_count":0,"footnotes":""},"class_list":["post-9291","page","type-page","status-publish","hentry"],"post_mailing_queue_ids":[],"_links":{"self":[{"href":"https:\/\/agora.xtec.cat\/zermoianesllevant\/wp-json\/wp\/v2\/pages\/9291","targetHints":{"allow":["GET"]}}],"collection":[{"href":"https:\/\/agora.xtec.cat\/zermoianesllevant\/wp-json\/wp\/v2\/pages"}],"about":[{"href":"https:\/\/agora.xtec.cat\/zermoianesllevant\/wp-json\/wp\/v2\/types\/page"}],"author":[{"embeddable":true,"href":"https:\/\/agora.xtec.cat\/zermoianesllevant\/wp-json\/wp\/v2\/users\/1"}],"replies":[{"embeddable":true,"href":"https:\/\/agora.xtec.cat\/zermoianesllevant\/wp-json\/wp\/v2\/comments?post=9291"}],"version-history":[{"count":2,"href":"https:\/\/agora.xtec.cat\/zermoianesllevant\/wp-json\/wp\/v2\/pages\/9291\/revisions"}],"predecessor-version":[{"id":9617,"href":"https:\/\/agora.xtec.cat\/zermoianesllevant\/wp-json\/wp\/v2\/pages\/9291\/revisions\/9617"}],"up":[{"embeddable":true,"href":"https:\/\/agora.xtec.cat\/zermoianesllevant\/wp-json\/wp\/v2\/pages\/9281"}],"wp:attachment":[{"href":"https:\/\/agora.xtec.cat\/zermoianesllevant\/wp-json\/wp\/v2\/media?parent=9291"}],"curies":[{"name":"wp","href":"https:\/\/api.w.org\/{rel}","templated":true}]}}