{"id":9286,"date":"2022-06-01T15:33:35","date_gmt":"2022-06-01T13:33:35","guid":{"rendered":"https:\/\/agora.xtec.cat\/zermoianesllevant\/?page_id=9286"},"modified":"2022-12-01T16:52:24","modified_gmt":"2022-12-01T15:52:24","slug":"objectius","status":"publish","type":"page","link":"https:\/\/agora.xtec.cat\/zermoianesllevant\/estrategia-digital-de-la-zer\/pla-estrategic\/objectius\/","title":{"rendered":"Objectius"},"content":{"rendered":"<p>La ZER el Moian\u00e8s Llevant t\u00e9 una visi\u00f3 dels seus alumnes que estiguin <span style=\"font-size: medium;\">preparats per treballar en projectes globals, la majoria dels quals es treballen a trav\u00e9s de les noves tecnologies.<\/span><\/p>\n<p class=\"western\" lang=\"ca-ES\" align=\"justify\"><span style=\"font-size: medium;\">Des de les tres escoles de la ZER es treballa l\u2019autonomia personal, un benestar emocional i on estem connectats tecnol\u00f2gicament. Aix\u00f2 ho ha perm\u00e8s les m\u00e0quines, per\u00f2 sobretot gr\u00e0cies a un equip hum\u00e0 que no es pot comprar amb tot l\u2019or del m\u00f3n!<\/span><\/p>\n<p class=\"western\" lang=\"ca-ES\" align=\"justify\"><span style=\"font-size: medium;\">La metodologia\u00a0 la ZER es el treball en reptes als quals s&#8217;enfronten els estudiants i intenten partir d&#8217;un problema real o de situacions del m\u00f3n real, ajudant-los a contextualitzar els conceptes que s&#8217;estan treballant. <\/span><\/p>\n<p class=\"western\" lang=\"ca-ES\" align=\"justify\"><span style=\"font-size: medium;\">Les aplicacions d&#8217;internet i digitals ens permeten avan\u00e7ar, i aix\u00f2 \u00e9s fonamental per al futur d&#8217;aquestes criatures que viuen en zones rurals, amb sortides professionals limitades. Si promovem les habilitats tecnol\u00f2giques i demostrem als estudiants que poden ser una eina per treballar, potser en el futur, gr\u00e0cies al teletreball, podem evitar la despoblaci\u00f3 de les zones rurals.<\/span><\/p>\n<p lang=\"ca-ES\" align=\"justify\">Dins l&#8217;estrat\u00e8gia digital ens proposem els seg\u00fcents objectius en els propers:<\/p>\n<ul>\n<li lang=\"ca-ES\">Cercar espais de reflexi\u00f3, autoformaci\u00f3 i compartir experi\u00e8ncies per millorar la competencia docent del professorat en els \u00e0mbits digitals.<\/li>\n<li lang=\"ca-ES\">Treballar la import\u00e0ncia de la privacitat, dels drets d&#8217;autor i la confidencialitats amb l&#8217;alumnat i el professorat per sensibilitzar-nos en aquests aspectes.<\/li>\n<li lang=\"ca-ES\">Planificar el treball digital i STEAM a les diferents comunitats escolars per donar una l\u00ednia de ZER al treball d&#8217;aquests aspectes.<\/li>\n<li lang=\"ca-ES\">Definir quins canals i com s&#8217;utilitzen al centre per millorar la comunicaci\u00f3 interna i externa,<\/li>\n<\/ul>\n<h5>OBJECTIUS DE L&#8217;EDC:<\/h5>\n<ul>\n<li>\n<h6>Cercar espais de reflexi\u00f3, autoformaci\u00f3 i compartir experi\u00e8ncies per millorar la competencia docent del professorat en els \u00e0mbits digitals.<\/h6>\n<\/li>\n<li>\n<h6>Treballar la import\u00e0ncia de la privacitat, dels drets d&#8217;autor i la confidencialitat amb l&#8217;alumnat i el professorat per sensibilitzar-nos en aquests aspectes.<\/h6>\n<\/li>\n<li>\n<h6>Planificar el treball digital i STEAM a les diferents comunitats escolars per donar una l\u00ednia de ZER al treball d&#8217;aquests aspectes.<\/h6>\n<\/li>\n<li>\n<h6>Definir quins canals i com s&#8217;utilitzen al centre per millorar la comunicaci\u00f3 interna i externa.<\/h6>\n<\/li>\n<\/ul>\n<p lang=\"ca-ES\" align=\"justify\">\n","protected":false},"excerpt":{"rendered":"<p>La ZER el Moian\u00e8s Llevant t\u00e9 una visi\u00f3 dels seus alumnes que estiguin preparats per treballar en projectes globals, la majoria dels quals es treballen a trav\u00e9s de les noves tecnologies.<br \/>\nDes de les tres escoles de la ZER es treballa l\u2019autonomia personal, un benestar emocional&hellip;  <a href=\"https:\/\/agora.xtec.cat\/zermoianesllevant\/estrategia-digital-de-la-zer\/pla-estrategic\/objectius\/\" title=\"Read Objectius\">Llegeix m\u00e9s\u00bb<\/a><\/p>\n","protected":false},"author":1,"featured_media":0,"parent":9281,"menu_order":1,"comment_status":"closed","ping_status":"closed","template":"page-templates\/side-menu.php","meta":{"_bbp_topic_count":0,"_bbp_reply_count":0,"_bbp_total_topic_count":0,"_bbp_total_reply_count":0,"_bbp_voice_count":0,"_bbp_anonymous_reply_count":0,"_bbp_topic_count_hidden":0,"_bbp_reply_count_hidden":0,"_bbp_forum_subforum_count":0,"footnotes":""},"class_list":["post-9286","page","type-page","status-publish","hentry"],"post_mailing_queue_ids":[],"_links":{"self":[{"href":"https:\/\/agora.xtec.cat\/zermoianesllevant\/wp-json\/wp\/v2\/pages\/9286","targetHints":{"allow":["GET"]}}],"collection":[{"href":"https:\/\/agora.xtec.cat\/zermoianesllevant\/wp-json\/wp\/v2\/pages"}],"about":[{"href":"https:\/\/agora.xtec.cat\/zermoianesllevant\/wp-json\/wp\/v2\/types\/page"}],"author":[{"embeddable":true,"href":"https:\/\/agora.xtec.cat\/zermoianesllevant\/wp-json\/wp\/v2\/users\/1"}],"replies":[{"embeddable":true,"href":"https:\/\/agora.xtec.cat\/zermoianesllevant\/wp-json\/wp\/v2\/comments?post=9286"}],"version-history":[{"count":3,"href":"https:\/\/agora.xtec.cat\/zermoianesllevant\/wp-json\/wp\/v2\/pages\/9286\/revisions"}],"predecessor-version":[{"id":9351,"href":"https:\/\/agora.xtec.cat\/zermoianesllevant\/wp-json\/wp\/v2\/pages\/9286\/revisions\/9351"}],"up":[{"embeddable":true,"href":"https:\/\/agora.xtec.cat\/zermoianesllevant\/wp-json\/wp\/v2\/pages\/9281"}],"wp:attachment":[{"href":"https:\/\/agora.xtec.cat\/zermoianesllevant\/wp-json\/wp\/v2\/media?parent=9286"}],"curies":[{"name":"wp","href":"https:\/\/api.w.org\/{rel}","templated":true}]}}