{"id":9278,"date":"2022-06-01T15:30:15","date_gmt":"2022-06-01T13:30:15","guid":{"rendered":"https:\/\/agora.xtec.cat\/zermoianesllevant\/?page_id=9278"},"modified":"2023-02-01T13:06:58","modified_gmt":"2023-02-01T12:06:58","slug":"estrategia-digital-de-la-zer","status":"publish","type":"page","link":"https:\/\/agora.xtec.cat\/zermoianesllevant\/estrategia-digital-de-la-zer\/","title":{"rendered":"ESTRAT\u00c8GIA DIGITAL DE LA ZER"},"content":{"rendered":"<p>La ZER Moian\u00e8s Llevant porta a terme des del curs 2022-23 l&#8217;<a href=\"https:\/\/projectes.xtec.cat\/edc-suport\/continguts-de-ledc\/\">Estrat\u00e8gia Digital de Centre (EDC)<\/a> i al llarg de tres anys reflexionar\u00e0 sobre temes digitals a les tres escoles de la ZER.<\/p>\n<p>L\u2019EDC t\u00e9, b\u00e0sicament dues parts. Una primera part que \u00e9s m\u00e9s\u00a0<strong>estrat\u00e8gica<\/strong>\u00a0(objectius, activitats, planificaci\u00f3, etc.), on es defineix on vol arribar el centre digitalment parlant. La segona part mostra la\u00a0<strong>cultura digital,<\/strong>\u00a0ja que \u00e9s on es va recollint el que el centre ja t\u00e9 establert en aquest sentit.<\/p>\n<p>Per entendre\u2019ns, la part estrat\u00e8gica \u00e9s com volem que acabi sent el centre i com aconseguir-ho,\u00a0<em><strong>on volem anar?,<\/strong><\/em>\u00a0i la part de cultura digital s\u00f3n els plans, procediments, protocols, normatives, serveis i acords que el centre ja utilitza,\u00a0<strong><em>que estem fent?<\/em><\/strong><\/p>\n<p><img loading=\"lazy\" decoding=\"async\" class=\"aligncenter wp-image-8703\" src=\"https:\/\/projectes.xtec.cat\/edc-suport\/wp-content\/uploads\/usu2435\/2021\/03\/img_EDC_graph_01-574x1024.png\" sizes=\"auto, (max-width: 382px) 100vw, 382px\" srcset=\"https:\/\/projectes.xtec.cat\/edc-suport\/wp-content\/uploads\/usu2435\/2021\/03\/img_EDC_graph_01-574x1024.png 574w, https:\/\/projectes.xtec.cat\/edc-suport\/wp-content\/uploads\/usu2435\/2021\/03\/img_EDC_graph_01-168x300.png 168w, https:\/\/projectes.xtec.cat\/edc-suport\/wp-content\/uploads\/usu2435\/2021\/03\/img_EDC_graph_01.png 682w\" alt=\"\" width=\"382\" height=\"681\" \/><\/p>\n<p>&nbsp;<\/p>\n","protected":false},"excerpt":{"rendered":"<p>La ZER Moian\u00e8s Llevant porta a terme des del curs 2022-23 l&#8217;<a href=\"https:\/\/projectes.xtec.cat\/edc-suport\/continguts-de-ledc\/\">Estrat\u00e8gia Digital de Centre (EDC)<\/a> i al llarg de tres anys reflexionar\u00e0 sobre temes digitals a les tres escoles de la ZER.<br \/>\nL\u2019EDC t\u00e9, b\u00e0sicament dues parts. Una primera part que \u00e9s m\u00e9s\u00a0estrat\u00e8gica\u00a0(objectius, activitats,&hellip;  <a href=\"https:\/\/agora.xtec.cat\/zermoianesllevant\/estrategia-digital-de-la-zer\/\" title=\"Read ESTRAT\u00c8GIA DIGITAL DE LA ZER\">Llegeix m\u00e9s\u00bb<\/a><\/p>\n","protected":false},"author":1,"featured_media":0,"parent":0,"menu_order":0,"comment_status":"closed","ping_status":"closed","template":"page-templates\/side-menu.php","meta":{"_bbp_topic_count":0,"_bbp_reply_count":0,"_bbp_total_topic_count":0,"_bbp_total_reply_count":0,"_bbp_voice_count":0,"_bbp_anonymous_reply_count":0,"_bbp_topic_count_hidden":0,"_bbp_reply_count_hidden":0,"_bbp_forum_subforum_count":0,"footnotes":""},"class_list":["post-9278","page","type-page","status-publish","hentry"],"post_mailing_queue_ids":[],"_links":{"self":[{"href":"https:\/\/agora.xtec.cat\/zermoianesllevant\/wp-json\/wp\/v2\/pages\/9278","targetHints":{"allow":["GET"]}}],"collection":[{"href":"https:\/\/agora.xtec.cat\/zermoianesllevant\/wp-json\/wp\/v2\/pages"}],"about":[{"href":"https:\/\/agora.xtec.cat\/zermoianesllevant\/wp-json\/wp\/v2\/types\/page"}],"author":[{"embeddable":true,"href":"https:\/\/agora.xtec.cat\/zermoianesllevant\/wp-json\/wp\/v2\/users\/1"}],"replies":[{"embeddable":true,"href":"https:\/\/agora.xtec.cat\/zermoianesllevant\/wp-json\/wp\/v2\/comments?post=9278"}],"version-history":[{"count":2,"href":"https:\/\/agora.xtec.cat\/zermoianesllevant\/wp-json\/wp\/v2\/pages\/9278\/revisions"}],"predecessor-version":[{"id":9479,"href":"https:\/\/agora.xtec.cat\/zermoianesllevant\/wp-json\/wp\/v2\/pages\/9278\/revisions\/9479"}],"wp:attachment":[{"href":"https:\/\/agora.xtec.cat\/zermoianesllevant\/wp-json\/wp\/v2\/media?parent=9278"}],"curies":[{"name":"wp","href":"https:\/\/api.w.org\/{rel}","templated":true}]}}