{"id":9202,"date":"2022-05-05T11:43:29","date_gmt":"2022-05-05T09:43:29","guid":{"rendered":"https:\/\/agora.xtec.cat\/zermoianesllevant\/?page_id=9202"},"modified":"2022-05-05T19:00:13","modified_gmt":"2022-05-05T17:00:13","slug":"placa-fotovoltaica-artefactos-bateria-lego-ev3","status":"publish","type":"page","link":"https:\/\/agora.xtec.cat\/zermoianesllevant\/steam\/tinkercad\/placa-fotovoltaica-artefactos-bateria-lego-ev3\/","title":{"rendered":"Placa solar + artefactos + bateria LEGO EV3"},"content":{"rendered":"<p>El objetivo de esta pr\u00e1ctica, es validar c\u00f3mo es posible con la energ\u00eda del sol ,captada por una placa solar fotovoltaica y transformada en energ\u00eda el\u00e9ctrica, cargar la bater\u00eda del LEGO EV3. Se utilizar\u00e1 una bater\u00eda intermedia\u00a0 de 12V, 7A para almacenar la energ\u00eda el\u00e9ctrica transformada \/ generada durante las horas de sol\u00a0 por la placa solar y as\u00ed poder cargar las bater\u00edas de los LEGO EV3 a cualquier hora, ya sea cuando hay sol o cuando no lo hay.<\/p>\n<p>Se continua este ejercicio a partir del montaje realizado en la pr\u00e1ctica anterior, que consiste en incrementar el circuito anterior de una placa solar fotovoltaica y una bater\u00eda con otro circuito, que con la ayuda de un regulador, proporcionar\u00e1 el voltaje adecuado para cargar la bateria del LEGO EV3. Todo ello montado en un soporte dise\u00f1ado espec\u00edficamente para este proyecto.<\/p>\n<p><a href=\"https:\/\/agora.xtec.cat\/zermoianesllevant\/wp-content\/uploads\/usu130\/2022\/05\/Placa-solar-bateria-lego.jpg\"><img loading=\"lazy\" decoding=\"async\" class=\"size-full wp-image-9214 aligncenter\" src=\"https:\/\/agora.xtec.cat\/zermoianesllevant\/wp-content\/uploads\/usu130\/2022\/05\/Placa-solar-bateria-lego.jpg\" alt=\"\" width=\"967\" height=\"434\" srcset=\"https:\/\/agora.xtec.cat\/zermoianesllevant\/wp-content\/uploads\/usu130\/2022\/05\/Placa-solar-bateria-lego.jpg 967w, https:\/\/agora.xtec.cat\/zermoianesllevant\/wp-content\/uploads\/usu130\/2022\/05\/Placa-solar-bateria-lego-300x135.jpg 300w, https:\/\/agora.xtec.cat\/zermoianesllevant\/wp-content\/uploads\/usu130\/2022\/05\/Placa-solar-bateria-lego-768x345.jpg 768w\" sizes=\"auto, (max-width: 967px) 100vw, 967px\" \/><\/a>Las instrucciones para la realizaci\u00f3n de esta pr\u00e1ctica estan en: <a href=\"https:\/\/agora.xtec.cat\/zermoianesllevant\/wp-content\/uploads\/usu130\/2022\/05\/15.0.30-T-ESP-Panel-solar-y-cargador-de-LEGO-EV3.pdf\">15.0.30-[T]-[ESP]-Panel solar y cargador de LEGO EV3<\/a><\/p>\n<p>Los LEGO EV3 tienen un cargador que se conecta a la corriente alterna de 220V y la convierte en 10V de corriente continua. Por lo tanto, en el montaje que se est\u00e1 generando en el proyecto \u201cA-prenem el Sol\u201d se utilizar\u00e1 un artilugio que adaptar\u00e1 los 12 V de la bater\u00eda a los 10V que se requieren para cargar las bater\u00edas de los LEGO EV3. Con el buen funcionamiento de esta pr\u00e1ctica ya no habr\u00e1 de utilizar el cargador cl\u00e1sico de LEGO que vemos en la figura siguiente:<\/p>\n<p><a href=\"https:\/\/agora.xtec.cat\/zermoianesllevant\/wp-content\/uploads\/usu130\/2022\/05\/Cargador-Lego.jpg\"><img loading=\"lazy\" decoding=\"async\" class=\"size-full wp-image-9209 aligncenter\" src=\"https:\/\/agora.xtec.cat\/zermoianesllevant\/wp-content\/uploads\/usu130\/2022\/05\/Cargador-Lego.jpg\" alt=\"\" width=\"279\" height=\"285\" \/><\/a><\/p>\n<p>Finalmente cuando se finalice este proyecto, la ZER Moian\u00e8s Llevant, maestros y alumnos, habr\u00e1n colaborado en detener el cambio clim\u00e1tico, en no emplear energ\u00edas f\u00f3siles que tanto da\u00f1o hacen al planeta como se ha visto con los ejemplos de Chern\u00f3bil, el chapapote etc. y no contribuir a las guerras financiadas con las ventas del petr\u00f3leo, el gas, el uranio, el carb\u00f3n\u2026.<\/p>\n<table class=\" aligncenter\" style=\"border-collapse: collapse; width: 72.1208%;\">\n<tbody>\n<tr>\n<td style=\"width: 24.2081%;\"><a href=\"https:\/\/agora.xtec.cat\/zermoianesllevant\/wp-content\/uploads\/usu130\/2022\/05\/Canvi-climatic.jpg\"><img loading=\"lazy\" decoding=\"async\" class=\"wp-image-9217 aligncenter\" src=\"https:\/\/agora.xtec.cat\/zermoianesllevant\/wp-content\/uploads\/usu130\/2022\/05\/Canvi-climatic.jpg\" alt=\"\" width=\"352\" height=\"202\" \/><\/a><\/td>\n<td style=\"width: 23.7675%;\"><a href=\"https:\/\/agora.xtec.cat\/zermoianesllevant\/wp-content\/uploads\/usu130\/2022\/05\/Desastres.jpg\"><img loading=\"lazy\" decoding=\"async\" class=\"wp-image-9218 aligncenter\" src=\"https:\/\/agora.xtec.cat\/zermoianesllevant\/wp-content\/uploads\/usu130\/2022\/05\/Desastres.jpg\" alt=\"\" width=\"388\" height=\"216\" \/><\/a><\/td>\n<td style=\"width: 24.1451%;\"><a href=\"https:\/\/agora.xtec.cat\/zermoianesllevant\/wp-content\/uploads\/usu130\/2022\/05\/Guerres.jpg\"><img loading=\"lazy\" decoding=\"async\" class=\"alignnone wp-image-9219 aligncenter\" src=\"https:\/\/agora.xtec.cat\/zermoianesllevant\/wp-content\/uploads\/usu130\/2022\/05\/Guerres.jpg\" alt=\"\" width=\"354\" height=\"211\" \/><\/a><\/td>\n<\/tr>\n<\/tbody>\n<\/table>\n<p>El sol es de todos y ha de llegar a todas las personas para que puedan disfrutarlo y utilizar su energ\u00eda<\/p>\n","protected":false},"excerpt":{"rendered":"<p>El objetivo de esta pr\u00e1ctica, es validar c\u00f3mo es posible con la energ\u00eda del sol ,captada por una placa solar fotovoltaica y transformada en energ\u00eda el\u00e9ctrica, cargar la bater\u00eda del LEGO EV3. Se utilizar\u00e1 una bater\u00eda intermedia\u00a0 de 12V, 7A para almacenar la energ\u00eda el\u00e9ctrica&hellip;  <a href=\"https:\/\/agora.xtec.cat\/zermoianesllevant\/steam\/tinkercad\/placa-fotovoltaica-artefactos-bateria-lego-ev3\/\" title=\"Read Placa solar + artefactos + bateria LEGO EV3\">Llegeix m\u00e9s\u00bb<\/a><\/p>\n","protected":false},"author":1,"featured_media":0,"parent":8303,"menu_order":180,"comment_status":"closed","ping_status":"closed","template":"page-templates\/side-menu.php","meta":{"_bbp_topic_count":0,"_bbp_reply_count":0,"_bbp_total_topic_count":0,"_bbp_total_reply_count":0,"_bbp_voice_count":0,"_bbp_anonymous_reply_count":0,"_bbp_topic_count_hidden":0,"_bbp_reply_count_hidden":0,"_bbp_forum_subforum_count":0,"footnotes":""},"class_list":["post-9202","page","type-page","status-publish","hentry"],"post_mailing_queue_ids":[],"_links":{"self":[{"href":"https:\/\/agora.xtec.cat\/zermoianesllevant\/wp-json\/wp\/v2\/pages\/9202","targetHints":{"allow":["GET"]}}],"collection":[{"href":"https:\/\/agora.xtec.cat\/zermoianesllevant\/wp-json\/wp\/v2\/pages"}],"about":[{"href":"https:\/\/agora.xtec.cat\/zermoianesllevant\/wp-json\/wp\/v2\/types\/page"}],"author":[{"embeddable":true,"href":"https:\/\/agora.xtec.cat\/zermoianesllevant\/wp-json\/wp\/v2\/users\/1"}],"replies":[{"embeddable":true,"href":"https:\/\/agora.xtec.cat\/zermoianesllevant\/wp-json\/wp\/v2\/comments?post=9202"}],"version-history":[{"count":3,"href":"https:\/\/agora.xtec.cat\/zermoianesllevant\/wp-json\/wp\/v2\/pages\/9202\/revisions"}],"predecessor-version":[{"id":9228,"href":"https:\/\/agora.xtec.cat\/zermoianesllevant\/wp-json\/wp\/v2\/pages\/9202\/revisions\/9228"}],"up":[{"embeddable":true,"href":"https:\/\/agora.xtec.cat\/zermoianesllevant\/wp-json\/wp\/v2\/pages\/8303"}],"wp:attachment":[{"href":"https:\/\/agora.xtec.cat\/zermoianesllevant\/wp-json\/wp\/v2\/media?parent=9202"}],"curies":[{"name":"wp","href":"https:\/\/api.w.org\/{rel}","templated":true}]}}