{"id":9168,"date":"2022-04-28T23:11:45","date_gmt":"2022-04-28T21:11:45","guid":{"rendered":"https:\/\/agora.xtec.cat\/zermoianesllevant\/?page_id=9168"},"modified":"2022-05-02T10:22:05","modified_gmt":"2022-05-02T08:22:05","slug":"placa-solar-control-de-carga-bateria","status":"publish","type":"page","link":"https:\/\/agora.xtec.cat\/zermoianesllevant\/steam\/tinkercad\/placa-solar-control-de-carga-bateria\/","title":{"rendered":"Placa solar + control de carga + bateria"},"content":{"rendered":"<p>El objetivo de esta pr\u00e1ctica es almacenar en una bateria la energ\u00eda generada por una placa solar fotovoltaica, para as\u00ed, poder aprovechar la energ\u00eda en cualquier momento. Se usar\u00e1 una bater\u00eda de 12V\/7A para almacenar la energ\u00eda.<br \/>\nEntre la placa solar de 24V y la bater\u00eda de 12V\/7A necesitamos un artilugio que nos regule la tensi\u00f3n, para no estropear la bater\u00eda, al que denominaremos regulador. El regulador hace una funci\u00f3n parecida a la resistencia que se usaba para proteger un led, cuando era conectado a una pila o a una placa solar fotovoltaica. En este caso el regulador es capaz gracias a un algoritmo f\u00edsico-l\u00f3gico interno de:<\/p>\n<ol>\n<li>Permitir el paso de corriente el\u00e8ctrica desde la placa fotovoltaica para cargar la bateria cuando hay sol<\/li>\n<li>Impedir que se descargue la bateria sobre la propia placa fotovoltaica cuando no hay sol<\/li>\n<\/ol>\n<p><a href=\"https:\/\/agora.xtec.cat\/zermoianesllevant\/wp-content\/uploads\/usu130\/2022\/04\/Bateria-y-regulador-1.jpg\"><img loading=\"lazy\" decoding=\"async\" class=\"size-large wp-image-9174 aligncenter\" src=\"https:\/\/agora.xtec.cat\/zermoianesllevant\/wp-content\/uploads\/usu130\/2022\/04\/Bateria-y-regulador-1-1024x333.jpg\" alt=\"\" width=\"1024\" height=\"333\" srcset=\"https:\/\/agora.xtec.cat\/zermoianesllevant\/wp-content\/uploads\/usu130\/2022\/04\/Bateria-y-regulador-1-1024x333.jpg 1024w, https:\/\/agora.xtec.cat\/zermoianesllevant\/wp-content\/uploads\/usu130\/2022\/04\/Bateria-y-regulador-1-300x98.jpg 300w, https:\/\/agora.xtec.cat\/zermoianesllevant\/wp-content\/uploads\/usu130\/2022\/04\/Bateria-y-regulador-1-768x250.jpg 768w, https:\/\/agora.xtec.cat\/zermoianesllevant\/wp-content\/uploads\/usu130\/2022\/04\/Bateria-y-regulador-1-1536x500.jpg 1536w, https:\/\/agora.xtec.cat\/zermoianesllevant\/wp-content\/uploads\/usu130\/2022\/04\/Bateria-y-regulador-1.jpg 1542w\" sizes=\"auto, (max-width: 1024px) 100vw, 1024px\" \/><\/a><\/p>\n<p>La bater\u00eda que usaremos con la placa solar indica 12V\/7A o si nos fijamos m\u00e1s, se observar\u00e1 esta indicaci\u00f3n: <strong>12V \/ 7Ah,<\/strong> que significa que la bateria tiene:<\/p>\n<p>1.- Una tensi\u00f3n de 12V, y<br \/>\n2.- Almacena una <strong>energ\u00eda<\/strong> que equivale a proporcionar 7A durante una hora<\/p>\n<p>Si recordamos que al multiplicar voltios (V) por amperios (A) se obten\u00eda la potencia, vatios (W). Ahora al multiplicar voltios (V) por vatios hora (Wh) se obtiene la energia: 12V x 7Ah = 84 Wh<\/p>\n<p>Para mejor entender el funcionamiento de un regulador intentaremos conocer, con la ayuda de Tinkercad, un caso donde emplearemos un potenci\u00f3metro. El potenci\u00f3metro es una resistencia variable, es decir puede cambiar su valor desde 0 \u2126 al valor que se le asigna al crear el potenci\u00f3metro (2 k\u2126).<\/p>\n<p style=\"text-align: left;\">Si el cursor est\u00e1 a la izquierda el valor es 0 \u2126 y el circuito no sufre alteraci\u00f3n alguna. Pero si movemos el cursor hacia la derecha, el resultado de la suma del valor en ohmios de la resistencia m\u00e1s la resistencia en ohmios del potenci\u00f3metro va creciendo y la luz del led disminuye, ya que le llega menos corriente.<\/p>\n<table class=\" aligncenter\" style=\"border-collapse: collapse; width: 61.9256%;\">\n<tbody>\n<tr>\n<td style=\"width: 31.8125%;\"><a href=\"https:\/\/agora.xtec.cat\/zermoianesllevant\/wp-content\/uploads\/usu130\/2022\/04\/Potenciometro-1.jpg\"><img loading=\"lazy\" decoding=\"async\" class=\"alignnone wp-image-9179\" src=\"https:\/\/agora.xtec.cat\/zermoianesllevant\/wp-content\/uploads\/usu130\/2022\/04\/Potenciometro-1.jpg\" alt=\"\" width=\"462\" height=\"264\" srcset=\"https:\/\/agora.xtec.cat\/zermoianesllevant\/wp-content\/uploads\/usu130\/2022\/04\/Potenciometro-1.jpg 674w, https:\/\/agora.xtec.cat\/zermoianesllevant\/wp-content\/uploads\/usu130\/2022\/04\/Potenciometro-1-300x171.jpg 300w\" sizes=\"auto, (max-width: 462px) 100vw, 462px\" \/><\/a><\/td>\n<td style=\"width: 30.1132%;\"><a href=\"https:\/\/agora.xtec.cat\/zermoianesllevant\/wp-content\/uploads\/usu130\/2022\/04\/Potenciometro-2.jpg\"><img loading=\"lazy\" decoding=\"async\" class=\"alignnone wp-image-9180\" src=\"https:\/\/agora.xtec.cat\/zermoianesllevant\/wp-content\/uploads\/usu130\/2022\/04\/Potenciometro-2.jpg\" alt=\"\" width=\"454\" height=\"258\" srcset=\"https:\/\/agora.xtec.cat\/zermoianesllevant\/wp-content\/uploads\/usu130\/2022\/04\/Potenciometro-2.jpg 913w, https:\/\/agora.xtec.cat\/zermoianesllevant\/wp-content\/uploads\/usu130\/2022\/04\/Potenciometro-2-300x171.jpg 300w, https:\/\/agora.xtec.cat\/zermoianesllevant\/wp-content\/uploads\/usu130\/2022\/04\/Potenciometro-2-768x437.jpg 768w\" sizes=\"auto, (max-width: 454px) 100vw, 454px\" \/><\/a><\/td>\n<\/tr>\n<\/tbody>\n<\/table>\n<p>&nbsp;<\/p>\n<p><strong>\u00a1\u00a1Ya tenemos un Regulador!! <\/strong>Regula la intensidad de corriente que llega al led.<\/p>\n<p>En el caso de la bater\u00eda el regulador que necesitamos es m\u00e1s complicado, pero hace una funci\u00f3n parecida. El regulador controla la tensi\u00f3n y la intensidad de la corriente que va desde la placa solar hasta la bater\u00eda.<br \/>\nAdem\u00e1s, tiene otras funciones, como dos conectores USB donde podemos conectar un m\u00f3vil o una tableta para cargarlos.<\/p>\n<p>Todo ello se trabajar\u00e1 con la ayuda del pdf: <a href=\"https:\/\/agora.xtec.cat\/zermoianesllevant\/wp-content\/uploads\/usu130\/2022\/04\/15.0.20-T-ESP-Panel-solar-y-cargador-de-bateria.pdf\">15.0.20-[T]-[ESP]-Panel solar y cargador de bateria<\/a><\/p>\n<p>Conocemos hasta ahora:<br \/>\n&#8211; la placa solar<br \/>\n&#8211; la bater\u00eda<br \/>\n&#8211; el regulado, y<br \/>\n&#8211; c\u00f3mo conectarlos para cargar la bater\u00eda<br \/>\nQu\u00e9 sab\u00edamos de antes:<br \/>\n&#8211; c\u00f3mo medir con un volt\u00edmetro la tensi\u00f3n de la bater\u00eda o de la placa solar fotovoltaica<br \/>\n&#8211; c\u00f3mo instalar un volt\u00edmetro en el soporte de la placa solar<\/p>\n<p>&nbsp;<\/p>\n<p>&nbsp;<\/p>\n","protected":false},"excerpt":{"rendered":"<p>El objetivo de esta pr\u00e1ctica es almacenar en una bateria la energ\u00eda generada por una placa solar fotovoltaica, para as\u00ed, poder aprovechar la energ\u00eda en cualquier momento. Se usar\u00e1 una bater\u00eda de 12V\/7A para almacenar la energ\u00eda.<br \/>\nEntre la placa solar de 24V y la bater\u00eda&hellip;  <a href=\"https:\/\/agora.xtec.cat\/zermoianesllevant\/steam\/tinkercad\/placa-solar-control-de-carga-bateria\/\" title=\"Read Placa solar + control de carga + bateria\">Llegeix m\u00e9s\u00bb<\/a><\/p>\n","protected":false},"author":1,"featured_media":0,"parent":8303,"menu_order":170,"comment_status":"closed","ping_status":"closed","template":"page-templates\/side-menu.php","meta":{"_bbp_topic_count":0,"_bbp_reply_count":0,"_bbp_total_topic_count":0,"_bbp_total_reply_count":0,"_bbp_voice_count":0,"_bbp_anonymous_reply_count":0,"_bbp_topic_count_hidden":0,"_bbp_reply_count_hidden":0,"_bbp_forum_subforum_count":0,"footnotes":""},"class_list":["post-9168","page","type-page","status-publish","hentry"],"post_mailing_queue_ids":[],"_links":{"self":[{"href":"https:\/\/agora.xtec.cat\/zermoianesllevant\/wp-json\/wp\/v2\/pages\/9168","targetHints":{"allow":["GET"]}}],"collection":[{"href":"https:\/\/agora.xtec.cat\/zermoianesllevant\/wp-json\/wp\/v2\/pages"}],"about":[{"href":"https:\/\/agora.xtec.cat\/zermoianesllevant\/wp-json\/wp\/v2\/types\/page"}],"author":[{"embeddable":true,"href":"https:\/\/agora.xtec.cat\/zermoianesllevant\/wp-json\/wp\/v2\/users\/1"}],"replies":[{"embeddable":true,"href":"https:\/\/agora.xtec.cat\/zermoianesllevant\/wp-json\/wp\/v2\/comments?post=9168"}],"version-history":[{"count":2,"href":"https:\/\/agora.xtec.cat\/zermoianesllevant\/wp-json\/wp\/v2\/pages\/9168\/revisions"}],"predecessor-version":[{"id":9201,"href":"https:\/\/agora.xtec.cat\/zermoianesllevant\/wp-json\/wp\/v2\/pages\/9168\/revisions\/9201"}],"up":[{"embeddable":true,"href":"https:\/\/agora.xtec.cat\/zermoianesllevant\/wp-json\/wp\/v2\/pages\/8303"}],"wp:attachment":[{"href":"https:\/\/agora.xtec.cat\/zermoianesllevant\/wp-json\/wp\/v2\/media?parent=9168"}],"curies":[{"name":"wp","href":"https:\/\/api.w.org\/{rel}","templated":true}]}}