{"id":9113,"date":"2022-04-23T18:57:26","date_gmt":"2022-04-23T16:57:26","guid":{"rendered":"https:\/\/agora.xtec.cat\/zermoianesllevant\/?page_id=9113"},"modified":"2022-04-25T23:40:31","modified_gmt":"2022-04-25T21:40:31","slug":"placa-solar-de-20-vmp-05-amp-y-10-w-de-potencia","status":"publish","type":"page","link":"https:\/\/agora.xtec.cat\/zermoianesllevant\/steam\/tinkercad\/placa-solar-de-20-vmp-05-amp-y-10-w-de-potencia\/","title":{"rendered":"Placa solar de 20 Vmp(V), 0,5 Imp(A) y 10 W"},"content":{"rendered":"<p>En esta p\u00edldora se volver\u00e1n a poner las manos en las placas fotovoltaicas que se han estudiado anteriormente. Antes se han trabajado las placas fotovoltaicas unas aisladas de otras y cada una de ellas alimentaba un circuito que permit\u00eda encender un LED.<\/p>\n<p><a href=\"https:\/\/agora.xtec.cat\/zermoianesllevant\/wp-content\/uploads\/usu130\/2022\/01\/linterna_solar_fusta.jpg\"><img loading=\"lazy\" decoding=\"async\" class=\"wp-image-8718 aligncenter\" src=\"https:\/\/agora.xtec.cat\/zermoianesllevant\/wp-content\/uploads\/usu130\/2022\/01\/linterna_solar_fusta.jpg\" alt=\"\" width=\"885\" height=\"687\" srcset=\"https:\/\/agora.xtec.cat\/zermoianesllevant\/wp-content\/uploads\/usu130\/2022\/01\/linterna_solar_fusta.jpg 1024w, https:\/\/agora.xtec.cat\/zermoianesllevant\/wp-content\/uploads\/usu130\/2022\/01\/linterna_solar_fusta-300x233.jpg 300w, https:\/\/agora.xtec.cat\/zermoianesllevant\/wp-content\/uploads\/usu130\/2022\/01\/linterna_solar_fusta-768x596.jpg 768w\" sizes=\"auto, (max-width: 885px) 100vw, 885px\" \/><\/a><\/p>\n<p>En esta p\u00edldora formativa\u00a0 se ver\u00e1 que es posible unir las placas fotovoltaicas que hay en clase formando una sola placa solar fotovoltaica y podremos comprobar como los voltajes individuales de cada placa solar se suman. En la siguiente imagen de la pel\u00edcula <em><strong>We The Power<\/strong> <\/em>se puede ver el resultado de como unos vecinos en Brixton han conectado peque\u00f1as placas fotovoltaicas para conseguir el equivalente a una placa solar m\u00e1s potente.<\/p>\n<table class=\" aligncenter\" style=\"border-collapse: collapse; width: 89.8671%;\">\n<tbody>\n<tr>\n<td style=\"width: 40.1196%;\"><iframe loading=\"lazy\" title=\"YouTube video player\" src=\"\/\/www.youtube.com\/embed\/75A9WGxoUn8?start=813\" width=\"560\" height=\"315\" frameborder=\"0\" allowfullscreen=\"allowfullscreen\"><\/iframe><\/td>\n<td style=\"width: 49.7482%;\"><a href=\"https:\/\/agora.xtec.cat\/zermoianesllevant\/wp-content\/uploads\/usu130\/2022\/04\/PlacasFotovoltaicas_2.jpg\"><img loading=\"lazy\" decoding=\"async\" class=\" wp-image-9118 aligncenter\" src=\"https:\/\/agora.xtec.cat\/zermoianesllevant\/wp-content\/uploads\/usu130\/2022\/04\/PlacasFotovoltaicas_2-1024x508.jpg\" alt=\"\" width=\"687\" height=\"341\" srcset=\"https:\/\/agora.xtec.cat\/zermoianesllevant\/wp-content\/uploads\/usu130\/2022\/04\/PlacasFotovoltaicas_2-1024x508.jpg 1024w, https:\/\/agora.xtec.cat\/zermoianesllevant\/wp-content\/uploads\/usu130\/2022\/04\/PlacasFotovoltaicas_2-300x149.jpg 300w, https:\/\/agora.xtec.cat\/zermoianesllevant\/wp-content\/uploads\/usu130\/2022\/04\/PlacasFotovoltaicas_2-768x381.jpg 768w, https:\/\/agora.xtec.cat\/zermoianesllevant\/wp-content\/uploads\/usu130\/2022\/04\/PlacasFotovoltaicas_2-1536x762.jpg 1536w, https:\/\/agora.xtec.cat\/zermoianesllevant\/wp-content\/uploads\/usu130\/2022\/04\/PlacasFotovoltaicas_2-2048x1016.jpg 2048w\" sizes=\"auto, (max-width: 687px) 100vw, 687px\" \/><\/a><\/td>\n<\/tr>\n<\/tbody>\n<\/table>\n<p>El siguiente pdf: <a href=\"https:\/\/agora.xtec.cat\/zermoianesllevant\/wp-content\/uploads\/usu130\/2022\/04\/15.0.00-T-ESP-Panel-solar-10-Wp-3.pdf\">15.0.00-[T]-[ESP]-Panel solar 10 Wp<\/a>\u00a0ayudar\u00e1 a realizar este ejercicio, primero de forma virtual en el simulador Tinkercad y luego en el mundo f\u00edsico.<\/p>\n<p>Llegados a este punto de familiarizaci\u00f3n con la placa solar fotovoltaica de 20V, 0,5A y 10 W, se ha de iniciar la instalaci\u00f3n de la misma en su infraestructura definitiva, que \u00e9s la que se ve en la figura siguiente<\/p>\n<table style=\"border-collapse: collapse; width: 100%;\">\n<tbody>\n<tr>\n<td style=\"width: 25%;\"><a href=\"https:\/\/agora.xtec.cat\/zermoianesllevant\/wp-content\/uploads\/usu130\/2022\/04\/IMG_9905-scaled.jpg\"><img loading=\"lazy\" decoding=\"async\" class=\"alignnone size-large wp-image-9153\" src=\"https:\/\/agora.xtec.cat\/zermoianesllevant\/wp-content\/uploads\/usu130\/2022\/04\/IMG_9905-768x1024.jpg\" alt=\"\" width=\"768\" height=\"1024\" srcset=\"https:\/\/agora.xtec.cat\/zermoianesllevant\/wp-content\/uploads\/usu130\/2022\/04\/IMG_9905-768x1024.jpg 768w, https:\/\/agora.xtec.cat\/zermoianesllevant\/wp-content\/uploads\/usu130\/2022\/04\/IMG_9905-225x300.jpg 225w, https:\/\/agora.xtec.cat\/zermoianesllevant\/wp-content\/uploads\/usu130\/2022\/04\/IMG_9905-1152x1536.jpg 1152w, https:\/\/agora.xtec.cat\/zermoianesllevant\/wp-content\/uploads\/usu130\/2022\/04\/IMG_9905-1536x2048.jpg 1536w, https:\/\/agora.xtec.cat\/zermoianesllevant\/wp-content\/uploads\/usu130\/2022\/04\/IMG_9905-scaled.jpg 1920w\" sizes=\"auto, (max-width: 768px) 100vw, 768px\" \/><\/a><\/td>\n<td style=\"width: 25%;\"><a href=\"https:\/\/agora.xtec.cat\/zermoianesllevant\/wp-content\/uploads\/usu130\/2022\/04\/IMG_9907-scaled.jpg\"><img loading=\"lazy\" decoding=\"async\" class=\"alignnone size-large wp-image-9154\" src=\"https:\/\/agora.xtec.cat\/zermoianesllevant\/wp-content\/uploads\/usu130\/2022\/04\/IMG_9907-768x1024.jpg\" alt=\"\" width=\"768\" height=\"1024\" srcset=\"https:\/\/agora.xtec.cat\/zermoianesllevant\/wp-content\/uploads\/usu130\/2022\/04\/IMG_9907-768x1024.jpg 768w, https:\/\/agora.xtec.cat\/zermoianesllevant\/wp-content\/uploads\/usu130\/2022\/04\/IMG_9907-225x300.jpg 225w, https:\/\/agora.xtec.cat\/zermoianesllevant\/wp-content\/uploads\/usu130\/2022\/04\/IMG_9907-1152x1536.jpg 1152w, https:\/\/agora.xtec.cat\/zermoianesllevant\/wp-content\/uploads\/usu130\/2022\/04\/IMG_9907-1536x2048.jpg 1536w, https:\/\/agora.xtec.cat\/zermoianesllevant\/wp-content\/uploads\/usu130\/2022\/04\/IMG_9907-scaled.jpg 1920w\" sizes=\"auto, (max-width: 768px) 100vw, 768px\" \/><\/a><\/td>\n<td style=\"width: 25%;\"><a href=\"https:\/\/agora.xtec.cat\/zermoianesllevant\/wp-content\/uploads\/usu130\/2022\/04\/IMG_9908-scaled.jpg\"><img loading=\"lazy\" decoding=\"async\" class=\"alignnone size-large wp-image-9155\" src=\"https:\/\/agora.xtec.cat\/zermoianesllevant\/wp-content\/uploads\/usu130\/2022\/04\/IMG_9908-768x1024.jpg\" alt=\"\" width=\"768\" height=\"1024\" srcset=\"https:\/\/agora.xtec.cat\/zermoianesllevant\/wp-content\/uploads\/usu130\/2022\/04\/IMG_9908-768x1024.jpg 768w, https:\/\/agora.xtec.cat\/zermoianesllevant\/wp-content\/uploads\/usu130\/2022\/04\/IMG_9908-225x300.jpg 225w, https:\/\/agora.xtec.cat\/zermoianesllevant\/wp-content\/uploads\/usu130\/2022\/04\/IMG_9908-1152x1536.jpg 1152w, https:\/\/agora.xtec.cat\/zermoianesllevant\/wp-content\/uploads\/usu130\/2022\/04\/IMG_9908-1536x2048.jpg 1536w, https:\/\/agora.xtec.cat\/zermoianesllevant\/wp-content\/uploads\/usu130\/2022\/04\/IMG_9908-scaled.jpg 1920w\" sizes=\"auto, (max-width: 768px) 100vw, 768px\" \/><\/a><\/td>\n<td style=\"width: 25%;\"><a href=\"https:\/\/agora.xtec.cat\/zermoianesllevant\/wp-content\/uploads\/usu130\/2022\/04\/IMG_9910-scaled.jpg\"><img loading=\"lazy\" decoding=\"async\" class=\"alignnone size-large wp-image-9156\" src=\"https:\/\/agora.xtec.cat\/zermoianesllevant\/wp-content\/uploads\/usu130\/2022\/04\/IMG_9910-768x1024.jpg\" alt=\"\" width=\"768\" height=\"1024\" srcset=\"https:\/\/agora.xtec.cat\/zermoianesllevant\/wp-content\/uploads\/usu130\/2022\/04\/IMG_9910-768x1024.jpg 768w, https:\/\/agora.xtec.cat\/zermoianesllevant\/wp-content\/uploads\/usu130\/2022\/04\/IMG_9910-225x300.jpg 225w, https:\/\/agora.xtec.cat\/zermoianesllevant\/wp-content\/uploads\/usu130\/2022\/04\/IMG_9910-1152x1536.jpg 1152w, https:\/\/agora.xtec.cat\/zermoianesllevant\/wp-content\/uploads\/usu130\/2022\/04\/IMG_9910-1536x2048.jpg 1536w, https:\/\/agora.xtec.cat\/zermoianesllevant\/wp-content\/uploads\/usu130\/2022\/04\/IMG_9910-scaled.jpg 1920w\" sizes=\"auto, (max-width: 768px) 100vw, 768px\" \/><\/a><\/td>\n<\/tr>\n<\/tbody>\n<\/table>\n<p>Todos los pasos a seguir en el montaje de la estructura para la placa solar fotovoltaica est\u00e1n detallados en este pdf: <a href=\"https:\/\/agora.xtec.cat\/zermoianesllevant\/wp-content\/uploads\/usu130\/2022\/04\/15.0.10-T-ESP-Soporte-del-panel-solar-10-Wp.pdf\">15.0.10-[T]-[ESP]-Soporte del panel solar 10 Wp<\/a><\/p>\n<p>&nbsp;<\/p>\n<p>&nbsp;<\/p>\n<p>&nbsp;<\/p>\n<p>&nbsp;<\/p>\n","protected":false},"excerpt":{"rendered":"<p>En esta p\u00edldora se volver\u00e1n a poner las manos en las placas fotovoltaicas que se han estudiado anteriormente. Antes se han trabajado las placas fotovoltaicas unas aisladas de otras y cada una de ellas alimentaba un circuito que permit\u00eda encender un LED.<br \/>\n<a href=\"https:\/\/agora.xtec.cat\/zermoianesllevant\/wp-content\/uploads\/usu130\/2022\/01\/linterna_solar_fusta.jpg\"><\/a><br \/>\nEn esta p\u00edldora&hellip;  <a href=\"https:\/\/agora.xtec.cat\/zermoianesllevant\/steam\/tinkercad\/placa-solar-de-20-vmp-05-amp-y-10-w-de-potencia\/\" title=\"Read Placa solar de 20 Vmp(V), 0,5 Imp(A) y 10 W\">Llegeix m\u00e9s\u00bb<\/a><\/p>\n","protected":false},"author":1,"featured_media":0,"parent":8303,"menu_order":170,"comment_status":"closed","ping_status":"closed","template":"page-templates\/side-menu.php","meta":{"_bbp_topic_count":0,"_bbp_reply_count":0,"_bbp_total_topic_count":0,"_bbp_total_reply_count":0,"_bbp_voice_count":0,"_bbp_anonymous_reply_count":0,"_bbp_topic_count_hidden":0,"_bbp_reply_count_hidden":0,"_bbp_forum_subforum_count":0,"footnotes":""},"class_list":["post-9113","page","type-page","status-publish","hentry"],"post_mailing_queue_ids":[],"_links":{"self":[{"href":"https:\/\/agora.xtec.cat\/zermoianesllevant\/wp-json\/wp\/v2\/pages\/9113","targetHints":{"allow":["GET"]}}],"collection":[{"href":"https:\/\/agora.xtec.cat\/zermoianesllevant\/wp-json\/wp\/v2\/pages"}],"about":[{"href":"https:\/\/agora.xtec.cat\/zermoianesllevant\/wp-json\/wp\/v2\/types\/page"}],"author":[{"embeddable":true,"href":"https:\/\/agora.xtec.cat\/zermoianesllevant\/wp-json\/wp\/v2\/users\/1"}],"replies":[{"embeddable":true,"href":"https:\/\/agora.xtec.cat\/zermoianesllevant\/wp-json\/wp\/v2\/comments?post=9113"}],"version-history":[{"count":3,"href":"https:\/\/agora.xtec.cat\/zermoianesllevant\/wp-json\/wp\/v2\/pages\/9113\/revisions"}],"predecessor-version":[{"id":9166,"href":"https:\/\/agora.xtec.cat\/zermoianesllevant\/wp-json\/wp\/v2\/pages\/9113\/revisions\/9166"}],"up":[{"embeddable":true,"href":"https:\/\/agora.xtec.cat\/zermoianesllevant\/wp-json\/wp\/v2\/pages\/8303"}],"wp:attachment":[{"href":"https:\/\/agora.xtec.cat\/zermoianesllevant\/wp-json\/wp\/v2\/media?parent=9113"}],"curies":[{"name":"wp","href":"https:\/\/api.w.org\/{rel}","templated":true}]}}