{"id":9038,"date":"2022-04-01T17:59:04","date_gmt":"2022-04-01T15:59:04","guid":{"rendered":"https:\/\/agora.xtec.cat\/zermoianesllevant\/?page_id=9038"},"modified":"2024-03-12T12:34:13","modified_gmt":"2024-03-12T11:34:13","slug":"sensor-de-luminosidad","status":"publish","type":"page","link":"https:\/\/agora.xtec.cat\/zermoianesllevant\/steam\/tinkercad\/sensor-de-luminosidad\/","title":{"rendered":"Sensor de luminosidad"},"content":{"rendered":"<p>El ejercicio simula el encendido de una farola cuando es de noche y el apagado de la farola cuando es de dia.<\/p>\n<p>La farola ser\u00e1 representada con un LED que se encender\u00e1 al ser de noche y se apagar\u00e1 al ser de d\u00eda, para ello se utilizar\u00e1 la instrucci\u00f3n de control de flujo:<\/p>\n<p><a href=\"https:\/\/agora.xtec.cat\/zermoianesllevant\/wp-content\/uploads\/usu130\/2022\/04\/Condicion.jpg\"><img loading=\"lazy\" decoding=\"async\" class=\"alignnone wp-image-9039\" src=\"https:\/\/agora.xtec.cat\/zermoianesllevant\/wp-content\/uploads\/usu130\/2022\/04\/Condicion.jpg\" alt=\"\" width=\"365\" height=\"242\" srcset=\"https:\/\/agora.xtec.cat\/zermoianesllevant\/wp-content\/uploads\/usu130\/2022\/04\/Condicion.jpg 913w, https:\/\/agora.xtec.cat\/zermoianesllevant\/wp-content\/uploads\/usu130\/2022\/04\/Condicion-300x199.jpg 300w, https:\/\/agora.xtec.cat\/zermoianesllevant\/wp-content\/uploads\/usu130\/2022\/04\/Condicion-768x510.jpg 768w\" sizes=\"auto, (max-width: 365px) 100vw, 365px\" \/><\/a><\/p>\n<p><strong>\u00bfEs de noche?<\/strong><\/p>\n<p>Para conocer si es de noche o de d\u00eda se utilizar\u00e1 un circuito especial, auxiliar, que contendr\u00e1 un foto resistor, en concreto se utilizar\u00e1 un componente electr\u00f3nico que cambia el valor de su resistencia al paso de la corriente, teniendo una influencia directa en c\u00f3mo se reparten las ca\u00eddas de tensi\u00f3n entre los componentes de ese circuito auxiliar.<\/p>\n<table style=\"border-collapse: collapse; width: 100%;\">\n<tbody>\n<tr>\n<td style=\"width: 50%;\"><a href=\"https:\/\/agora.xtec.cat\/zermoianesllevant\/wp-content\/uploads\/usu130\/2022\/04\/Nit.jpg\"><img loading=\"lazy\" decoding=\"async\" class=\"wp-image-9045 aligncenter\" src=\"https:\/\/agora.xtec.cat\/zermoianesllevant\/wp-content\/uploads\/usu130\/2022\/04\/Nit.jpg\" alt=\"\" width=\"478\" height=\"384\" srcset=\"https:\/\/agora.xtec.cat\/zermoianesllevant\/wp-content\/uploads\/usu130\/2022\/04\/Nit.jpg 737w, https:\/\/agora.xtec.cat\/zermoianesllevant\/wp-content\/uploads\/usu130\/2022\/04\/Nit-300x241.jpg 300w\" sizes=\"auto, (max-width: 478px) 100vw, 478px\" \/><\/a><\/td>\n<td style=\"width: 50%;\"><a href=\"https:\/\/agora.xtec.cat\/zermoianesllevant\/wp-content\/uploads\/usu130\/2022\/04\/dia.jpg\"><img loading=\"lazy\" decoding=\"async\" class=\"wp-image-9046 aligncenter\" src=\"https:\/\/agora.xtec.cat\/zermoianesllevant\/wp-content\/uploads\/usu130\/2022\/04\/dia.jpg\" alt=\"\" width=\"461\" height=\"368\" srcset=\"https:\/\/agora.xtec.cat\/zermoianesllevant\/wp-content\/uploads\/usu130\/2022\/04\/dia.jpg 736w, https:\/\/agora.xtec.cat\/zermoianesllevant\/wp-content\/uploads\/usu130\/2022\/04\/dia-300x240.jpg 300w\" sizes=\"auto, (max-width: 461px) 100vw, 461px\" \/><\/a><\/td>\n<\/tr>\n<\/tbody>\n<\/table>\n<p>Por lo tanto, el punto de control se ha de conectar con una entrada ananal\u00f3gica del Arduino. Por ejemplo la A0<\/p>\n<p><a href=\"https:\/\/agora.xtec.cat\/zermoianesllevant\/wp-content\/uploads\/usu130\/2024\/03\/correccio-1.png\"><img loading=\"lazy\" decoding=\"async\" class=\"wp-image-10093 aligncenter\" src=\"https:\/\/agora.xtec.cat\/zermoianesllevant\/wp-content\/uploads\/usu130\/2024\/03\/correccio-1-300x137.png\" alt=\"\" width=\"622\" height=\"284\" srcset=\"https:\/\/agora.xtec.cat\/zermoianesllevant\/wp-content\/uploads\/usu130\/2024\/03\/correccio-1-300x137.png 300w, https:\/\/agora.xtec.cat\/zermoianesllevant\/wp-content\/uploads\/usu130\/2024\/03\/correccio-1-1024x467.png 1024w, https:\/\/agora.xtec.cat\/zermoianesllevant\/wp-content\/uploads\/usu130\/2024\/03\/correccio-1-768x350.png 768w, https:\/\/agora.xtec.cat\/zermoianesllevant\/wp-content\/uploads\/usu130\/2024\/03\/correccio-1.png 1381w\" sizes=\"auto, (max-width: 622px) 100vw, 622px\" \/><\/a><\/p>\n<p>Arduino tiene la capacidad de convertir cualquier valor entre 0V y 5V a valores equivalentes del sistema num\u00e9rico decimal entre 0 y 1023.<\/p>\n<p>Finalmente, la instrucci\u00f3n de control de flujo del programa quedar\u00eda de la siguiente forma:<\/p>\n<p><a href=\"https:\/\/agora.xtec.cat\/zermoianesllevant\/wp-content\/uploads\/usu130\/2022\/04\/4.jpg\"><img loading=\"lazy\" decoding=\"async\" class=\"alignnone size-full wp-image-9058\" src=\"https:\/\/agora.xtec.cat\/zermoianesllevant\/wp-content\/uploads\/usu130\/2022\/04\/4.jpg\" alt=\"\" width=\"800\" height=\"338\" srcset=\"https:\/\/agora.xtec.cat\/zermoianesllevant\/wp-content\/uploads\/usu130\/2022\/04\/4.jpg 800w, https:\/\/agora.xtec.cat\/zermoianesllevant\/wp-content\/uploads\/usu130\/2022\/04\/4-300x127.jpg 300w, https:\/\/agora.xtec.cat\/zermoianesllevant\/wp-content\/uploads\/usu130\/2022\/04\/4-768x324.jpg 768w\" sizes=\"auto, (max-width: 800px) 100vw, 800px\" \/><\/a><\/p>\n<p>Nota: Para seguir el ejercicio en detalle se puede abrir el siguiente .pdf: <a href=\"https:\/\/agora.xtec.cat\/zermoianesllevant\/wp-content\/uploads\/usu130\/2024\/03\/12.0.00-T-ESP-Sensor-de-llum-3.pdf\">12.0.00-[T]-[ESP]-Sensor de llum-3<\/a><\/p>\n","protected":false},"excerpt":{"rendered":"<p>El ejercicio simula el encendido de una farola cuando es de noche y el apagado de la farola cuando es de dia.<br \/>\nLa farola ser\u00e1 representada con un LED que se encender\u00e1 al ser de noche y se apagar\u00e1 al ser de d\u00eda, para ello se&hellip;  <a href=\"https:\/\/agora.xtec.cat\/zermoianesllevant\/steam\/tinkercad\/sensor-de-luminosidad\/\" title=\"Read Sensor de luminosidad\">Llegeix m\u00e9s\u00bb<\/a><\/p>\n","protected":false},"author":1,"featured_media":0,"parent":8303,"menu_order":160,"comment_status":"closed","ping_status":"closed","template":"page-templates\/side-menu.php","meta":{"_bbp_topic_count":0,"_bbp_reply_count":0,"_bbp_total_topic_count":0,"_bbp_total_reply_count":0,"_bbp_voice_count":0,"_bbp_anonymous_reply_count":0,"_bbp_topic_count_hidden":0,"_bbp_reply_count_hidden":0,"_bbp_forum_subforum_count":0,"footnotes":""},"class_list":["post-9038","page","type-page","status-publish","hentry"],"post_mailing_queue_ids":[],"_links":{"self":[{"href":"https:\/\/agora.xtec.cat\/zermoianesllevant\/wp-json\/wp\/v2\/pages\/9038","targetHints":{"allow":["GET"]}}],"collection":[{"href":"https:\/\/agora.xtec.cat\/zermoianesllevant\/wp-json\/wp\/v2\/pages"}],"about":[{"href":"https:\/\/agora.xtec.cat\/zermoianesllevant\/wp-json\/wp\/v2\/types\/page"}],"author":[{"embeddable":true,"href":"https:\/\/agora.xtec.cat\/zermoianesllevant\/wp-json\/wp\/v2\/users\/1"}],"replies":[{"embeddable":true,"href":"https:\/\/agora.xtec.cat\/zermoianesllevant\/wp-json\/wp\/v2\/comments?post=9038"}],"version-history":[{"count":6,"href":"https:\/\/agora.xtec.cat\/zermoianesllevant\/wp-json\/wp\/v2\/pages\/9038\/revisions"}],"predecessor-version":[{"id":10092,"href":"https:\/\/agora.xtec.cat\/zermoianesllevant\/wp-json\/wp\/v2\/pages\/9038\/revisions\/10092"}],"up":[{"embeddable":true,"href":"https:\/\/agora.xtec.cat\/zermoianesllevant\/wp-json\/wp\/v2\/pages\/8303"}],"wp:attachment":[{"href":"https:\/\/agora.xtec.cat\/zermoianesllevant\/wp-json\/wp\/v2\/media?parent=9038"}],"curies":[{"name":"wp","href":"https:\/\/api.w.org\/{rel}","templated":true}]}}