{"id":8872,"date":"2022-01-30T00:49:17","date_gmt":"2022-01-29T23:49:17","guid":{"rendered":"https:\/\/agora.xtec.cat\/zermoianesllevant\/?page_id=8872"},"modified":"2022-03-11T11:44:40","modified_gmt":"2022-03-11T10:44:40","slug":"rgb-basico-en-arduino","status":"publish","type":"page","link":"https:\/\/agora.xtec.cat\/zermoianesllevant\/steam\/tinkercad\/rgb-basico-en-arduino\/","title":{"rendered":"RGB, colores primarios en Arduino"},"content":{"rendered":"<p>Para realizar el ejercicio de obtener los tres colores primarios RGB (Red, Green and Blue) en el simulador Tinkercad se realizar\u00e1 siguiendo la gu\u00eda: <a href=\"https:\/\/agora.xtec.cat\/zermoianesllevant\/wp-content\/uploads\/usu130\/2022\/02\/10.0.00-T-ESP-RGB-colores-primarios-en-Arduino.pdf\">10.0.00-[T]-[ESP]-RGB colores primarios en Arduino<\/a><\/p>\n<p>Al finalizar el ejercicio en TinkerCAD, se trasladar\u00e1 lo aprendido al mundo f\u00edsico utilizando un Arduino UNO R3 emulado por el fabricante ELEGOO UNO R3. Si bien los resultados del ejercicio son extremadamente simples, ir presentando los colores primarios RGB por este orden, el alumno se encontrar\u00e1 en la gu\u00eda con novedades como obtener los mismos resultados programando el mostrar los colores con se\u00f1ales digitales o programando con se\u00f1ales anal\u00f3gicas.<\/p>\n<p>Con se\u00f1ales digitales, las \u00f3rdenes ser\u00e1n como las que han venido utilizando hasta ahora en el proyecto. ALTO significar\u00e1 cerrar el circuito conectado al pasador (pin) seleccionado\u00a0 y por lo tanto, se iluminar\u00e1 el color correspondiente a la patita del LED, ya sea color rojo, verde o azul.<\/p>\n<p>Con se\u00f1ales analogicas, valores entre 0 y 255, se ordenar\u00e1 al diodo seleccionado (rojo o verde o azul) mostrar una determinada intensidad, por ejemplo<\/p>\n<ul>\n<li>255 es la m\u00e1xima intensidad del color seleccionado (Equivale a ALTO &#8211;&gt; 5V)<\/li>\n<li>0 es la ausencia de color en la patita del LED RGB seleccionada (Equivale a BAJO &#8211;&gt; 0V)<\/li>\n<li>Cualquier valor entre 0 y 255 determinar\u00e1 una intensidad del color seleccionado, proporcional a mapear estos valores a los valores entre 0V y 5V Pero esto se trabajar\u00e1 en la siguiente p\u00edndola<\/li>\n<\/ul>\n<p>Resumiendo, estas\u00a0 instrucciones causan el mismo efecto:<\/p>\n<p>&nbsp;<\/p>\n<table style=\"border-collapse: collapse; width: 75.7189%;\">\n<tbody>\n<tr>\n<td style=\"width: 45.7934%;\"><a href=\"https:\/\/agora.xtec.cat\/zermoianesllevant\/wp-content\/uploads\/usu130\/2022\/03\/ArduinoLEDRGB.jpg\"><img loading=\"lazy\" decoding=\"async\" class=\"wp-image-8957 aligncenter\" src=\"https:\/\/agora.xtec.cat\/zermoianesllevant\/wp-content\/uploads\/usu130\/2022\/03\/ArduinoLEDRGB.jpg\" alt=\"\" width=\"378\" height=\"350\" srcset=\"https:\/\/agora.xtec.cat\/zermoianesllevant\/wp-content\/uploads\/usu130\/2022\/03\/ArduinoLEDRGB.jpg 587w, https:\/\/agora.xtec.cat\/zermoianesllevant\/wp-content\/uploads\/usu130\/2022\/03\/ArduinoLEDRGB-300x278.jpg 300w\" sizes=\"auto, (max-width: 378px) 100vw, 378px\" \/><\/a><\/td>\n<td style=\"width: 29.9262%;\"><a href=\"https:\/\/agora.xtec.cat\/zermoianesllevant\/wp-content\/uploads\/usu130\/2022\/03\/ArduinoLEDRGBcodi.jpg\"><img loading=\"lazy\" decoding=\"async\" class=\"alignnone  wp-image-8958\" src=\"https:\/\/agora.xtec.cat\/zermoianesllevant\/wp-content\/uploads\/usu130\/2022\/03\/ArduinoLEDRGBcodi.jpg\" alt=\"\" width=\"219\" height=\"271\" srcset=\"https:\/\/agora.xtec.cat\/zermoianesllevant\/wp-content\/uploads\/usu130\/2022\/03\/ArduinoLEDRGBcodi.jpg 372w, https:\/\/agora.xtec.cat\/zermoianesllevant\/wp-content\/uploads\/usu130\/2022\/03\/ArduinoLEDRGBcodi-242x300.jpg 242w\" sizes=\"auto, (max-width: 219px) 100vw, 219px\" \/><\/a><\/td>\n<\/tr>\n<\/tbody>\n<\/table>\n<p>&nbsp;<\/p>\n","protected":false},"excerpt":{"rendered":"<p>Para realizar el ejercicio de obtener los tres colores primarios RGB (Red, Green and Blue) en el simulador Tinkercad se realizar\u00e1 siguiendo la gu\u00eda: <a href=\"https:\/\/agora.xtec.cat\/zermoianesllevant\/wp-content\/uploads\/usu130\/2022\/02\/10.0.00-T-ESP-RGB-colores-primarios-en-Arduino.pdf\">10.0.00-[T]-[ESP]-RGB colores primarios en Arduino<\/a><br \/>\nAl finalizar el ejercicio en TinkerCAD, se trasladar\u00e1 lo aprendido al mundo f\u00edsico utilizando un Arduino&hellip;  <a href=\"https:\/\/agora.xtec.cat\/zermoianesllevant\/steam\/tinkercad\/rgb-basico-en-arduino\/\" title=\"Read RGB, colores primarios en Arduino\">Llegeix m\u00e9s\u00bb<\/a><\/p>\n","protected":false},"author":1,"featured_media":0,"parent":8303,"menu_order":130,"comment_status":"closed","ping_status":"closed","template":"page-templates\/side-menu.php","meta":{"_bbp_topic_count":0,"_bbp_reply_count":0,"_bbp_total_topic_count":0,"_bbp_total_reply_count":0,"_bbp_voice_count":0,"_bbp_anonymous_reply_count":0,"_bbp_topic_count_hidden":0,"_bbp_reply_count_hidden":0,"_bbp_forum_subforum_count":0,"footnotes":""},"class_list":["post-8872","page","type-page","status-publish","hentry"],"post_mailing_queue_ids":[],"_links":{"self":[{"href":"https:\/\/agora.xtec.cat\/zermoianesllevant\/wp-json\/wp\/v2\/pages\/8872","targetHints":{"allow":["GET"]}}],"collection":[{"href":"https:\/\/agora.xtec.cat\/zermoianesllevant\/wp-json\/wp\/v2\/pages"}],"about":[{"href":"https:\/\/agora.xtec.cat\/zermoianesllevant\/wp-json\/wp\/v2\/types\/page"}],"author":[{"embeddable":true,"href":"https:\/\/agora.xtec.cat\/zermoianesllevant\/wp-json\/wp\/v2\/users\/1"}],"replies":[{"embeddable":true,"href":"https:\/\/agora.xtec.cat\/zermoianesllevant\/wp-json\/wp\/v2\/comments?post=8872"}],"version-history":[{"count":2,"href":"https:\/\/agora.xtec.cat\/zermoianesllevant\/wp-json\/wp\/v2\/pages\/8872\/revisions"}],"predecessor-version":[{"id":8960,"href":"https:\/\/agora.xtec.cat\/zermoianesllevant\/wp-json\/wp\/v2\/pages\/8872\/revisions\/8960"}],"up":[{"embeddable":true,"href":"https:\/\/agora.xtec.cat\/zermoianesllevant\/wp-json\/wp\/v2\/pages\/8303"}],"wp:attachment":[{"href":"https:\/\/agora.xtec.cat\/zermoianesllevant\/wp-json\/wp\/v2\/media?parent=8872"}],"curies":[{"name":"wp","href":"https:\/\/api.w.org\/{rel}","templated":true}]}}