{"id":8810,"date":"2022-01-22T22:48:33","date_gmt":"2022-01-22T21:48:33","guid":{"rendered":"https:\/\/agora.xtec.cat\/zermoianesllevant\/?page_id=8810"},"modified":"2022-01-23T18:02:04","modified_gmt":"2022-01-23T17:02:04","slug":"semaforo-zumbador-pulsador","status":"publish","type":"page","link":"https:\/\/agora.xtec.cat\/zermoianesllevant\/steam\/tinkercad\/semaforo-zumbador-pulsador\/","title":{"rendered":"Sem\u00e1foro &#8211; Zumbador &#8211; Pulsador"},"content":{"rendered":"<p>\u00c9sta p\u00edldora formativa es la \u00faltima de un conjunto de p\u00edldoras que giran alrededor de la construcci\u00f3n de un sem\u00e1foro.<\/p>\n<p>A continuaci\u00f3n se mostrar\u00e1n tres instant\u00e1neas que nos resumen todo lo trabajado.<\/p>\n<ol>\n<li>Las especificaciones realizadas por los alumnos<\/li>\n<\/ol>\n<table style=\"border-collapse: collapse; width: 99.6638%;\">\n<tbody>\n<tr>\n<td style=\"width: 21.7379%;\"><a href=\"https:\/\/agora.xtec.cat\/zermoianesllevant\/wp-content\/uploads\/usu130\/2022\/01\/Semafor.jpeg\"><img loading=\"lazy\" decoding=\"async\" class=\"alignnone size-large wp-image-8775\" src=\"https:\/\/agora.xtec.cat\/zermoianesllevant\/wp-content\/uploads\/usu130\/2022\/01\/Semafor-1024x723.jpeg\" alt=\"\" width=\"1024\" height=\"723\" srcset=\"https:\/\/agora.xtec.cat\/zermoianesllevant\/wp-content\/uploads\/usu130\/2022\/01\/Semafor-1024x723.jpeg 1024w, https:\/\/agora.xtec.cat\/zermoianesllevant\/wp-content\/uploads\/usu130\/2022\/01\/Semafor-300x212.jpeg 300w, https:\/\/agora.xtec.cat\/zermoianesllevant\/wp-content\/uploads\/usu130\/2022\/01\/Semafor-768x542.jpeg 768w, https:\/\/agora.xtec.cat\/zermoianesllevant\/wp-content\/uploads\/usu130\/2022\/01\/Semafor-1536x1084.jpeg 1536w, https:\/\/agora.xtec.cat\/zermoianesllevant\/wp-content\/uploads\/usu130\/2022\/01\/Semafor.jpeg 1600w\" sizes=\"auto, (max-width: 1024px) 100vw, 1024px\" \/><\/a><\/td>\n<td style=\"width: 103.025%;\"><strong>SEM\u00c0FOR:<\/strong>\u00a0Necessita un ordinador programat per anar obrint i tancant el circuit i per saber quan canviar el color.<br \/>\n<strong>De cotxes:<\/strong><br \/>\nQuan el color verd est\u00e0 obert, el color vermell i el taronja estan tancats.<br \/>\nQuan el color vermell est\u00e0 obert, el color verd i taronja estan tancats.<br \/>\nQuan el color taronja est\u00e0 obert, el color verd i el vermell estan tancats, o b\u00e9 el taronja es pot programar amb llum intermitent, depenent del que es vulgui.<br \/>\n<strong>En el sem\u00e0for \u00e9s de vianants:<\/strong><br \/>\nquan el de cotxes t\u00e9 obert el verd, el de vianants t\u00e9 obert el vermell, i quan el de cotxes t\u00e9 obert el vermell, el de vianants t\u00e9 obert el verd.<\/td>\n<\/tr>\n<\/tbody>\n<\/table>\n<p>2. La construcci\u00f3n f\u00edsica para dar respuesta a las especificaciones<\/p>\n<table style=\"border-collapse: collapse; width: 100%;\">\n<tbody>\n<tr>\n<td style=\"width: 47.559%;\"><a href=\"https:\/\/agora.xtec.cat\/zermoianesllevant\/wp-content\/uploads\/usu130\/2022\/01\/Semaforo-Zumbador-pulsador.jpg\"><img loading=\"lazy\" decoding=\"async\" class=\"wp-image-8819 aligncenter\" src=\"https:\/\/agora.xtec.cat\/zermoianesllevant\/wp-content\/uploads\/usu130\/2022\/01\/Semaforo-Zumbador-pulsador-1024x866.jpg\" alt=\"\" width=\"384\" height=\"325\" srcset=\"https:\/\/agora.xtec.cat\/zermoianesllevant\/wp-content\/uploads\/usu130\/2022\/01\/Semaforo-Zumbador-pulsador-1024x866.jpg 1024w, https:\/\/agora.xtec.cat\/zermoianesllevant\/wp-content\/uploads\/usu130\/2022\/01\/Semaforo-Zumbador-pulsador-300x254.jpg 300w, https:\/\/agora.xtec.cat\/zermoianesllevant\/wp-content\/uploads\/usu130\/2022\/01\/Semaforo-Zumbador-pulsador-768x649.jpg 768w, https:\/\/agora.xtec.cat\/zermoianesllevant\/wp-content\/uploads\/usu130\/2022\/01\/Semaforo-Zumbador-pulsador.jpg 1062w\" sizes=\"auto, (max-width: 384px) 100vw, 384px\" \/><\/a><\/td>\n<td style=\"width: 52.441%;\"><a href=\"https:\/\/agora.xtec.cat\/zermoianesllevant\/wp-content\/uploads\/usu130\/2022\/01\/20220123_174204.jpg\"><img loading=\"lazy\" decoding=\"async\" class=\"wp-image-8823 aligncenter\" src=\"https:\/\/agora.xtec.cat\/zermoianesllevant\/wp-content\/uploads\/usu130\/2022\/01\/20220123_174204.jpg\" alt=\"\" width=\"459\" height=\"258\" srcset=\"https:\/\/agora.xtec.cat\/zermoianesllevant\/wp-content\/uploads\/usu130\/2022\/01\/20220123_174204.jpg 1024w, https:\/\/agora.xtec.cat\/zermoianesllevant\/wp-content\/uploads\/usu130\/2022\/01\/20220123_174204-300x169.jpg 300w, https:\/\/agora.xtec.cat\/zermoianesllevant\/wp-content\/uploads\/usu130\/2022\/01\/20220123_174204-768x432.jpg 768w\" sizes=\"auto, (max-width: 459px) 100vw, 459px\" \/><\/a><\/td>\n<\/tr>\n<\/tbody>\n<\/table>\n<p>&nbsp;<\/p>\n<p>3. Por \u00faltimo las especificaciones trasladadas a una base de orientaci\u00f3n y esta base de orientaci\u00f3n da forma al ensamblaje de una serie de instrucciones, las cuales a su vez hacen funcionar la construcci\u00f3n f\u00edsica<\/p>\n<p><a href=\"https:\/\/agora.xtec.cat\/zermoianesllevant\/wp-content\/uploads\/usu130\/2022\/01\/Semaforo-Zumbador-Pulsador-1.jpg\"><img loading=\"lazy\" decoding=\"async\" class=\"alignnone size-large wp-image-8820\" src=\"https:\/\/agora.xtec.cat\/zermoianesllevant\/wp-content\/uploads\/usu130\/2022\/01\/Semaforo-Zumbador-Pulsador-1-1024x600.jpg\" alt=\"\" width=\"1024\" height=\"600\" srcset=\"https:\/\/agora.xtec.cat\/zermoianesllevant\/wp-content\/uploads\/usu130\/2022\/01\/Semaforo-Zumbador-Pulsador-1-1024x600.jpg 1024w, https:\/\/agora.xtec.cat\/zermoianesllevant\/wp-content\/uploads\/usu130\/2022\/01\/Semaforo-Zumbador-Pulsador-1-300x176.jpg 300w, https:\/\/agora.xtec.cat\/zermoianesllevant\/wp-content\/uploads\/usu130\/2022\/01\/Semaforo-Zumbador-Pulsador-1-768x450.jpg 768w, https:\/\/agora.xtec.cat\/zermoianesllevant\/wp-content\/uploads\/usu130\/2022\/01\/Semaforo-Zumbador-Pulsador-1-1536x900.jpg 1536w, https:\/\/agora.xtec.cat\/zermoianesllevant\/wp-content\/uploads\/usu130\/2022\/01\/Semaforo-Zumbador-Pulsador-1.jpg 1816w\" sizes=\"auto, (max-width: 1024px) 100vw, 1024px\" \/><\/a><\/p>\n<p>&nbsp;<\/p>\n<p>En la siguiente gu\u00eda <a href=\"https:\/\/agora.xtec.cat\/zermoianesllevant\/wp-content\/uploads\/usu130\/2022\/01\/09.0.00-T-ESP-Semaforo-Zumbador-Pulsador.pdf\">09.0.00-[T]-[ESP]-Sem\u00e1foro-Zumbador-Pulsador<\/a> est\u00e1 en m\u00e1s detalle todo lo anterior.<\/p>\n<p>&nbsp;<\/p>\n<p><a href=\"https:\/\/agora.xtec.cat\/zermoianesllevant\/wp-content\/uploads\/usu130\/2021\/12\/ccm1.jpg\"><img loading=\"lazy\" decoding=\"async\" class=\" wp-image-8592\" src=\"https:\/\/agora.xtec.cat\/zermoianesllevant\/wp-content\/uploads\/usu130\/2021\/12\/ccm1-1024x317.jpg\" alt=\"\" width=\"285\" height=\"88\" srcset=\"https:\/\/agora.xtec.cat\/zermoianesllevant\/wp-content\/uploads\/usu130\/2021\/12\/ccm1-1024x317.jpg 1024w, https:\/\/agora.xtec.cat\/zermoianesllevant\/wp-content\/uploads\/usu130\/2021\/12\/ccm1-300x93.jpg 300w, https:\/\/agora.xtec.cat\/zermoianesllevant\/wp-content\/uploads\/usu130\/2021\/12\/ccm1-768x237.jpg 768w, https:\/\/agora.xtec.cat\/zermoianesllevant\/wp-content\/uploads\/usu130\/2021\/12\/ccm1-1536x475.jpg 1536w, https:\/\/agora.xtec.cat\/zermoianesllevant\/wp-content\/uploads\/usu130\/2021\/12\/ccm1.jpg 1863w\" sizes=\"auto, (max-width: 285px) 100vw, 285px\" \/><\/a><\/p>\n","protected":false},"excerpt":{"rendered":"<p>\u00c9sta p\u00edldora formativa es la \u00faltima de un conjunto de p\u00edldoras que giran alrededor de la construcci\u00f3n de un sem\u00e1foro.<br \/>\nA continuaci\u00f3n se mostrar\u00e1n tres instant\u00e1neas que nos resumen todo lo trabajado.<\/p>\n<ol>\n<li>Las especificaciones realizadas por los alumnos<\/li>\n<\/ol>\n<p><a href=\"https:\/\/agora.xtec.cat\/zermoianesllevant\/wp-content\/uploads\/usu130\/2022\/01\/Semafor.jpeg\"><\/a><br \/>\nSEM\u00c0FOR:\u00a0Necessita un ordinador programat per anar obrint i tancant&hellip;  <a href=\"https:\/\/agora.xtec.cat\/zermoianesllevant\/steam\/tinkercad\/semaforo-zumbador-pulsador\/\" title=\"Read Sem\u00e1foro &#8211; Zumbador &#8211; Pulsador\">Llegeix m\u00e9s\u00bb<\/a><\/p>\n","protected":false},"author":1,"featured_media":0,"parent":8303,"menu_order":110,"comment_status":"closed","ping_status":"closed","template":"page-templates\/side-menu.php","meta":{"_bbp_topic_count":0,"_bbp_reply_count":0,"_bbp_total_topic_count":0,"_bbp_total_reply_count":0,"_bbp_voice_count":0,"_bbp_anonymous_reply_count":0,"_bbp_topic_count_hidden":0,"_bbp_reply_count_hidden":0,"_bbp_forum_subforum_count":0,"footnotes":""},"class_list":["post-8810","page","type-page","status-publish","hentry"],"post_mailing_queue_ids":[],"_links":{"self":[{"href":"https:\/\/agora.xtec.cat\/zermoianesllevant\/wp-json\/wp\/v2\/pages\/8810","targetHints":{"allow":["GET"]}}],"collection":[{"href":"https:\/\/agora.xtec.cat\/zermoianesllevant\/wp-json\/wp\/v2\/pages"}],"about":[{"href":"https:\/\/agora.xtec.cat\/zermoianesllevant\/wp-json\/wp\/v2\/types\/page"}],"author":[{"embeddable":true,"href":"https:\/\/agora.xtec.cat\/zermoianesllevant\/wp-json\/wp\/v2\/users\/1"}],"replies":[{"embeddable":true,"href":"https:\/\/agora.xtec.cat\/zermoianesllevant\/wp-json\/wp\/v2\/comments?post=8810"}],"version-history":[{"count":4,"href":"https:\/\/agora.xtec.cat\/zermoianesllevant\/wp-json\/wp\/v2\/pages\/8810\/revisions"}],"predecessor-version":[{"id":8833,"href":"https:\/\/agora.xtec.cat\/zermoianesllevant\/wp-json\/wp\/v2\/pages\/8810\/revisions\/8833"}],"up":[{"embeddable":true,"href":"https:\/\/agora.xtec.cat\/zermoianesllevant\/wp-json\/wp\/v2\/pages\/8303"}],"wp:attachment":[{"href":"https:\/\/agora.xtec.cat\/zermoianesllevant\/wp-json\/wp\/v2\/media?parent=8810"}],"curies":[{"name":"wp","href":"https:\/\/api.w.org\/{rel}","templated":true}]}}