{"id":8749,"date":"2022-01-19T01:30:48","date_gmt":"2022-01-19T00:30:48","guid":{"rendered":"https:\/\/agora.xtec.cat\/zermoianesllevant\/?page_id=8749"},"modified":"2022-02-12T01:51:10","modified_gmt":"2022-02-12T00:51:10","slug":"cambiar-filamento","status":"publish","type":"page","link":"https:\/\/agora.xtec.cat\/zermoianesllevant\/steam\/impresora-artillery-genius-pro\/cambiar-filamento\/","title":{"rendered":"Cambiar filamento"},"content":{"rendered":"<p>Para <strong>cambiar<\/strong> el filamento en Artillery Genius Pro sin provocar atascos ni da\u00f1os al extrusor, primero es aconsejable realizar una purga del material en el extrusor y ello se consigue realizando un ciclo de introducci\u00f3n del filamento.<\/p>\n<p>Para ejecutar los ciclos de introducci\u00f3n y expulsi\u00f3n de material hay que subir la temperatura del extrusor, para:<\/p>\n<p>Filamentos PLA\u00a0 a 220 \u00baC<\/p>\n<p><span style=\"font-family: inherit; font-size: 1em;\">Cuando finalice un ciclo de introducci\u00f3n de material (IN) habr\u00e1 depositado parte de material fundido, se entiende que ya no hay impurezas en el fusor ni el filamento tiene la punta carbonizada. Posteriormente, ya se puede proceder a expulsar el filamento hacia arriba (OUT).<\/span><\/p>\n<p>Los ciclos de introducci\u00f3n de material y de expulsi\u00f3n de material est\u00e1n detallados en la siguiente gu\u00eda: <a href=\"https:\/\/agora.xtec.cat\/zermoianesllevant\/wp-content\/uploads\/usu130\/2022\/02\/00.3.15-I3-ESP-Cambiar-Filamento-Artillery-Genius-Pro.pdf\">00.3.15-[I3]-[ESP]-Cambiar Filamento Artillery Genius Pro<\/a><\/p>\n<p>Consejos:<\/p>\n<p>El nuevo filamento, antes de introducirlo, es aconsejable cortarlo en plano inclinado para que tenga algo de punta el filamento y sea m\u00e1s f\u00e1cil introducirlo en el extrusor. Asegurarse que la temperatura est\u00e9 a 240 grados y proceder a pulsar IN hasta que salga material fundido.<\/p>\n<p>Importante: Temperaturas superiores a los 200 \u00baC durante largo tiempo pueden da\u00f1ar el tefl\u00f3n que va unido al extrusor.<\/p>\n<p>&nbsp;<\/p>\n<p>&nbsp;<\/p>\n","protected":false},"excerpt":{"rendered":"<p>Para cambiar el filamento en Artillery Genius Pro sin provocar atascos ni da\u00f1os al extrusor, primero es aconsejable realizar una purga del material en el extrusor y ello se consigue realizando un ciclo de introducci\u00f3n del filamento.<br \/>\nPara ejecutar los ciclos de introducci\u00f3n y expulsi\u00f3n de&hellip;  <a href=\"https:\/\/agora.xtec.cat\/zermoianesllevant\/steam\/impresora-artillery-genius-pro\/cambiar-filamento\/\" title=\"Read Cambiar filamento\">Llegeix m\u00e9s\u00bb<\/a><\/p>\n","protected":false},"author":1,"featured_media":0,"parent":8667,"menu_order":50,"comment_status":"closed","ping_status":"closed","template":"page-templates\/side-menu.php","meta":{"_bbp_topic_count":0,"_bbp_reply_count":0,"_bbp_total_topic_count":0,"_bbp_total_reply_count":0,"_bbp_voice_count":0,"_bbp_anonymous_reply_count":0,"_bbp_topic_count_hidden":0,"_bbp_reply_count_hidden":0,"_bbp_forum_subforum_count":0,"footnotes":""},"class_list":["post-8749","page","type-page","status-publish","hentry"],"post_mailing_queue_ids":[],"_links":{"self":[{"href":"https:\/\/agora.xtec.cat\/zermoianesllevant\/wp-json\/wp\/v2\/pages\/8749","targetHints":{"allow":["GET"]}}],"collection":[{"href":"https:\/\/agora.xtec.cat\/zermoianesllevant\/wp-json\/wp\/v2\/pages"}],"about":[{"href":"https:\/\/agora.xtec.cat\/zermoianesllevant\/wp-json\/wp\/v2\/types\/page"}],"author":[{"embeddable":true,"href":"https:\/\/agora.xtec.cat\/zermoianesllevant\/wp-json\/wp\/v2\/users\/1"}],"replies":[{"embeddable":true,"href":"https:\/\/agora.xtec.cat\/zermoianesllevant\/wp-json\/wp\/v2\/comments?post=8749"}],"version-history":[{"count":3,"href":"https:\/\/agora.xtec.cat\/zermoianesllevant\/wp-json\/wp\/v2\/pages\/8749\/revisions"}],"predecessor-version":[{"id":8927,"href":"https:\/\/agora.xtec.cat\/zermoianesllevant\/wp-json\/wp\/v2\/pages\/8749\/revisions\/8927"}],"up":[{"embeddable":true,"href":"https:\/\/agora.xtec.cat\/zermoianesllevant\/wp-json\/wp\/v2\/pages\/8667"}],"wp:attachment":[{"href":"https:\/\/agora.xtec.cat\/zermoianesllevant\/wp-json\/wp\/v2\/media?parent=8749"}],"curies":[{"name":"wp","href":"https:\/\/api.w.org\/{rel}","templated":true}]}}