{"id":8734,"date":"2022-01-13T19:46:26","date_gmt":"2022-01-13T18:46:26","guid":{"rendered":"https:\/\/agora.xtec.cat\/zermoianesllevant\/?page_id=8734"},"modified":"2022-02-02T22:02:53","modified_gmt":"2022-02-02T21:02:53","slug":"conocimientos-basicos-para-editar","status":"publish","type":"page","link":"https:\/\/agora.xtec.cat\/zermoianesllevant\/steam\/tinkercad-3d\/conocimientos-basicos-para-editar\/","title":{"rendered":"Conocimientos b\u00e1sicos para editar"},"content":{"rendered":"<p>En esta secuencia de ejercicios, el alumno conocer\u00e1 y practicar\u00e1 una serie de actividades que le permitir\u00e1n alcanzar los conocimientos b\u00e1sicos y necesarios para editar objetos en tres dimensiones (x, y, z) con Tinkercad Dise\u00f1os 3D. Previamente, si el alumno ha dise\u00f1ado y trabajado con objetos de dos dimensiones (x, y) en SCRATCH ser\u00e1 algo muy valioso para este nuevo conocimiento, pero no es estrictamente necesario.<\/p>\n<p>Tinkercad Dise\u00f1os 3D dispone de unos tutoriales que explican, a la vez que ayudan a practicar estas acciones b\u00e1sicas. En esta unidad did\u00e1ctica se van a revisar cada uno de estos tutoriales.<\/p>\n<p>Por lo tanto, esta es una actividad que el alumnado ha de realizar para tener un conocimiento de la herramienta Tinkercad Dise\u00f1os 3D antes de enfrentarse a un reto de dise\u00f1o 3D .<\/p>\n<p>Adem\u00e1s de las propias acciones b\u00e1sicas, se conocer\u00e1n tambi\u00e9n las diferentes partes del escenario de dise\u00f1o y los iconos disponibles en cada momento en Tinkercad Dise\u00f1os 3D<\/p>\n<p>Lista de acciones:<\/p>\n<ul>\n<li>Acceso a la plataforma Tinkercad Dise\u00f1os 3D:\u00a0 <a href=\"https:\/\/agora.xtec.cat\/zermoianesllevant\/wp-content\/uploads\/usu130\/2022\/01\/00.1.00-T3-ESP-Acceso-a-diseno3D.pdf\">00.1.00-[T3]-[ESP]-Acceso a dise\u00f1o3D<\/a><\/li>\n<li>Seleccionar una figura de la galer\u00eda:\u00a0 <a href=\"https:\/\/agora.xtec.cat\/zermoianesllevant\/wp-content\/uploads\/usu130\/2022\/01\/00.1.05-T3-ESP-Seleccionar-una-figura-de-la-galeria.pdf\">00.1.05-[T3]-[ESP]-Seleccionar una figura de la galer\u00eda<\/a><\/li>\n<li>Visualiza todas las caras del objeto: <a href=\"https:\/\/agora.xtec.cat\/zermoianesllevant\/wp-content\/uploads\/usu130\/2022\/02\/00.1.10-T3-ESP-Visualizacion-diseno-en-el-plano-de-trabajo.pdf\">00.1.10-[T3]-[ESP]-Visualizaci\u00f3n dise\u00f1o en el plano de trabajo<\/a><\/li>\n<li>Mover el objeto dentro del escenario de dise\u00f1o: <a href=\"https:\/\/agora.xtec.cat\/zermoianesllevant\/wp-content\/uploads\/usu130\/2022\/02\/00.1.15-T3-ESP-Mover-figuras-en-el-plano-de-trabajo.pdf\">00.1.15-[T3]-[ESP]-Mover figuras en el plano de trabajo<\/a><\/li>\n<li>Rotar el objeto: <a href=\"https:\/\/agora.xtec.cat\/zermoianesllevant\/wp-content\/uploads\/usu130\/2022\/02\/00.1.20-T3-ESP-Rotar-formas-en-el-plano-de-trabajo.pdf\">00.1.20-[T3]-[ESP]-Rotar formas en el plano de trabajo<\/a><\/li>\n<li>Cambiar el tama\u00f1o del objeto: <a href=\"https:\/\/agora.xtec.cat\/zermoianesllevant\/wp-content\/uploads\/usu130\/2022\/02\/00.1.25-T3-ESP-Hacer-las-formas-mas-grandes.pdf\">00.1.25-[T3]-[ESP]-Hacer las formas mas grandes<\/a><\/li>\n<li>Agrupar varios objetos en un solo objeto: <a href=\"https:\/\/agora.xtec.cat\/zermoianesllevant\/wp-content\/uploads\/usu130\/2022\/02\/00.1.30-T3-ESP-Agrupar-y-combinar-formas.pdf\">00.1.30-[T3]-[ESP]-Agrupar y combinar formas<\/a><\/li>\n<li>Copiar objetos: <a href=\"https:\/\/agora.xtec.cat\/zermoianesllevant\/wp-content\/uploads\/usu130\/2022\/02\/00.1.35-T3-ESP-Copiar-formas.pdf\">00.1.35-[T3]-[ESP]-Copiar formas<\/a><\/li>\n<li>Duplicar objetos: <a href=\"https:\/\/agora.xtec.cat\/zermoianesllevant\/wp-content\/uploads\/usu130\/2022\/02\/00.1.40-T3-ESP-Duplicar-formas.pdf\">00.1.40-[T3]-[ESP]-Duplicar formas<\/a><\/li>\n<li>Esconder objetos: <a href=\"https:\/\/agora.xtec.cat\/zermoianesllevant\/wp-content\/uploads\/usu130\/2022\/02\/00.1.45-T3-ESP-Ocultar-formas.pdf\">00.1.45-[T3]-[ESP]-Ocultar formas<\/a><\/li>\n<li>Alinear objetos: <a href=\"https:\/\/agora.xtec.cat\/zermoianesllevant\/wp-content\/uploads\/usu130\/2022\/02\/00.1.50-T3-ESP-Alinear-formas.pdf\">00.1.50-[T3]-[ESP]-Alinear formas<\/a><\/li>\n<\/ul>\n","protected":false},"excerpt":{"rendered":"<p>En esta secuencia de ejercicios, el alumno conocer\u00e1 y practicar\u00e1 una serie de actividades que le permitir\u00e1n alcanzar los conocimientos b\u00e1sicos y necesarios para editar objetos en tres dimensiones (x, y, z) con Tinkercad Dise\u00f1os 3D. Previamente, si el alumno ha dise\u00f1ado y trabajado con&hellip;  <a href=\"https:\/\/agora.xtec.cat\/zermoianesllevant\/steam\/tinkercad-3d\/conocimientos-basicos-para-editar\/\" title=\"Read Conocimientos b\u00e1sicos para editar\">Llegeix m\u00e9s\u00bb<\/a><\/p>\n","protected":false},"author":1,"featured_media":0,"parent":8664,"menu_order":10,"comment_status":"closed","ping_status":"closed","template":"page-templates\/side-menu.php","meta":{"_bbp_topic_count":0,"_bbp_reply_count":0,"_bbp_total_topic_count":0,"_bbp_total_reply_count":0,"_bbp_voice_count":0,"_bbp_anonymous_reply_count":0,"_bbp_topic_count_hidden":0,"_bbp_reply_count_hidden":0,"_bbp_forum_subforum_count":0,"footnotes":""},"class_list":["post-8734","page","type-page","status-publish","hentry"],"post_mailing_queue_ids":[],"_links":{"self":[{"href":"https:\/\/agora.xtec.cat\/zermoianesllevant\/wp-json\/wp\/v2\/pages\/8734","targetHints":{"allow":["GET"]}}],"collection":[{"href":"https:\/\/agora.xtec.cat\/zermoianesllevant\/wp-json\/wp\/v2\/pages"}],"about":[{"href":"https:\/\/agora.xtec.cat\/zermoianesllevant\/wp-json\/wp\/v2\/types\/page"}],"author":[{"embeddable":true,"href":"https:\/\/agora.xtec.cat\/zermoianesllevant\/wp-json\/wp\/v2\/users\/1"}],"replies":[{"embeddable":true,"href":"https:\/\/agora.xtec.cat\/zermoianesllevant\/wp-json\/wp\/v2\/comments?post=8734"}],"version-history":[{"count":2,"href":"https:\/\/agora.xtec.cat\/zermoianesllevant\/wp-json\/wp\/v2\/pages\/8734\/revisions"}],"predecessor-version":[{"id":8907,"href":"https:\/\/agora.xtec.cat\/zermoianesllevant\/wp-json\/wp\/v2\/pages\/8734\/revisions\/8907"}],"up":[{"embeddable":true,"href":"https:\/\/agora.xtec.cat\/zermoianesllevant\/wp-json\/wp\/v2\/pages\/8664"}],"wp:attachment":[{"href":"https:\/\/agora.xtec.cat\/zermoianesllevant\/wp-json\/wp\/v2\/media?parent=8734"}],"curies":[{"name":"wp","href":"https:\/\/api.w.org\/{rel}","templated":true}]}}