{"id":8664,"date":"2021-12-27T11:58:06","date_gmt":"2021-12-27T10:58:06","guid":{"rendered":"https:\/\/agora.xtec.cat\/zermoianesllevant\/?page_id=8664"},"modified":"2024-07-28T12:23:26","modified_gmt":"2024-07-28T10:23:26","slug":"tinkercad-3d","status":"publish","type":"page","link":"https:\/\/agora.xtec.cat\/zermoianesllevant\/steam\/tinkercad-3d\/","title":{"rendered":"TINKERCAD Dise\u00f1os 3D"},"content":{"rendered":"<p>TINKERCAD dise\u00f1os 3D al igual que Tinkercad circuitos es un programa en l\u00ednea y gratuito ofrecido por Autodesk.<br \/>\nPara su utilizaci\u00f3n s\u00f3lo se requiere crear una cuenta de usuario., en caso de no disponer de ella. Una de sus utilidades es la de dise\u00f1ar piezas en 3D para su posterior impresi\u00f3n.Hay una serie de tutoriales que nos ayudan a utilizar de forma sencilla el Tinkercad en modo Dise\u00f1o 3D y los encontramos en: <a href=\"https:\/\/agora.xtec.cat\/zermoianesllevant\/steam\/tinkercad-3d\/conocimientos-basicos-para-editar\/\">Conocimientos b\u00e1sicos para editar.<\/a><br \/>\nPara entender c\u00f3mo funciona una impresora 3D podemos utilizar plastilina: <a href=\"https:\/\/agora.xtec.cat\/zermoianesllevant\/steam\/tinkercad-3d\/impresora-3d-idea\/\">Impresora 3D idea<\/a><br \/>\nUnos cuantos dise\u00f1os nos ayudan a profundizar en los conceptos del dise\u00f1o 3D paso a paso, descubriendo a la vez los conceptos de la fabricaci\u00f3n aditiva y la fabricaci\u00f3n sustractiva. Por ejemplo:: <a href=\"https:\/\/agora.xtec.cat\/zermoianesllevant\/steam\/tinkercad-3d\/got-petit\/\">Vaso peque\u00f1o<\/a>, <a href=\"https:\/\/agora.xtec.cat\/zermoianesllevant\/steam\/tinkercad-3d\/caixa-petita\/\">Caja peque\u00f1a<\/a>, <a href=\"https:\/\/agora.xtec.cat\/zermoianesllevant\/steam\/tinkercad-3d\/clauer\/\">Llavero<\/a> y <a href=\"https:\/\/agora.xtec.cat\/zermoianesllevant\/steam\/tinkercad-3d\/una-silla\/\">Silla<\/a><br \/>\nSugerimos dedicar alguna sesi\u00f3n a dibujar algunas figuras en papel milimetrado, para que los alumnos entiendan mejor el Plano de Trabajo de Tinkercad y c\u00f3mo les puede ayudar en todo momento.<br \/>\nOtro grupo de p\u00edldoras trata de explicar el dise\u00f1o de un Tangram, dibujado en papel milimetrado, doblando un folio o una hoja Din A4, y finalmente dise\u00f1ando cada pieza en el Tinkercad.<\/p>\n<p>&nbsp;<\/p>\n<p><a href=\"https:\/\/agora.xtec.cat\/zermoianesllevant\/wp-content\/uploads\/usu130\/2021\/12\/ccm1.jpg\"><img loading=\"lazy\" decoding=\"async\" class=\" wp-image-8592\" src=\"https:\/\/agora.xtec.cat\/zermoianesllevant\/wp-content\/uploads\/usu130\/2021\/12\/ccm1-1024x317.jpg\" alt=\"\" width=\"300\" height=\"93\" srcset=\"https:\/\/agora.xtec.cat\/zermoianesllevant\/wp-content\/uploads\/usu130\/2021\/12\/ccm1-1024x317.jpg 1024w, https:\/\/agora.xtec.cat\/zermoianesllevant\/wp-content\/uploads\/usu130\/2021\/12\/ccm1-300x93.jpg 300w, https:\/\/agora.xtec.cat\/zermoianesllevant\/wp-content\/uploads\/usu130\/2021\/12\/ccm1-768x237.jpg 768w, https:\/\/agora.xtec.cat\/zermoianesllevant\/wp-content\/uploads\/usu130\/2021\/12\/ccm1-1536x475.jpg 1536w, https:\/\/agora.xtec.cat\/zermoianesllevant\/wp-content\/uploads\/usu130\/2021\/12\/ccm1.jpg 1863w\" sizes=\"auto, (max-width: 300px) 100vw, 300px\" \/><\/a><\/p>\n","protected":false},"excerpt":{"rendered":"<p>TINKERCAD dise\u00f1os 3D al igual que Tinkercad circuitos es un programa en l\u00ednea y gratuito ofrecido por Autodesk.<br \/>\nPara su utilizaci\u00f3n s\u00f3lo se requiere crear una cuenta de usuario., en caso de no disponer de ella. Una de sus utilidades es la de dise\u00f1ar piezas en&hellip;  <a href=\"https:\/\/agora.xtec.cat\/zermoianesllevant\/steam\/tinkercad-3d\/\" title=\"Read TINKERCAD Dise\u00f1os 3D\">Llegeix m\u00e9s\u00bb<\/a><\/p>\n","protected":false},"author":1,"featured_media":0,"parent":7808,"menu_order":60,"comment_status":"closed","ping_status":"closed","template":"page-templates\/side-menu.php","meta":{"_bbp_topic_count":0,"_bbp_reply_count":0,"_bbp_total_topic_count":0,"_bbp_total_reply_count":0,"_bbp_voice_count":0,"_bbp_anonymous_reply_count":0,"_bbp_topic_count_hidden":0,"_bbp_reply_count_hidden":0,"_bbp_forum_subforum_count":0,"footnotes":""},"class_list":["post-8664","page","type-page","status-publish","hentry"],"post_mailing_queue_ids":[],"_links":{"self":[{"href":"https:\/\/agora.xtec.cat\/zermoianesllevant\/wp-json\/wp\/v2\/pages\/8664","targetHints":{"allow":["GET"]}}],"collection":[{"href":"https:\/\/agora.xtec.cat\/zermoianesllevant\/wp-json\/wp\/v2\/pages"}],"about":[{"href":"https:\/\/agora.xtec.cat\/zermoianesllevant\/wp-json\/wp\/v2\/types\/page"}],"author":[{"embeddable":true,"href":"https:\/\/agora.xtec.cat\/zermoianesllevant\/wp-json\/wp\/v2\/users\/1"}],"replies":[{"embeddable":true,"href":"https:\/\/agora.xtec.cat\/zermoianesllevant\/wp-json\/wp\/v2\/comments?post=8664"}],"version-history":[{"count":4,"href":"https:\/\/agora.xtec.cat\/zermoianesllevant\/wp-json\/wp\/v2\/pages\/8664\/revisions"}],"predecessor-version":[{"id":10265,"href":"https:\/\/agora.xtec.cat\/zermoianesllevant\/wp-json\/wp\/v2\/pages\/8664\/revisions\/10265"}],"up":[{"embeddable":true,"href":"https:\/\/agora.xtec.cat\/zermoianesllevant\/wp-json\/wp\/v2\/pages\/7808"}],"wp:attachment":[{"href":"https:\/\/agora.xtec.cat\/zermoianesllevant\/wp-json\/wp\/v2\/media?parent=8664"}],"curies":[{"name":"wp","href":"https:\/\/api.w.org\/{rel}","templated":true}]}}