{"id":8594,"date":"2021-12-06T12:00:34","date_gmt":"2021-12-06T11:00:34","guid":{"rendered":"https:\/\/agora.xtec.cat\/zermoianesllevant\/?page_id=8594"},"modified":"2024-07-09T23:07:35","modified_gmt":"2024-07-09T21:07:35","slug":"a-prenem-el-sol","status":"publish","type":"page","link":"https:\/\/agora.xtec.cat\/zermoianesllevant\/steam\/a-prenem-el-sol\/","title":{"rendered":"A-prenem el Sol"},"content":{"rendered":"<p>Amb el projecte <strong>A-prenem del Sol<\/strong> es vol validar que la rec\u00e0rrega de les bateries del kit LEGO MINDSTORMS EV3, WEDO, tauletes i m\u00f2bils, es pot fer fent servir l\u2019energia solar si aquesta es converteix a energia el\u00e8ctrica utilitzant plaques fotovoltaiques.<\/p>\n<p>Els alumnes de prim\u00e0ria de la ZER Moian\u00e8s ja han assolit que els kits educatius LEGO MINDSTORMS EV3, LEGO WEDO, tauletes i tel\u00e8fons m\u00f2bils, quan funcionen es descarreguen les seves bateries i es queden sense energia. Aleshores han de connectar els dispositius a la xarxa el\u00e8ctrica\u00a0 i transferir l&#8217;energia de la xarxa el\u00e8ctrica a las bateries del kit.<\/p>\n<p>Els alumnes assoliran d\u2019una manera senzilla qu\u00e8 \u00e9s la energia i, en concret treballaran dues formes d&#8217;energia: la solar i l&#8217;el\u00e8ctrica. Tamb\u00e9 aprendran que l&#8217;energia el\u00e8ctrica es pot mesurar, al igual que es pot mesurar la temperatura, la longitud, etc.<\/p>\n<p>L&#8217;execuci\u00f3 d&#8217;aquest projecte virtual i f\u00edsic consisteix de diverses etapes:<\/p>\n<p>&#8211; Ser validat &#8211; el projecte &#8211; pels claustres de les escoles de la ZER Moian\u00e8s Llevant, validant l&#8217;entorn virtual de simulaci\u00f3 de software lliure TINKERCAD i el f\u00edsic de com construir els carregadors solars<\/p>\n<p>&#8211; Des del voluntariat es construir\u00e0 un prototip amb l&#8217;ajut del club de makers de l&#8217;Estany per poder-lo mostrar al professorat<\/p>\n<p>&#8211; Formar al professorat en l&#8217;entorn TINKERCAD i en la construcci\u00f3 d&#8217;un carregador basat en l&#8217;experi\u00e8ncia del kit solar constru\u00eft amb l&#8217;ajut del club de makers<\/p>\n<p>&#8211; Donar suport als mestres a les classes durant el proc\u00e9s d&#8217;aprenentatge per part dels alumnes de l&#8217;entorn TINKERCAD de la construcci\u00f3 del carregador,\u00a0 dels exercicis previs a la construcci\u00f3 del mateix.<\/p>\n<p>&#8211; Els professors definiran els equips d&#8217;aprenentatge entre els alumnes del grau superior de cada escola,\u00a0 i com aplicar la metodologia de l\u2019 &#8220;aprenentatge fent&#8221; un carregador<\/p>\n<p>&#8211; El professorat treballar\u00e0 durant el curs amb l&#8217;alumnat en paral\u00b7lel a l&#8217;anterior, els punts que consideri oportuns del dec\u00e0leg relacionat amb l&#8217;ensenyan\u00e7a de l&#8217;energia amb l\u2018acompanyament dels voluntaris.<\/p>\n<p>Formen part d&#8217;aquest projecte tots el exercicis de l&#8217;apartat TinkerCAD<\/p>\n<p>Aquest projecte t\u00e9 el suport de:<\/p>\n<p><a href=\"https:\/\/agora.xtec.cat\/zermoianesllevant\/wp-content\/uploads\/usu130\/2021\/12\/ccm1.jpg\"><img loading=\"lazy\" decoding=\"async\" class=\" wp-image-8592\" src=\"https:\/\/agora.xtec.cat\/zermoianesllevant\/wp-content\/uploads\/usu130\/2021\/12\/ccm1-1024x317.jpg\" alt=\"\" width=\"304\" height=\"94\" srcset=\"https:\/\/agora.xtec.cat\/zermoianesllevant\/wp-content\/uploads\/usu130\/2021\/12\/ccm1-1024x317.jpg 1024w, https:\/\/agora.xtec.cat\/zermoianesllevant\/wp-content\/uploads\/usu130\/2021\/12\/ccm1-300x93.jpg 300w, https:\/\/agora.xtec.cat\/zermoianesllevant\/wp-content\/uploads\/usu130\/2021\/12\/ccm1-768x237.jpg 768w, https:\/\/agora.xtec.cat\/zermoianesllevant\/wp-content\/uploads\/usu130\/2021\/12\/ccm1-1536x475.jpg 1536w, https:\/\/agora.xtec.cat\/zermoianesllevant\/wp-content\/uploads\/usu130\/2021\/12\/ccm1.jpg 1863w\" sizes=\"auto, (max-width: 304px) 100vw, 304px\" \/><\/a><\/p>\n<p>&nbsp;<\/p>\n","protected":false},"excerpt":{"rendered":"<p>Amb el projecte A-prenem del Sol es vol validar que la rec\u00e0rrega de les bateries del kit LEGO MINDSTORMS EV3, WEDO, tauletes i m\u00f2bils, es pot fer fent servir l\u2019energia solar si aquesta es converteix a energia el\u00e8ctrica utilitzant plaques fotovoltaiques.<br \/>\nEls alumnes de prim\u00e0ria de&hellip;  <a href=\"https:\/\/agora.xtec.cat\/zermoianesllevant\/steam\/a-prenem-el-sol\/\" title=\"Read A-prenem el Sol\">Llegeix m\u00e9s\u00bb<\/a><\/p>\n","protected":false},"author":1,"featured_media":0,"parent":7808,"menu_order":7,"comment_status":"closed","ping_status":"closed","template":"page-templates\/side-menu.php","meta":{"_bbp_topic_count":0,"_bbp_reply_count":0,"_bbp_total_topic_count":0,"_bbp_total_reply_count":0,"_bbp_voice_count":0,"_bbp_anonymous_reply_count":0,"_bbp_topic_count_hidden":0,"_bbp_reply_count_hidden":0,"_bbp_forum_subforum_count":0,"footnotes":""},"class_list":["post-8594","page","type-page","status-publish","hentry"],"post_mailing_queue_ids":[],"_links":{"self":[{"href":"https:\/\/agora.xtec.cat\/zermoianesllevant\/wp-json\/wp\/v2\/pages\/8594","targetHints":{"allow":["GET"]}}],"collection":[{"href":"https:\/\/agora.xtec.cat\/zermoianesllevant\/wp-json\/wp\/v2\/pages"}],"about":[{"href":"https:\/\/agora.xtec.cat\/zermoianesllevant\/wp-json\/wp\/v2\/types\/page"}],"author":[{"embeddable":true,"href":"https:\/\/agora.xtec.cat\/zermoianesllevant\/wp-json\/wp\/v2\/users\/1"}],"replies":[{"embeddable":true,"href":"https:\/\/agora.xtec.cat\/zermoianesllevant\/wp-json\/wp\/v2\/comments?post=8594"}],"version-history":[{"count":3,"href":"https:\/\/agora.xtec.cat\/zermoianesllevant\/wp-json\/wp\/v2\/pages\/8594\/revisions"}],"predecessor-version":[{"id":8936,"href":"https:\/\/agora.xtec.cat\/zermoianesllevant\/wp-json\/wp\/v2\/pages\/8594\/revisions\/8936"}],"up":[{"embeddable":true,"href":"https:\/\/agora.xtec.cat\/zermoianesllevant\/wp-json\/wp\/v2\/pages\/7808"}],"wp:attachment":[{"href":"https:\/\/agora.xtec.cat\/zermoianesllevant\/wp-json\/wp\/v2\/media?parent=8594"}],"curies":[{"name":"wp","href":"https:\/\/api.w.org\/{rel}","templated":true}]}}