{"id":8574,"date":"2021-11-23T23:17:44","date_gmt":"2021-11-23T22:17:44","guid":{"rendered":"https:\/\/agora.xtec.cat\/zermoianesllevant\/?page_id=8574"},"modified":"2021-12-29T11:18:21","modified_gmt":"2021-12-29T10:18:21","slug":"arduino-semaforo-coches-y-peatones","status":"publish","type":"page","link":"https:\/\/agora.xtec.cat\/zermoianesllevant\/steam\/tinkercad\/arduino-semaforo-coches-y-peatones\/","title":{"rendered":"Arduino &#8211; Sem\u00e1foro coches y peatones"},"content":{"rendered":"<p>Esta segunda p\u00edldora est\u00e1 relacionada con la construcci\u00f3n de un sem\u00e1foro para coches y peatones, sincronizados entre ellos. Su construcci\u00f3n responde a las especificaciones que los alumnos han detallado en una redacci\u00f3n previa.<\/p>\n<p>Como ya es habitual en esta serie de trabajos, los alumnos primero realizar\u00e1n el ejercicio con el simulador TinkerCAD y programar\u00e1n el Arduino &#8211; UNO R3 con bloques gr\u00e1ficos tipo SCRATCH. Una vez verificado el correcto funcionamiento del sem\u00e1foro en TinkerCAD, se bajar\u00e1 el programa realizado con bloques al almacenamiento del PC. Durante esta opci\u00f3n TinkerCAD prepara un fichero.ino ya listo para ser utilizado por la aplicaci\u00f3n Arduino.<\/p>\n<p>Cuando los alumnos ya han construido f\u00edsicamente el sem\u00e1foro, har\u00e1n doble clic en el fichero.ino. Esta acci\u00f3n invoca a la aplicaci\u00f3n Arduino y permitir\u00e1 subir el programa del sem\u00e1foro a la placa f\u00edsica Arduino UNO R y validar\u00e1n el correcto funcionamiento del sem\u00e1foro coches y peatones.<\/p>\n<p>Durante este trabajo, se les har\u00e1 observar a los alumnos que solo pueden programar los tiempos de encendido de un led en segundos y los parpadeos, si lo desean en fracciones de segundo. Esta situaci\u00f3n permitir\u00e1 que se trabaje en clase la conversi\u00f3n de minutos a segundos, as\u00ed como entender que los ordenadores traducen las fracciones de segundo a milisegundos. Ejemplo:<\/p>\n<figure class=\"figure wp-caption alignnone\"><a href=\"https:\/\/agora.xtec.cat\/zermoianesllevant\/wp-content\/uploads\/usu130\/2021\/11\/segundos-milisegundos.jpg\"><img loading=\"lazy\" decoding=\"async\" class=\" wp-image-8580\" src=\"https:\/\/agora.xtec.cat\/zermoianesllevant\/wp-content\/uploads\/usu130\/2021\/11\/segundos-milisegundos-1024x287.jpg\" alt=\"\" width=\"881\" height=\"247\" srcset=\"https:\/\/agora.xtec.cat\/zermoianesllevant\/wp-content\/uploads\/usu130\/2021\/11\/segundos-milisegundos-1024x287.jpg 1024w, https:\/\/agora.xtec.cat\/zermoianesllevant\/wp-content\/uploads\/usu130\/2021\/11\/segundos-milisegundos-300x84.jpg 300w, https:\/\/agora.xtec.cat\/zermoianesllevant\/wp-content\/uploads\/usu130\/2021\/11\/segundos-milisegundos-768x215.jpg 768w, https:\/\/agora.xtec.cat\/zermoianesllevant\/wp-content\/uploads\/usu130\/2021\/11\/segundos-milisegundos.jpg 1145w\" sizes=\"auto, (max-width: 881px) 100vw, 881px\" \/><\/a><figcaption class=\"wp-caption-text\">Segundos a milisegundos<\/figcaption><\/figure>\n<p>&nbsp;<\/p>\n<p>Finalmente, los alumnos verifican que el programa sem\u00e1foro en la placa Arduino s\u00f3lo funciona si se le suministra energ\u00eda. En este caso la placa Arduino la toma del PC,<\/p>\n<p>Una propuesta de guion para este ejercicio se encuentra aqu\u00ed: <a href=\"https:\/\/agora.xtec.cat\/zermoianesllevant\/wp-content\/uploads\/usu130\/2021\/11\/06.0.00-T-ESP-Cinco-circuitos-LED-Semaforo-.pdf\">06.0.00-[T]-[ESP]-Cinco circuitos LED -Sem\u00e1foro &#8211;<\/a><\/p>\n<p>&nbsp;<\/p>\n<p><a href=\"https:\/\/agora.xtec.cat\/zermoianesllevant\/wp-content\/uploads\/usu130\/2021\/12\/ccm1.jpg\"><img loading=\"lazy\" decoding=\"async\" class=\" wp-image-8592\" src=\"https:\/\/agora.xtec.cat\/zermoianesllevant\/wp-content\/uploads\/usu130\/2021\/12\/ccm1-1024x317.jpg\" alt=\"\" width=\"300\" height=\"93\" srcset=\"https:\/\/agora.xtec.cat\/zermoianesllevant\/wp-content\/uploads\/usu130\/2021\/12\/ccm1-1024x317.jpg 1024w, https:\/\/agora.xtec.cat\/zermoianesllevant\/wp-content\/uploads\/usu130\/2021\/12\/ccm1-300x93.jpg 300w, https:\/\/agora.xtec.cat\/zermoianesllevant\/wp-content\/uploads\/usu130\/2021\/12\/ccm1-768x237.jpg 768w, https:\/\/agora.xtec.cat\/zermoianesllevant\/wp-content\/uploads\/usu130\/2021\/12\/ccm1-1536x475.jpg 1536w, https:\/\/agora.xtec.cat\/zermoianesllevant\/wp-content\/uploads\/usu130\/2021\/12\/ccm1.jpg 1863w\" sizes=\"auto, (max-width: 300px) 100vw, 300px\" \/><\/a><\/p>\n<p>&nbsp;<\/p>\n","protected":false},"excerpt":{"rendered":"<p>Esta segunda p\u00edldora est\u00e1 relacionada con la construcci\u00f3n de un sem\u00e1foro para coches y peatones, sincronizados entre ellos. Su construcci\u00f3n responde a las especificaciones que los alumnos han detallado en una redacci\u00f3n previa.<br \/>\nComo ya es habitual en esta serie de trabajos, los alumnos primero realizar\u00e1n&hellip;  <a href=\"https:\/\/agora.xtec.cat\/zermoianesllevant\/steam\/tinkercad\/arduino-semaforo-coches-y-peatones\/\" title=\"Read Arduino &#8211; Sem\u00e1foro coches y peatones\">Llegeix m\u00e9s\u00bb<\/a><\/p>\n","protected":false},"author":1,"featured_media":0,"parent":8303,"menu_order":80,"comment_status":"closed","ping_status":"closed","template":"page-templates\/side-menu.php","meta":{"_bbp_topic_count":0,"_bbp_reply_count":0,"_bbp_total_topic_count":0,"_bbp_total_reply_count":0,"_bbp_voice_count":0,"_bbp_anonymous_reply_count":0,"_bbp_topic_count_hidden":0,"_bbp_reply_count_hidden":0,"_bbp_forum_subforum_count":0,"footnotes":""},"class_list":["post-8574","page","type-page","status-publish","hentry"],"post_mailing_queue_ids":[],"_links":{"self":[{"href":"https:\/\/agora.xtec.cat\/zermoianesllevant\/wp-json\/wp\/v2\/pages\/8574","targetHints":{"allow":["GET"]}}],"collection":[{"href":"https:\/\/agora.xtec.cat\/zermoianesllevant\/wp-json\/wp\/v2\/pages"}],"about":[{"href":"https:\/\/agora.xtec.cat\/zermoianesllevant\/wp-json\/wp\/v2\/types\/page"}],"author":[{"embeddable":true,"href":"https:\/\/agora.xtec.cat\/zermoianesllevant\/wp-json\/wp\/v2\/users\/1"}],"replies":[{"embeddable":true,"href":"https:\/\/agora.xtec.cat\/zermoianesllevant\/wp-json\/wp\/v2\/comments?post=8574"}],"version-history":[{"count":4,"href":"https:\/\/agora.xtec.cat\/zermoianesllevant\/wp-json\/wp\/v2\/pages\/8574\/revisions"}],"predecessor-version":[{"id":8708,"href":"https:\/\/agora.xtec.cat\/zermoianesllevant\/wp-json\/wp\/v2\/pages\/8574\/revisions\/8708"}],"up":[{"embeddable":true,"href":"https:\/\/agora.xtec.cat\/zermoianesllevant\/wp-json\/wp\/v2\/pages\/8303"}],"wp:attachment":[{"href":"https:\/\/agora.xtec.cat\/zermoianesllevant\/wp-json\/wp\/v2\/media?parent=8574"}],"curies":[{"name":"wp","href":"https:\/\/api.w.org\/{rel}","templated":true}]}}