{"id":8496,"date":"2021-10-14T07:21:18","date_gmt":"2021-10-14T05:21:18","guid":{"rendered":"https:\/\/agora.xtec.cat\/zermoianesllevant\/?page_id=8496"},"modified":"2021-12-29T11:16:49","modified_gmt":"2021-12-29T10:16:49","slug":"arduino-circuito-led","status":"publish","type":"page","link":"https:\/\/agora.xtec.cat\/zermoianesllevant\/steam\/tinkercad\/arduino-circuito-led\/","title":{"rendered":"Arduino + Circuito LED"},"content":{"rendered":"<p>En esta sesi\u00f3n el alumno construir\u00e1 un <strong>circuito LED<\/strong> sobre el conjunto ARDUINO + PLACA DE PRUEBAS. Primero el alumno realizar\u00e1 el ejercicio sobre el simulador TinkerCAD y posteriormente, pasar\u00e1 a la construcci\u00f3n f\u00edsica de todo el conjunto validado en el simulador.<\/p>\n<p>En el siguiente pdf hay una propuesta de guion para realizar el ejercicio en el simulador de circuitos TinkerCAD: <a href=\"https:\/\/agora.xtec.cat\/zermoianesllevant\/wp-content\/uploads\/usu130\/2021\/11\/04.1.00-T-ESP-Circuito-LED-sobre-Arduino.pdf\">04.1.00-[T]-[ESP]-Circuito LED sobre Arduino<\/a><\/p>\n<p>&nbsp;<\/p>\n<p><a href=\"https:\/\/agora.xtec.cat\/zermoianesllevant\/wp-content\/uploads\/usu130\/2021\/12\/ccm1.jpg\"><img loading=\"lazy\" decoding=\"async\" class=\" wp-image-8592\" src=\"https:\/\/agora.xtec.cat\/zermoianesllevant\/wp-content\/uploads\/usu130\/2021\/12\/ccm1-1024x317.jpg\" alt=\"\" width=\"300\" height=\"93\" srcset=\"https:\/\/agora.xtec.cat\/zermoianesllevant\/wp-content\/uploads\/usu130\/2021\/12\/ccm1-1024x317.jpg 1024w, https:\/\/agora.xtec.cat\/zermoianesllevant\/wp-content\/uploads\/usu130\/2021\/12\/ccm1-300x93.jpg 300w, https:\/\/agora.xtec.cat\/zermoianesllevant\/wp-content\/uploads\/usu130\/2021\/12\/ccm1-768x237.jpg 768w, https:\/\/agora.xtec.cat\/zermoianesllevant\/wp-content\/uploads\/usu130\/2021\/12\/ccm1-1536x475.jpg 1536w, https:\/\/agora.xtec.cat\/zermoianesllevant\/wp-content\/uploads\/usu130\/2021\/12\/ccm1.jpg 1863w\" sizes=\"auto, (max-width: 300px) 100vw, 300px\" \/><\/a><\/p>\n","protected":false},"excerpt":{"rendered":"<p>En esta sesi\u00f3n el alumno construir\u00e1 un circuito LED sobre el conjunto ARDUINO + PLACA DE PRUEBAS. Primero el alumno realizar\u00e1 el ejercicio sobre el simulador TinkerCAD y posteriormente, pasar\u00e1 a la construcci\u00f3n f\u00edsica de todo el conjunto validado en el simulador.<br \/>\nEn el siguiente pdf&hellip;  <a href=\"https:\/\/agora.xtec.cat\/zermoianesllevant\/steam\/tinkercad\/arduino-circuito-led\/\" title=\"Read Arduino + Circuito LED\">Llegeix m\u00e9s\u00bb<\/a><\/p>\n","protected":false},"author":1,"featured_media":0,"parent":8303,"menu_order":60,"comment_status":"closed","ping_status":"closed","template":"page-templates\/side-menu.php","meta":{"_bbp_topic_count":0,"_bbp_reply_count":0,"_bbp_total_topic_count":0,"_bbp_total_reply_count":0,"_bbp_voice_count":0,"_bbp_anonymous_reply_count":0,"_bbp_topic_count_hidden":0,"_bbp_reply_count_hidden":0,"_bbp_forum_subforum_count":0,"footnotes":""},"class_list":["post-8496","page","type-page","status-publish","hentry"],"post_mailing_queue_ids":[],"_links":{"self":[{"href":"https:\/\/agora.xtec.cat\/zermoianesllevant\/wp-json\/wp\/v2\/pages\/8496","targetHints":{"allow":["GET"]}}],"collection":[{"href":"https:\/\/agora.xtec.cat\/zermoianesllevant\/wp-json\/wp\/v2\/pages"}],"about":[{"href":"https:\/\/agora.xtec.cat\/zermoianesllevant\/wp-json\/wp\/v2\/types\/page"}],"author":[{"embeddable":true,"href":"https:\/\/agora.xtec.cat\/zermoianesllevant\/wp-json\/wp\/v2\/users\/1"}],"replies":[{"embeddable":true,"href":"https:\/\/agora.xtec.cat\/zermoianesllevant\/wp-json\/wp\/v2\/comments?post=8496"}],"version-history":[{"count":4,"href":"https:\/\/agora.xtec.cat\/zermoianesllevant\/wp-json\/wp\/v2\/pages\/8496\/revisions"}],"predecessor-version":[{"id":8704,"href":"https:\/\/agora.xtec.cat\/zermoianesllevant\/wp-json\/wp\/v2\/pages\/8496\/revisions\/8704"}],"up":[{"embeddable":true,"href":"https:\/\/agora.xtec.cat\/zermoianesllevant\/wp-json\/wp\/v2\/pages\/8303"}],"wp:attachment":[{"href":"https:\/\/agora.xtec.cat\/zermoianesllevant\/wp-json\/wp\/v2\/media?parent=8496"}],"curies":[{"name":"wp","href":"https:\/\/api.w.org\/{rel}","templated":true}]}}