{"id":8484,"date":"2021-10-07T14:13:41","date_gmt":"2021-10-07T12:13:41","guid":{"rendered":"https:\/\/agora.xtec.cat\/zermoianesllevant\/?page_id=8484"},"modified":"2022-03-15T19:30:34","modified_gmt":"2022-03-15T18:30:34","slug":"que-es-lenergia","status":"publish","type":"page","link":"https:\/\/agora.xtec.cat\/zermoianesllevant\/steam\/a-prenem-el-sol\/que-es-lenergia\/","title":{"rendered":"Qu\u00e8 \u00e9s l&#8217;energia?"},"content":{"rendered":"<p>Els alumnes, despr\u00e9s de Googlejar diverses definicions, vam estar d&#8217;acord en compartir una definici\u00f3:<br \/>\nL\u2019energia \u00e9s la capacitat que tenen els cossos de produir un canvi o un treball. Tots els cossos tenen energia. L\u2019energia provoca tots els canvis que veiem al nostre voltant.<br \/>\nLes seves PROPIETATS s\u00f3n:<br \/>\n\uf0b7 L\u2019energia es transmet<br \/>\n\uf0b7 L\u2019energia s\u2019emmagatzema<br \/>\n\uf0b7 L\u2019energia es transporta<br \/>\n\uf0b7 L\u2019energia mai desapareix, es transforma d\u2019un tipus a un altre.<\/p>\n<p>Vam voler fer servir les nostres paraules per poder explicar-ho als nostres companys i vam arribar a les conclusions:<\/p>\n<ul style=\"list-style-type: circle;\">\n<li>L&#8217;energia \u00e9s all\u00f2 que fa que les coses funcionin i que es pot transformar en el que necessitem<\/li>\n<li>L&#8217;energia \u00e9s vida, ens ho dona tot, el cos t\u00e9 energia, sense energia no funcionem<\/li>\n<\/ul>\n<p>I com va sentenciar el nostre company Jan Escamilla de Collsuspina (6\u00e8 de Prim\u00e0ria): &#8220;l&#8217;energia fa que tot funcioni&#8221;.<\/p>\n<figure class=\"figure wp-caption aligncenter\"><a href=\"https:\/\/agora.xtec.cat\/zermoianesllevant\/wp-content\/uploads\/usu130\/2022\/03\/Captura.jpg\"><img loading=\"lazy\" decoding=\"async\" class=\"size-full wp-image-8997\" src=\"https:\/\/agora.xtec.cat\/zermoianesllevant\/wp-content\/uploads\/usu130\/2022\/03\/Captura.jpg\" alt=\"\" width=\"904\" height=\"586\" srcset=\"https:\/\/agora.xtec.cat\/zermoianesllevant\/wp-content\/uploads\/usu130\/2022\/03\/Captura.jpg 904w, https:\/\/agora.xtec.cat\/zermoianesllevant\/wp-content\/uploads\/usu130\/2022\/03\/Captura-300x194.jpg 300w, https:\/\/agora.xtec.cat\/zermoianesllevant\/wp-content\/uploads\/usu130\/2022\/03\/Captura-768x498.jpg 768w\" sizes=\"auto, (max-width: 904px) 100vw, 904px\" \/><\/a><figcaption class=\"wp-caption-text\">Flux energ\u00e8tic de la fotos\u00edntesi<\/figcaption><\/figure>\n<p>&nbsp;<\/p>\n<p><a href=\"https:\/\/agora.xtec.cat\/zermoianesllevant\/wp-content\/uploads\/usu130\/2021\/12\/ccm1.jpg\"><img loading=\"lazy\" decoding=\"async\" class=\" wp-image-8592\" src=\"https:\/\/agora.xtec.cat\/zermoianesllevant\/wp-content\/uploads\/usu130\/2021\/12\/ccm1-1024x317.jpg\" alt=\"\" width=\"300\" height=\"93\" srcset=\"https:\/\/agora.xtec.cat\/zermoianesllevant\/wp-content\/uploads\/usu130\/2021\/12\/ccm1-1024x317.jpg 1024w, https:\/\/agora.xtec.cat\/zermoianesllevant\/wp-content\/uploads\/usu130\/2021\/12\/ccm1-300x93.jpg 300w, https:\/\/agora.xtec.cat\/zermoianesllevant\/wp-content\/uploads\/usu130\/2021\/12\/ccm1-768x237.jpg 768w, https:\/\/agora.xtec.cat\/zermoianesllevant\/wp-content\/uploads\/usu130\/2021\/12\/ccm1-1536x475.jpg 1536w, https:\/\/agora.xtec.cat\/zermoianesllevant\/wp-content\/uploads\/usu130\/2021\/12\/ccm1.jpg 1863w\" sizes=\"auto, (max-width: 300px) 100vw, 300px\" \/><\/a><\/p>\n","protected":false},"excerpt":{"rendered":"<p>Els alumnes, despr\u00e9s de Googlejar diverses definicions, vam estar d&#8217;acord en compartir una definici\u00f3:<br \/>\nL\u2019energia \u00e9s la capacitat que tenen els cossos de produir un canvi o un treball. Tots els cossos tenen energia. L\u2019energia provoca tots els canvis que veiem al nostre voltant.<br \/>\nLes seves PROPIETATS&hellip;  <a href=\"https:\/\/agora.xtec.cat\/zermoianesllevant\/steam\/a-prenem-el-sol\/que-es-lenergia\/\" title=\"Read Qu\u00e8 \u00e9s l&#8217;energia?\">Llegeix m\u00e9s\u00bb<\/a><\/p>\n","protected":false},"author":1,"featured_media":0,"parent":8594,"menu_order":10,"comment_status":"closed","ping_status":"closed","template":"page-templates\/side-menu.php","meta":{"_bbp_topic_count":0,"_bbp_reply_count":0,"_bbp_total_topic_count":0,"_bbp_total_reply_count":0,"_bbp_voice_count":0,"_bbp_anonymous_reply_count":0,"_bbp_topic_count_hidden":0,"_bbp_reply_count_hidden":0,"_bbp_forum_subforum_count":0,"footnotes":""},"class_list":["post-8484","page","type-page","status-publish","hentry"],"post_mailing_queue_ids":[],"_links":{"self":[{"href":"https:\/\/agora.xtec.cat\/zermoianesllevant\/wp-json\/wp\/v2\/pages\/8484","targetHints":{"allow":["GET"]}}],"collection":[{"href":"https:\/\/agora.xtec.cat\/zermoianesllevant\/wp-json\/wp\/v2\/pages"}],"about":[{"href":"https:\/\/agora.xtec.cat\/zermoianesllevant\/wp-json\/wp\/v2\/types\/page"}],"author":[{"embeddable":true,"href":"https:\/\/agora.xtec.cat\/zermoianesllevant\/wp-json\/wp\/v2\/users\/1"}],"replies":[{"embeddable":true,"href":"https:\/\/agora.xtec.cat\/zermoianesllevant\/wp-json\/wp\/v2\/comments?post=8484"}],"version-history":[{"count":3,"href":"https:\/\/agora.xtec.cat\/zermoianesllevant\/wp-json\/wp\/v2\/pages\/8484\/revisions"}],"predecessor-version":[{"id":8486,"href":"https:\/\/agora.xtec.cat\/zermoianesllevant\/wp-json\/wp\/v2\/pages\/8484\/revisions\/8486"}],"up":[{"embeddable":true,"href":"https:\/\/agora.xtec.cat\/zermoianesllevant\/wp-json\/wp\/v2\/pages\/8594"}],"wp:attachment":[{"href":"https:\/\/agora.xtec.cat\/zermoianesllevant\/wp-json\/wp\/v2\/media?parent=8484"}],"curies":[{"name":"wp","href":"https:\/\/api.w.org\/{rel}","templated":true}]}}