{"id":8442,"date":"2021-09-30T13:36:04","date_gmt":"2021-09-30T11:36:04","guid":{"rendered":"https:\/\/agora.xtec.cat\/zermoianesllevant\/?page_id=8442"},"modified":"2021-12-29T10:55:19","modified_gmt":"2021-12-29T09:55:19","slug":"georg-simon-ohm","status":"publish","type":"page","link":"https:\/\/agora.xtec.cat\/zermoianesllevant\/steam\/a-prenem-el-sol\/georg-simon-ohm\/","title":{"rendered":"Qui \u00e9s Georg Simon Ohm?"},"content":{"rendered":"<p>Georg Simon Ohm (16 de mar\u00e7, 1789 &#8211; 6 de juliol, 1854) fou un f\u00edsic alemany. Ohm aport\u00e0 a la ci\u00e8ncia la llei fonamental del corrent el\u00e8ctric (Llei d&#8217;Ohm).<\/p>\n<p>La unitat de resist\u00e8ncia el\u00e8ctrica del Sistema Internacional s&#8217;anomena <strong>ohm u ohmio\u00a0 (\u03a9)<\/strong> en honor seu.<br \/>\nUn miler d&#8217;ohms s&#8217;anomena un kiloohm, un mili\u00f3 d&#8217;ohms s&#8217;anomena megaohm.<\/p>\n<figure class=\"figure wp-caption alignnone\"><a href=\"https:\/\/agora.xtec.cat\/zermoianesllevant\/wp-content\/uploads\/usu130\/2021\/11\/ohmio.jpg\"><img loading=\"lazy\" decoding=\"async\" class=\" wp-image-8540\" src=\"https:\/\/agora.xtec.cat\/zermoianesllevant\/wp-content\/uploads\/usu130\/2021\/11\/ohmio-1024x773.jpg\" alt=\"\" width=\"530\" height=\"400\" srcset=\"https:\/\/agora.xtec.cat\/zermoianesllevant\/wp-content\/uploads\/usu130\/2021\/11\/ohmio-1024x773.jpg 1024w, https:\/\/agora.xtec.cat\/zermoianesllevant\/wp-content\/uploads\/usu130\/2021\/11\/ohmio-300x226.jpg 300w, https:\/\/agora.xtec.cat\/zermoianesllevant\/wp-content\/uploads\/usu130\/2021\/11\/ohmio-768x580.jpg 768w, https:\/\/agora.xtec.cat\/zermoianesllevant\/wp-content\/uploads\/usu130\/2021\/11\/ohmio-200x150.jpg 200w, https:\/\/agora.xtec.cat\/zermoianesllevant\/wp-content\/uploads\/usu130\/2021\/11\/ohmio.jpg 1085w\" sizes=\"auto, (max-width: 530px) 100vw, 530px\" \/><\/a><figcaption class=\"wp-caption-text\">M\u00faltiplos del ohmio<\/figcaption><\/figure>\n<p>&nbsp;<\/p>\n<figure class=\"figure wp-caption alignnone\"><a href=\"https:\/\/agora.xtec.cat\/zermoianesllevant\/wp-content\/uploads\/usu130\/2021\/12\/ccm1.jpg\"><img loading=\"lazy\" decoding=\"async\" class=\" wp-image-8592\" src=\"https:\/\/agora.xtec.cat\/zermoianesllevant\/wp-content\/uploads\/usu130\/2021\/12\/ccm1-1024x317.jpg\" alt=\"\" width=\"301\" height=\"93\" srcset=\"https:\/\/agora.xtec.cat\/zermoianesllevant\/wp-content\/uploads\/usu130\/2021\/12\/ccm1-1024x317.jpg 1024w, https:\/\/agora.xtec.cat\/zermoianesllevant\/wp-content\/uploads\/usu130\/2021\/12\/ccm1-300x93.jpg 300w, https:\/\/agora.xtec.cat\/zermoianesllevant\/wp-content\/uploads\/usu130\/2021\/12\/ccm1-768x237.jpg 768w, https:\/\/agora.xtec.cat\/zermoianesllevant\/wp-content\/uploads\/usu130\/2021\/12\/ccm1-1536x475.jpg 1536w, https:\/\/agora.xtec.cat\/zermoianesllevant\/wp-content\/uploads\/usu130\/2021\/12\/ccm1.jpg 1863w\" sizes=\"auto, (max-width: 301px) 100vw, 301px\" \/><\/a><figcaption class=\"wp-caption-text\">ccmm<\/figcaption><\/figure>\n<p>&nbsp;<\/p>\n<p>&nbsp;<\/p>\n","protected":false},"excerpt":{"rendered":"<p>Georg Simon Ohm (16 de mar\u00e7, 1789 &#8211; 6 de juliol, 1854) fou un f\u00edsic alemany. Ohm aport\u00e0 a la ci\u00e8ncia la llei fonamental del corrent el\u00e8ctric (Llei d&#8217;Ohm).<br \/>\nLa unitat de resist\u00e8ncia el\u00e8ctrica del Sistema Internacional s&#8217;anomena ohm u ohmio\u00a0 (\u03a9) en honor seu.<br \/>\nUn miler&hellip;  <a href=\"https:\/\/agora.xtec.cat\/zermoianesllevant\/steam\/a-prenem-el-sol\/georg-simon-ohm\/\" title=\"Read Qui \u00e9s Georg Simon Ohm?\">Llegeix m\u00e9s\u00bb<\/a><\/p>\n","protected":false},"author":1,"featured_media":0,"parent":8594,"menu_order":70,"comment_status":"closed","ping_status":"closed","template":"page-templates\/side-menu.php","meta":{"_bbp_topic_count":0,"_bbp_reply_count":0,"_bbp_total_topic_count":0,"_bbp_total_reply_count":0,"_bbp_voice_count":0,"_bbp_anonymous_reply_count":0,"_bbp_topic_count_hidden":0,"_bbp_reply_count_hidden":0,"_bbp_forum_subforum_count":0,"footnotes":""},"class_list":["post-8442","page","type-page","status-publish","hentry"],"post_mailing_queue_ids":[],"_links":{"self":[{"href":"https:\/\/agora.xtec.cat\/zermoianesllevant\/wp-json\/wp\/v2\/pages\/8442","targetHints":{"allow":["GET"]}}],"collection":[{"href":"https:\/\/agora.xtec.cat\/zermoianesllevant\/wp-json\/wp\/v2\/pages"}],"about":[{"href":"https:\/\/agora.xtec.cat\/zermoianesllevant\/wp-json\/wp\/v2\/types\/page"}],"author":[{"embeddable":true,"href":"https:\/\/agora.xtec.cat\/zermoianesllevant\/wp-json\/wp\/v2\/users\/1"}],"replies":[{"embeddable":true,"href":"https:\/\/agora.xtec.cat\/zermoianesllevant\/wp-json\/wp\/v2\/comments?post=8442"}],"version-history":[{"count":4,"href":"https:\/\/agora.xtec.cat\/zermoianesllevant\/wp-json\/wp\/v2\/pages\/8442\/revisions"}],"predecessor-version":[{"id":8689,"href":"https:\/\/agora.xtec.cat\/zermoianesllevant\/wp-json\/wp\/v2\/pages\/8442\/revisions\/8689"}],"up":[{"embeddable":true,"href":"https:\/\/agora.xtec.cat\/zermoianesllevant\/wp-json\/wp\/v2\/pages\/8594"}],"wp:attachment":[{"href":"https:\/\/agora.xtec.cat\/zermoianesllevant\/wp-json\/wp\/v2\/media?parent=8442"}],"curies":[{"name":"wp","href":"https:\/\/api.w.org\/{rel}","templated":true}]}}