{"id":8439,"date":"2021-09-30T13:33:35","date_gmt":"2021-09-30T11:33:35","guid":{"rendered":"https:\/\/agora.xtec.cat\/zermoianesllevant\/?page_id=8439"},"modified":"2021-12-29T10:54:37","modified_gmt":"2021-12-29T09:54:37","slug":"qui-es-alessandro-volta","status":"publish","type":"page","link":"https:\/\/agora.xtec.cat\/zermoianesllevant\/steam\/a-prenem-el-sol\/qui-es-alessandro-volta\/","title":{"rendered":"Qui \u00e9s Alessandro Volta?"},"content":{"rendered":"<p>Alessandro Volta fou un f\u00edsic itali\u00e0, conegut per la invenci\u00f3 de la primera bateria el\u00e8ctrica, la pila voltaica; va demostrar que l&#8217;electricitat podria ser generada qu\u00edmicament.<br \/>\nL&#8217;invent de Volta, la pila voltaica, signific\u00e0 l&#8217;inici i desenvolupament de l&#8217;electroqu\u00edmica.<br \/>\nDes del 1881 la unitat de mesura del potencial el\u00e8ctric en el Sistema Internacional d&#8217;Unitats s&#8217;anomena volt en honor seu.<\/p>\n<p>&nbsp;<\/p>\n<p><a href=\"https:\/\/agora.xtec.cat\/zermoianesllevant\/wp-content\/uploads\/usu130\/2021\/12\/ccm1.jpg\"><img loading=\"lazy\" decoding=\"async\" class=\" wp-image-8592\" src=\"https:\/\/agora.xtec.cat\/zermoianesllevant\/wp-content\/uploads\/usu130\/2021\/12\/ccm1-1024x317.jpg\" alt=\"\" width=\"300\" height=\"93\" srcset=\"https:\/\/agora.xtec.cat\/zermoianesllevant\/wp-content\/uploads\/usu130\/2021\/12\/ccm1-1024x317.jpg 1024w, https:\/\/agora.xtec.cat\/zermoianesllevant\/wp-content\/uploads\/usu130\/2021\/12\/ccm1-300x93.jpg 300w, https:\/\/agora.xtec.cat\/zermoianesllevant\/wp-content\/uploads\/usu130\/2021\/12\/ccm1-768x237.jpg 768w, https:\/\/agora.xtec.cat\/zermoianesllevant\/wp-content\/uploads\/usu130\/2021\/12\/ccm1-1536x475.jpg 1536w, https:\/\/agora.xtec.cat\/zermoianesllevant\/wp-content\/uploads\/usu130\/2021\/12\/ccm1.jpg 1863w\" sizes=\"auto, (max-width: 300px) 100vw, 300px\" \/><\/a><\/p>\n","protected":false},"excerpt":{"rendered":"<p>Alessandro Volta fou un f\u00edsic itali\u00e0, conegut per la invenci\u00f3 de la primera bateria el\u00e8ctrica, la pila voltaica; va demostrar que l&#8217;electricitat podria ser generada qu\u00edmicament.<br \/>\nL&#8217;invent de Volta, la pila voltaica, signific\u00e0 l&#8217;inici i desenvolupament de l&#8217;electroqu\u00edmica.<br \/>\nDes del 1881 la unitat de mesura del potencial&hellip;  <a href=\"https:\/\/agora.xtec.cat\/zermoianesllevant\/steam\/a-prenem-el-sol\/qui-es-alessandro-volta\/\" title=\"Read Qui \u00e9s Alessandro Volta?\">Llegeix m\u00e9s\u00bb<\/a><\/p>\n","protected":false},"author":1,"featured_media":0,"parent":8594,"menu_order":60,"comment_status":"closed","ping_status":"closed","template":"page-templates\/side-menu.php","meta":{"_bbp_topic_count":0,"_bbp_reply_count":0,"_bbp_total_topic_count":0,"_bbp_total_reply_count":0,"_bbp_voice_count":0,"_bbp_anonymous_reply_count":0,"_bbp_topic_count_hidden":0,"_bbp_reply_count_hidden":0,"_bbp_forum_subforum_count":0,"footnotes":""},"class_list":["post-8439","page","type-page","status-publish","hentry"],"post_mailing_queue_ids":[],"_links":{"self":[{"href":"https:\/\/agora.xtec.cat\/zermoianesllevant\/wp-json\/wp\/v2\/pages\/8439","targetHints":{"allow":["GET"]}}],"collection":[{"href":"https:\/\/agora.xtec.cat\/zermoianesllevant\/wp-json\/wp\/v2\/pages"}],"about":[{"href":"https:\/\/agora.xtec.cat\/zermoianesllevant\/wp-json\/wp\/v2\/types\/page"}],"author":[{"embeddable":true,"href":"https:\/\/agora.xtec.cat\/zermoianesllevant\/wp-json\/wp\/v2\/users\/1"}],"replies":[{"embeddable":true,"href":"https:\/\/agora.xtec.cat\/zermoianesllevant\/wp-json\/wp\/v2\/comments?post=8439"}],"version-history":[{"count":3,"href":"https:\/\/agora.xtec.cat\/zermoianesllevant\/wp-json\/wp\/v2\/pages\/8439\/revisions"}],"predecessor-version":[{"id":8686,"href":"https:\/\/agora.xtec.cat\/zermoianesllevant\/wp-json\/wp\/v2\/pages\/8439\/revisions\/8686"}],"up":[{"embeddable":true,"href":"https:\/\/agora.xtec.cat\/zermoianesllevant\/wp-json\/wp\/v2\/pages\/8594"}],"wp:attachment":[{"href":"https:\/\/agora.xtec.cat\/zermoianesllevant\/wp-json\/wp\/v2\/media?parent=8439"}],"curies":[{"name":"wp","href":"https:\/\/api.w.org\/{rel}","templated":true}]}}