{"id":8435,"date":"2021-09-30T13:30:10","date_gmt":"2021-09-30T11:30:10","guid":{"rendered":"https:\/\/agora.xtec.cat\/zermoianesllevant\/?page_id=8435"},"modified":"2022-01-20T11:25:17","modified_gmt":"2022-01-20T10:25:17","slug":"circuits-del-meu-entorn","status":"publish","type":"page","link":"https:\/\/agora.xtec.cat\/zermoianesllevant\/steam\/a-prenem-el-sol\/circuits-del-meu-entorn\/","title":{"rendered":"Circuits del meu entorn"},"content":{"rendered":"<p>En aquest altre treball dels alumnes, el dibuixos i el redactat son de la seva pr\u00f2pia collita.<\/p>\n<table style=\"border-collapse: collapse; width: 60.1798%; height: 706px;\">\n<tbody>\n<tr style=\"height: 208px;\">\n<td style=\"width: 29.2774%; height: 208px;\"><a href=\"https:\/\/agora.xtec.cat\/zermoianesllevant\/wp-content\/uploads\/usu130\/2022\/01\/Timbre.jpeg\"><img loading=\"lazy\" decoding=\"async\" class=\"alignnone wp-image-8773\" src=\"https:\/\/agora.xtec.cat\/zermoianesllevant\/wp-content\/uploads\/usu130\/2022\/01\/Timbre-1024x723.jpeg\" alt=\"\" width=\"322\" height=\"227\" srcset=\"https:\/\/agora.xtec.cat\/zermoianesllevant\/wp-content\/uploads\/usu130\/2022\/01\/Timbre-1024x723.jpeg 1024w, https:\/\/agora.xtec.cat\/zermoianesllevant\/wp-content\/uploads\/usu130\/2022\/01\/Timbre-300x212.jpeg 300w, https:\/\/agora.xtec.cat\/zermoianesllevant\/wp-content\/uploads\/usu130\/2022\/01\/Timbre-768x542.jpeg 768w, https:\/\/agora.xtec.cat\/zermoianesllevant\/wp-content\/uploads\/usu130\/2022\/01\/Timbre-1536x1085.jpeg 1536w, https:\/\/agora.xtec.cat\/zermoianesllevant\/wp-content\/uploads\/usu130\/2022\/01\/Timbre.jpeg 1600w\" sizes=\"auto, (max-width: 322px) 100vw, 322px\" \/><\/a><\/td>\n<td style=\"width: 62.9999%; height: 208px;\"><strong>TIMBRE:<\/strong> Quan s\u2019apreta el polsador dona pas a l\u2019electricitat i el timbre sona, quan es deixa d\u2019apretar deixa de sonar perqu\u00e8 no passa corrent el\u00e8ctrica.<\/td>\n<\/tr>\n<tr style=\"height: 192px;\">\n<td style=\"width: 29.2774%; height: 192px;\"><a href=\"https:\/\/agora.xtec.cat\/zermoianesllevant\/wp-content\/uploads\/usu130\/2022\/01\/Pastor.jpeg\"><img loading=\"lazy\" decoding=\"async\" class=\"alignnone wp-image-8774\" src=\"https:\/\/agora.xtec.cat\/zermoianesllevant\/wp-content\/uploads\/usu130\/2022\/01\/Pastor-1024x655.jpeg\" alt=\"\" width=\"323\" height=\"206\" srcset=\"https:\/\/agora.xtec.cat\/zermoianesllevant\/wp-content\/uploads\/usu130\/2022\/01\/Pastor-1024x655.jpeg 1024w, https:\/\/agora.xtec.cat\/zermoianesllevant\/wp-content\/uploads\/usu130\/2022\/01\/Pastor-300x192.jpeg 300w, https:\/\/agora.xtec.cat\/zermoianesllevant\/wp-content\/uploads\/usu130\/2022\/01\/Pastor-768x491.jpeg 768w, https:\/\/agora.xtec.cat\/zermoianesllevant\/wp-content\/uploads\/usu130\/2022\/01\/Pastor-1536x982.jpeg 1536w, https:\/\/agora.xtec.cat\/zermoianesllevant\/wp-content\/uploads\/usu130\/2022\/01\/Pastor.jpeg 1600w\" sizes=\"auto, (max-width: 323px) 100vw, 323px\" \/><\/a><\/td>\n<td style=\"width: 62.9999%; height: 192px;\"><strong>PASTOR EL\u00c8CTRIC:<\/strong> consisteix en un fil que s\u2019aguanta amb uns pals que condueixen l\u2019electricitat, els pals a\u00efllen el cable del terra, i quan un animal toca el fil i la terra alhora, s\u2019electrocuta.<\/td>\n<\/tr>\n<tr style=\"height: 210px;\">\n<td style=\"width: 29.2774%; height: 210px;\"><a href=\"https:\/\/agora.xtec.cat\/zermoianesllevant\/wp-content\/uploads\/usu130\/2022\/01\/Semafor.jpeg\"><img loading=\"lazy\" decoding=\"async\" class=\"alignnone size-large wp-image-8775\" src=\"https:\/\/agora.xtec.cat\/zermoianesllevant\/wp-content\/uploads\/usu130\/2022\/01\/Semafor-1024x723.jpeg\" alt=\"\" width=\"1024\" height=\"723\" srcset=\"https:\/\/agora.xtec.cat\/zermoianesllevant\/wp-content\/uploads\/usu130\/2022\/01\/Semafor-1024x723.jpeg 1024w, https:\/\/agora.xtec.cat\/zermoianesllevant\/wp-content\/uploads\/usu130\/2022\/01\/Semafor-300x212.jpeg 300w, https:\/\/agora.xtec.cat\/zermoianesllevant\/wp-content\/uploads\/usu130\/2022\/01\/Semafor-768x542.jpeg 768w, https:\/\/agora.xtec.cat\/zermoianesllevant\/wp-content\/uploads\/usu130\/2022\/01\/Semafor-1536x1084.jpeg 1536w, https:\/\/agora.xtec.cat\/zermoianesllevant\/wp-content\/uploads\/usu130\/2022\/01\/Semafor.jpeg 1600w\" sizes=\"auto, (max-width: 1024px) 100vw, 1024px\" \/><\/a><\/td>\n<td style=\"width: 62.9999%; height: 210px;\"><strong>SEM\u00c0FOR:<\/strong> Necessita un ordinador programat per anar obrint i tancant el circuit i per saber quan canviar el color.<br \/>\n<strong>De cotxes:<\/strong><br \/>\nQuan el color verd est\u00e0 obert, el color vermell i el taronja estan tancats.<br \/>\nQuan el color vermell est\u00e0 obert, el color verd i taronja estan tancats.<br \/>\nQuan el color taronja est\u00e0 obert, el color verd i el vermell estan tancats, o b\u00e9 el taronja es pot programar amb llum intermitent, depenent del que es vulgui.<br \/>\n<strong>En el sem\u00e0for \u00e9s de vianants:<\/strong><br \/>\nquan el de cotxes t\u00e9 obert el verd, el de vianants t\u00e9 obert el vermell, i quan el de cotxes t\u00e9 obert el vermell, el de vianants t\u00e9 obert el verd.<\/td>\n<\/tr>\n<tr style=\"height: 32px;\">\n<td style=\"width: 29.2774%; height: 32px;\"><a href=\"https:\/\/agora.xtec.cat\/zermoianesllevant\/wp-content\/uploads\/usu130\/2022\/01\/Lampara.jpeg\"><img loading=\"lazy\" decoding=\"async\" class=\"alignnone size-large wp-image-8782\" src=\"https:\/\/agora.xtec.cat\/zermoianesllevant\/wp-content\/uploads\/usu130\/2022\/01\/Lampara-1024x705.jpeg\" alt=\"\" width=\"1024\" height=\"705\" srcset=\"https:\/\/agora.xtec.cat\/zermoianesllevant\/wp-content\/uploads\/usu130\/2022\/01\/Lampara-1024x705.jpeg 1024w, https:\/\/agora.xtec.cat\/zermoianesllevant\/wp-content\/uploads\/usu130\/2022\/01\/Lampara-300x207.jpeg 300w, https:\/\/agora.xtec.cat\/zermoianesllevant\/wp-content\/uploads\/usu130\/2022\/01\/Lampara-768x529.jpeg 768w, https:\/\/agora.xtec.cat\/zermoianesllevant\/wp-content\/uploads\/usu130\/2022\/01\/Lampara-1536x1058.jpeg 1536w, https:\/\/agora.xtec.cat\/zermoianesllevant\/wp-content\/uploads\/usu130\/2022\/01\/Lampara.jpeg 1600w\" sizes=\"auto, (max-width: 1024px) 100vw, 1024px\" \/><\/a><\/td>\n<td style=\"width: 62.9999%; height: 32px;\"><strong>L\u00c0MPARA:<\/strong> Quan tanquem l\u2019interruptor es connecta a l\u2019electricitat i s\u2019enc\u00e9n la llum, quan obrim l\u2019interruptor es desconnecta de l\u2019electricitat i s\u2019apaga la llum.<\/td>\n<\/tr>\n<tr style=\"height: 32px;\">\n<td style=\"width: 29.2774%; height: 32px;\"><a href=\"https:\/\/agora.xtec.cat\/zermoianesllevant\/wp-content\/uploads\/usu130\/2022\/01\/Nevera.jpeg\"><img loading=\"lazy\" decoding=\"async\" class=\"alignnone size-large wp-image-8783\" src=\"https:\/\/agora.xtec.cat\/zermoianesllevant\/wp-content\/uploads\/usu130\/2022\/01\/Nevera-1024x750.jpeg\" alt=\"\" width=\"1024\" height=\"750\" srcset=\"https:\/\/agora.xtec.cat\/zermoianesllevant\/wp-content\/uploads\/usu130\/2022\/01\/Nevera-1024x750.jpeg 1024w, https:\/\/agora.xtec.cat\/zermoianesllevant\/wp-content\/uploads\/usu130\/2022\/01\/Nevera-300x220.jpeg 300w, https:\/\/agora.xtec.cat\/zermoianesllevant\/wp-content\/uploads\/usu130\/2022\/01\/Nevera-768x563.jpeg 768w, https:\/\/agora.xtec.cat\/zermoianesllevant\/wp-content\/uploads\/usu130\/2022\/01\/Nevera-1536x1125.jpeg 1536w, https:\/\/agora.xtec.cat\/zermoianesllevant\/wp-content\/uploads\/usu130\/2022\/01\/Nevera.jpeg 1600w\" sizes=\"auto, (max-width: 1024px) 100vw, 1024px\" \/><\/a><\/td>\n<td style=\"width: 62.9999%; height: 32px;\"><strong>LLUM NEVERA:<\/strong> quan s\u2019obre la nevera s\u2019apreta un interruptor i s\u2019engega la llum i quan es tanca s\u2019apaga.<\/td>\n<\/tr>\n<tr style=\"height: 32px;\">\n<td style=\"width: 29.2774%; height: 32px;\"><\/td>\n<td style=\"width: 62.9999%; height: 32px;\"><\/td>\n<\/tr>\n<\/tbody>\n<\/table>\n<p>&nbsp;<\/p>\n<p><a href=\"https:\/\/agora.xtec.cat\/zermoianesllevant\/wp-content\/uploads\/usu130\/2021\/12\/ccm1.jpg\"><img loading=\"lazy\" decoding=\"async\" class=\" wp-image-8592\" src=\"https:\/\/agora.xtec.cat\/zermoianesllevant\/wp-content\/uploads\/usu130\/2021\/12\/ccm1-1024x317.jpg\" alt=\"\" width=\"300\" height=\"93\" srcset=\"https:\/\/agora.xtec.cat\/zermoianesllevant\/wp-content\/uploads\/usu130\/2021\/12\/ccm1-1024x317.jpg 1024w, https:\/\/agora.xtec.cat\/zermoianesllevant\/wp-content\/uploads\/usu130\/2021\/12\/ccm1-300x93.jpg 300w, https:\/\/agora.xtec.cat\/zermoianesllevant\/wp-content\/uploads\/usu130\/2021\/12\/ccm1-768x237.jpg 768w, https:\/\/agora.xtec.cat\/zermoianesllevant\/wp-content\/uploads\/usu130\/2021\/12\/ccm1-1536x475.jpg 1536w, https:\/\/agora.xtec.cat\/zermoianesllevant\/wp-content\/uploads\/usu130\/2021\/12\/ccm1.jpg 1863w\" sizes=\"auto, (max-width: 300px) 100vw, 300px\" \/><\/a><\/p>\n","protected":false},"excerpt":{"rendered":"<p>En aquest altre treball dels alumnes, el dibuixos i el redactat son de la seva pr\u00f2pia collita.<\/p>\n<p><a href=\"https:\/\/agora.xtec.cat\/zermoianesllevant\/wp-content\/uploads\/usu130\/2022\/01\/Timbre.jpeg\"><\/a><br \/>\nTIMBRE: Quan s\u2019apreta el polsador dona pas a l\u2019electricitat i el timbre sona, quan es deixa d\u2019apretar deixa de sonar perqu\u00e8 no passa corrent el\u00e8ctrica.<\/p>\n<p><a href=\"https:\/\/agora.xtec.cat\/zermoianesllevant\/wp-content\/uploads\/usu130\/2022\/01\/Pastor.jpeg\"><\/a><br \/>\nPASTOR EL\u00c8CTRIC: consisteix&hellip;  <a href=\"https:\/\/agora.xtec.cat\/zermoianesllevant\/steam\/a-prenem-el-sol\/circuits-del-meu-entorn\/\" title=\"Read Circuits del meu entorn\">Llegeix m\u00e9s\u00bb<\/a><\/p>\n","protected":false},"author":1,"featured_media":0,"parent":8594,"menu_order":50,"comment_status":"closed","ping_status":"closed","template":"page-templates\/side-menu.php","meta":{"_bbp_topic_count":0,"_bbp_reply_count":0,"_bbp_total_topic_count":0,"_bbp_total_reply_count":0,"_bbp_voice_count":0,"_bbp_anonymous_reply_count":0,"_bbp_topic_count_hidden":0,"_bbp_reply_count_hidden":0,"_bbp_forum_subforum_count":0,"footnotes":""},"class_list":["post-8435","page","type-page","status-publish","hentry"],"post_mailing_queue_ids":[],"_links":{"self":[{"href":"https:\/\/agora.xtec.cat\/zermoianesllevant\/wp-json\/wp\/v2\/pages\/8435","targetHints":{"allow":["GET"]}}],"collection":[{"href":"https:\/\/agora.xtec.cat\/zermoianesllevant\/wp-json\/wp\/v2\/pages"}],"about":[{"href":"https:\/\/agora.xtec.cat\/zermoianesllevant\/wp-json\/wp\/v2\/types\/page"}],"author":[{"embeddable":true,"href":"https:\/\/agora.xtec.cat\/zermoianesllevant\/wp-json\/wp\/v2\/users\/1"}],"replies":[{"embeddable":true,"href":"https:\/\/agora.xtec.cat\/zermoianesllevant\/wp-json\/wp\/v2\/comments?post=8435"}],"version-history":[{"count":3,"href":"https:\/\/agora.xtec.cat\/zermoianesllevant\/wp-json\/wp\/v2\/pages\/8435\/revisions"}],"predecessor-version":[{"id":8772,"href":"https:\/\/agora.xtec.cat\/zermoianesllevant\/wp-json\/wp\/v2\/pages\/8435\/revisions\/8772"}],"up":[{"embeddable":true,"href":"https:\/\/agora.xtec.cat\/zermoianesllevant\/wp-json\/wp\/v2\/pages\/8594"}],"wp:attachment":[{"href":"https:\/\/agora.xtec.cat\/zermoianesllevant\/wp-json\/wp\/v2\/media?parent=8435"}],"curies":[{"name":"wp","href":"https:\/\/api.w.org\/{rel}","templated":true}]}}