{"id":8373,"date":"2021-09-22T18:53:58","date_gmt":"2021-09-22T16:53:58","guid":{"rendered":"https:\/\/agora.xtec.cat\/zermoianesllevant\/?page_id=8373"},"modified":"2021-12-29T11:03:48","modified_gmt":"2021-12-29T10:03:48","slug":"arduino-preparacion-entorno","status":"publish","type":"page","link":"https:\/\/agora.xtec.cat\/zermoianesllevant\/steam\/tinkercad\/arduino-preparacion-entorno\/","title":{"rendered":"ARDUINO &#8211; preparaci\u00f3n entorno"},"content":{"rendered":"<p>En esta p\u00edldora formativa se introduce Arduino entre el alumnado para que les ayude a entender qu\u00e9 es un elemento electr\u00f3nico programable. Los objetivos pedag\u00f3gicos siempre estar\u00e1n alrededor de un circuito b\u00e1sico, parecido al circuito de una linterna de LED con el que ya est\u00e1n familiarizados los alumnos de 5to y 6to.<\/p>\n<p>Brevemente, Arduino es placa electr\u00f3nica de hardware libre que incorpora un microcontrolador re-programable y una serie de pines hembra. Estos permiten establecer conexiones entre el microcontrolador y los diferentes sensores y actuadores de una manera muy sencilla.<\/p>\n<p><a style=\"font-weight: bold; font-family: inherit; font-size: 1em;\" href=\"https:\/\/agora.xtec.cat\/zermoianesllevant\/wp-content\/uploads\/usu130\/2021\/09\/Arduino-UNO.jpg\"><img loading=\"lazy\" decoding=\"async\" class=\"size-full wp-image-8374\" src=\"https:\/\/agora.xtec.cat\/zermoianesllevant\/wp-content\/uploads\/usu130\/2021\/09\/Arduino-UNO.jpg\" alt=\"\" width=\"446\" height=\"321\" srcset=\"https:\/\/agora.xtec.cat\/zermoianesllevant\/wp-content\/uploads\/usu130\/2021\/09\/Arduino-UNO.jpg 446w, https:\/\/agora.xtec.cat\/zermoianesllevant\/wp-content\/uploads\/usu130\/2021\/09\/Arduino-UNO-300x216.jpg 300w\" sizes=\"auto, (max-width: 446px) 100vw, 446px\" \/><\/a><\/p>\n<p>Arduino naci\u00f3 en el a\u00f1o 2005 el Instituto de Dise\u00f1o Interactivo de Ivrea (Italia). Arduino apareci\u00f3 por la necesidad de contar con un dispositivo para utilizar en aulas que fuera de bajo coste. La idea original fue, fabricar una placa para uso interno de la escuela.<\/p>\n<p>Sin embargo, el instituto se vio obligado a cerrar sus puertas precisamente en 2005. Ante la perspectiva de perder todo el proyecto Arduino en el proceso, se decidi\u00f3 liberarlo y abrirlo al publico para que todo el mundo pudiese participar en la evoluci\u00f3n del proyecto, proponer mejoras y sugerencias.<\/p>\n<p><a href=\"https:\/\/agora.xtec.cat\/zermoianesllevant\/wp-content\/uploads\/usu130\/2021\/09\/CreadoresDeArduino.jpg\"><img loading=\"lazy\" decoding=\"async\" class=\"size-full wp-image-8375\" src=\"https:\/\/agora.xtec.cat\/zermoianesllevant\/wp-content\/uploads\/usu130\/2021\/09\/CreadoresDeArduino.jpg\" alt=\"\" width=\"456\" height=\"344\" srcset=\"https:\/\/agora.xtec.cat\/zermoianesllevant\/wp-content\/uploads\/usu130\/2021\/09\/CreadoresDeArduino.jpg 456w, https:\/\/agora.xtec.cat\/zermoianesllevant\/wp-content\/uploads\/usu130\/2021\/09\/CreadoresDeArduino-300x226.jpg 300w, https:\/\/agora.xtec.cat\/zermoianesllevant\/wp-content\/uploads\/usu130\/2021\/09\/CreadoresDeArduino-200x150.jpg 200w\" sizes=\"auto, (max-width: 456px) 100vw, 456px\" \/><\/a><\/p>\n<p>Los creadores de Arduino, de izquierda a derecha: David Cuartielles, Gianluca Martino, Tom Igoe, David Mellis, Massimo Banzi<\/p>\n<p>M\u00e1s informaci\u00f3n en:\u00a0 <a href=\"https:\/\/arduino.cl\/que-es-arduino\/\">Arduino.cl<\/a><\/p>\n<p>La ejercitaci\u00f3n del alumno dentro de TinkerCAD del entorno del procesador Arduino m\u00e1s la placa de pruebas est\u00e1 en este pdf: <a href=\"https:\/\/agora.xtec.cat\/zermoianesllevant\/wp-content\/uploads\/usu130\/2021\/11\/03.1.00-T-ESP-Arduino-placa-de-prueba.pdf\">03.1.00-[T]-[ESP]-Arduino + placa de prueba<\/a><\/p>\n<p>Por otro lado, el entorno de desarrollo integrado (IDE) de Arduino ya lo encuentran los alumnos instalados en su PC. No es objetivo de los cursos de primaria que el alumno instale el IDE de Arduino en su PC, ni que conozca el lenguaje nativo de Arduino. Solo har\u00e1n servir el IDE de Arduino para subir programas a la placa de Arduino. Programas que primero habr\u00e1n construido en el entorno gr\u00e1fico de SCRATCH implementado en TinkerCAD.<\/p>\n<p>La versi\u00f3n del IDE de Arduino empleado en la ZER Moian\u00e8s Llevant durante el curso 2021-2022 es:<\/p>\n<p><a href=\"https:\/\/agora.xtec.cat\/zermoianesllevant\/wp-content\/uploads\/usu130\/2021\/11\/Arduino-IDE.jpg\"><img loading=\"lazy\" decoding=\"async\" class=\"size-full wp-image-8527\" src=\"https:\/\/agora.xtec.cat\/zermoianesllevant\/wp-content\/uploads\/usu130\/2021\/11\/Arduino-IDE.jpg\" alt=\"\" width=\"566\" height=\"144\" srcset=\"https:\/\/agora.xtec.cat\/zermoianesllevant\/wp-content\/uploads\/usu130\/2021\/11\/Arduino-IDE.jpg 566w, https:\/\/agora.xtec.cat\/zermoianesllevant\/wp-content\/uploads\/usu130\/2021\/11\/Arduino-IDE-300x76.jpg 300w\" sizes=\"auto, (max-width: 566px) 100vw, 566px\" \/><\/a><\/p>\n<p>&nbsp;<\/p>\n<p><a href=\"https:\/\/agora.xtec.cat\/zermoianesllevant\/wp-content\/uploads\/usu130\/2021\/12\/ccm1.jpg\"><img loading=\"lazy\" decoding=\"async\" class=\" wp-image-8592\" src=\"https:\/\/agora.xtec.cat\/zermoianesllevant\/wp-content\/uploads\/usu130\/2021\/12\/ccm1-1024x317.jpg\" alt=\"\" width=\"300\" height=\"93\" srcset=\"https:\/\/agora.xtec.cat\/zermoianesllevant\/wp-content\/uploads\/usu130\/2021\/12\/ccm1-1024x317.jpg 1024w, https:\/\/agora.xtec.cat\/zermoianesllevant\/wp-content\/uploads\/usu130\/2021\/12\/ccm1-300x93.jpg 300w, https:\/\/agora.xtec.cat\/zermoianesllevant\/wp-content\/uploads\/usu130\/2021\/12\/ccm1-768x237.jpg 768w, https:\/\/agora.xtec.cat\/zermoianesllevant\/wp-content\/uploads\/usu130\/2021\/12\/ccm1-1536x475.jpg 1536w, https:\/\/agora.xtec.cat\/zermoianesllevant\/wp-content\/uploads\/usu130\/2021\/12\/ccm1.jpg 1863w\" sizes=\"auto, (max-width: 300px) 100vw, 300px\" \/><\/a><\/p>\n<p>&nbsp;<\/p>\n","protected":false},"excerpt":{"rendered":"<p>En esta p\u00edldora formativa se introduce Arduino entre el alumnado para que les ayude a entender qu\u00e9 es un elemento electr\u00f3nico programable. Los objetivos pedag\u00f3gicos siempre estar\u00e1n alrededor de un circuito b\u00e1sico, parecido al circuito de una linterna de LED con el que ya est\u00e1n&hellip;  <a href=\"https:\/\/agora.xtec.cat\/zermoianesllevant\/steam\/tinkercad\/arduino-preparacion-entorno\/\" title=\"Read ARDUINO &#8211; preparaci\u00f3n entorno\">Llegeix m\u00e9s\u00bb<\/a><\/p>\n","protected":false},"author":1,"featured_media":0,"parent":8303,"menu_order":50,"comment_status":"closed","ping_status":"closed","template":"page-templates\/side-menu.php","meta":{"_bbp_topic_count":0,"_bbp_reply_count":0,"_bbp_total_topic_count":0,"_bbp_total_reply_count":0,"_bbp_voice_count":0,"_bbp_anonymous_reply_count":0,"_bbp_topic_count_hidden":0,"_bbp_reply_count_hidden":0,"_bbp_forum_subforum_count":0,"footnotes":""},"class_list":["post-8373","page","type-page","status-publish","hentry"],"post_mailing_queue_ids":[],"_links":{"self":[{"href":"https:\/\/agora.xtec.cat\/zermoianesllevant\/wp-json\/wp\/v2\/pages\/8373","targetHints":{"allow":["GET"]}}],"collection":[{"href":"https:\/\/agora.xtec.cat\/zermoianesllevant\/wp-json\/wp\/v2\/pages"}],"about":[{"href":"https:\/\/agora.xtec.cat\/zermoianesllevant\/wp-json\/wp\/v2\/types\/page"}],"author":[{"embeddable":true,"href":"https:\/\/agora.xtec.cat\/zermoianesllevant\/wp-json\/wp\/v2\/users\/1"}],"replies":[{"embeddable":true,"href":"https:\/\/agora.xtec.cat\/zermoianesllevant\/wp-json\/wp\/v2\/comments?post=8373"}],"version-history":[{"count":4,"href":"https:\/\/agora.xtec.cat\/zermoianesllevant\/wp-json\/wp\/v2\/pages\/8373\/revisions"}],"predecessor-version":[{"id":8702,"href":"https:\/\/agora.xtec.cat\/zermoianesllevant\/wp-json\/wp\/v2\/pages\/8373\/revisions\/8702"}],"up":[{"embeddable":true,"href":"https:\/\/agora.xtec.cat\/zermoianesllevant\/wp-json\/wp\/v2\/pages\/8303"}],"wp:attachment":[{"href":"https:\/\/agora.xtec.cat\/zermoianesllevant\/wp-json\/wp\/v2\/media?parent=8373"}],"curies":[{"name":"wp","href":"https:\/\/api.w.org\/{rel}","templated":true}]}}