{"id":8335,"date":"2021-09-06T22:24:50","date_gmt":"2021-09-06T20:24:50","guid":{"rendered":"https:\/\/agora.xtec.cat\/zermoianesllevant\/?page_id=8335"},"modified":"2022-01-19T12:44:18","modified_gmt":"2022-01-19T11:44:18","slug":"decaleg-de-lenergia","status":"publish","type":"page","link":"https:\/\/agora.xtec.cat\/zermoianesllevant\/steam\/a-prenem-el-sol\/decaleg-de-lenergia\/","title":{"rendered":"Dec\u00e0leg de l&#8217;Energia"},"content":{"rendered":"<ol>\n<li>L\u2019energia \u00e9s un concepte que fem servir per seguir la pista dels canvis.<br \/>\n(quan una cosa es refreda, una altra s\u2019escalfa; heu tocat el serpent\u00ed de la banda del darrera d\u2019una nevera?&#8230;)<\/li>\n<\/ol>\n<ol start=\"2\">\n<li>L\u2019energia es transfereix d\u2019un sistema a un altre a trav\u00e9s de canvis encadenats.<br \/>\n(el foc escalfa l\u2019olla i l\u2019olla escalfa la sopa&#8230;)<\/li>\n<\/ol>\n<ol start=\"3\">\n<li>Tot i que la quantitat d\u2019energia a l\u2019univers sempre e\u0301s la mateixa, en tots els canvis es degrada irreversiblement i es fa menys \u00fatil.<br \/>\n(el foc del carb\u00f3 d\u2019una m\u00e0quina de tren de vapor t\u00e9 m\u00e9s energia aprofitable que la que finalment mou les rodes del tren)<\/li>\n<\/ol>\n<ol start=\"4\">\n<li>Tots els \u00e9ssers vius intercanvien energia amb l\u2019entorn, utilitzant-ne una part i emmagatzemant-ne una altra.<br \/>\n(la vida necessita energia&#8230;)<\/li>\n<\/ol>\n<ol start=\"5\">\n<li>Nom\u00e9s podem aprofitar l\u2019energia si tenim les eines adequades per fer-ho.<br \/>\n(fa dos segles, no hi havia motors de combusti\u00f3&#8230;)<\/li>\n<\/ol>\n<ol start=\"6\">\n<li>Tot model energ\u00e8tic va de la ma\u0300 d\u2019un model socioecon\u00f2mic i cultural.<br \/>\n(volem grans empreses energ\u00e8tiques, o cooperatives locals?<br \/>\nvolem combustibles f\u00f2ssils o energies verdes?))<\/li>\n<\/ol>\n<ol start=\"7\">\n<li>L\u2019aprofitament de l\u2019energia sempre implica un impacte ambiental.<br \/>\n(no podem pensar en mantenir el nostre nivell de vida sense impactes&#8230;)<\/li>\n<\/ol>\n<ol start=\"8\">\n<li>L\u2019energia e\u0301s un be\u0301 comu\u0301, i tothom ha de tenir el dret d\u2019usar-la i el deure de fer-ne un bon u\u0301s.<br \/>\n(haur\u00edem d\u2019estalviar recursos i energia&#8230;)<br \/>\n(molta gent, al m\u00f3n, no t\u00e9 electricitat)<br \/>\n(calen debats i cal que tots hi participem&#8230;)<\/li>\n<\/ol>\n<ol start=\"9\">\n<li>El control de l\u2019energia porta sempre associat conflictes socials, poli\u0301tics i econo\u0300mics.<br \/>\n(de qui s\u00f3n el Sol, el vent i l\u2019aigua?)<br \/>\n(qui ha de decidir si es posa un parc e\u00f2lic o solar a un determinat municipi?)<\/li>\n<\/ol>\n<ol start=\"10\">\n<li>La nostra actitud i la nostra presa de decisions pot fer canviar el model energe\u0300tic.<br \/>\n<strong>(tots en som responsables; hem d&#8217;estar informats, parlar-ne, i saber qu\u00e8 volem)<\/strong><\/li>\n<\/ol>\n<p>Notes sobre l&#8217;ensenyament de l&#8217;energia: <a href=\"https:\/\/agora.xtec.cat\/zermoianesllevant\/wp-content\/uploads\/usu130\/2021\/09\/Pere_Brunet_Notes_Energia_VictorLopez_PB.pdf\">Extendida<\/a> i <a href=\"https:\/\/agora.xtec.cat\/zermoianesllevant\/wp-content\/uploads\/usu130\/2021\/09\/Decaleg_energia_3.pdf\">Resumida<\/a><\/p>\n<p>&nbsp;<\/p>\n<p><a href=\"https:\/\/agora.xtec.cat\/zermoianesllevant\/wp-content\/uploads\/usu130\/2021\/12\/ccm1.jpg\"><img loading=\"lazy\" decoding=\"async\" class=\" wp-image-8592\" src=\"https:\/\/agora.xtec.cat\/zermoianesllevant\/wp-content\/uploads\/usu130\/2021\/12\/ccm1-1024x317.jpg\" alt=\"\" width=\"300\" height=\"93\" srcset=\"https:\/\/agora.xtec.cat\/zermoianesllevant\/wp-content\/uploads\/usu130\/2021\/12\/ccm1-1024x317.jpg 1024w, https:\/\/agora.xtec.cat\/zermoianesllevant\/wp-content\/uploads\/usu130\/2021\/12\/ccm1-300x93.jpg 300w, https:\/\/agora.xtec.cat\/zermoianesllevant\/wp-content\/uploads\/usu130\/2021\/12\/ccm1-768x237.jpg 768w, https:\/\/agora.xtec.cat\/zermoianesllevant\/wp-content\/uploads\/usu130\/2021\/12\/ccm1-1536x475.jpg 1536w, https:\/\/agora.xtec.cat\/zermoianesllevant\/wp-content\/uploads\/usu130\/2021\/12\/ccm1.jpg 1863w\" sizes=\"auto, (max-width: 300px) 100vw, 300px\" \/><\/a><\/p>\n<p>&nbsp;<\/p>\n<p><a href=\"http:\/\/www.steam4all.eu\/ca\"><img loading=\"lazy\" decoding=\"async\" class=\" wp-image-8340\" src=\"https:\/\/agora.xtec.cat\/zermoianesllevant\/wp-content\/uploads\/usu130\/2021\/09\/MiniLogo.png\" alt=\"\" width=\"100\" height=\"48\" srcset=\"https:\/\/agora.xtec.cat\/zermoianesllevant\/wp-content\/uploads\/usu130\/2021\/09\/MiniLogo.png 399w, https:\/\/agora.xtec.cat\/zermoianesllevant\/wp-content\/uploads\/usu130\/2021\/09\/MiniLogo-300x144.png 300w\" sizes=\"auto, (max-width: 100px) 100vw, 100px\" \/><\/a><\/p>\n","protected":false},"excerpt":{"rendered":"<ol>\n<li>L\u2019energia \u00e9s un concepte que fem servir per seguir la pista dels canvis.<br \/>\n(quan una cosa es refreda, una altra s\u2019escalfa; heu tocat el serpent\u00ed de la banda del darrera d\u2019una nevera?&#8230;)<\/li>\n<\/ol>\n<ol start=\"2\">\n<li>L\u2019energia es transfereix d\u2019un sistema a un altre a trav\u00e9s de canvis encadenats.<br \/>\n(el foc&hellip;  <a href=\"https:\/\/agora.xtec.cat\/zermoianesllevant\/steam\/a-prenem-el-sol\/decaleg-de-lenergia\/\" title=\"Read Dec\u00e0leg de l&#8217;Energia\">Llegeix m\u00e9s\u00bb<\/a><\/p>\n","protected":false},"author":1,"featured_media":0,"parent":8594,"menu_order":100,"comment_status":"closed","ping_status":"closed","template":"page-templates\/side-menu.php","meta":{"_bbp_topic_count":0,"_bbp_reply_count":0,"_bbp_total_topic_count":0,"_bbp_total_reply_count":0,"_bbp_voice_count":0,"_bbp_anonymous_reply_count":0,"_bbp_topic_count_hidden":0,"_bbp_reply_count_hidden":0,"_bbp_forum_subforum_count":0,"footnotes":""},"class_list":["post-8335","page","type-page","status-publish","hentry"],"post_mailing_queue_ids":[],"_links":{"self":[{"href":"https:\/\/agora.xtec.cat\/zermoianesllevant\/wp-json\/wp\/v2\/pages\/8335","targetHints":{"allow":["GET"]}}],"collection":[{"href":"https:\/\/agora.xtec.cat\/zermoianesllevant\/wp-json\/wp\/v2\/pages"}],"about":[{"href":"https:\/\/agora.xtec.cat\/zermoianesllevant\/wp-json\/wp\/v2\/types\/page"}],"author":[{"embeddable":true,"href":"https:\/\/agora.xtec.cat\/zermoianesllevant\/wp-json\/wp\/v2\/users\/1"}],"replies":[{"embeddable":true,"href":"https:\/\/agora.xtec.cat\/zermoianesllevant\/wp-json\/wp\/v2\/comments?post=8335"}],"version-history":[{"count":3,"href":"https:\/\/agora.xtec.cat\/zermoianesllevant\/wp-json\/wp\/v2\/pages\/8335\/revisions"}],"predecessor-version":[{"id":8337,"href":"https:\/\/agora.xtec.cat\/zermoianesllevant\/wp-json\/wp\/v2\/pages\/8335\/revisions\/8337"}],"up":[{"embeddable":true,"href":"https:\/\/agora.xtec.cat\/zermoianesllevant\/wp-json\/wp\/v2\/pages\/8594"}],"wp:attachment":[{"href":"https:\/\/agora.xtec.cat\/zermoianesllevant\/wp-json\/wp\/v2\/media?parent=8335"}],"curies":[{"name":"wp","href":"https:\/\/api.w.org\/{rel}","templated":true}]}}