{"id":8317,"date":"2021-09-05T20:15:37","date_gmt":"2021-09-05T18:15:37","guid":{"rendered":"https:\/\/agora.xtec.cat\/zermoianesllevant\/?page_id=8317"},"modified":"2022-01-20T12:34:47","modified_gmt":"2022-01-20T11:34:47","slug":"mi-vieja-linterna","status":"publish","type":"page","link":"https:\/\/agora.xtec.cat\/zermoianesllevant\/steam\/tinkercad\/mi-vieja-linterna\/","title":{"rendered":"Mi vieja linterna"},"content":{"rendered":"<p>En este ejercicio, el alumno construir\u00e1 con la ayuda del simulador Tinkercad una reproducci\u00f3n del funcionamiento de una linterna antigua. Tener presente que las linternas que sol\u00edan ir con bombillas est\u00e1n siendo sustituidas por linternas con LED (Diodo Emisor de Luz).<\/p>\n<p>No obstante es conveniente recordar nuestras viejas linternas. En el siguiente PDF hay las instrucciones paso a paso de como realizar el ejercicio: <a href=\"https:\/\/agora.xtec.cat\/zermoianesllevant\/wp-content\/uploads\/usu130\/2021\/09\/00.0.00-T-ESP-Mi-vieja-linterna.pdf\">00.0.00-[T]-[ESP]-Mi vieja linterna<\/a><\/p>\n<p>En el siguiente documento <a href=\"https:\/\/agora.xtec.cat\/zermoianesllevant\/wp-content\/uploads\/usu130\/2021\/09\/E1_ESO1_CIRCUITS-ELECTRICS-BASICS.pdf\">CIRCUITS EL\u00c8CTRICS B\u00c0SICS<\/a> hay ideas por si el profesor desea ampliar la p\u00edldora formativa recomendada y en las siguientes im\u00e1genes se ve como muestra TinkerCad la simulaci\u00f3n del circuito y el esquema asociado al\u00a0 mismo.<\/p>\n<table style=\"border-collapse: collapse; width: 44.295%;\">\n<tbody>\n<tr>\n<td style=\"width: 19.9664%;\"><a href=\"https:\/\/agora.xtec.cat\/zermoianesllevant\/wp-content\/uploads\/usu130\/2022\/01\/ViejaLinterna_Componentes_Apagada.jpg\"><img loading=\"lazy\" decoding=\"async\" class=\"alignnone wp-image-8786\" src=\"https:\/\/agora.xtec.cat\/zermoianesllevant\/wp-content\/uploads\/usu130\/2022\/01\/ViejaLinterna_Componentes_Apagada.jpg\" alt=\"\" width=\"341\" height=\"223\" srcset=\"https:\/\/agora.xtec.cat\/zermoianesllevant\/wp-content\/uploads\/usu130\/2022\/01\/ViejaLinterna_Componentes_Apagada.jpg 590w, https:\/\/agora.xtec.cat\/zermoianesllevant\/wp-content\/uploads\/usu130\/2022\/01\/ViejaLinterna_Componentes_Apagada-300x196.jpg 300w\" sizes=\"auto, (max-width: 341px) 100vw, 341px\" \/><\/a><\/td>\n<td style=\"width: 24.3289%;\"><a href=\"https:\/\/agora.xtec.cat\/zermoianesllevant\/wp-content\/uploads\/usu130\/2022\/01\/ViejaLinterna_Esquema_Apagada.jpg\"><img loading=\"lazy\" decoding=\"async\" class=\"alignnone wp-image-8788\" src=\"https:\/\/agora.xtec.cat\/zermoianesllevant\/wp-content\/uploads\/usu130\/2022\/01\/ViejaLinterna_Esquema_Apagada.jpg\" alt=\"\" width=\"386\" height=\"231\" srcset=\"https:\/\/agora.xtec.cat\/zermoianesllevant\/wp-content\/uploads\/usu130\/2022\/01\/ViejaLinterna_Esquema_Apagada.jpg 1023w, https:\/\/agora.xtec.cat\/zermoianesllevant\/wp-content\/uploads\/usu130\/2022\/01\/ViejaLinterna_Esquema_Apagada-300x179.jpg 300w, https:\/\/agora.xtec.cat\/zermoianesllevant\/wp-content\/uploads\/usu130\/2022\/01\/ViejaLinterna_Esquema_Apagada-768x459.jpg 768w\" sizes=\"auto, (max-width: 386px) 100vw, 386px\" \/><\/a><\/td>\n<\/tr>\n<tr>\n<td style=\"width: 19.9664%;\"><a href=\"https:\/\/agora.xtec.cat\/zermoianesllevant\/wp-content\/uploads\/usu130\/2022\/01\/ViejaLinterna_Componentes_Encendida.jpg\"><img loading=\"lazy\" decoding=\"async\" class=\"alignnone size-full wp-image-8787\" src=\"https:\/\/agora.xtec.cat\/zermoianesllevant\/wp-content\/uploads\/usu130\/2022\/01\/ViejaLinterna_Componentes_Encendida.jpg\" alt=\"\" width=\"643\" height=\"392\" srcset=\"https:\/\/agora.xtec.cat\/zermoianesllevant\/wp-content\/uploads\/usu130\/2022\/01\/ViejaLinterna_Componentes_Encendida.jpg 643w, https:\/\/agora.xtec.cat\/zermoianesllevant\/wp-content\/uploads\/usu130\/2022\/01\/ViejaLinterna_Componentes_Encendida-300x183.jpg 300w\" sizes=\"auto, (max-width: 643px) 100vw, 643px\" \/><\/a><\/td>\n<td style=\"width: 24.3289%;\"><a href=\"https:\/\/agora.xtec.cat\/zermoianesllevant\/wp-content\/uploads\/usu130\/2022\/01\/ViejaLinterna_Esquema_AEncendida.jpg\"><img loading=\"lazy\" decoding=\"async\" class=\"alignnone wp-image-8791\" src=\"https:\/\/agora.xtec.cat\/zermoianesllevant\/wp-content\/uploads\/usu130\/2022\/01\/ViejaLinterna_Esquema_AEncendida-1024x621.jpg\" alt=\"\" width=\"395\" height=\"239\" srcset=\"https:\/\/agora.xtec.cat\/zermoianesllevant\/wp-content\/uploads\/usu130\/2022\/01\/ViejaLinterna_Esquema_AEncendida-1024x621.jpg 1024w, https:\/\/agora.xtec.cat\/zermoianesllevant\/wp-content\/uploads\/usu130\/2022\/01\/ViejaLinterna_Esquema_AEncendida-300x182.jpg 300w, https:\/\/agora.xtec.cat\/zermoianesllevant\/wp-content\/uploads\/usu130\/2022\/01\/ViejaLinterna_Esquema_AEncendida-768x466.jpg 768w, https:\/\/agora.xtec.cat\/zermoianesllevant\/wp-content\/uploads\/usu130\/2022\/01\/ViejaLinterna_Esquema_AEncendida.jpg 1096w\" sizes=\"auto, (max-width: 395px) 100vw, 395px\" \/><\/a><\/td>\n<\/tr>\n<\/tbody>\n<\/table>\n<p>Finalmente, aqu\u00ed se detallan aspectos trabajados del curr\u00edculo de primaria: <a href=\"https:\/\/agora.xtec.cat\/zermoianesllevant\/wp-content\/uploads\/usu130\/2021\/10\/Sessio1.docx.pdf\">Sessi\u00f31.docx<\/a><\/p>\n<p>&nbsp;<\/p>\n<p><a href=\"https:\/\/agora.xtec.cat\/zermoianesllevant\/wp-content\/uploads\/usu130\/2021\/12\/ccm1.jpg\"><img loading=\"lazy\" decoding=\"async\" class=\" wp-image-8592\" src=\"https:\/\/agora.xtec.cat\/zermoianesllevant\/wp-content\/uploads\/usu130\/2021\/12\/ccm1-1024x317.jpg\" alt=\"\" width=\"300\" height=\"93\" srcset=\"https:\/\/agora.xtec.cat\/zermoianesllevant\/wp-content\/uploads\/usu130\/2021\/12\/ccm1-1024x317.jpg 1024w, https:\/\/agora.xtec.cat\/zermoianesllevant\/wp-content\/uploads\/usu130\/2021\/12\/ccm1-300x93.jpg 300w, https:\/\/agora.xtec.cat\/zermoianesllevant\/wp-content\/uploads\/usu130\/2021\/12\/ccm1-768x237.jpg 768w, https:\/\/agora.xtec.cat\/zermoianesllevant\/wp-content\/uploads\/usu130\/2021\/12\/ccm1-1536x475.jpg 1536w, https:\/\/agora.xtec.cat\/zermoianesllevant\/wp-content\/uploads\/usu130\/2021\/12\/ccm1.jpg 1863w\" sizes=\"auto, (max-width: 300px) 100vw, 300px\" \/><\/a><\/p>\n<p>&nbsp;<\/p>\n<p>&nbsp;<\/p>\n<p>&nbsp;<\/p>\n","protected":false},"excerpt":{"rendered":"<p>En este ejercicio, el alumno construir\u00e1 con la ayuda del simulador Tinkercad una reproducci\u00f3n del funcionamiento de una linterna antigua. Tener presente que las linternas que sol\u00edan ir con bombillas est\u00e1n siendo sustituidas por linternas con LED (Diodo Emisor de Luz).<br \/>\nNo obstante es conveniente recordar&hellip;  <a href=\"https:\/\/agora.xtec.cat\/zermoianesllevant\/steam\/tinkercad\/mi-vieja-linterna\/\" title=\"Read Mi vieja linterna\">Llegeix m\u00e9s\u00bb<\/a><\/p>\n","protected":false},"author":1,"featured_media":0,"parent":8303,"menu_order":5,"comment_status":"closed","ping_status":"closed","template":"page-templates\/side-menu.php","meta":{"_bbp_topic_count":0,"_bbp_reply_count":0,"_bbp_total_topic_count":0,"_bbp_total_reply_count":0,"_bbp_voice_count":0,"_bbp_anonymous_reply_count":0,"_bbp_topic_count_hidden":0,"_bbp_reply_count_hidden":0,"_bbp_forum_subforum_count":0,"footnotes":""},"class_list":["post-8317","page","type-page","status-publish","hentry"],"post_mailing_queue_ids":[],"_links":{"self":[{"href":"https:\/\/agora.xtec.cat\/zermoianesllevant\/wp-json\/wp\/v2\/pages\/8317","targetHints":{"allow":["GET"]}}],"collection":[{"href":"https:\/\/agora.xtec.cat\/zermoianesllevant\/wp-json\/wp\/v2\/pages"}],"about":[{"href":"https:\/\/agora.xtec.cat\/zermoianesllevant\/wp-json\/wp\/v2\/types\/page"}],"author":[{"embeddable":true,"href":"https:\/\/agora.xtec.cat\/zermoianesllevant\/wp-json\/wp\/v2\/users\/1"}],"replies":[{"embeddable":true,"href":"https:\/\/agora.xtec.cat\/zermoianesllevant\/wp-json\/wp\/v2\/comments?post=8317"}],"version-history":[{"count":4,"href":"https:\/\/agora.xtec.cat\/zermoianesllevant\/wp-json\/wp\/v2\/pages\/8317\/revisions"}],"predecessor-version":[{"id":8795,"href":"https:\/\/agora.xtec.cat\/zermoianesllevant\/wp-json\/wp\/v2\/pages\/8317\/revisions\/8795"}],"up":[{"embeddable":true,"href":"https:\/\/agora.xtec.cat\/zermoianesllevant\/wp-json\/wp\/v2\/pages\/8303"}],"wp:attachment":[{"href":"https:\/\/agora.xtec.cat\/zermoianesllevant\/wp-json\/wp\/v2\/media?parent=8317"}],"curies":[{"name":"wp","href":"https:\/\/api.w.org\/{rel}","templated":true}]}}