{"id":8275,"date":"2021-05-13T17:44:26","date_gmt":"2021-05-13T15:44:26","guid":{"rendered":"https:\/\/agora.xtec.cat\/zermoianesllevant\/?page_id=8275"},"modified":"2021-05-13T18:50:22","modified_gmt":"2021-05-13T16:50:22","slug":"frere-jacques-muestra-la-nota","status":"publish","type":"page","link":"https:\/\/agora.xtec.cat\/zermoianesllevant\/steam\/scratch-3-0\/frere-jacques-muestra-la-nota\/","title":{"rendered":"Fr\u00e8re Jacques mostra la nota"},"content":{"rendered":"<p>Scratch em maravella, cada dia una mica m\u00e9s. Al Fr\u00e8re Jacques, dupliques el codi i sona igual. Fas que el segon personatge sigui un rectangle transparent i el vas movent per la partitura, afegeixes el moviment al codi i &#8220;voil\u00e0&#8221;, pots seguir la m\u00fasica!!<\/p>\n<p>Eusebi Calonge<\/p>\n<p><iframe loading=\"lazy\" src=\"https:\/\/scratch.mit.edu\/projects\/519436323\/embed\" width=\"485\" height=\"402\" frameborder=\"0\"><\/iframe><\/p>\n<table>\n<tbody>\n<tr>\n<td>\n<p><figure class=\"figure wp-caption alignnone\"><a href=\"https:\/\/agora.xtec.cat\/zermoianesllevant\/wp-content\/uploads\/usu130\/2021\/05\/Captura-1FJ.jpg\"><img loading=\"lazy\" decoding=\"async\" class=\"size-large wp-image-8280\" src=\"https:\/\/agora.xtec.cat\/zermoianesllevant\/wp-content\/uploads\/usu130\/2021\/05\/Captura-1FJ-331x1024.jpg\" alt=\"Notas de m\u00fasica\" width=\"331\" height=\"1024\" srcset=\"https:\/\/agora.xtec.cat\/zermoianesllevant\/wp-content\/uploads\/usu130\/2021\/05\/Captura-1FJ-331x1024.jpg 331w, https:\/\/agora.xtec.cat\/zermoianesllevant\/wp-content\/uploads\/usu130\/2021\/05\/Captura-1FJ-97x300.jpg 97w, https:\/\/agora.xtec.cat\/zermoianesllevant\/wp-content\/uploads\/usu130\/2021\/05\/Captura-1FJ.jpg 468w\" sizes=\"auto, (max-width: 331px) 100vw, 331px\" \/><\/a><figcaption class=\"wp-caption-text\">Notas de m\u00fasica<\/figcaption><\/figure><\/td>\n<td>\n<p><figure class=\"figure wp-caption alignnone\"><a href=\"https:\/\/agora.xtec.cat\/zermoianesllevant\/wp-content\/uploads\/usu130\/2021\/05\/Captura-2FJ.jpg\"><img loading=\"lazy\" decoding=\"async\" class=\"size-large wp-image-8281\" src=\"https:\/\/agora.xtec.cat\/zermoianesllevant\/wp-content\/uploads\/usu130\/2021\/05\/Captura-2FJ-573x1024.jpg\" alt=\"Notas de m\u00fasica y cursor transparente\" width=\"573\" height=\"1024\" srcset=\"https:\/\/agora.xtec.cat\/zermoianesllevant\/wp-content\/uploads\/usu130\/2021\/05\/Captura-2FJ-573x1024.jpg 573w, https:\/\/agora.xtec.cat\/zermoianesllevant\/wp-content\/uploads\/usu130\/2021\/05\/Captura-2FJ-168x300.jpg 168w, https:\/\/agora.xtec.cat\/zermoianesllevant\/wp-content\/uploads\/usu130\/2021\/05\/Captura-2FJ-768x1373.jpg 768w, https:\/\/agora.xtec.cat\/zermoianesllevant\/wp-content\/uploads\/usu130\/2021\/05\/Captura-2FJ.jpg 902w\" sizes=\"auto, (max-width: 573px) 100vw, 573px\" \/><\/a><figcaption class=\"wp-caption-text\">Notas de m\u00fasica y cursor transparente<\/figcaption><\/figure><\/td>\n<\/tr>\n<\/tbody>\n<\/table>\n","protected":false},"excerpt":{"rendered":"<p>Scratch em maravella, cada dia una mica m\u00e9s. Al Fr\u00e8re Jacques, dupliques el codi i sona igual. Fas que el segon personatge sigui un rectangle transparent i el vas movent per la partitura, afegeixes el moviment al codi i &#8220;voil\u00e0&#8221;, pots seguir la m\u00fasica!!<br \/>\nEusebi Calonge<\/p>\n<p><a&hellip;  <a href=\"https:\/\/agora.xtec.cat\/zermoianesllevant\/steam\/scratch-3-0\/frere-jacques-muestra-la-nota\/\" title=\"Read Fr\u00e8re Jacques mostra la nota\">Llegeix m\u00e9s\u00bb<\/a><\/p>\n","protected":false},"author":1,"featured_media":0,"parent":7878,"menu_order":201,"comment_status":"closed","ping_status":"closed","template":"page-templates\/side-menu.php","meta":{"_bbp_topic_count":0,"_bbp_reply_count":0,"_bbp_total_topic_count":0,"_bbp_total_reply_count":0,"_bbp_voice_count":0,"_bbp_anonymous_reply_count":0,"_bbp_topic_count_hidden":0,"_bbp_reply_count_hidden":0,"_bbp_forum_subforum_count":0,"footnotes":""},"class_list":["post-8275","page","type-page","status-publish","hentry"],"post_mailing_queue_ids":[],"_links":{"self":[{"href":"https:\/\/agora.xtec.cat\/zermoianesllevant\/wp-json\/wp\/v2\/pages\/8275","targetHints":{"allow":["GET"]}}],"collection":[{"href":"https:\/\/agora.xtec.cat\/zermoianesllevant\/wp-json\/wp\/v2\/pages"}],"about":[{"href":"https:\/\/agora.xtec.cat\/zermoianesllevant\/wp-json\/wp\/v2\/types\/page"}],"author":[{"embeddable":true,"href":"https:\/\/agora.xtec.cat\/zermoianesllevant\/wp-json\/wp\/v2\/users\/1"}],"replies":[{"embeddable":true,"href":"https:\/\/agora.xtec.cat\/zermoianesllevant\/wp-json\/wp\/v2\/comments?post=8275"}],"version-history":[{"count":3,"href":"https:\/\/agora.xtec.cat\/zermoianesllevant\/wp-json\/wp\/v2\/pages\/8275\/revisions"}],"predecessor-version":[{"id":8282,"href":"https:\/\/agora.xtec.cat\/zermoianesllevant\/wp-json\/wp\/v2\/pages\/8275\/revisions\/8282"}],"up":[{"embeddable":true,"href":"https:\/\/agora.xtec.cat\/zermoianesllevant\/wp-json\/wp\/v2\/pages\/7878"}],"wp:attachment":[{"href":"https:\/\/agora.xtec.cat\/zermoianesllevant\/wp-json\/wp\/v2\/media?parent=8275"}],"curies":[{"name":"wp","href":"https:\/\/api.w.org\/{rel}","templated":true}]}}