{"id":8238,"date":"2021-04-27T11:10:41","date_gmt":"2021-04-27T09:10:41","guid":{"rendered":"https:\/\/agora.xtec.cat\/zermoianesllevant\/?page_id=8238"},"modified":"2021-04-29T00:51:50","modified_gmt":"2021-04-28T22:51:50","slug":"reloj-automatico-y-husos-horarios","status":"publish","type":"page","link":"https:\/\/agora.xtec.cat\/zermoianesllevant\/steam\/scratch-3-0\/reloj-automatico-y-husos-horarios\/","title":{"rendered":"Reloj autom\u00e1tico y husos horarios"},"content":{"rendered":"<p>Este ejercicio se basa en los conocimientos adquiridos al construir un reloj anal\u00f3gico con sincronizaci\u00f3n autom\u00e1tica. Se pedir\u00e1\u00a0 al alumno que refleje las horas de Jap\u00f3n, Mosc\u00fa, del Moian\u00e8s y Los \u00c1ngeles en el momento actual. El ejercicio se ha construido con fecha 27\/4\/2021, por lo tanto solamente es v\u00e1lido para estas circunstancias de horario de verano en los puntos del planeta seleccionados.<\/p>\n<p>El alumno se ejercitar\u00e1 en situar los cuatro relojes compuesto por cuatro personajes cada uno, esfera y las tres agujas, en un plano de dos dimensiones que es el escenario de SCRATCH. Est\u00e1s ubicaciones se realizan en base a valores x e y. Se trabajar\u00e1 en detalle el saber deducir si se han de sumar valores positivos o negativos para determinar la hora de las zonas seleccionadas a la hora obtenida para el huso horario del Moian\u00e8s. Se aplicar\u00e1 un factor corrector si las ciudades o zonas seleccionadas tienen horario de verano o no<\/p>\n<p><iframe loading=\"lazy\" src=\"https:\/\/scratch.mit.edu\/projects\/519043716\/embed\" width=\"485\" height=\"402\" frameborder=\"0\"><\/iframe><\/p>\n<p>Moian\u00e8s (Tiene horario de verano)<\/p>\n<p><a style=\"font-weight: bold; font-family: inherit; font-size: 1em;\" href=\"https:\/\/agora.xtec.cat\/zermoianesllevant\/wp-content\/uploads\/usu130\/2021\/04\/C\u00e1lculo-hora-Zer.jpg\"><img loading=\"lazy\" decoding=\"async\" class=\" wp-image-8246\" src=\"https:\/\/agora.xtec.cat\/zermoianesllevant\/wp-content\/uploads\/usu130\/2021\/04\/C\u00e1lculo-hora-Zer.jpg\" alt=\"C\u00e1lculo hora Moian\u00e8s con ACRATCH 3.0\" width=\"427\" height=\"105\" srcset=\"https:\/\/agora.xtec.cat\/zermoianesllevant\/wp-content\/uploads\/usu130\/2021\/04\/C\u00e1lculo-hora-Zer.jpg 683w, https:\/\/agora.xtec.cat\/zermoianesllevant\/wp-content\/uploads\/usu130\/2021\/04\/C\u00e1lculo-hora-Zer-300x74.jpg 300w\" sizes=\"auto, (max-width: 427px) 100vw, 427px\" \/><\/a><\/p>\n<p>Jap\u00f3n (No tiene horario de verano)<\/p>\n<p><a style=\"font-weight: bold; font-family: inherit; font-size: 1em;\" href=\"https:\/\/agora.xtec.cat\/zermoianesllevant\/wp-content\/uploads\/usu130\/2021\/04\/C\u00e1lculo-hora-Jap\u00f3-1.jpg\"><img loading=\"lazy\" decoding=\"async\" class=\" wp-image-8248\" src=\"https:\/\/agora.xtec.cat\/zermoianesllevant\/wp-content\/uploads\/usu130\/2021\/04\/C\u00e1lculo-hora-Jap\u00f3-1.jpg\" alt=\"C\u00e1lculo hora Jap\u00f3n\" width=\"465\" height=\"97\" srcset=\"https:\/\/agora.xtec.cat\/zermoianesllevant\/wp-content\/uploads\/usu130\/2021\/04\/C\u00e1lculo-hora-Jap\u00f3-1.jpg 825w, https:\/\/agora.xtec.cat\/zermoianesllevant\/wp-content\/uploads\/usu130\/2021\/04\/C\u00e1lculo-hora-Jap\u00f3-1-300x63.jpg 300w, https:\/\/agora.xtec.cat\/zermoianesllevant\/wp-content\/uploads\/usu130\/2021\/04\/C\u00e1lculo-hora-Jap\u00f3-1-768x160.jpg 768w\" sizes=\"auto, (max-width: 465px) 100vw, 465px\" \/><\/a><\/p>\n<p>Mosc\u00fa (No tiene horario de verano)<\/p>\n<p><a style=\"font-weight: bold; font-family: inherit; font-size: 1em;\" href=\"https:\/\/agora.xtec.cat\/zermoianesllevant\/wp-content\/uploads\/usu130\/2021\/04\/C\u00e1lculo-hora-Moscou.jpg\"><img loading=\"lazy\" decoding=\"async\" class=\" wp-image-8253\" src=\"https:\/\/agora.xtec.cat\/zermoianesllevant\/wp-content\/uploads\/usu130\/2021\/04\/C\u00e1lculo-hora-Moscou.jpg\" alt=\"C\u00e1lculo hora Mosc\u00fa\" width=\"498\" height=\"109\" srcset=\"https:\/\/agora.xtec.cat\/zermoianesllevant\/wp-content\/uploads\/usu130\/2021\/04\/C\u00e1lculo-hora-Moscou.jpg 831w, https:\/\/agora.xtec.cat\/zermoianesllevant\/wp-content\/uploads\/usu130\/2021\/04\/C\u00e1lculo-hora-Moscou-300x66.jpg 300w, https:\/\/agora.xtec.cat\/zermoianesllevant\/wp-content\/uploads\/usu130\/2021\/04\/C\u00e1lculo-hora-Moscou-768x168.jpg 768w\" sizes=\"auto, (max-width: 498px) 100vw, 498px\" \/><\/a><\/p>\n<p>Los \u00c1ngeles (Tiene horario de verano)<\/p>\n<p><a href=\"https:\/\/agora.xtec.cat\/zermoianesllevant\/wp-content\/uploads\/usu130\/2021\/04\/C\u00e1lculo-hora-Los-Angeles.jpg\"><img loading=\"lazy\" decoding=\"async\" class=\" wp-image-8257\" src=\"https:\/\/agora.xtec.cat\/zermoianesllevant\/wp-content\/uploads\/usu130\/2021\/04\/C\u00e1lculo-hora-Los-Angeles.jpg\" alt=\"C\u00e1lculo hora Los \u00c1ngeles\" width=\"428\" height=\"99\" srcset=\"https:\/\/agora.xtec.cat\/zermoianesllevant\/wp-content\/uploads\/usu130\/2021\/04\/C\u00e1lculo-hora-Los-Angeles.jpg 752w, https:\/\/agora.xtec.cat\/zermoianesllevant\/wp-content\/uploads\/usu130\/2021\/04\/C\u00e1lculo-hora-Los-Angeles-300x69.jpg 300w\" sizes=\"auto, (max-width: 428px) 100vw, 428px\" \/><\/a><\/p>\n<p>El resto de c\u00f3digo es el trabajado en el ejercicio <a href=\"https:\/\/agora.xtec.cat\/zermoianesllevant\/steam\/scratch-3-0\/reloj\/\">&#8220;Reloj con sincronizaci\u00f3n autom\u00e1tica&#8221;<\/a><\/p>\n<p><strong>Notas:<\/strong><\/p>\n<p>Un huso horario es cada una de las veinticuatro \u00e1reas en que se divide la Tierra. Est\u00e1n limitadas por meridianos y en las que rige por convenci\u00f3n el mismo horario. Todos los meridianos que limitan los husos horarios son m\u00faltiplo de 15\u00b0 respecto por acuerdo al meridiano de Greenwich (tambi\u00e9n conocido como meridiano cero), que recibe ese nombre por pasar por el Real Observatorio de Greenwich, en el Gran Londres.<\/p>\n<p>Como la Tierra gira de oeste a este, al pasar de un huso horario a otro en direcci\u00f3n este, hay que sumar una hora. Por el contrario, al pasar de este a oeste hay que restar una hora. El meridiano de 180\u00b0, conocido como l\u00ednea internacional de cambio de fecha, marca el cambio de d\u00eda.<\/p>\n<p><a style=\"font-weight: bold; font-family: inherit; font-size: 1em;\" href=\"https:\/\/agora.xtec.cat\/zermoianesllevant\/wp-content\/uploads\/usu130\/2021\/04\/World_Time_Zones_Map.png\"><img loading=\"lazy\" decoding=\"async\" class=\" wp-image-8243\" src=\"https:\/\/agora.xtec.cat\/zermoianesllevant\/wp-content\/uploads\/usu130\/2021\/04\/World_Time_Zones_Map-1024x578.png\" alt=\"World Time Zones Map\" width=\"331\" height=\"187\" srcset=\"https:\/\/agora.xtec.cat\/zermoianesllevant\/wp-content\/uploads\/usu130\/2021\/04\/World_Time_Zones_Map.png 1024w, https:\/\/agora.xtec.cat\/zermoianesllevant\/wp-content\/uploads\/usu130\/2021\/04\/World_Time_Zones_Map-300x169.png 300w, https:\/\/agora.xtec.cat\/zermoianesllevant\/wp-content\/uploads\/usu130\/2021\/04\/World_Time_Zones_Map-768x434.png 768w\" sizes=\"auto, (max-width: 331px) 100vw, 331px\" \/><\/a><br \/>\n<a style=\"font-size: 14px; font-family: inherit;\" href=\"https:\/\/upload.wikimedia.org\/wikipedia\/commons\/8\/88\/World_Time_Zones_Map.png\">World Time Zones Map<\/a><\/p>\n<p><strong>La vuelta al mundo en 80 d\u00edas<\/strong><\/p>\n<p><a href=\"https:\/\/agora.xtec.cat\/zermoianesllevant\/wp-content\/uploads\/usu130\/2021\/04\/Fogg-vuelta-al-mundo-en-80-d\u00edas.jpg\"><img loading=\"lazy\" decoding=\"async\" class=\"alignnone wp-image-8259\" src=\"https:\/\/agora.xtec.cat\/zermoianesllevant\/wp-content\/uploads\/usu130\/2021\/04\/Fogg-vuelta-al-mundo-en-80-d\u00edas-1024x548.jpg\" alt=\"\" width=\"710\" height=\"380\" srcset=\"https:\/\/agora.xtec.cat\/zermoianesllevant\/wp-content\/uploads\/usu130\/2021\/04\/Fogg-vuelta-al-mundo-en-80-d\u00edas-1024x548.jpg 1024w, https:\/\/agora.xtec.cat\/zermoianesllevant\/wp-content\/uploads\/usu130\/2021\/04\/Fogg-vuelta-al-mundo-en-80-d\u00edas-300x160.jpg 300w, https:\/\/agora.xtec.cat\/zermoianesllevant\/wp-content\/uploads\/usu130\/2021\/04\/Fogg-vuelta-al-mundo-en-80-d\u00edas-768x411.jpg 768w\" sizes=\"auto, (max-width: 710px) 100vw, 710px\" \/><\/a><\/p>\n<p>En la novela La Vuelta al Mundo en Ochenta D\u00edas. Phileas Fogg, el protagonista de la novela, hab\u00eda apostado con sus colegas del Reform Club que dar\u00eda la vuelta al mundo en ochenta d\u00edas. El caballero ingl\u00e9s y su criado Passepartout salieron de Londres el 2 de octubre de 1872 a las 8:45 pm, viajando hacia el este: Europa, Asia, etc.<br \/>\nPara ganar la apuesta deber\u00edan estar de nuevo en la capital brit\u00e1nica antes de las 8:45 del d\u00eda 21 de diciembre. Tras su periplo por los cinco continentes, mister Fogg crey\u00f3 haber llegado a Londres a las 8:50 del d\u00eda 21 de diciembre lo que significaba que hab\u00eda perdido la apuesta por cinco minutos.<br \/>\nSin embargo no fue as\u00ed, ya que al viajar hacia el este hab\u00eda ganado un d\u00eda. Hab\u00eda regresado a Londres el d\u00eda 20 de diciembre. Por tanto, hab\u00eda ganado la apuesta pues complet\u00f3 la vuelta al mundo en 79 d\u00edas&#8230; y cinco minutos.<\/p>\n<p>\u00bfPor qu\u00e9 Phileas Fogg y su mayordomo Passepartout no sab\u00edan que hab\u00edan realizado la vuelta al mundo en un d\u00eda menos que los que ellos cre\u00edan?<\/p>\n<p><iframe loading=\"lazy\" src=\"https:\/\/www.youtube.com\/embed\/QR_ApfSv8ik\" width=\"560\" height=\"315\" frameborder=\"0\"><\/iframe><br \/>\nLa respuesta a partir del minut0 14:30 segundos<\/p>\n","protected":false},"excerpt":{"rendered":"<p>Este ejercicio se basa en los conocimientos adquiridos al construir un reloj anal\u00f3gico con sincronizaci\u00f3n autom\u00e1tica. Se pedir\u00e1\u00a0 al alumno que refleje las horas de Jap\u00f3n, Mosc\u00fa, del Moian\u00e8s y Los \u00c1ngeles en el momento actual. El ejercicio se ha construido con fecha 27\/4\/2021, por&hellip;  <a href=\"https:\/\/agora.xtec.cat\/zermoianesllevant\/steam\/scratch-3-0\/reloj-automatico-y-husos-horarios\/\" title=\"Read Reloj autom\u00e1tico y husos horarios\">Llegeix m\u00e9s\u00bb<\/a><\/p>\n","protected":false},"author":1,"featured_media":0,"parent":7878,"menu_order":55,"comment_status":"closed","ping_status":"closed","template":"page-templates\/side-menu.php","meta":{"_bbp_topic_count":0,"_bbp_reply_count":0,"_bbp_total_topic_count":0,"_bbp_total_reply_count":0,"_bbp_voice_count":0,"_bbp_anonymous_reply_count":0,"_bbp_topic_count_hidden":0,"_bbp_reply_count_hidden":0,"_bbp_forum_subforum_count":0,"footnotes":""},"class_list":["post-8238","page","type-page","status-publish","hentry"],"post_mailing_queue_ids":[],"_links":{"self":[{"href":"https:\/\/agora.xtec.cat\/zermoianesllevant\/wp-json\/wp\/v2\/pages\/8238","targetHints":{"allow":["GET"]}}],"collection":[{"href":"https:\/\/agora.xtec.cat\/zermoianesllevant\/wp-json\/wp\/v2\/pages"}],"about":[{"href":"https:\/\/agora.xtec.cat\/zermoianesllevant\/wp-json\/wp\/v2\/types\/page"}],"author":[{"embeddable":true,"href":"https:\/\/agora.xtec.cat\/zermoianesllevant\/wp-json\/wp\/v2\/users\/1"}],"replies":[{"embeddable":true,"href":"https:\/\/agora.xtec.cat\/zermoianesllevant\/wp-json\/wp\/v2\/comments?post=8238"}],"version-history":[{"count":3,"href":"https:\/\/agora.xtec.cat\/zermoianesllevant\/wp-json\/wp\/v2\/pages\/8238\/revisions"}],"predecessor-version":[{"id":8274,"href":"https:\/\/agora.xtec.cat\/zermoianesllevant\/wp-json\/wp\/v2\/pages\/8238\/revisions\/8274"}],"up":[{"embeddable":true,"href":"https:\/\/agora.xtec.cat\/zermoianesllevant\/wp-json\/wp\/v2\/pages\/7878"}],"wp:attachment":[{"href":"https:\/\/agora.xtec.cat\/zermoianesllevant\/wp-json\/wp\/v2\/media?parent=8238"}],"curies":[{"name":"wp","href":"https:\/\/api.w.org\/{rel}","templated":true}]}}