{"id":8192,"date":"2021-04-10T23:23:53","date_gmt":"2021-04-10T21:23:53","guid":{"rendered":"https:\/\/agora.xtec.cat\/zermoianesllevant\/?page_id=8192"},"modified":"2021-04-21T00:08:08","modified_gmt":"2021-04-20T22:08:08","slug":"reloj-analogico-con-sincronizacion-manual","status":"publish","type":"page","link":"https:\/\/agora.xtec.cat\/zermoianesllevant\/steam\/scratch-3-0\/reloj-analogico-con-sincronizacion-manual\/","title":{"rendered":"Reloj anal\u00f3gico sincronizado manualmente"},"content":{"rendered":"<p>En esta sesi\u00f3n solo se estudia como se sincroniza el reloj anal\u00f3gico con la hora real. Todos los fundamentos b\u00e1sicos de este entorno del conocimiento ya han sido estudiados en la p\u00edldora formativa del reloj anal\u00f3gico no sincronizado.<\/p>\n<table>\n<tbody>\n<tr>\n<td><\/td>\n<td><iframe loading=\"lazy\" src=\"https:\/\/scratch.mit.edu\/projects\/513843223\/embed\" width=\"485\" height=\"402\" frameborder=\"0\"><\/iframe><\/td>\n<td>\n<p><figure class=\"figure wp-caption aligncenter\"><a href=\"https:\/\/agora.xtec.cat\/zermoianesllevant\/wp-content\/uploads\/usu130\/2021\/04\/Personaje-sincronizar.jpg\"><img loading=\"lazy\" decoding=\"async\" class=\" wp-image-8221\" src=\"https:\/\/agora.xtec.cat\/zermoianesllevant\/wp-content\/uploads\/usu130\/2021\/04\/Personaje-sincronizar.jpg\" alt=\"Personaje sincronizar\" width=\"231\" height=\"435\" srcset=\"https:\/\/agora.xtec.cat\/zermoianesllevant\/wp-content\/uploads\/usu130\/2021\/04\/Personaje-sincronizar.jpg 406w, https:\/\/agora.xtec.cat\/zermoianesllevant\/wp-content\/uploads\/usu130\/2021\/04\/Personaje-sincronizar-160x300.jpg 160w\" sizes=\"auto, (max-width: 231px) 100vw, 231px\" \/><\/a><figcaption class=\"wp-caption-text\">Personaje sincronizar<\/figcaption><\/figure><\/td>\n<\/tr>\n<tr>\n<td>\n<p><figure class=\"figure wp-caption aligncenter\"><a href=\"https:\/\/agora.xtec.cat\/zermoianesllevant\/wp-content\/uploads\/usu130\/2021\/04\/Personaje-aguja-segundera.jpg\"><img loading=\"lazy\" decoding=\"async\" class=\" wp-image-8222\" src=\"https:\/\/agora.xtec.cat\/zermoianesllevant\/wp-content\/uploads\/usu130\/2021\/04\/Personaje-aguja-segundera.jpg\" alt=\"Personaje aguja segundera\" width=\"211\" height=\"452\" srcset=\"https:\/\/agora.xtec.cat\/zermoianesllevant\/wp-content\/uploads\/usu130\/2021\/04\/Personaje-aguja-segundera.jpg 390w, https:\/\/agora.xtec.cat\/zermoianesllevant\/wp-content\/uploads\/usu130\/2021\/04\/Personaje-aguja-segundera-140x300.jpg 140w\" sizes=\"auto, (max-width: 211px) 100vw, 211px\" \/><\/a><figcaption class=\"wp-caption-text\">Personaje aguja segundera<\/figcaption><\/figure><\/td>\n<td>\n<p><figure class=\"figure wp-caption aligncenter\"><a href=\"https:\/\/agora.xtec.cat\/zermoianesllevant\/wp-content\/uploads\/usu130\/2021\/04\/Personaje-aguja-minutera.jpg\"><img loading=\"lazy\" decoding=\"async\" class=\" wp-image-8223\" src=\"https:\/\/agora.xtec.cat\/zermoianesllevant\/wp-content\/uploads\/usu130\/2021\/04\/Personaje-aguja-minutera.jpg\" alt=\"Personaje aguja minutera\" width=\"233\" height=\"452\" \/><\/a><figcaption class=\"wp-caption-text\">Personaje aguja minutero<\/figcaption><\/figure><\/td>\n<td>\n<p><figure class=\"figure wp-caption aligncenter\"><a href=\"https:\/\/agora.xtec.cat\/zermoianesllevant\/wp-content\/uploads\/usu130\/2021\/04\/Personaje-aguja-horaria.jpg\"><img loading=\"lazy\" decoding=\"async\" class=\" wp-image-8224\" src=\"https:\/\/agora.xtec.cat\/zermoianesllevant\/wp-content\/uploads\/usu130\/2021\/04\/Personaje-aguja-horaria.jpg\" alt=\"Personaje aguja horaria\" width=\"327\" height=\"452\" \/><\/a><figcaption class=\"wp-caption-text\">Personaje aguja horaria<\/figcaption><\/figure><\/td>\n<\/tr>\n<\/tbody>\n<\/table>\n<p>&nbsp;<\/p>\n<p><a href=\"https:\/\/agora.xtec.cat\/zermoianesllevant\/wp-content\/uploads\/usu130\/2021\/04\/Reloj-anal\u00f3gico-sincronizado-manualmente.pdf\">Reloj anal\u00f3gico sincronizado manualmente<\/a><\/p>\n","protected":false},"excerpt":{"rendered":"<p>En esta sesi\u00f3n solo se estudia como se sincroniza el reloj anal\u00f3gico con la hora real. Todos los fundamentos b\u00e1sicos de este entorno del conocimiento ya han sido estudiados en la p\u00edldora formativa del reloj anal\u00f3gico no sincronizado.<\/p>\n<p><a href=\"https:\/\/agora.xtec.cat\/zermoianesllevant\/wp-content\/uploads\/usu130\/2021\/04\/Personaje-sincronizar.jpg\"><\/a>Personaje sincronizar<\/p>\n<p><a href=\"https:\/\/agora.xtec.cat\/zermoianesllevant\/wp-content\/uploads\/usu130\/2021\/04\/Personaje-aguja-segundera.jpg\"><\/a>Personaje aguja segundera<\/p>\n<p><a href=\"https:\/\/agora.xtec.cat\/zermoianesllevant\/wp-content\/uploads\/usu130\/2021\/04\/Personaje-aguja-minutera.jpg\"><\/a>Personaje aguja&hellip;  <a href=\"https:\/\/agora.xtec.cat\/zermoianesllevant\/steam\/scratch-3-0\/reloj-analogico-con-sincronizacion-manual\/\" title=\"Read Reloj anal\u00f3gico sincronizado manualmente\">Llegeix m\u00e9s\u00bb<\/a><\/p>\n","protected":false},"author":1,"featured_media":0,"parent":7878,"menu_order":45,"comment_status":"closed","ping_status":"closed","template":"page-templates\/side-menu.php","meta":{"_bbp_topic_count":0,"_bbp_reply_count":0,"_bbp_total_topic_count":0,"_bbp_total_reply_count":0,"_bbp_voice_count":0,"_bbp_anonymous_reply_count":0,"_bbp_topic_count_hidden":0,"_bbp_reply_count_hidden":0,"_bbp_forum_subforum_count":0,"footnotes":""},"class_list":["post-8192","page","type-page","status-publish","hentry"],"post_mailing_queue_ids":[],"_links":{"self":[{"href":"https:\/\/agora.xtec.cat\/zermoianesllevant\/wp-json\/wp\/v2\/pages\/8192","targetHints":{"allow":["GET"]}}],"collection":[{"href":"https:\/\/agora.xtec.cat\/zermoianesllevant\/wp-json\/wp\/v2\/pages"}],"about":[{"href":"https:\/\/agora.xtec.cat\/zermoianesllevant\/wp-json\/wp\/v2\/types\/page"}],"author":[{"embeddable":true,"href":"https:\/\/agora.xtec.cat\/zermoianesllevant\/wp-json\/wp\/v2\/users\/1"}],"replies":[{"embeddable":true,"href":"https:\/\/agora.xtec.cat\/zermoianesllevant\/wp-json\/wp\/v2\/comments?post=8192"}],"version-history":[{"count":4,"href":"https:\/\/agora.xtec.cat\/zermoianesllevant\/wp-json\/wp\/v2\/pages\/8192\/revisions"}],"predecessor-version":[{"id":8228,"href":"https:\/\/agora.xtec.cat\/zermoianesllevant\/wp-json\/wp\/v2\/pages\/8192\/revisions\/8228"}],"up":[{"embeddable":true,"href":"https:\/\/agora.xtec.cat\/zermoianesllevant\/wp-json\/wp\/v2\/pages\/7878"}],"wp:attachment":[{"href":"https:\/\/agora.xtec.cat\/zermoianesllevant\/wp-json\/wp\/v2\/media?parent=8192"}],"curies":[{"name":"wp","href":"https:\/\/api.w.org\/{rel}","templated":true}]}}