{"id":8134,"date":"2021-03-29T17:05:58","date_gmt":"2021-03-29T15:05:58","guid":{"rendered":"https:\/\/agora.xtec.cat\/zermoianesllevant\/?page_id=8134"},"modified":"2021-04-26T10:50:45","modified_gmt":"2021-04-26T08:50:45","slug":"frere-jacques","status":"publish","type":"page","link":"https:\/\/agora.xtec.cat\/zermoianesllevant\/steam\/scratch-3-0\/frere-jacques\/","title":{"rendered":"Fr\u00e8re Jacques"},"content":{"rendered":"<p>Con esta composici\u00f3n, se inicia (7\/4\/2021) en la ZER Moian\u00e8s Llevant la reproducci\u00f3n de m\u00fasica con la ayuda de SCRATCH 3.0. Al pulsar la bandera verde se podr\u00e1 escuchar la melod\u00eda.<\/p>\n<p>La integraci\u00f3n del presente pentagrama en SCRATCH 3-0 se resuelve con el siguiente conjunto de bloques de c\u00f3digo:<\/p>\n<table style=\"width: 922px;\">\n<tbody>\n<tr>\n<td style=\"width: 380.667px;\">\n<p><figure class=\"figure wp-caption alignnone\"><a href=\"https:\/\/agora.xtec.cat\/zermoianesllevant\/wp-content\/uploads\/usu130\/2021\/04\/FrereJacques_v2.jpg\"><img loading=\"lazy\" decoding=\"async\" class=\"size-large wp-image-8165\" src=\"https:\/\/agora.xtec.cat\/zermoianesllevant\/wp-content\/uploads\/usu130\/2021\/04\/FrereJacques_v2-318x1024.jpg\" alt=\"Frere Jacques\" width=\"318\" height=\"1024\" srcset=\"https:\/\/agora.xtec.cat\/zermoianesllevant\/wp-content\/uploads\/usu130\/2021\/04\/FrereJacques_v2-318x1024.jpg 318w, https:\/\/agora.xtec.cat\/zermoianesllevant\/wp-content\/uploads\/usu130\/2021\/04\/FrereJacques_v2-93x300.jpg 93w, https:\/\/agora.xtec.cat\/zermoianesllevant\/wp-content\/uploads\/usu130\/2021\/04\/FrereJacques_v2.jpg 493w\" sizes=\"auto, (max-width: 318px) 100vw, 318px\" \/><\/a><figcaption class=\"wp-caption-text\">Frere Jacques<\/figcaption><\/figure><\/td>\n<td style=\"width: 534px;\">\n<table>\n<tbody>\n<tr>\n<td><iframe loading=\"lazy\" src=\"https:\/\/scratch.mit.edu\/projects\/512366905\/embed\" width=\"485\" height=\"402\" frameborder=\"0\"><\/iframe><\/p>\n<p style=\"text-align: center;\">Clicar la bandera verde para escuchar la melod\u00eda<\/p>\n<p>&nbsp;<\/p>\n<p>&nbsp;<\/td>\n<\/tr>\n<tr>\n<td><a href=\"https:\/\/agora.xtec.cat\/zermoianesllevant\/wp-content\/uploads\/usu130\/2021\/04\/FrereJacquesAcompa\u00f1amiento.jpg\"><img loading=\"lazy\" decoding=\"async\" class=\"wp-image-8152 aligncenter\" src=\"https:\/\/agora.xtec.cat\/zermoianesllevant\/wp-content\/uploads\/usu130\/2021\/04\/FrereJacquesAcompa\u00f1amiento.jpg\" alt=\"\" width=\"427\" height=\"489\" srcset=\"https:\/\/agora.xtec.cat\/zermoianesllevant\/wp-content\/uploads\/usu130\/2021\/04\/FrereJacquesAcompa\u00f1amiento.jpg 518w, https:\/\/agora.xtec.cat\/zermoianesllevant\/wp-content\/uploads\/usu130\/2021\/04\/FrereJacquesAcompa\u00f1amiento-262x300.jpg 262w\" sizes=\"auto, (max-width: 427px) 100vw, 427px\" \/><\/a><\/td>\n<\/tr>\n<\/tbody>\n<\/table>\n<\/td>\n<\/tr>\n<\/tbody>\n<\/table>\n<p><strong>Documentaci\u00f3n complementaria para el profesorado y familiares<\/strong><\/p>\n<p>En los siguientes documentos se puede encontrar suficiente informaci\u00f3n para iniciarse en el mundo de la m\u00fasica en SCRATCH 3.0 y dotarse de ayudas para resolver de una manera confortable este ejercicio:<\/p>\n<p><a href=\"https:\/\/agora.xtec.cat\/zermoianesllevant\/wp-content\/uploads\/usu130\/2021\/04\/PRESENTACI\u00d3-DEL-M\u00d2DUL-MUSICAL-DE-SCRATCH.pdf\">PRESENTACI\u00d3 DEL M\u00d2DUL MUSICAL DE SCRATCH<\/a><br \/>\n<a href=\"https:\/\/agora.xtec.cat\/zermoianesllevant\/wp-content\/uploads\/usu130\/2021\/04\/NOTES-MUSICALS-PER-SCRATCH.pdf\">NOTES MUSICALS PER SCRATCH<\/a><\/p>\n<p>As\u00ed como, adquirir confianza para resolver futuros retos musicales que se planteen a los alumnos<\/p>\n<p><strong>Nota:<\/strong><\/p>\n<p>Con estos trabajos la ZER Moian\u00e8s LLevant quiere contribuir a reducir la brecha generacional, divulgando estos conocimientos entre los miembros de las AMPAS deseen recibirlos.<\/p>\n<p>&nbsp;<\/p>\n","protected":false},"excerpt":{"rendered":"<p>Con esta composici\u00f3n, se inicia (7\/4\/2021) en la ZER Moian\u00e8s Llevant la reproducci\u00f3n de m\u00fasica con la ayuda de SCRATCH 3.0. Al pulsar la bandera verde se podr\u00e1 escuchar la melod\u00eda.<br \/>\nLa integraci\u00f3n del presente pentagrama en SCRATCH 3-0 se resuelve con el siguiente conjunto de&hellip;  <a href=\"https:\/\/agora.xtec.cat\/zermoianesllevant\/steam\/scratch-3-0\/frere-jacques\/\" title=\"Read Fr\u00e8re Jacques\">Llegeix m\u00e9s\u00bb<\/a><\/p>\n","protected":false},"author":1,"featured_media":0,"parent":7878,"menu_order":200,"comment_status":"closed","ping_status":"closed","template":"page-templates\/side-menu.php","meta":{"_bbp_topic_count":0,"_bbp_reply_count":0,"_bbp_total_topic_count":0,"_bbp_total_reply_count":0,"_bbp_voice_count":0,"_bbp_anonymous_reply_count":0,"_bbp_topic_count_hidden":0,"_bbp_reply_count_hidden":0,"_bbp_forum_subforum_count":0,"footnotes":""},"class_list":["post-8134","page","type-page","status-publish","hentry"],"post_mailing_queue_ids":[],"_links":{"self":[{"href":"https:\/\/agora.xtec.cat\/zermoianesllevant\/wp-json\/wp\/v2\/pages\/8134","targetHints":{"allow":["GET"]}}],"collection":[{"href":"https:\/\/agora.xtec.cat\/zermoianesllevant\/wp-json\/wp\/v2\/pages"}],"about":[{"href":"https:\/\/agora.xtec.cat\/zermoianesllevant\/wp-json\/wp\/v2\/types\/page"}],"author":[{"embeddable":true,"href":"https:\/\/agora.xtec.cat\/zermoianesllevant\/wp-json\/wp\/v2\/users\/1"}],"replies":[{"embeddable":true,"href":"https:\/\/agora.xtec.cat\/zermoianesllevant\/wp-json\/wp\/v2\/comments?post=8134"}],"version-history":[{"count":4,"href":"https:\/\/agora.xtec.cat\/zermoianesllevant\/wp-json\/wp\/v2\/pages\/8134\/revisions"}],"predecessor-version":[{"id":8236,"href":"https:\/\/agora.xtec.cat\/zermoianesllevant\/wp-json\/wp\/v2\/pages\/8134\/revisions\/8236"}],"up":[{"embeddable":true,"href":"https:\/\/agora.xtec.cat\/zermoianesllevant\/wp-json\/wp\/v2\/pages\/7878"}],"wp:attachment":[{"href":"https:\/\/agora.xtec.cat\/zermoianesllevant\/wp-json\/wp\/v2\/media?parent=8134"}],"curies":[{"name":"wp","href":"https:\/\/api.w.org\/{rel}","templated":true}]}}