{"id":8128,"date":"2021-03-26T23:21:07","date_gmt":"2021-03-26T22:21:07","guid":{"rendered":"https:\/\/agora.xtec.cat\/zermoianesllevant\/?page_id=8128"},"modified":"2021-04-11T22:16:59","modified_gmt":"2021-04-11T20:16:59","slug":"matematicas-en-la-disco","status":"publish","type":"page","link":"https:\/\/agora.xtec.cat\/zermoianesllevant\/steam\/scratch-3-0\/matematicas-en-la-disco\/","title":{"rendered":"Tabla de multiplicar del 1 al 9"},"content":{"rendered":"<p>Esta animaci\u00f3n consiste en responder a las preguntas que realiza el personaje que est\u00e1 en la disco. Cada clase al construir la animaci\u00f3n, mejor dicho cada grupo de trabajo, seleccionan los personajes que m\u00e1s les apetece<\/p>\n<p><iframe loading=\"lazy\" src=\"https:\/\/scratch.mit.edu\/projects\/514055842\/embed\" width=\"485\" height=\"402\" frameborder=\"0\"><\/iframe><\/p>\n<p>El desarrollo de la animaci\u00f3n consiste en responder a multiplicaciones donde el multiplicando y multiplicador son de una sola cifra.<\/p>\n<p>La gu\u00eda del profesor para construir este juego podr\u00eda ser la siguiente:<\/p>\n<p><a href=\"https:\/\/agora.xtec.cat\/zermoianesllevant\/wp-content\/uploads\/usu130\/2021\/04\/40-Tablas-de-multiplicar-del-1-al-9.pdf\">40 &#8211; Tablas de multiplicar del 1 al 9<\/a><\/p>\n<p>&nbsp;<\/p>\n<p>&nbsp;<\/p>\n","protected":false},"excerpt":{"rendered":"<p>Esta animaci\u00f3n consiste en responder a las preguntas que realiza el personaje que est\u00e1 en la disco. Cada clase al construir la animaci\u00f3n, mejor dicho cada grupo de trabajo, seleccionan los personajes que m\u00e1s les apetece<\/p>\n<p>El desarrollo de la animaci\u00f3n consiste en responder a multiplicaciones&hellip;  <a href=\"https:\/\/agora.xtec.cat\/zermoianesllevant\/steam\/scratch-3-0\/matematicas-en-la-disco\/\" title=\"Read Tabla de multiplicar del 1 al 9\">Llegeix m\u00e9s\u00bb<\/a><\/p>\n","protected":false},"author":1,"featured_media":0,"parent":7878,"menu_order":15,"comment_status":"closed","ping_status":"closed","template":"page-templates\/side-menu.php","meta":{"_bbp_topic_count":0,"_bbp_reply_count":0,"_bbp_total_topic_count":0,"_bbp_total_reply_count":0,"_bbp_voice_count":0,"_bbp_anonymous_reply_count":0,"_bbp_topic_count_hidden":0,"_bbp_reply_count_hidden":0,"_bbp_forum_subforum_count":0,"footnotes":""},"class_list":["post-8128","page","type-page","status-publish","hentry"],"post_mailing_queue_ids":[],"_links":{"self":[{"href":"https:\/\/agora.xtec.cat\/zermoianesllevant\/wp-json\/wp\/v2\/pages\/8128","targetHints":{"allow":["GET"]}}],"collection":[{"href":"https:\/\/agora.xtec.cat\/zermoianesllevant\/wp-json\/wp\/v2\/pages"}],"about":[{"href":"https:\/\/agora.xtec.cat\/zermoianesllevant\/wp-json\/wp\/v2\/types\/page"}],"author":[{"embeddable":true,"href":"https:\/\/agora.xtec.cat\/zermoianesllevant\/wp-json\/wp\/v2\/users\/1"}],"replies":[{"embeddable":true,"href":"https:\/\/agora.xtec.cat\/zermoianesllevant\/wp-json\/wp\/v2\/comments?post=8128"}],"version-history":[{"count":3,"href":"https:\/\/agora.xtec.cat\/zermoianesllevant\/wp-json\/wp\/v2\/pages\/8128\/revisions"}],"predecessor-version":[{"id":8205,"href":"https:\/\/agora.xtec.cat\/zermoianesllevant\/wp-json\/wp\/v2\/pages\/8128\/revisions\/8205"}],"up":[{"embeddable":true,"href":"https:\/\/agora.xtec.cat\/zermoianesllevant\/wp-json\/wp\/v2\/pages\/7878"}],"wp:attachment":[{"href":"https:\/\/agora.xtec.cat\/zermoianesllevant\/wp-json\/wp\/v2\/media?parent=8128"}],"curies":[{"name":"wp","href":"https:\/\/api.w.org\/{rel}","templated":true}]}}