{"id":8116,"date":"2021-02-25T19:30:36","date_gmt":"2021-02-25T18:30:36","guid":{"rendered":"https:\/\/agora.xtec.cat\/zermoianesllevant\/?page_id=8116"},"modified":"2024-06-04T09:14:34","modified_gmt":"2024-06-04T07:14:34","slug":"sumar-hasta-diez","status":"publish","type":"page","link":"https:\/\/agora.xtec.cat\/zermoianesllevant\/steam\/scratch-3-0\/sumar-hasta-diez\/","title":{"rendered":"Sumar hasta diez"},"content":{"rendered":"<p>Este juego se ha realizado durante una cuarentena de los alumnos del grado superior de primaria, en concreto por alumnos de cuarto curso. Han participado las tres escuelas<\/p>\n<p><iframe loading=\"lazy\" src=\"https:\/\/scratch.mit.edu\/projects\/491003791\/embed\" width=\"485\" height=\"402\" frameborder=\"0\"><\/iframe><\/p>\n<p>Consiste en ir cazando n\u00fameros con el cangrejo, que se mueve con el rat\u00f3n, hasta sumar 10. Una vez conseguido el valor 10 el jugador gana un punto y as\u00ed sucesivamente. Si se pasa del valor 10 el juego se detiene y el jugador ha perdido esa serie y se podr\u00e1 visionar el numero de puntos alcanzados<\/p>\n<p><iframe loading=\"lazy\" src=\"https:\/\/scratch.mit.edu\/projects\/442245780\/embed\" allowtransparency=\"true\" width=\"485\" height=\"402\" frameborder=\"0\" scrolling=\"no\" allowfullscreen><\/iframe><\/p>\n","protected":false},"excerpt":{"rendered":"<p>Este juego se ha realizado durante una cuarentena de los alumnos del grado superior de primaria, en concreto por alumnos de cuarto curso. Han participado las tres escuelas<\/p>\n<p>Consiste en ir cazando n\u00fameros con el cangrejo, que se mueve con el rat\u00f3n, hasta sumar 10. Una&hellip;  <a href=\"https:\/\/agora.xtec.cat\/zermoianesllevant\/steam\/scratch-3-0\/sumar-hasta-diez\/\" title=\"Read Sumar hasta diez\">Llegeix m\u00e9s\u00bb<\/a><\/p>\n","protected":false},"author":1,"featured_media":0,"parent":7878,"menu_order":10,"comment_status":"closed","ping_status":"closed","template":"page-templates\/side-menu.php","meta":{"_bbp_topic_count":0,"_bbp_reply_count":0,"_bbp_total_topic_count":0,"_bbp_total_reply_count":0,"_bbp_voice_count":0,"_bbp_anonymous_reply_count":0,"_bbp_topic_count_hidden":0,"_bbp_reply_count_hidden":0,"_bbp_forum_subforum_count":0,"footnotes":""},"class_list":["post-8116","page","type-page","status-publish","hentry"],"post_mailing_queue_ids":[],"_links":{"self":[{"href":"https:\/\/agora.xtec.cat\/zermoianesllevant\/wp-json\/wp\/v2\/pages\/8116","targetHints":{"allow":["GET"]}}],"collection":[{"href":"https:\/\/agora.xtec.cat\/zermoianesllevant\/wp-json\/wp\/v2\/pages"}],"about":[{"href":"https:\/\/agora.xtec.cat\/zermoianesllevant\/wp-json\/wp\/v2\/types\/page"}],"author":[{"embeddable":true,"href":"https:\/\/agora.xtec.cat\/zermoianesllevant\/wp-json\/wp\/v2\/users\/1"}],"replies":[{"embeddable":true,"href":"https:\/\/agora.xtec.cat\/zermoianesllevant\/wp-json\/wp\/v2\/comments?post=8116"}],"version-history":[{"count":4,"href":"https:\/\/agora.xtec.cat\/zermoianesllevant\/wp-json\/wp\/v2\/pages\/8116\/revisions"}],"predecessor-version":[{"id":10199,"href":"https:\/\/agora.xtec.cat\/zermoianesllevant\/wp-json\/wp\/v2\/pages\/8116\/revisions\/10199"}],"up":[{"embeddable":true,"href":"https:\/\/agora.xtec.cat\/zermoianesllevant\/wp-json\/wp\/v2\/pages\/7878"}],"wp:attachment":[{"href":"https:\/\/agora.xtec.cat\/zermoianesllevant\/wp-json\/wp\/v2\/media?parent=8116"}],"curies":[{"name":"wp","href":"https:\/\/api.w.org\/{rel}","templated":true}]}}