{"id":7965,"date":"2020-10-03T00:05:03","date_gmt":"2020-10-02T22:05:03","guid":{"rendered":"https:\/\/agora.xtec.cat\/zermoianesllevant\/?page_id=7965"},"modified":"2020-10-07T14:35:45","modified_gmt":"2020-10-07T12:35:45","slug":"4-base-motriz-tribot","status":"publish","type":"page","link":"https:\/\/agora.xtec.cat\/zermoianesllevant\/steam\/lego-mindstorm-ev3\/4-base-motriz-tribot\/","title":{"rendered":"4. Base motriz &#8211;> Tribot"},"content":{"rendered":"<p>&nbsp;<\/p>\n<p>Gu\u00eda de soporte:<br \/>\n<a style=\"font-family: inherit; font-size: 1em;\" href=\"https:\/\/agora.xtec.cat\/zermoianesllevant\/wp-content\/uploads\/usu130\/2020\/10\/4-Introducci\u00f3n-a-la-base-motriz-Bloq-Direcci\u00f3n-y-Bloq-Tanque.pdf\" target=\"_blank\" rel=\"noopener noreferrer\">4 Introducci\u00f3n a la base motriz &#8211; Bloque direcci\u00f3n y Bloque tanque<\/a><\/p>\n<p>-.-.-.-.-.-.-.-.-.-.-.-.-.-.-.-.-.-.-.-.-.-.-.-.-.-.-.-.-.-.-.-.-.-.-.-.-.-.-.-.-.-.-.-.-.-.-.-.-.-.-.-.-.-<\/p>\n<p>Las instrucciones para construir el veh\u00edculo educativo o tribot, se encuentran en el laboratorio EV3, no obstante a continuaci\u00f3n en la gu\u00eda de montaje:<\/p>\n<p><a href=\"https:\/\/agora.xtec.cat\/zermoianesllevant\/wp-content\/uploads\/usu130\/2020\/10\/Veh\u00edculoEducativo-gu\u00eda-completa-de-montaje.pdf\" target=\"_blank\" rel=\"noopener noreferrer\">Veh\u00edculo educativo gu\u00eda completa de montaje<\/a><\/p>\n<p>Se detalla como construir el tribot b\u00e1sico, que es lo que se necesita en esta p\u00edldora formativa y sucesivas. Adem\u00e1s en la misma gu\u00eda hay unos anexos que describen como se ensamblan los diferentes componentes que dan forma a un veh\u00edculo educativo completo.<\/p>\n<p>Si el equipo de trabajo est\u00e1 formado por tres alumnos, uno de ellos tendr\u00e1 el rol de dirigir la construcci\u00f3n, otro alumno ir\u00e1 localizando las piezas y un tercero las ensamblar\u00e1<\/p>\n","protected":false},"excerpt":{"rendered":"<p>&nbsp;<br \/>\nGu\u00eda de soporte:<br \/>\n<a style=\"font-family: inherit; font-size: 1em;\" href=\"https:\/\/agora.xtec.cat\/zermoianesllevant\/wp-content\/uploads\/usu130\/2020\/10\/4-Introducci\u00f3n-a-la-base-motriz-Bloq-Direcci\u00f3n-y-Bloq-Tanque.pdf\" target=\"_blank\" rel=\"noopener noreferrer\">4 Introducci\u00f3n a la base motriz &#8211; Bloque direcci\u00f3n y Bloque tanque<\/a><br \/>\n-.-.-.-.-.-.-.-.-.-.-.-.-.-.-.-.-.-.-.-.-.-.-.-.-.-.-.-.-.-.-.-.-.-.-.-.-.-.-.-.-.-.-.-.-.-.-.-.-.-.-.-.-.-<br \/>\nLas instrucciones para construir el veh\u00edculo educativo o tribot, se encuentran en el laboratorio EV3, no obstante a continuaci\u00f3n en la gu\u00eda de montaje:<br \/>\n<a&hellip;  <a href=\"https:\/\/agora.xtec.cat\/zermoianesllevant\/steam\/lego-mindstorm-ev3\/4-base-motriz-tribot\/\" title=\"Read 4. Base motriz &#8211;> Tribot&#8221;>Llegeix m\u00e9s\u00bb<\/a><\/p>\n","protected":false},"author":1,"featured_media":0,"parent":7873,"menu_order":40,"comment_status":"closed","ping_status":"closed","template":"page-templates\/side-menu.php","meta":{"_bbp_topic_count":0,"_bbp_reply_count":0,"_bbp_total_topic_count":0,"_bbp_total_reply_count":0,"_bbp_voice_count":0,"_bbp_anonymous_reply_count":0,"_bbp_topic_count_hidden":0,"_bbp_reply_count_hidden":0,"_bbp_forum_subforum_count":0,"footnotes":""},"class_list":["post-7965","page","type-page","status-publish","hentry"],"post_mailing_queue_ids":[],"_links":{"self":[{"href":"https:\/\/agora.xtec.cat\/zermoianesllevant\/wp-json\/wp\/v2\/pages\/7965","targetHints":{"allow":["GET"]}}],"collection":[{"href":"https:\/\/agora.xtec.cat\/zermoianesllevant\/wp-json\/wp\/v2\/pages"}],"about":[{"href":"https:\/\/agora.xtec.cat\/zermoianesllevant\/wp-json\/wp\/v2\/types\/page"}],"author":[{"embeddable":true,"href":"https:\/\/agora.xtec.cat\/zermoianesllevant\/wp-json\/wp\/v2\/users\/1"}],"replies":[{"embeddable":true,"href":"https:\/\/agora.xtec.cat\/zermoianesllevant\/wp-json\/wp\/v2\/comments?post=7965"}],"version-history":[{"count":3,"href":"https:\/\/agora.xtec.cat\/zermoianesllevant\/wp-json\/wp\/v2\/pages\/7965\/revisions"}],"predecessor-version":[{"id":8031,"href":"https:\/\/agora.xtec.cat\/zermoianesllevant\/wp-json\/wp\/v2\/pages\/7965\/revisions\/8031"}],"up":[{"embeddable":true,"href":"https:\/\/agora.xtec.cat\/zermoianesllevant\/wp-json\/wp\/v2\/pages\/7873"}],"wp:attachment":[{"href":"https:\/\/agora.xtec.cat\/zermoianesllevant\/wp-json\/wp\/v2\/media?parent=7965"}],"curies":[{"name":"wp","href":"https:\/\/api.w.org\/{rel}","templated":true}]}}