{"id":7920,"date":"2020-09-30T14:42:21","date_gmt":"2020-09-30T12:42:21","guid":{"rendered":"https:\/\/agora.xtec.cat\/zermoianesllevant\/?page_id=7920"},"modified":"2020-10-07T11:36:28","modified_gmt":"2020-10-07T09:36:28","slug":"2-introduccion-al-laboratorio-ev3-hola-mundo","status":"publish","type":"page","link":"https:\/\/agora.xtec.cat\/zermoianesllevant\/steam\/lego-mindstorm-ev3\/2-introduccion-al-laboratorio-ev3-hola-mundo\/","title":{"rendered":"2. Hola mundo!! Introducci\u00f3n al Lab EV3"},"content":{"rendered":"<p>&nbsp;<\/p>\n<table>\n<tbody>\n<tr>\n<td colspan=\"7\"><b>P\u00edldora Formativa 2<\/b><span style=\"font-weight: 400;\">:<\/span><\/td>\n<\/tr>\n<tr>\n<td colspan=\"3\"><span style=\"font-weight: 400;\">Edat dels infants:\u00a0<\/span><\/td>\n<td colspan=\"4\"><span style=\"font-weight: 400;\">Durada:<\/span><\/td>\n<\/tr>\n<tr>\n<td colspan=\"3\" rowspan=\"2\"><span style=\"font-weight: 400;\">9-12 anys<\/span><\/td>\n<td colspan=\"2\"><span style=\"font-weight: 400;\">Sessi\u00f3 1<\/span><\/td>\n<td colspan=\"2\"><span style=\"font-weight: 400;\">1h 30 minuts<\/span><\/td>\n<\/tr>\n<tr>\n<td colspan=\"2\"><span style=\"font-weight: 400;\">Sessi\u00f3 2<\/span><\/td>\n<td colspan=\"2\"><\/td>\n<\/tr>\n<tr>\n<td colspan=\"7\"><b>Metodologia de treball:<\/b><\/td>\n<\/tr>\n<tr>\n<td colspan=\"7\"><span style=\"font-weight: 400;\">Ens trobem en una aula multinivell, amb nens i nenes de 9 a 12 anys. Alguns ja havien realitzat STEAM-CS el curs anterior.La metodologia de treball se sol basar en una primera <\/span><b>part <\/b><span style=\"font-weight: 400;\">de la sessi\u00f3 <\/span><b>conjunta<\/b><span style=\"font-weight: 400;\"> en forma de <\/span><b>debat participatiu<\/b><span style=\"font-weight: 400;\">, on es refresca el que s\u2019ha fet en sessions anteriors i permet consolidar els aprenentatges i veure si cal aprofundir m\u00e9s en determinats aspectes que no han quedat prou clars. I una segona part en <\/span><b>grups redu\u00efts<\/b><span style=\"font-weight: 400;\">, on els infants <\/span><b>treball<\/b><span style=\"font-weight: 400;\">en <\/span><b>aut\u00f2nom<\/b><span style=\"font-weight: 400;\">ament per assolir el repte proposat.\u00a0<\/span><\/td>\n<\/tr>\n<tr>\n<td colspan=\"7\"><b>Continguts treballats:<\/b><\/td>\n<\/tr>\n<tr>\n<td colspan=\"7\"><b>\u00c0mbit de Lleng\u00fces<\/b><\/td>\n<\/tr>\n<tr>\n<td><span style=\"font-weight: 400;\">CAMEL SCRIPT<\/span><\/td>\n<td colspan=\"6\"><span style=\"font-weight: 400;\">HelloWorld<\/span><\/td>\n<\/tr>\n<tr>\n<td><span style=\"font-weight: 400;\">LLENG\u00dcES<\/span><\/td>\n<td colspan=\"6\"><span style=\"font-weight: 400;\">Integraci\u00f3 de les tres lleng\u00fces.\u00a0 (catal\u00e0, castell\u00e0 i angl\u00e8s)<\/span><\/td>\n<\/tr>\n<tr>\n<td colspan=\"7\"><b>\u00c0mbit de Coneixement del Medi<\/b><\/td>\n<\/tr>\n<tr>\n<td><\/td>\n<td colspan=\"6\"><\/td>\n<\/tr>\n<tr>\n<td><\/td>\n<td colspan=\"6\"><\/td>\n<\/tr>\n<tr>\n<td><\/td>\n<td colspan=\"6\"><\/td>\n<\/tr>\n<tr>\n<td colspan=\"7\"><b>\u00c0mbit Matem\u00e0tic<\/b><\/td>\n<\/tr>\n<tr>\n<td><span style=\"font-weight: 400;\">EIXOS DE COORDENADES<\/span><\/td>\n<td colspan=\"6\"><span style=\"font-weight: 400;\">Treball dels conceptes <\/span><i><span style=\"font-weight: 400;\">x <\/span><\/i><span style=\"font-weight: 400;\">i <\/span><i><span style=\"font-weight: 400;\">y<\/span><\/i><span style=\"font-weight: 400;\"> , rectes perpendiculars entre si i paral\u00b7leles al pla. Ex: \u201cEnfonsar la flota\u201d i \u201cParal\u00b7lels i meridians\u201d.<\/span><\/td>\n<\/tr>\n<tr>\n<td colspan=\"7\"><b>\u00c0mbit Digital<\/b><\/td>\n<\/tr>\n<tr>\n<td><span style=\"font-weight: 400;\">VOCABULARI CONCRET\u00a0<\/span><\/td>\n<td colspan=\"6\"><span style=\"font-weight: 400;\">Bloc o Ladrillo (EV3) , els diversos motors i sensors.<\/span><\/td>\n<\/tr>\n<tr>\n<td><span style=\"font-weight: 400;\">CONCEPTES CLAU: qu\u00e8 \u00e9s i per qu\u00e8 ens serveixen<\/span><\/td>\n<td colspan=\"6\"><span style=\"font-weight: 400;\">Companyia d\u2019internet: Orange, Movistar, Goufone\u2026<\/span><\/p>\n<p><span style=\"font-weight: 400;\">Marca de dispositius electr\u00f2nics: Samsung, Huawei, Apple, Nokia\u2026<\/span><\/p>\n<p><span style=\"font-weight: 400;\">Sistemes Operatius: Windows, Android, IOS, Linux\u2026<\/span><\/p>\n<p><span style=\"font-weight: 400;\">Aplicacions o Apps: Word, Instagram, LEGO EV3, Netflix, Tik Tok&#8230;<\/span><\/td>\n<\/tr>\n<tr>\n<td><span style=\"font-weight: 400;\">LLENGUATGE DIGITAL<\/span><\/td>\n<td colspan=\"6\"><span style=\"font-weight: 400;\">Tradici\u00f3 d\u2019iniciar-se amb la programaci\u00f3\u00a0 \u201cHello World\u201d<\/span><\/td>\n<\/tr>\n<tr>\n<td colspan=\"7\"><b>\u00c0mbit d\u2019aprendre a aprendre<\/b><\/td>\n<\/tr>\n<tr>\n<td colspan=\"7\"><span style=\"font-weight: 400;\">Amb STEAM es pret\u00e9n treballar de manera global integrant de manera transversal els diversos \u00e0mbits del curr\u00edculum, consolidant la capacitat dels nostres nens i nenes d\u2019adaptar-se a les noves situacions i nous contextos.\u00a0<\/span><\/td>\n<\/tr>\n<tr>\n<td colspan=\"7\"><b>\u00c0mbit d\u2019autonomia i iniciativa personal<\/b><\/td>\n<\/tr>\n<tr>\n<td colspan=\"7\"><span style=\"font-weight: 400;\">Tenir emprenedoria i saber treballar amb equip, aprendre a tenir cura i respecte pels companys i el material.<\/span><\/td>\n<\/tr>\n<\/tbody>\n<\/table>\n<p>Gu\u00eda de soporte:<br \/>\n<a style=\"font-family: inherit; font-size: 1em;\" href=\"https:\/\/agora.xtec.cat\/zermoianesllevant\/wp-content\/uploads\/usu130\/2020\/09\/2-Laboratorio-EV3-Introducci\u00f3n-al-LAB-y-HolaMundo.pdf\">2 Laboratorio EV3 Introducci\u00f3n al LAB y HolaMundo<\/a><\/p>\n","protected":false},"excerpt":{"rendered":"<p>&nbsp;<\/p>\n<p>P\u00edldora Formativa 2:<\/p>\n<p>Edat dels infants:\u00a0<br \/>\nDurada:<\/p>\n<p>9-12 anys<br \/>\nSessi\u00f3 1<br \/>\n1h 30 minuts<\/p>\n<p>Sessi\u00f3 2<\/p>\n<p>Metodologia de treball:<\/p>\n<p>Ens trobem en una aula multinivell, amb nens i nenes de 9 a 12 anys. Alguns ja havien realitzat STEAM-CS el curs anterior.La metodologia de treball se sol basar en una primera part de&hellip;  <a href=\"https:\/\/agora.xtec.cat\/zermoianesllevant\/steam\/lego-mindstorm-ev3\/2-introduccion-al-laboratorio-ev3-hola-mundo\/\" title=\"Read 2. Hola mundo!! Introducci\u00f3n al Lab EV3\">Llegeix m\u00e9s\u00bb<\/a><\/p>\n","protected":false},"author":1,"featured_media":0,"parent":7873,"menu_order":20,"comment_status":"closed","ping_status":"closed","template":"page-templates\/side-menu.php","meta":{"_bbp_topic_count":0,"_bbp_reply_count":0,"_bbp_total_topic_count":0,"_bbp_total_reply_count":0,"_bbp_voice_count":0,"_bbp_anonymous_reply_count":0,"_bbp_topic_count_hidden":0,"_bbp_reply_count_hidden":0,"_bbp_forum_subforum_count":0,"footnotes":""},"class_list":["post-7920","page","type-page","status-publish","hentry"],"post_mailing_queue_ids":[],"_links":{"self":[{"href":"https:\/\/agora.xtec.cat\/zermoianesllevant\/wp-json\/wp\/v2\/pages\/7920","targetHints":{"allow":["GET"]}}],"collection":[{"href":"https:\/\/agora.xtec.cat\/zermoianesllevant\/wp-json\/wp\/v2\/pages"}],"about":[{"href":"https:\/\/agora.xtec.cat\/zermoianesllevant\/wp-json\/wp\/v2\/types\/page"}],"author":[{"embeddable":true,"href":"https:\/\/agora.xtec.cat\/zermoianesllevant\/wp-json\/wp\/v2\/users\/1"}],"replies":[{"embeddable":true,"href":"https:\/\/agora.xtec.cat\/zermoianesllevant\/wp-json\/wp\/v2\/comments?post=7920"}],"version-history":[{"count":3,"href":"https:\/\/agora.xtec.cat\/zermoianesllevant\/wp-json\/wp\/v2\/pages\/7920\/revisions"}],"predecessor-version":[{"id":8026,"href":"https:\/\/agora.xtec.cat\/zermoianesllevant\/wp-json\/wp\/v2\/pages\/7920\/revisions\/8026"}],"up":[{"embeddable":true,"href":"https:\/\/agora.xtec.cat\/zermoianesllevant\/wp-json\/wp\/v2\/pages\/7873"}],"wp:attachment":[{"href":"https:\/\/agora.xtec.cat\/zermoianesllevant\/wp-json\/wp\/v2\/media?parent=7920"}],"curies":[{"name":"wp","href":"https:\/\/api.w.org\/{rel}","templated":true}]}}