{"id":7880,"date":"2020-09-17T19:11:33","date_gmt":"2020-09-17T17:11:33","guid":{"rendered":"https:\/\/agora.xtec.cat\/zermoianesllevant\/?page_id=7880"},"modified":"2021-03-29T16:49:16","modified_gmt":"2021-03-29T14:49:16","slug":"la-covid-19","status":"publish","type":"page","link":"https:\/\/agora.xtec.cat\/zermoianesllevant\/steam\/scratch-3-0\/la-covid-19\/","title":{"rendered":"Simulador COVID-19"},"content":{"rendered":"<p><iframe loading=\"lazy\" src=\"https:\/\/scratch.mit.edu\/projects\/396131931\/embed\" width=\"485\" height=\"402\" frameborder=\"0\"><\/iframe><br \/>\nLa COVID-19 es el nombre de la enfermedad causada por un virus que apareci\u00f3 a finales del a\u00f1o 2019, Durante el a\u00f1o 2020 esta enfermedad se convirti\u00f3 en una pandemia y como tal afecta a todos los habitantes del planeta. Sin embargo, no todas las comunidades est\u00e1n enfrent\u00e1ndose a este virus con las mismas estrategias de confinamiento y para las escuelas es un reto transmitir a los alumnos un conocimiento lo m\u00e1s cerca posible a las tendencias cient\u00edficas de mayor reputaci\u00f3n. Fue una &#8220;piulada&#8221; Barack Obama quien dio una pista de como enfocar la estrategia pedag\u00f3gica hacia el alumnado:<\/p>\n<p>&#8212;&#8212;&#8212;&#8212;&#8212;&#8212;&#8212;&#8212;&#8212;&#8212;&#8212;&#8212;&#8212;&#8212;&#8212;&#8212;&#8212;&#8212;&#8212;<\/p>\n<div class=\"css-1dbjc4n\">\n<div class=\"css-1dbjc4n r-zl2h9q\">\n<div class=\"css-1dbjc4n r-k4xj1c r-18u37iz r-1wtj0ep\">\n<div class=\"css-1dbjc4n r-1d09ksm r-18u37iz r-1wbh5a2\">\n<div class=\"css-1dbjc4n r-1wbh5a2 r-dnmrzs\">\n<div id=\"tweet-user-name\" class=\"css-1dbjc4n r-1awozwy r-18u37iz r-1wbh5a2 r-dnmrzs r-1ny4l3l\">\n<div class=\"css-1dbjc4n r-1awozwy r-18u37iz r-dnmrzs\">\n<div class=\"css-901oao css-bfa6kz r-hkyrab r-1qd0xha r-a023e6 r-b88u0q r-ad9z0x r-bcqeeo r-3s2u2q r-qvutc0\" dir=\"auto\"><strong><span class=\"css-901oao css-16my406 r-1qd0xha r-ad9z0x r-bcqeeo r-qvutc0\">Barack Obama <\/span>@BarackObama <a id=\"tweet-timestamp\" class=\"css-4rbku5 css-18t94o4 css-901oao r-1re7ezh r-1loqt21 r-1q142lx r-1qd0xha r-a023e6 r-16dba41 r-ad9z0x r-bcqeeo r-3s2u2q r-qvutc0\" dir=\"auto\" title=\"8:08 p. m. \u00b7 15 mar. 2020\" role=\"link\" href=\"https:\/\/twitter.com\/BarackObama\/status\/1239267360739074048\" aria-label=\"15 mar.\" data-focusable=\"true\"><time datetime=\"2020-03-15T19:08:57.000Z\">15 mar.<\/time><\/a><\/strong><\/div>\n<\/div>\n<\/div>\n<\/div>\n<\/div>\n<div class=\"css-1dbjc4n r-18u37iz r-1h0z5md r-1joea0r\">\n<div class=\"css-18t94o4 css-1dbjc4n r-1777fci r-11cpok1 r-1ny4l3l r-bztko3 r-lrvibr\" tabindex=\"0\" role=\"button\" aria-expanded=\"false\" aria-haspopup=\"true\" aria-label=\"M\u00e1s opciones\" data-focusable=\"true\" data-testid=\"caret\">\n<div class=\"css-901oao r-1awozwy r-1re7ezh r-6koalj r-1qd0xha r-a023e6 r-16dba41 r-1h0z5md r-ad9z0x r-bcqeeo r-o7ynqc r-clp7b1 r-3s2u2q r-qvutc0\" dir=\"ltr\">\n<div class=\"css-1dbjc4n r-xoduu5\">\n<div class=\"css-1dbjc4n r-1niwhzg r-sdzlij r-1p0dtai r-xoduu5 r-1d2f490 r-xf4iuw r-1ny4l3l r-u8s1d r-zchlnj r-ipm5af r-o7ynqc r-6416eg\"><\/div>\n<\/div>\n<\/div>\n<\/div>\n<\/div>\n<\/div>\n<\/div>\n<\/div>\n<div class=\"css-1dbjc4n\">\n<div class=\"css-1dbjc4n\">\n<div id=\"tweet-text\" class=\"css-901oao r-hkyrab r-1qd0xha r-a023e6 r-16dba41 r-ad9z0x r-bcqeeo r-bnwqim r-qvutc0\" dir=\"auto\" lang=\"en\">\n<p><em><span class=\"css-901oao css-16my406 r-1qd0xha r-ad9z0x r-bcqeeo r-qvutc0\">Watch this. It shows why we should all do the right thing and stay home to the fullest extent possible. All of us can help slow the spread of the virus, protecting the elderly, the vulnerable, and each other.<\/span><\/em><\/p>\n<p><a style=\"font-family: inherit; font-size: 1em;\" href=\"https:\/\/www.washingtonpost.com\/graphics\/2020\/world\/corona-simulator\/\">https:\/\/www.washingtonpost.com\/graphics\/2020\/world\/corona-simulator\/<\/a><\/p>\n<\/div>\n<\/div>\n<\/div>\n<p><em>Not everybody can stay home, and we owe a big debt of gratitude to health professionals, transit and airport workers, first responders, and everyone keeping our communities going. Leaders have to step up to support people whose lives and livelihoods take a hit in the weeks ahead.<\/em><\/p>\n<p>&#8212;&#8212;&#8212;&#8212;&#8212;&#8212;&#8212;&#8212;&#8212;&#8212;&#8212;&#8212;&#8212;&#8212;&#8212;&#8212;&#8212;&#8212;&#8212;&#8211;<\/p>\n<p>Con las ideas recogidas en el articulo del <a href=\"https:\/\/www.washingtonpost.com\/graphics\/2020\/world\/corona-simulator\/\">Whasington Post<\/a> y con otras ideas observadas en los trabajos de <a href=\"https:\/\/scratch.mit.edu\/projects\/386756369\/\">Wally Animations<\/a> y de <a href=\"http:\/\/fisicamartin.blogspot.com\/2020\/03\/modelo-de-epidemia-en-scratch.html\">Mart\u00edn Monteiro, <\/a>voluntarios de STEAM4ALL y maestros de la ZER simplificaron la simulaci\u00f3n al m\u00e1ximo y se dise\u00f1\u00f3 una soluci\u00f3n en base a peque\u00f1os m\u00f3dulos y as\u00ed, de esta forma dar lugar a una soluci\u00f3n colaborativa entre todos los alumnos de los tres \u00faltimos cursos de primaria. Es importante remarcar que el simulador fue construido durante el confinamiento del \u00faltimo trimestre del curso 2019-2020 y por lo tanto todas las clases fueron &#8220;on-line&#8221;, a ello se a\u00f1adi\u00f3 que las clases fueron individuales y result\u00f3 en un mayor aprovechamiento.<\/p>\n<p>En el siguiente pdf : <a href=\"https:\/\/agora.xtec.cat\/zermoianesllevant\/wp-content\/uploads\/usu130\/2020\/09\/La-COVID-19_v1-1.pdf\">La COVID-19_v1\u00a0<\/a>se puede encontrar informaci\u00f3n suficiente para construir un simulador de como esta\u00a0 pandemia se propaga basado en SCRATCH 3.0\u00a0 y en este enlace: <a href=\"https:\/\/scratch.mit.edu\/projects\/396131931\">COVID-19 <\/a>se puede observar con m\u00e1s detalle el trabajo realizado por alumnos de la ZER Moian\u00e8s Llevant.<\/p>\n","protected":false},"excerpt":{"rendered":"<p>La COVID-19 es el nombre de la enfermedad causada por un virus que apareci\u00f3 a finales del a\u00f1o 2019, Durante el a\u00f1o 2020 esta enfermedad se convirti\u00f3 en una pandemia y como tal afecta a todos los habitantes del planeta. Sin embargo, no todas las&hellip;  <a href=\"https:\/\/agora.xtec.cat\/zermoianesllevant\/steam\/scratch-3-0\/la-covid-19\/\" title=\"Read Simulador COVID-19\">Llegeix m\u00e9s\u00bb<\/a><\/p>\n","protected":false},"author":1,"featured_media":0,"parent":7878,"menu_order":100,"comment_status":"closed","ping_status":"closed","template":"page-templates\/side-menu.php","meta":{"_bbp_topic_count":0,"_bbp_reply_count":0,"_bbp_total_topic_count":0,"_bbp_total_reply_count":0,"_bbp_voice_count":0,"_bbp_anonymous_reply_count":0,"_bbp_topic_count_hidden":0,"_bbp_reply_count_hidden":0,"_bbp_forum_subforum_count":0,"footnotes":""},"class_list":["post-7880","page","type-page","status-publish","hentry"],"post_mailing_queue_ids":[],"_links":{"self":[{"href":"https:\/\/agora.xtec.cat\/zermoianesllevant\/wp-json\/wp\/v2\/pages\/7880","targetHints":{"allow":["GET"]}}],"collection":[{"href":"https:\/\/agora.xtec.cat\/zermoianesllevant\/wp-json\/wp\/v2\/pages"}],"about":[{"href":"https:\/\/agora.xtec.cat\/zermoianesllevant\/wp-json\/wp\/v2\/types\/page"}],"author":[{"embeddable":true,"href":"https:\/\/agora.xtec.cat\/zermoianesllevant\/wp-json\/wp\/v2\/users\/1"}],"replies":[{"embeddable":true,"href":"https:\/\/agora.xtec.cat\/zermoianesllevant\/wp-json\/wp\/v2\/comments?post=7880"}],"version-history":[{"count":4,"href":"https:\/\/agora.xtec.cat\/zermoianesllevant\/wp-json\/wp\/v2\/pages\/7880\/revisions"}],"predecessor-version":[{"id":8133,"href":"https:\/\/agora.xtec.cat\/zermoianesllevant\/wp-json\/wp\/v2\/pages\/7880\/revisions\/8133"}],"up":[{"embeddable":true,"href":"https:\/\/agora.xtec.cat\/zermoianesllevant\/wp-json\/wp\/v2\/pages\/7878"}],"wp:attachment":[{"href":"https:\/\/agora.xtec.cat\/zermoianesllevant\/wp-json\/wp\/v2\/media?parent=7880"}],"curies":[{"name":"wp","href":"https:\/\/api.w.org\/{rel}","templated":true}]}}