{"id":7878,"date":"2020-09-17T19:09:30","date_gmt":"2020-09-17T17:09:30","guid":{"rendered":"https:\/\/agora.xtec.cat\/zermoianesllevant\/?page_id=7878"},"modified":"2021-09-04T22:36:58","modified_gmt":"2021-09-04T20:36:58","slug":"scratch-3-0","status":"publish","type":"page","link":"https:\/\/agora.xtec.cat\/zermoianesllevant\/steam\/scratch-3-0\/","title":{"rendered":"SCRATCH 3.0"},"content":{"rendered":"<p>SCRATCH 3.0 es la herramienta que la ZER Moian\u00e8s Llevant puso en marcha en una de sus escuelas durante el confinamiento del curso 2019-2020, con la finalidad de ejercitar sesiones pedag\u00f3gicas individuales en l\u00ednea, consistentes en adiestrar alumno por alumno en materias curriculares como las matem\u00e1ticas, el medio y las competencias digitales. Estas sesiones eran gestionadas por dos profesores, la maestra habitual experta en tecnolog\u00edas del aprendizaje y el conocimiento y una persona colaboradora con la ZER, experta en tecnolog\u00edas de la informaci\u00f3n y de las comunicaciones.<\/p>\n<p>Durante el confinamiento se han realizado trabajos donde en algunos la finalidad era algo similar a un video juego o otros trabajos, donde la finalidad eran ejercitar conceptos matem\u00e1ticos alineados con el curr\u00edculo del alumno o bien una mezcla de todos los conocimientos adquiridos, para llegar a poder realizar un simulador de la COVID-19 construido en forma modular, donde la complejidad de cada m\u00f3dulo se adaptaba al nivel de cada alumno, pues es importante remarcar, que en una escuela rural conviven en la misma clase alumnos de diferentes cursos.\u00a0Tambi\u00e9n se\u00f1alar que en la realizaci\u00f3n de video juegos, el alumno durante la construcci\u00f3n de la soluci\u00f3n, posiblemente no se haya dado cuenta que ha estado aprendiendo:<\/p>\n<p>&nbsp;<\/p>\n<p>&nbsp;<\/p>\n<p>&nbsp;<\/p>\n<p>&nbsp;<\/p>\n","protected":false},"excerpt":{"rendered":"<p>SCRATCH 3.0 es la herramienta que la ZER Moian\u00e8s Llevant puso en marcha en una de sus escuelas durante el confinamiento del curso 2019-2020, con la finalidad de ejercitar sesiones pedag\u00f3gicas individuales en l\u00ednea, consistentes en adiestrar alumno por alumno en materias curriculares como las&hellip;  <a href=\"https:\/\/agora.xtec.cat\/zermoianesllevant\/steam\/scratch-3-0\/\" title=\"Read SCRATCH 3.0\">Llegeix m\u00e9s\u00bb<\/a><\/p>\n","protected":false},"author":1,"featured_media":0,"parent":7808,"menu_order":40,"comment_status":"closed","ping_status":"closed","template":"page-templates\/side-menu.php","meta":{"_bbp_topic_count":0,"_bbp_reply_count":0,"_bbp_total_topic_count":0,"_bbp_total_reply_count":0,"_bbp_voice_count":0,"_bbp_anonymous_reply_count":0,"_bbp_topic_count_hidden":0,"_bbp_reply_count_hidden":0,"_bbp_forum_subforum_count":0,"footnotes":""},"class_list":["post-7878","page","type-page","status-publish","hentry"],"post_mailing_queue_ids":[],"_links":{"self":[{"href":"https:\/\/agora.xtec.cat\/zermoianesllevant\/wp-json\/wp\/v2\/pages\/7878","targetHints":{"allow":["GET"]}}],"collection":[{"href":"https:\/\/agora.xtec.cat\/zermoianesllevant\/wp-json\/wp\/v2\/pages"}],"about":[{"href":"https:\/\/agora.xtec.cat\/zermoianesllevant\/wp-json\/wp\/v2\/types\/page"}],"author":[{"embeddable":true,"href":"https:\/\/agora.xtec.cat\/zermoianesllevant\/wp-json\/wp\/v2\/users\/1"}],"replies":[{"embeddable":true,"href":"https:\/\/agora.xtec.cat\/zermoianesllevant\/wp-json\/wp\/v2\/comments?post=7878"}],"version-history":[{"count":2,"href":"https:\/\/agora.xtec.cat\/zermoianesllevant\/wp-json\/wp\/v2\/pages\/7878\/revisions"}],"predecessor-version":[{"id":7898,"href":"https:\/\/agora.xtec.cat\/zermoianesllevant\/wp-json\/wp\/v2\/pages\/7878\/revisions\/7898"}],"up":[{"embeddable":true,"href":"https:\/\/agora.xtec.cat\/zermoianesllevant\/wp-json\/wp\/v2\/pages\/7808"}],"wp:attachment":[{"href":"https:\/\/agora.xtec.cat\/zermoianesllevant\/wp-json\/wp\/v2\/media?parent=7878"}],"curies":[{"name":"wp","href":"https:\/\/api.w.org\/{rel}","templated":true}]}}