{"id":7873,"date":"2020-09-16T12:04:56","date_gmt":"2020-09-16T10:04:56","guid":{"rendered":"https:\/\/agora.xtec.cat\/zermoianesllevant\/?page_id=7873"},"modified":"2021-09-04T22:37:59","modified_gmt":"2021-09-04T20:37:59","slug":"lego-mindstorm-ev3","status":"publish","type":"page","link":"https:\/\/agora.xtec.cat\/zermoianesllevant\/steam\/lego-mindstorm-ev3\/","title":{"rendered":"LEGO MINDSTORMS EV3"},"content":{"rendered":"<p>LEGO MINDSTORMS EV3 est\u00e1 compuesto de tres entornos:<\/p>\n<p><a href=\"https:\/\/agora.xtec.cat\/zermoianesllevant\/wp-content\/uploads\/usu130\/2020\/09\/CapturaLEGO1.png\"><img loading=\"lazy\" decoding=\"async\" class=\"alignnone wp-image-7909\" src=\"https:\/\/agora.xtec.cat\/zermoianesllevant\/wp-content\/uploads\/usu130\/2020\/09\/CapturaLEGO1-1024x402.png\" alt=\"\" width=\"823\" height=\"323\" srcset=\"https:\/\/agora.xtec.cat\/zermoianesllevant\/wp-content\/uploads\/usu130\/2020\/09\/CapturaLEGO1-1024x402.png 1024w, https:\/\/agora.xtec.cat\/zermoianesllevant\/wp-content\/uploads\/usu130\/2020\/09\/CapturaLEGO1-300x118.png 300w, https:\/\/agora.xtec.cat\/zermoianesllevant\/wp-content\/uploads\/usu130\/2020\/09\/CapturaLEGO1-768x301.png 768w, https:\/\/agora.xtec.cat\/zermoianesllevant\/wp-content\/uploads\/usu130\/2020\/09\/CapturaLEGO1.png 1399w\" sizes=\"auto, (max-width: 823px) 100vw, 823px\" \/><\/a><\/p>\n<p>Los cuales permiten al alumnado aprender haciendo.<\/p>\n<p>Los retos que se plantear\u00e1n en clase a realizar con el conjunto LEGO MINDSTORMS EV3 estimular\u00e1n a los ni\u00f1os y ni\u00f1as a tratar de alcanzarlos y sin darse cuenta y disfrutando, aprender\u00e1n los conceptos requeridos por su curr\u00edculo.<\/p>\n<p>El proyecto STEAM-CS en la escuelas de la ZER Moian\u00e8s Llevant est\u00e1 siendo posible gracias al respaldo de <a href=\"https:\/\/steam4all.eu\/\">STEAM4all.eu<\/a>, \u00a0de l&#8217;<a href=\"http:\/\/www.estany.cat\/public\/\">Ajuntament de l&#8217;Estany<\/a>, y de la comunidad de profesores, de madres y de padres de la ZER.<\/p>\n<table border=\"0\">\n<tbody>\n<tr>\n<td><a href=\"https:\/\/agora.xtec.cat\/zermoianesllevant\/wp-content\/uploads\/usu130\/2021\/01\/MiniLogo_515.png\"><img loading=\"lazy\" decoding=\"async\" class=\"alignnone wp-image-8092\" src=\"https:\/\/agora.xtec.cat\/zermoianesllevant\/wp-content\/uploads\/usu130\/2021\/01\/MiniLogo_515.png\" alt=\"\" width=\"140\" height=\"45\" srcset=\"https:\/\/agora.xtec.cat\/zermoianesllevant\/wp-content\/uploads\/usu130\/2021\/01\/MiniLogo_515.png 312w, https:\/\/agora.xtec.cat\/zermoianesllevant\/wp-content\/uploads\/usu130\/2021\/01\/MiniLogo_515-300x96.png 300w\" sizes=\"auto, (max-width: 140px) 100vw, 140px\" \/><\/a><\/td>\n<td><\/td>\n<td><a href=\"https:\/\/agora.xtec.cat\/zermoianesllevant\/wp-content\/uploads\/usu130\/2021\/01\/logo_gran-Ajuntament-de-lEstany.png\"><img loading=\"lazy\" decoding=\"async\" class=\"alignnone wp-image-8096\" src=\"https:\/\/agora.xtec.cat\/zermoianesllevant\/wp-content\/uploads\/usu130\/2021\/01\/logo_gran-Ajuntament-de-lEstany.png\" alt=\"\" width=\"67\" height=\"67\" srcset=\"https:\/\/agora.xtec.cat\/zermoianesllevant\/wp-content\/uploads\/usu130\/2021\/01\/logo_gran-Ajuntament-de-lEstany.png 197w, https:\/\/agora.xtec.cat\/zermoianesllevant\/wp-content\/uploads\/usu130\/2021\/01\/logo_gran-Ajuntament-de-lEstany-150x150.png 150w\" sizes=\"auto, (max-width: 67px) 100vw, 67px\" \/><\/a><\/td>\n<\/tr>\n<\/tbody>\n<\/table>\n<p><a href=\"https:\/\/agora.xtec.cat\/zermoianesllevant\/wp-content\/uploads\/usu130\/2020\/10\/MiniLogo_v1.png\">\u00a0<\/a><\/p>\n","protected":false},"excerpt":{"rendered":"<p>LEGO MINDSTORMS EV3 est\u00e1 compuesto de tres entornos:<br \/>\n<a href=\"https:\/\/agora.xtec.cat\/zermoianesllevant\/wp-content\/uploads\/usu130\/2020\/09\/CapturaLEGO1.png\"><\/a><br \/>\nLos cuales permiten al alumnado aprender haciendo.<br \/>\nLos retos que se plantear\u00e1n en clase a realizar con el conjunto LEGO MINDSTORMS EV3 estimular\u00e1n a los ni\u00f1os y ni\u00f1as a tratar de alcanzarlos y sin darse cuenta y disfrutando,&hellip;  <a href=\"https:\/\/agora.xtec.cat\/zermoianesllevant\/steam\/lego-mindstorm-ev3\/\" title=\"Read LEGO MINDSTORMS EV3\">Llegeix m\u00e9s\u00bb<\/a><\/p>\n","protected":false},"author":1,"featured_media":0,"parent":7808,"menu_order":20,"comment_status":"closed","ping_status":"closed","template":"page-templates\/side-menu.php","meta":{"_bbp_topic_count":0,"_bbp_reply_count":0,"_bbp_total_topic_count":0,"_bbp_total_reply_count":0,"_bbp_voice_count":0,"_bbp_anonymous_reply_count":0,"_bbp_topic_count_hidden":0,"_bbp_reply_count_hidden":0,"_bbp_forum_subforum_count":0,"footnotes":""},"class_list":["post-7873","page","type-page","status-publish","hentry"],"post_mailing_queue_ids":[],"_links":{"self":[{"href":"https:\/\/agora.xtec.cat\/zermoianesllevant\/wp-json\/wp\/v2\/pages\/7873","targetHints":{"allow":["GET"]}}],"collection":[{"href":"https:\/\/agora.xtec.cat\/zermoianesllevant\/wp-json\/wp\/v2\/pages"}],"about":[{"href":"https:\/\/agora.xtec.cat\/zermoianesllevant\/wp-json\/wp\/v2\/types\/page"}],"author":[{"embeddable":true,"href":"https:\/\/agora.xtec.cat\/zermoianesllevant\/wp-json\/wp\/v2\/users\/1"}],"replies":[{"embeddable":true,"href":"https:\/\/agora.xtec.cat\/zermoianesllevant\/wp-json\/wp\/v2\/comments?post=7873"}],"version-history":[{"count":3,"href":"https:\/\/agora.xtec.cat\/zermoianesllevant\/wp-json\/wp\/v2\/pages\/7873\/revisions"}],"predecessor-version":[{"id":8296,"href":"https:\/\/agora.xtec.cat\/zermoianesllevant\/wp-json\/wp\/v2\/pages\/7873\/revisions\/8296"}],"up":[{"embeddable":true,"href":"https:\/\/agora.xtec.cat\/zermoianesllevant\/wp-json\/wp\/v2\/pages\/7808"}],"wp:attachment":[{"href":"https:\/\/agora.xtec.cat\/zermoianesllevant\/wp-json\/wp\/v2\/media?parent=7873"}],"curies":[{"name":"wp","href":"https:\/\/api.w.org\/{rel}","templated":true}]}}