{"id":7,"date":"2014-09-17T15:07:41","date_gmt":"2014-09-17T13:07:41","guid":{"rendered":"http:\/\/agora.xtec.cat\/zermoianesllevant\/?page_id=7"},"modified":"2025-12-11T12:50:59","modified_gmt":"2025-12-11T11:50:59","slug":"pagines-dinici","status":"publish","type":"page","link":"https:\/\/agora.xtec.cat\/zermoianesllevant\/zer\/pagines-dinici\/","title":{"rendered":"Documents"},"content":{"rendered":"<p><strong>PROJECTES DE LA ZER<\/strong><\/p>\n<p><a href=\"https:\/\/agora.xtec.cat\/zermoianesllevant\/wp-content\/uploads\/usu130\/2023\/03\/PROJECTE-DIRECCIO-ZER-2022-2026.pdf\">PROJECTE DIRECCI\u00d3 ZER 2022-2026<\/a><\/p>\n<p><a href=\"https:\/\/docs.google.com\/document\/d\/1zI09vVQaEbigW1p2cMJVAXoFu7_EBp0W\/edit?rtpof=true&amp;tab=t.0\">PGA de ZER curs 25-26 (presentada i aprovada a CEZ amb esmenes)<\/a><\/p>\n<p><a href=\"https:\/\/agora.xtec.cat\/zermoianesllevant\/wp-content\/uploads\/usu130\/2025\/07\/Memoria-Anual-ZER-2024-25-presentada-i-aprovada-a-CEZ-1-juliol-2025.pdf\">MEM\u00d2RIA ANUAL 24-25<\/a><\/p>\n<p><a href=\"https:\/\/agora.xtec.cat\/zermoianesllevant\/wp-content\/uploads\/usu130\/2020\/09\/Copia-de-Copia-Pilars-de-la-ZER.jpg\"><img loading=\"lazy\" decoding=\"async\" class=\"alignnone size-large wp-image-7836\" src=\"https:\/\/agora.xtec.cat\/zermoianesllevant\/wp-content\/uploads\/usu130\/2020\/09\/Copia-de-Copia-Pilars-de-la-ZER-410x1024.jpg\" alt=\"\" width=\"410\" height=\"1024\" srcset=\"https:\/\/agora.xtec.cat\/zermoianesllevant\/wp-content\/uploads\/usu130\/2020\/09\/Copia-de-Copia-Pilars-de-la-ZER-410x1024.jpg 410w, https:\/\/agora.xtec.cat\/zermoianesllevant\/wp-content\/uploads\/usu130\/2020\/09\/Copia-de-Copia-Pilars-de-la-ZER-120x300.jpg 120w, https:\/\/agora.xtec.cat\/zermoianesllevant\/wp-content\/uploads\/usu130\/2020\/09\/Copia-de-Copia-Pilars-de-la-ZER-768x1920.jpg 768w, https:\/\/agora.xtec.cat\/zermoianesllevant\/wp-content\/uploads\/usu130\/2020\/09\/Copia-de-Copia-Pilars-de-la-ZER.jpg 800w\" sizes=\"auto, (max-width: 410px) 100vw, 410px\" \/><\/a><\/p>\n<p><a href=\"https:\/\/agora.xtec.cat\/zermoianesllevant\/wp-content\/uploads\/usu130\/2020\/09\/Info-pilars-de-la-ZER-3-1.pdf\">VERSI\u00d3 PDF<\/a><\/p>\n<p><strong>ARTICLES A REVISTES<\/strong><\/p>\n<p><a href=\"https:\/\/agora.xtec.cat\/zermoianesllevant\/wp-content\/uploads\/usu130\/2025\/06\/Maria_Vidal_Aleix_Vilaseca_TFG-2.pdf\">EL BENESTAR DOCENT EN ZONES RURALS: UN ESTUDI DE CAS. Vidal Ullastre, Maria. Vilaseca Peregrina Aleix. TFG. Universitat de Vic-Universitat Central de Catalunya. JUNY 2025.<\/a><\/p>\n<p><a href=\"https:\/\/diarieducacio.cat\/grao\/2024\/06\/06\/lescola-arrelada-al-poble-una-direccio-polivalent\/\">L\u2019ESCOLA ARRELADA AL POBLE: UNA DIRECCI\u00d3 POLIVALENT. ROSER BOIX I TONI COMAJOAN. GRA\u00d3. JUNY 2024<\/a><\/p>\n<p><a href=\"https:\/\/www.educacio360.cat\/mes-enlla-lescola-leducacio-temps-complet-mon-rural\/\">M\u00c9S ENLL\u00c0 DE L&#8217;ESCOLA, L&#8217;EDUCACI\u00d3 A TEMPS COMPLET A L&#8217;ESCOLA RUAL. DDAA. EDUCACI\u00d3360. MAR\u00c7 2024<\/a><\/p>\n<p><a href=\"https:\/\/agora.xtec.cat\/escolasqs\/wp-content\/uploads\/usu951\/2023\/11\/GU50406.pdf\">LA NECESSITAT DE DOCUMENTAR ELS PROJECTES DE LA ZONA ESCOLAR RURAL DEL MOIAN\u00c8S LLEVANT. CARLES PRAT, XAVIER COSTA I TONI COMAJOAN. REVISTA GUIX. OCTUBRE 2023<\/a><\/p>\n<p><a href=\"https:\/\/agora.xtec.cat\/escolasqs\/wp-content\/uploads\/usu951\/2023\/08\/AU32708.pdf\">FORMAR-SE PER SER MESTRE\/A:REFLEXI\u00d3, RAONAMENT I EMOCIONS.\u00a0<\/a><a href=\"https:\/\/agora.xtec.cat\/escolasqs\/wp-content\/uploads\/usu951\/2023\/08\/AU32708.pdf\">REVISTA AULA<\/a><a href=\"https:\/\/agora.xtec.cat\/escolasqs\/wp-content\/uploads\/usu951\/2023\/08\/AU32708.pdf\">. ROSER BOIX I TONI COMAJOAN. JULIOL 2023<\/a><\/p>\n<p><a href=\"https:\/\/natibergada.cat\/projecte-steam-zer-moianes-llevant\/\">EL PROJECTE STEAM A LA ZER MOIAN\u00c8S LLEVANT. DOCENTS.CAT. GEMMA GAL\u00cd. NOVEMBRE 2022<\/a><\/p>\n<p><a href=\"https:\/\/agora.xtec.cat\/escolalestany\/wp-content\/uploads\/usu937\/2021\/07\/la-gestio-de-lescola-rural-fo055101772.pdf\">LA GESTI\u00d3 DE L\u2019ESCOLA RURAL. REVISTA FORUM. TONI COMAJOAN\/RA\u00dcL S\u00c1NCHEZ. MAIG 2021<\/a><\/p>\n","protected":false},"excerpt":{"rendered":"<p>PROJECTES DE LA ZER<br \/>\n<a href=\"https:\/\/agora.xtec.cat\/zermoianesllevant\/wp-content\/uploads\/usu130\/2023\/03\/PROJECTE-DIRECCIO-ZER-2022-2026.pdf\">PROJECTE DIRECCI\u00d3 ZER 2022-2026<\/a><br \/>\n<a href=\"https:\/\/docs.google.com\/document\/d\/1zI09vVQaEbigW1p2cMJVAXoFu7_EBp0W\/edit?rtpof=true&amp;tab=t.0\">PGA de ZER curs 25-26 (presentada i aprovada a CEZ amb esmenes)<\/a><br \/>\n<a href=\"https:\/\/agora.xtec.cat\/zermoianesllevant\/wp-content\/uploads\/usu130\/2025\/07\/Memoria-Anual-ZER-2024-25-presentada-i-aprovada-a-CEZ-1-juliol-2025.pdf\">MEM\u00d2RIA ANUAL 24-25<\/a><br \/>\n<a href=\"https:\/\/agora.xtec.cat\/zermoianesllevant\/wp-content\/uploads\/usu130\/2020\/09\/Copia-de-Copia-Pilars-de-la-ZER.jpg\"><\/a><br \/>\n<a href=\"https:\/\/agora.xtec.cat\/zermoianesllevant\/wp-content\/uploads\/usu130\/2020\/09\/Info-pilars-de-la-ZER-3-1.pdf\">VERSI\u00d3 PDF<\/a><br \/>\nARTICLES A REVISTES<br \/>\n<a href=\"https:\/\/agora.xtec.cat\/zermoianesllevant\/wp-content\/uploads\/usu130\/2025\/06\/Maria_Vidal_Aleix_Vilaseca_TFG-2.pdf\">EL BENESTAR DOCENT EN ZONES RURALS: UN ESTUDI DE CAS. Vidal Ullastre, Maria. Vilaseca Peregrina Aleix. TFG.&hellip;  <a href=\"https:\/\/agora.xtec.cat\/zermoianesllevant\/zer\/pagines-dinici\/\" title=\"Read Documents\">Llegeix m\u00e9s\u00bb<\/a><\/p>\n","protected":false},"author":2,"featured_media":0,"parent":22,"menu_order":80,"comment_status":"closed","ping_status":"closed","template":"page-templates\/side-menu.php","meta":{"_bbp_topic_count":0,"_bbp_reply_count":0,"_bbp_total_topic_count":0,"_bbp_total_reply_count":0,"_bbp_voice_count":0,"_bbp_anonymous_reply_count":0,"_bbp_topic_count_hidden":0,"_bbp_reply_count_hidden":0,"_bbp_forum_subforum_count":0,"footnotes":""},"class_list":["post-7","page","type-page","status-publish","hentry"],"post_mailing_queue_ids":[],"_links":{"self":[{"href":"https:\/\/agora.xtec.cat\/zermoianesllevant\/wp-json\/wp\/v2\/pages\/7","targetHints":{"allow":["GET"]}}],"collection":[{"href":"https:\/\/agora.xtec.cat\/zermoianesllevant\/wp-json\/wp\/v2\/pages"}],"about":[{"href":"https:\/\/agora.xtec.cat\/zermoianesllevant\/wp-json\/wp\/v2\/types\/page"}],"author":[{"embeddable":true,"href":"https:\/\/agora.xtec.cat\/zermoianesllevant\/wp-json\/wp\/v2\/users\/2"}],"replies":[{"embeddable":true,"href":"https:\/\/agora.xtec.cat\/zermoianesllevant\/wp-json\/wp\/v2\/comments?post=7"}],"version-history":[{"count":7,"href":"https:\/\/agora.xtec.cat\/zermoianesllevant\/wp-json\/wp\/v2\/pages\/7\/revisions"}],"predecessor-version":[{"id":10471,"href":"https:\/\/agora.xtec.cat\/zermoianesllevant\/wp-json\/wp\/v2\/pages\/7\/revisions\/10471"}],"up":[{"embeddable":true,"href":"https:\/\/agora.xtec.cat\/zermoianesllevant\/wp-json\/wp\/v2\/pages\/22"}],"wp:attachment":[{"href":"https:\/\/agora.xtec.cat\/zermoianesllevant\/wp-json\/wp\/v2\/media?parent=7"}],"curies":[{"name":"wp","href":"https:\/\/api.w.org\/{rel}","templated":true}]}}