{"id":6808,"date":"2016-09-16T19:18:00","date_gmt":"2016-09-16T18:18:00","guid":{"rendered":"http:\/\/agora.xtec.cat\/zermoianesllevant\/?page_id=6808"},"modified":"2016-09-16T19:19:13","modified_gmt":"2016-09-16T18:19:13","slug":"formigues-cooperatives","status":"publish","type":"page","link":"https:\/\/agora.xtec.cat\/zermoianesllevant\/projecte-educatiu\/formigues-cooperatives\/","title":{"rendered":"Formigues cooperatives"},"content":{"rendered":"<p style=\"text-align: justify;\"><img decoding=\"async\" class=\"aligncenter\" src=\"http:\/\/formiguescooperatives.cat\/wp-content\/uploads\/2016\/08\/fcoop_logoblanc-lacenet5.png\" alt=\"Formigues Cooperatives\" \/><\/p>\n<p style=\"text-align: center;\"><a href=\"http:\/\/formiguescooperatives.cat\/\" target=\"_blank\">http:\/\/formiguescooperatives.cat\/<\/a><\/p>\n<p style=\"text-align: justify;\">El projecte de formigues cooperatives \u00e9s un projecte cooperatiu que t\u00e9 com a objectiu posar en contacte escoles de Catalunya mitjan\u00e7ant reptes cooperatius. El projecte es desenvolupa principalment en catal\u00e0 i es fa des de l\u2019\u00e0rea d\u2019educaci\u00f3 f\u00edsica, per\u00f2 requereix la participaci\u00f3 d\u2019altres \u00e0rees com a l\u2019\u00e0rea TIC, a tutoria i a llengua.<\/p>\n<p style=\"text-align: justify;\">Cal esmentar que la ZER participa en el projecte des del curs 2015-16 i que l\u2019activitat est\u00e0 enfocada a partir de cicle mitj\u00e0.<\/p>\n","protected":false},"excerpt":{"rendered":"<p><a href=\"http:\/\/formiguescooperatives.cat\/\" target=\"_blank\">http:\/\/formiguescooperatives.cat\/<\/a><br \/>\nEl projecte de formigues cooperatives \u00e9s un projecte cooperatiu que t\u00e9 com a objectiu posar en contacte escoles de Catalunya mitjan\u00e7ant reptes cooperatius. El projecte es desenvolupa principalment en catal\u00e0 i es fa des de l\u2019\u00e0rea d\u2019educaci\u00f3 f\u00edsica, per\u00f2 requereix la participaci\u00f3 d\u2019altres&hellip;  <a href=\"https:\/\/agora.xtec.cat\/zermoianesllevant\/projecte-educatiu\/formigues-cooperatives\/\" title=\"Read Formigues cooperatives\">Llegeix m\u00e9s\u00bb<\/a><\/p>\n","protected":false},"author":1,"featured_media":0,"parent":64,"menu_order":6,"comment_status":"closed","ping_status":"closed","template":"","meta":{"_bbp_topic_count":0,"_bbp_reply_count":0,"_bbp_total_topic_count":0,"_bbp_total_reply_count":0,"_bbp_voice_count":0,"_bbp_anonymous_reply_count":0,"_bbp_topic_count_hidden":0,"_bbp_reply_count_hidden":0,"_bbp_forum_subforum_count":0,"footnotes":""},"class_list":["post-6808","page","type-page","status-publish","hentry"],"post_mailing_queue_ids":[],"_links":{"self":[{"href":"https:\/\/agora.xtec.cat\/zermoianesllevant\/wp-json\/wp\/v2\/pages\/6808","targetHints":{"allow":["GET"]}}],"collection":[{"href":"https:\/\/agora.xtec.cat\/zermoianesllevant\/wp-json\/wp\/v2\/pages"}],"about":[{"href":"https:\/\/agora.xtec.cat\/zermoianesllevant\/wp-json\/wp\/v2\/types\/page"}],"author":[{"embeddable":true,"href":"https:\/\/agora.xtec.cat\/zermoianesllevant\/wp-json\/wp\/v2\/users\/1"}],"replies":[{"embeddable":true,"href":"https:\/\/agora.xtec.cat\/zermoianesllevant\/wp-json\/wp\/v2\/comments?post=6808"}],"version-history":[{"count":3,"href":"https:\/\/agora.xtec.cat\/zermoianesllevant\/wp-json\/wp\/v2\/pages\/6808\/revisions"}],"predecessor-version":[{"id":6811,"href":"https:\/\/agora.xtec.cat\/zermoianesllevant\/wp-json\/wp\/v2\/pages\/6808\/revisions\/6811"}],"up":[{"embeddable":true,"href":"https:\/\/agora.xtec.cat\/zermoianesllevant\/wp-json\/wp\/v2\/pages\/64"}],"wp:attachment":[{"href":"https:\/\/agora.xtec.cat\/zermoianesllevant\/wp-json\/wp\/v2\/media?parent=6808"}],"curies":[{"name":"wp","href":"https:\/\/api.w.org\/{rel}","templated":true}]}}