{"id":6678,"date":"2016-05-03T21:21:45","date_gmt":"2016-05-03T20:21:45","guid":{"rendered":"http:\/\/agora.xtec.cat\/zermoianesllevant\/?page_id=6678"},"modified":"2016-05-06T22:23:30","modified_gmt":"2016-05-06T21:23:30","slug":"recursos","status":"publish","type":"page","link":"https:\/\/agora.xtec.cat\/zermoianesllevant\/projecte-educatiu\/recursos\/","title":{"rendered":"Recursos per a les fam\u00edlies"},"content":{"rendered":"<p>Aqu\u00ed teniu uns quants v\u00eddeos que ens poden ajudar a reflexionar\u2026<\/p>\n<p><strong>L\u2019ESFOR\u00c7 I LA\u00a0<\/strong><b>PERSEVERAN\u00c7A<\/b><\/p>\n<p><iframe loading=\"lazy\" src=\"https:\/\/www.youtube.com\/embed\/6Ult4t-1NoQ?feature=oembed\" width=\"500\" height=\"281\" frameborder=\"0\" allowfullscreen=\"allowfullscreen\"><\/iframe><\/p>\n<p><strong>ADULTS COM A MODELS DE REFER\u00c8NCIA<\/strong><\/p>\n<p><iframe loading=\"lazy\" src=\"https:\/\/www.youtube.com\/embed\/nDjYwWbXBnE?feature=oembed\" width=\"500\" height=\"375\" frameborder=\"0\" allowfullscreen=\"allowfullscreen\"><\/iframe><\/p>\n<p><strong>PREJUDICIS<\/strong><\/p>\n<p><iframe loading=\"lazy\" src=\"https:\/\/www.youtube.com\/embed\/nvaG-pnNNKs?feature=oembed\" width=\"500\" height=\"281\" frameborder=\"0\" allowfullscreen=\"allowfullscreen\"><\/iframe><\/p>\n<p><iframe loading=\"lazy\" src=\"https:\/\/www.youtube.com\/embed\/WB9UvjnYO90?feature=oembed\" width=\"500\" height=\"281\" frameborder=\"0\" allowfullscreen=\"allowfullscreen\"><\/iframe><\/p>\n<p><strong>EL VALOR DE LA DIFER\u00c8NCIA (RESPECTE)<\/strong><\/p>\n<p><iframe loading=\"lazy\" src=\"https:\/\/www.youtube.com\/embed\/pWIVoW9jAOs?feature=oembed\" width=\"500\" height=\"281\" frameborder=\"0\" allowfullscreen=\"allowfullscreen\"><\/iframe><\/p>\n<p><strong>ELS VALORS I LES ACTITUDS<\/strong><\/p>\n<p><iframe loading=\"lazy\" src=\"https:\/\/www.youtube.com\/embed\/AzNio77XA8k?feature=oembed\" width=\"500\" height=\"281\" frameborder=\"0\" allowfullscreen=\"allowfullscreen\"><\/iframe><\/p>\n<p><strong>POSITIVISME DAVANT LA VIDA \u2013 LLUITA PERSONAL<\/strong><\/p>\n<p><iframe loading=\"lazy\" src=\"https:\/\/www.youtube.com\/embed\/kyhLraaX_9w?feature=oembed\" width=\"500\" height=\"281\" frameborder=\"0\" allowfullscreen=\"allowfullscreen\"><\/iframe><\/p>\n<p><iframe loading=\"lazy\" src=\"https:\/\/www.youtube.com\/embed\/oCj32hjByxc?feature=oembed\" width=\"500\" height=\"375\" frameborder=\"0\" allowfullscreen=\"allowfullscreen\"><\/iframe><\/p>\n","protected":false},"excerpt":{"rendered":"<p>Aqu\u00ed teniu uns quants v\u00eddeos que ens poden ajudar a reflexionar\u2026<br \/>\nL\u2019ESFOR\u00c7 I LA\u00a0PERSEVERAN\u00c7A<\/p>\n<p>ADULTS COM A MODELS DE REFER\u00c8NCIA<\/p>\n<p>PREJUDICIS<\/p>\n<p>EL VALOR DE LA DIFER\u00c8NCIA (RESPECTE)<\/p>\n<p>ELS VALORS I LES ACTITUDS<\/p>\n<p>POSITIVISME DAVANT LA VIDA \u2013 LLUITA PERSONAL<\/p>\n","protected":false},"author":1,"featured_media":0,"parent":64,"menu_order":0,"comment_status":"closed","ping_status":"closed","template":"","meta":{"_bbp_topic_count":0,"_bbp_reply_count":0,"_bbp_total_topic_count":0,"_bbp_total_reply_count":0,"_bbp_voice_count":0,"_bbp_anonymous_reply_count":0,"_bbp_topic_count_hidden":0,"_bbp_reply_count_hidden":0,"_bbp_forum_subforum_count":0,"footnotes":""},"class_list":["post-6678","page","type-page","status-publish","hentry"],"post_mailing_queue_ids":[],"_links":{"self":[{"href":"https:\/\/agora.xtec.cat\/zermoianesllevant\/wp-json\/wp\/v2\/pages\/6678","targetHints":{"allow":["GET"]}}],"collection":[{"href":"https:\/\/agora.xtec.cat\/zermoianesllevant\/wp-json\/wp\/v2\/pages"}],"about":[{"href":"https:\/\/agora.xtec.cat\/zermoianesllevant\/wp-json\/wp\/v2\/types\/page"}],"author":[{"embeddable":true,"href":"https:\/\/agora.xtec.cat\/zermoianesllevant\/wp-json\/wp\/v2\/users\/1"}],"replies":[{"embeddable":true,"href":"https:\/\/agora.xtec.cat\/zermoianesllevant\/wp-json\/wp\/v2\/comments?post=6678"}],"version-history":[{"count":2,"href":"https:\/\/agora.xtec.cat\/zermoianesllevant\/wp-json\/wp\/v2\/pages\/6678\/revisions"}],"predecessor-version":[{"id":6686,"href":"https:\/\/agora.xtec.cat\/zermoianesllevant\/wp-json\/wp\/v2\/pages\/6678\/revisions\/6686"}],"up":[{"embeddable":true,"href":"https:\/\/agora.xtec.cat\/zermoianesllevant\/wp-json\/wp\/v2\/pages\/64"}],"wp:attachment":[{"href":"https:\/\/agora.xtec.cat\/zermoianesllevant\/wp-json\/wp\/v2\/media?parent=6678"}],"curies":[{"name":"wp","href":"https:\/\/api.w.org\/{rel}","templated":true}]}}