{"id":6642,"date":"2016-03-16T22:30:10","date_gmt":"2016-03-16T21:30:10","guid":{"rendered":"http:\/\/agora.xtec.cat\/zermoianesllevant\/?page_id=6642"},"modified":"2016-05-04T15:40:05","modified_gmt":"2016-05-04T14:40:05","slug":"articles-dinteres","status":"publish","type":"page","link":"https:\/\/agora.xtec.cat\/zermoianesllevant\/projecte-educatiu\/articles-dinteres\/","title":{"rendered":"Articles d&#8217;inter\u00e8s"},"content":{"rendered":"<p><img decoding=\"async\" class=\" aligncenter\" src=\"http:\/\/blocs.xtec.cat\/ecologiaemocionalarticles\/files\/2015\/01\/mans-300x204.jpg\" alt=\"mans\" \/><\/p>\n<p>La felicitat \u00e9s un estat d\u2019harmonia i plenitud interior, una actitud personal davant la vida, una forma de viure i de sentir que abasta tota la nostra exist\u00e8ncia. Com a adults podeu educar de manera positiva les emocions i sentiments dels petits perqu\u00e8 tinguin un creixement sa, feli\u00e7 i equilibrat.<\/p>\n<p>Bego\u00f1a Ibarrola, psic\u00f2loga i autora de la col\u00b7lecci\u00f3 Contes amb sentiments, ens d\u00f3na 10 claus als adults per contribuir a la felicitat i el desenvolupament de la intel\u00b7lig\u00e8ncia emocional de l\u2019infant:<\/p>\n<p>1) Donar amor incondicional: compartir temps i experi\u00e8ncies. Escoltar-lo. Que se senti estimat incondicionalment pel que \u00e9s, no pel que fa.<\/p>\n<p>2) Desenvolupar la seva autoestima: fer-li veure que \u00e9s alg\u00fa \u00fanic i especial, amb talents i limitacions. No comparar-lo amb ning\u00fa.<\/p>\n<p>3) Impulsar la seva autonomia: permetre-li que faci cada vegada m\u00e9s coses tot sol. Ajudar-li a sentir-se capa\u00e7. Permetre-li prendre petites decisions assumint les conseq\u00fc\u00e8ncies.<\/p>\n<p>4) Desenvolupar la confian\u00e7a en si mateix: ensenyar-li a confiar en si mateix mostrant confian\u00e7a en ell. Ajudar-lo a que accepti els errors amb naturalitat.<\/p>\n<p>5) Valorar l\u2019esfor\u00e7 i la const\u00e0ncia: valorar el seu esfor\u00e7 encara que no aconsegueixi el seu objectiu. Ensenyar-li que no ha d\u2019abandonar una tasca si no surt a la primera i animar-lo a persistir malgrat les equivocacions.<\/p>\n<p>6) Educar amb honestedat i sinceritat: afavorir un clima de sinceritat i honestedat en la conviv\u00e8ncia. Fer-li veure les conseq\u00fc\u00e8ncies de mentir.<\/p>\n<p>7) Respectar la seva individualitat: permetre-li que sigui ell mateix, sense comparar-lo amb els altres. Respectar la discrep\u00e0ncia.<br \/>\n8) Saber posar l\u00edmits i normes: marcar l\u00edmits i normes clares. Ser constants i coherents en la seva aplicaci\u00f3. Permetre que el nen no hi estigui d\u2019acord.<\/p>\n<p>9) Aportar seguretat: fer que se senti segur en l\u2019entorn familiar. Ensenyar-li a demanar ajuda quan ho necessiti.<\/p>\n<p>10) Educar en pau i tranquil\u00b7litat: afavorir un entorn de pau i harmonia. Evitar les tensions i utilitzar el di\u00e0leg. Utilitzar l\u2019humor.<\/p>\n<p><sub>Font:<a href=\"http:\/\/www.llegircruilla.cat\/2013\/01\/10-claus-per-educar-les-emocions\/\" target=\"_blank\"> http:\/\/www.llegircruilla.cat\/2013\/01\/10-claus-per-educar-les-emocions\/<\/a><\/sub><\/p>\n","protected":false},"excerpt":{"rendered":"<p>La felicitat \u00e9s un estat d\u2019harmonia i plenitud interior, una actitud personal davant la vida, una forma de viure i de sentir que abasta tota la nostra exist\u00e8ncia. Com a adults podeu educar de manera positiva les emocions i sentiments dels petits perqu\u00e8 tinguin un&hellip;  <a href=\"https:\/\/agora.xtec.cat\/zermoianesllevant\/projecte-educatiu\/articles-dinteres\/\" title=\"Read Articles d&#8217;inter\u00e8s\">Llegeix m\u00e9s\u00bb<\/a><\/p>\n","protected":false},"author":1,"featured_media":0,"parent":64,"menu_order":3,"comment_status":"closed","ping_status":"closed","template":"page-templates\/side-menu.php","meta":{"_bbp_topic_count":0,"_bbp_reply_count":0,"_bbp_total_topic_count":0,"_bbp_total_reply_count":0,"_bbp_voice_count":0,"_bbp_anonymous_reply_count":0,"_bbp_topic_count_hidden":0,"_bbp_reply_count_hidden":0,"_bbp_forum_subforum_count":0,"footnotes":""},"class_list":["post-6642","page","type-page","status-publish","hentry"],"post_mailing_queue_ids":[],"_links":{"self":[{"href":"https:\/\/agora.xtec.cat\/zermoianesllevant\/wp-json\/wp\/v2\/pages\/6642","targetHints":{"allow":["GET"]}}],"collection":[{"href":"https:\/\/agora.xtec.cat\/zermoianesllevant\/wp-json\/wp\/v2\/pages"}],"about":[{"href":"https:\/\/agora.xtec.cat\/zermoianesllevant\/wp-json\/wp\/v2\/types\/page"}],"author":[{"embeddable":true,"href":"https:\/\/agora.xtec.cat\/zermoianesllevant\/wp-json\/wp\/v2\/users\/1"}],"replies":[{"embeddable":true,"href":"https:\/\/agora.xtec.cat\/zermoianesllevant\/wp-json\/wp\/v2\/comments?post=6642"}],"version-history":[{"count":1,"href":"https:\/\/agora.xtec.cat\/zermoianesllevant\/wp-json\/wp\/v2\/pages\/6642\/revisions"}],"predecessor-version":[{"id":6643,"href":"https:\/\/agora.xtec.cat\/zermoianesllevant\/wp-json\/wp\/v2\/pages\/6642\/revisions\/6643"}],"up":[{"embeddable":true,"href":"https:\/\/agora.xtec.cat\/zermoianesllevant\/wp-json\/wp\/v2\/pages\/64"}],"wp:attachment":[{"href":"https:\/\/agora.xtec.cat\/zermoianesllevant\/wp-json\/wp\/v2\/media?parent=6642"}],"curies":[{"name":"wp","href":"https:\/\/api.w.org\/{rel}","templated":true}]}}