{"id":6604,"date":"2016-03-04T09:47:41","date_gmt":"2016-03-04T08:47:41","guid":{"rendered":"http:\/\/agora.xtec.cat\/zermoianesllevant\/?page_id=6604"},"modified":"2017-02-02T22:09:50","modified_gmt":"2017-02-02T21:09:50","slug":"projecte-linguistic","status":"publish","type":"page","link":"https:\/\/agora.xtec.cat\/zermoianesllevant\/projecte-educatiu\/projecte-linguistic\/","title":{"rendered":"Projecte Ling\u00fc\u00edstic"},"content":{"rendered":"<p><a href=\"http:\/\/agora.xtec.cat\/zermoianesllevant\/wp-content\/uploads\/usu130\/2016\/05\/Projecte-Ling\u00fc\u00edstic-ZER-el-Moian\u00e8s-Llevant-CEZ.pdf\">Projecte Ling\u00fc\u00edstic ZER el Moian\u00e8s Llevant (CEZ)<\/a><br \/>\n<iframe loading=\"lazy\" src=\"http:\/\/agora.xtec.cat\/zermoianesllevant\/wp-content\/uploads\/usu130\/2016\/05\/Projecte-Ling\u00fc\u00edstic-ZER-el-Moian\u00e8s-Llevant-CEZ.pdf\" width=\"800\" height=\"700\"><\/iframe><\/p>\n","protected":false},"excerpt":{"rendered":"<p><a href=\"http:\/\/agora.xtec.cat\/zermoianesllevant\/wp-content\/uploads\/usu130\/2016\/05\/Projecte-Ling\u00fc\u00edstic-ZER-el-Moian\u00e8s-Llevant-CEZ.pdf\">Projecte Ling\u00fc\u00edstic ZER el Moian\u00e8s Llevant (CEZ)<\/a><\/p>\n","protected":false},"author":1,"featured_media":0,"parent":64,"menu_order":4,"comment_status":"closed","ping_status":"closed","template":"","meta":{"_bbp_topic_count":0,"_bbp_reply_count":0,"_bbp_total_topic_count":0,"_bbp_total_reply_count":0,"_bbp_voice_count":0,"_bbp_anonymous_reply_count":0,"_bbp_topic_count_hidden":0,"_bbp_reply_count_hidden":0,"_bbp_forum_subforum_count":0,"footnotes":""},"class_list":["post-6604","page","type-page","status-publish","hentry"],"post_mailing_queue_ids":[],"_links":{"self":[{"href":"https:\/\/agora.xtec.cat\/zermoianesllevant\/wp-json\/wp\/v2\/pages\/6604","targetHints":{"allow":["GET"]}}],"collection":[{"href":"https:\/\/agora.xtec.cat\/zermoianesllevant\/wp-json\/wp\/v2\/pages"}],"about":[{"href":"https:\/\/agora.xtec.cat\/zermoianesllevant\/wp-json\/wp\/v2\/types\/page"}],"author":[{"embeddable":true,"href":"https:\/\/agora.xtec.cat\/zermoianesllevant\/wp-json\/wp\/v2\/users\/1"}],"replies":[{"embeddable":true,"href":"https:\/\/agora.xtec.cat\/zermoianesllevant\/wp-json\/wp\/v2\/comments?post=6604"}],"version-history":[{"count":3,"href":"https:\/\/agora.xtec.cat\/zermoianesllevant\/wp-json\/wp\/v2\/pages\/6604\/revisions"}],"predecessor-version":[{"id":7038,"href":"https:\/\/agora.xtec.cat\/zermoianesllevant\/wp-json\/wp\/v2\/pages\/6604\/revisions\/7038"}],"up":[{"embeddable":true,"href":"https:\/\/agora.xtec.cat\/zermoianesllevant\/wp-json\/wp\/v2\/pages\/64"}],"wp:attachment":[{"href":"https:\/\/agora.xtec.cat\/zermoianesllevant\/wp-json\/wp\/v2\/media?parent=6604"}],"curies":[{"name":"wp","href":"https:\/\/api.w.org\/{rel}","templated":true}]}}