{"id":22,"date":"2014-09-18T12:19:57","date_gmt":"2014-09-18T12:19:57","guid":{"rendered":"http:\/\/agora.xtec.cat\/zermoianesllevant\/?page_id=22"},"modified":"2019-09-03T23:58:20","modified_gmt":"2019-09-03T21:58:20","slug":"zer","status":"publish","type":"page","link":"https:\/\/agora.xtec.cat\/zermoianesllevant\/zer\/","title":{"rendered":"La ZER"},"content":{"rendered":"<p class=\"Estilo1\" align=\"justify\">La <strong>Z<\/strong>ona <strong>E<\/strong>scolar <strong>R<\/strong>ural El Moian\u00e8s era una unitat escolar p\u00fablica que fins el curs 2009-2010 estava formada per les escoles de Calders, Castellcir, l&#8217;Estany, Monistrol de Calders, Mura, Sant Quirze Safaja i Collsuspina.<\/p>\n<p class=\"Estilo1\" align=\"justify\"><a href=\"http:\/\/agora.xtec.cat\/zermoianesllevant\/wp-content\/uploads\/usu130\/2014\/09\/mapazernou.jpg\"><img loading=\"lazy\" decoding=\"async\" class=\" wp-image-6549 aligncenter\" src=\"http:\/\/agora.xtec.cat\/zermoianesllevant\/wp-content\/uploads\/usu130\/2014\/09\/mapazernou.jpg\" alt=\"mapazernou\" width=\"235\" height=\"229\" srcset=\"https:\/\/agora.xtec.cat\/zermoianesllevant\/wp-content\/uploads\/usu130\/2014\/09\/mapazernou.jpg 420w, https:\/\/agora.xtec.cat\/zermoianesllevant\/wp-content\/uploads\/usu130\/2014\/09\/mapazernou-300x291.jpg 300w\" sizes=\"auto, (max-width: 235px) 100vw, 235px\" \/><\/a><\/p>\n<p class=\"Estilo1\" align=\"justify\">A partir del curs 2010-2011 s&#8217;ha dividit la ZER en dues: la ZER El Moian\u00e8s Llevant, formada per les escoles de Castellcir, Collsuspina, L&#8217;Estany i Sant Quirze Safaja i la ZER El Moian\u00e8s Ponent formada per les escoles de Calders, Monistrol de Calders i Mura.<\/p>\n<p align=\"justify\">El curs 2019-2020 la ZER El Moian\u00e8s LLevant ha passat a estar formada per les escoles de Collsuspina, L&#8217;Estany i Sant Quirze Safaja.<\/p>\n<p class=\"Estilo1\" align=\"justify\">A la ZER ens proposem aconseguir una escola d&#8217;\u00e0mbit rural de qualitat amb la col.laboraci\u00f3 expressa de mestres, pares, alumnes, ajuntaments i tots els \u00e0mbits de cada comunitat que puguin i vulguin treballar juntament amb els centres per una societat compromesa amb Catalunya i el M\u00f3n, m\u00e9s democr\u00e0tica, acollidora, coeducativa i amb un gran respecte per la diversitat.<\/p>\n<p class=\"Estilo1\">La nostra ZER assumeix com a seus els quatre pilars de l&#8217;educaci\u00f3 mencionats en l&#8217;Informe Delors:<\/p>\n<ul>\n<li class=\"Estilo1\">Aprendre a ser<\/li>\n<li class=\"Estilo1\">Aprendre a fer<\/li>\n<li class=\"Estilo1\">Aprendre a con\u00e8ixer<\/li>\n<li class=\"Estilo1\">Aprendre a conviure<\/li>\n<\/ul>\n<p class=\"Estilo2\" align=\"center\">\n","protected":false},"excerpt":{"rendered":"<p>La Zona Escolar Rural El Moian\u00e8s era una unitat escolar p\u00fablica que fins el curs 2009-2010 estava formada per les escoles de Calders, Castellcir, l&#8217;Estany, Monistrol de Calders, Mura, Sant Quirze Safaja i Collsuspina.<br \/>\n<a href=\"http:\/\/agora.xtec.cat\/zermoianesllevant\/wp-content\/uploads\/usu130\/2014\/09\/mapazernou.jpg\"><\/a><br \/>\nA partir del curs 2010-2011 s&#8217;ha dividit la ZER en dues:&hellip;  <a href=\"https:\/\/agora.xtec.cat\/zermoianesllevant\/zer\/\" title=\"Read La ZER\">Llegeix m\u00e9s\u00bb<\/a><\/p>\n","protected":false},"author":2,"featured_media":0,"parent":0,"menu_order":0,"comment_status":"closed","ping_status":"closed","template":"page-templates\/side-menu.php","meta":{"_bbp_topic_count":0,"_bbp_reply_count":0,"_bbp_total_topic_count":0,"_bbp_total_reply_count":0,"_bbp_voice_count":0,"_bbp_anonymous_reply_count":0,"_bbp_topic_count_hidden":0,"_bbp_reply_count_hidden":0,"_bbp_forum_subforum_count":0,"footnotes":""},"class_list":["post-22","page","type-page","status-publish","hentry"],"post_mailing_queue_ids":[],"_links":{"self":[{"href":"https:\/\/agora.xtec.cat\/zermoianesllevant\/wp-json\/wp\/v2\/pages\/22","targetHints":{"allow":["GET"]}}],"collection":[{"href":"https:\/\/agora.xtec.cat\/zermoianesllevant\/wp-json\/wp\/v2\/pages"}],"about":[{"href":"https:\/\/agora.xtec.cat\/zermoianesllevant\/wp-json\/wp\/v2\/types\/page"}],"author":[{"embeddable":true,"href":"https:\/\/agora.xtec.cat\/zermoianesllevant\/wp-json\/wp\/v2\/users\/2"}],"replies":[{"embeddable":true,"href":"https:\/\/agora.xtec.cat\/zermoianesllevant\/wp-json\/wp\/v2\/comments?post=22"}],"version-history":[{"count":5,"href":"https:\/\/agora.xtec.cat\/zermoianesllevant\/wp-json\/wp\/v2\/pages\/22\/revisions"}],"predecessor-version":[{"id":7586,"href":"https:\/\/agora.xtec.cat\/zermoianesllevant\/wp-json\/wp\/v2\/pages\/22\/revisions\/7586"}],"wp:attachment":[{"href":"https:\/\/agora.xtec.cat\/zermoianesllevant\/wp-json\/wp\/v2\/media?parent=22"}],"curies":[{"name":"wp","href":"https:\/\/api.w.org\/{rel}","templated":true}]}}