{"id":10396,"date":"2025-01-21T08:43:50","date_gmt":"2025-01-21T07:43:50","guid":{"rendered":"https:\/\/agora.xtec.cat\/zermoianesllevant\/?page_id=10396"},"modified":"2025-01-21T08:43:50","modified_gmt":"2025-01-21T07:43:50","slug":"semafor","status":"publish","type":"page","link":"https:\/\/agora.xtec.cat\/zermoianesllevant\/steam\/ev4-electric-vehicle-v-4\/semafor\/","title":{"rendered":"SEM\u00c0FOR"},"content":{"rendered":"<p><strong>CONEIXEMENTS PREVIS<\/strong><br \/>\nFuncionament d\u2019un sem\u00e0for<br \/>\nLlenguatge SCRATCH<\/p>\n<p><strong>ESPECIFICACIONS sem\u00e0for de carretera<\/strong><br \/>\n0.- El sem\u00e0for estar\u00e0 normalment verd per als cotxes i vermell per als vianants.<\/p>\n<p><a href=\"https:\/\/agora.xtec.cat\/ceipsesmondolo\/wp-content\/uploads\/usu311\/2024\/07\/contemplar.jpg\"><img loading=\"lazy\" decoding=\"async\" class=\"alignnone size-large wp-image-9034\" src=\"https:\/\/agora.xtec.cat\/ceipsesmondolo\/wp-content\/uploads\/usu311\/2024\/07\/contemplar-1024x1024.jpg\" sizes=\"auto, (max-width: 1024px) 100vw, 1024px\" srcset=\"https:\/\/agora.xtec.cat\/ceipsesmondolo\/wp-content\/uploads\/usu311\/2024\/07\/contemplar-1024x1024.jpg 1024w, https:\/\/agora.xtec.cat\/ceipsesmondolo\/wp-content\/uploads\/usu311\/2024\/07\/contemplar-300x300.jpg 300w, https:\/\/agora.xtec.cat\/ceipsesmondolo\/wp-content\/uploads\/usu311\/2024\/07\/contemplar-150x150.jpg 150w, https:\/\/agora.xtec.cat\/ceipsesmondolo\/wp-content\/uploads\/usu311\/2024\/07\/contemplar-768x768.jpg 768w, https:\/\/agora.xtec.cat\/ceipsesmondolo\/wp-content\/uploads\/usu311\/2024\/07\/contemplar-1536x1536.jpg 1536w, https:\/\/agora.xtec.cat\/ceipsesmondolo\/wp-content\/uploads\/usu311\/2024\/07\/contemplar.jpg 2048w\" alt=\"\" width=\"1024\" height=\"1024\" \/><\/a><br \/>\n1.- La situaci\u00f3 canviar\u00e0 quan un vianant ho sol\u00b7liciti (Pressionant tant el bot\u00f3 A com el B de la placa micro:bit del sem\u00e0for de vianants): Verd pels vianants i vermell per als cotxes.<br \/>\n2.- S\u2019esperar\u00e0 un temps prudencial a qu\u00e8 creuen els vianants i es tornar\u00e0 a comen\u00e7ar.<\/p>\n<p><strong>REQUISITS<\/strong><br \/>\nTargeta micro:bit<br \/>\nExtensi\u00f3 microbit:shield<br \/>\nLlums neopixels<\/p>\n<p><strong>BASES D\u2019ORIENTACI\u00d3<\/strong><\/p>\n<p><a href=\"https:\/\/agora.xtec.cat\/ceipsesmondolo\/wp-content\/uploads\/usu311\/2024\/11\/semafor.png\"><img loading=\"lazy\" decoding=\"async\" class=\"wp-image-9642 aligncenter\" src=\"https:\/\/agora.xtec.cat\/ceipsesmondolo\/wp-content\/uploads\/usu311\/2024\/11\/semafor-1024x790.png\" sizes=\"auto, (max-width: 853px) 100vw, 853px\" srcset=\"https:\/\/agora.xtec.cat\/ceipsesmondolo\/wp-content\/uploads\/usu311\/2024\/11\/semafor-1024x790.png 1024w, https:\/\/agora.xtec.cat\/ceipsesmondolo\/wp-content\/uploads\/usu311\/2024\/11\/semafor-300x231.png 300w, https:\/\/agora.xtec.cat\/ceipsesmondolo\/wp-content\/uploads\/usu311\/2024\/11\/semafor-768x592.png 768w, https:\/\/agora.xtec.cat\/ceipsesmondolo\/wp-content\/uploads\/usu311\/2024\/11\/semafor.png 1050w\" alt=\"\" width=\"853\" height=\"658\" \/><\/a><\/p>\n<p>Estats del sem\u00e0for<\/p>\n<p><a href=\"https:\/\/agora.xtec.cat\/ceipsesmondolo\/wp-content\/uploads\/usu311\/2024\/11\/semafor-2-1.png\"><img loading=\"lazy\" decoding=\"async\" class=\"size-large wp-image-9650 aligncenter\" src=\"https:\/\/agora.xtec.cat\/ceipsesmondolo\/wp-content\/uploads\/usu311\/2024\/11\/semafor-2-1-1024x585.png\" sizes=\"auto, (max-width: 1024px) 100vw, 1024px\" srcset=\"https:\/\/agora.xtec.cat\/ceipsesmondolo\/wp-content\/uploads\/usu311\/2024\/11\/semafor-2-1-1024x585.png 1024w, https:\/\/agora.xtec.cat\/ceipsesmondolo\/wp-content\/uploads\/usu311\/2024\/11\/semafor-2-1-300x171.png 300w, https:\/\/agora.xtec.cat\/ceipsesmondolo\/wp-content\/uploads\/usu311\/2024\/11\/semafor-2-1-768x439.png 768w, https:\/\/agora.xtec.cat\/ceipsesmondolo\/wp-content\/uploads\/usu311\/2024\/11\/semafor-2-1-1536x877.png 1536w, https:\/\/agora.xtec.cat\/ceipsesmondolo\/wp-content\/uploads\/usu311\/2024\/11\/semafor-2-1.png 1945w\" alt=\"\" width=\"1024\" height=\"585\" \/><\/a>Programaci\u00f3, vianants<\/p>\n<p><a href=\"https:\/\/agora.xtec.cat\/ceipsesmondolo\/wp-content\/uploads\/usu311\/2024\/11\/semafor-vianants.png\"><img loading=\"lazy\" decoding=\"async\" class=\"size-large wp-image-9646 aligncenter\" src=\"https:\/\/agora.xtec.cat\/ceipsesmondolo\/wp-content\/uploads\/usu311\/2024\/11\/semafor-vianants-650x1024.png\" sizes=\"auto, (max-width: 650px) 100vw, 650px\" srcset=\"https:\/\/agora.xtec.cat\/ceipsesmondolo\/wp-content\/uploads\/usu311\/2024\/11\/semafor-vianants-650x1024.png 650w, https:\/\/agora.xtec.cat\/ceipsesmondolo\/wp-content\/uploads\/usu311\/2024\/11\/semafor-vianants-191x300.png 191w, https:\/\/agora.xtec.cat\/ceipsesmondolo\/wp-content\/uploads\/usu311\/2024\/11\/semafor-vianants-768x1209.png 768w, https:\/\/agora.xtec.cat\/ceipsesmondolo\/wp-content\/uploads\/usu311\/2024\/11\/semafor-vianants-975x1536.png 975w, https:\/\/agora.xtec.cat\/ceipsesmondolo\/wp-content\/uploads\/usu311\/2024\/11\/semafor-vianants.png 1063w\" alt=\"\" width=\"650\" height=\"1024\" \/><\/a><\/p>\n<p>Programaci\u00f3, cotxes<\/p>\n<p><a href=\"https:\/\/agora.xtec.cat\/ceipsesmondolo\/wp-content\/uploads\/usu311\/2024\/11\/semafor-cotxes.png\"><img loading=\"lazy\" decoding=\"async\" class=\" wp-image-9647 aligncenter\" src=\"https:\/\/agora.xtec.cat\/ceipsesmondolo\/wp-content\/uploads\/usu311\/2024\/11\/semafor-cotxes-749x1024.png\" sizes=\"auto, (max-width: 635px) 100vw, 635px\" srcset=\"https:\/\/agora.xtec.cat\/ceipsesmondolo\/wp-content\/uploads\/usu311\/2024\/11\/semafor-cotxes-749x1024.png 749w, https:\/\/agora.xtec.cat\/ceipsesmondolo\/wp-content\/uploads\/usu311\/2024\/11\/semafor-cotxes-220x300.png 220w, https:\/\/agora.xtec.cat\/ceipsesmondolo\/wp-content\/uploads\/usu311\/2024\/11\/semafor-cotxes.png 1114w\" alt=\"\" width=\"635\" height=\"869\" \/><\/a><\/p>\n<p>&nbsp;<\/p>\n","protected":false},"excerpt":{"rendered":"<p>CONEIXEMENTS PREVIS<br \/>\nFuncionament d\u2019un sem\u00e0for<br \/>\nLlenguatge SCRATCH<br \/>\nESPECIFICACIONS sem\u00e0for de carretera<br \/>\n0.- El sem\u00e0for estar\u00e0 normalment verd per als cotxes i vermell per als vianants.<br \/>\n<a href=\"https:\/\/agora.xtec.cat\/ceipsesmondolo\/wp-content\/uploads\/usu311\/2024\/07\/contemplar.jpg\"><\/a><br \/>\n1.- La situaci\u00f3 canviar\u00e0 quan un vianant ho sol\u00b7liciti (Pressionant tant el bot\u00f3 A com el B de la placa micro:bit del sem\u00e0for de&hellip;  <a href=\"https:\/\/agora.xtec.cat\/zermoianesllevant\/steam\/ev4-electric-vehicle-v-4\/semafor\/\" title=\"Read SEM\u00c0FOR\">Llegeix m\u00e9s\u00bb<\/a><\/p>\n","protected":false},"author":1,"featured_media":0,"parent":10303,"menu_order":74,"comment_status":"closed","ping_status":"closed","template":"page-templates\/side-menu.php","meta":{"_bbp_topic_count":0,"_bbp_reply_count":0,"_bbp_total_topic_count":0,"_bbp_total_reply_count":0,"_bbp_voice_count":0,"_bbp_anonymous_reply_count":0,"_bbp_topic_count_hidden":0,"_bbp_reply_count_hidden":0,"_bbp_forum_subforum_count":0,"footnotes":""},"class_list":["post-10396","page","type-page","status-publish","hentry"],"post_mailing_queue_ids":[],"_links":{"self":[{"href":"https:\/\/agora.xtec.cat\/zermoianesllevant\/wp-json\/wp\/v2\/pages\/10396","targetHints":{"allow":["GET"]}}],"collection":[{"href":"https:\/\/agora.xtec.cat\/zermoianesllevant\/wp-json\/wp\/v2\/pages"}],"about":[{"href":"https:\/\/agora.xtec.cat\/zermoianesllevant\/wp-json\/wp\/v2\/types\/page"}],"author":[{"embeddable":true,"href":"https:\/\/agora.xtec.cat\/zermoianesllevant\/wp-json\/wp\/v2\/users\/1"}],"replies":[{"embeddable":true,"href":"https:\/\/agora.xtec.cat\/zermoianesllevant\/wp-json\/wp\/v2\/comments?post=10396"}],"version-history":[{"count":1,"href":"https:\/\/agora.xtec.cat\/zermoianesllevant\/wp-json\/wp\/v2\/pages\/10396\/revisions"}],"predecessor-version":[{"id":10397,"href":"https:\/\/agora.xtec.cat\/zermoianesllevant\/wp-json\/wp\/v2\/pages\/10396\/revisions\/10397"}],"up":[{"embeddable":true,"href":"https:\/\/agora.xtec.cat\/zermoianesllevant\/wp-json\/wp\/v2\/pages\/10303"}],"wp:attachment":[{"href":"https:\/\/agora.xtec.cat\/zermoianesllevant\/wp-json\/wp\/v2\/media?parent=10396"}],"curies":[{"name":"wp","href":"https:\/\/api.w.org\/{rel}","templated":true}]}}