{"id":10369,"date":"2024-12-14T19:04:53","date_gmt":"2024-12-14T18:04:53","guid":{"rendered":"https:\/\/agora.xtec.cat\/zermoianesllevant\/?page_id=10369"},"modified":"2024-12-15T19:15:46","modified_gmt":"2024-12-15T18:15:46","slug":"bon-nadal","status":"publish","type":"page","link":"https:\/\/agora.xtec.cat\/zermoianesllevant\/steam\/scratch-3-0\/bon-nadal\/","title":{"rendered":"Bon Nadal"},"content":{"rendered":"<table class=\" aligncenter\" style=\"border-collapse: collapse; width: 76.4521%;\">\n<tbody>\n<tr>\n<td style=\"width: 100%;\"><iframe loading=\"lazy\" src=\"https:\/\/scratch.mit.edu\/projects\/1110695914\/embed\" width=\"485\" height=\"402\" frameborder=\"0\" scrolling=\"no\" allowfullscreen=\"allowfullscreen\"><\/iframe><\/td>\n<\/tr>\n<\/tbody>\n<\/table>\n<p style=\"text-align: center;\" data-pm-slice=\"1 1 []\"><em>Si ho vols reinventar: <a href=\"https:\/\/scratch.mit.edu\/projects\/1110695914\"><strong>Bon Nadal<\/strong><\/a><\/em><\/p>\n<p data-pm-slice=\"1 1 []\">Aquesta proposta de Scratch \u00e9s una variant del treball que es va fer per\u00a0<a href=\"https:\/\/agora.xtec.cat\/ceipsesmondolo\/steam\/scratch\/fresas-y-bol\/\">Tots Sants a l\u2019escoles SESMON<\/a> i a la ZER Moian\u00e8s Llevant temps enrere. La variant ha estat aportada pels Makers del Moian\u00e8s, que han substitu\u00eft la descarregada de caramels per la de regals, amb una soluci\u00f3 molt enginyosa.<\/p>\n<p data-pm-slice=\"1 1 []\"><a href=\"https:\/\/agora.xtec.cat\/ceipsesmondolo\/wp-content\/uploads\/usu311\/2024\/12\/Makers-del-Moianes.jpg\"><img loading=\"lazy\" decoding=\"async\" class=\"wp-image-9872 aligncenter\" src=\"https:\/\/agora.xtec.cat\/ceipsesmondolo\/wp-content\/uploads\/usu311\/2024\/12\/Makers-del-Moianes-1024x461.jpg\" sizes=\"auto, (max-width: 338px) 100vw, 338px\" srcset=\"https:\/\/agora.xtec.cat\/ceipsesmondolo\/wp-content\/uploads\/usu311\/2024\/12\/Makers-del-Moianes-1024x461.jpg 1024w, https:\/\/agora.xtec.cat\/ceipsesmondolo\/wp-content\/uploads\/usu311\/2024\/12\/Makers-del-Moianes-300x135.jpg 300w, https:\/\/agora.xtec.cat\/ceipsesmondolo\/wp-content\/uploads\/usu311\/2024\/12\/Makers-del-Moianes-768x346.jpg 768w, https:\/\/agora.xtec.cat\/ceipsesmondolo\/wp-content\/uploads\/usu311\/2024\/12\/Makers-del-Moianes-1536x691.jpg 1536w, https:\/\/agora.xtec.cat\/ceipsesmondolo\/wp-content\/uploads\/usu311\/2024\/12\/Makers-del-Moianes.jpg 1600w\" alt=\"\" width=\"338\" height=\"152\" \/><\/a><\/p>\n<p style=\"text-align: center;\" data-pm-slice=\"1 1 []\"><em>Club de makers del Moian\u00e8s<\/em><\/p>\n<p><strong>La soluci\u00f3 aportada.<\/strong><\/p>\n<p>Consisteix en substituir els diferents vestits d&#8217;un personatge per altres personatges.<\/p>\n<p><a href=\"https:\/\/agora.xtec.cat\/ceipsesmondolo\/wp-content\/uploads\/usu311\/2024\/12\/Vestits.png\"><img loading=\"lazy\" decoding=\"async\" class=\"wp-image-9874 aligncenter\" src=\"https:\/\/agora.xtec.cat\/ceipsesmondolo\/wp-content\/uploads\/usu311\/2024\/12\/Vestits-1024x759.png\" alt=\"\" width=\"379\" height=\"281\" \/><\/a><\/p>\n<p>A continuaci\u00f3 s&#8217;han substitu\u00eft els noms dels personatges per un n\u00famero, i d&#8217;aquesta manera es poden fer clones, c\u00f2pies d&#8217;un mateix, d&#8217;un original seleccionat a l&#8217;atzar.<\/p>\n<p><a href=\"https:\/\/agora.xtec.cat\/ceipsesmondolo\/wp-content\/uploads\/usu311\/2024\/12\/Vestit-a-latzar.png\"><img loading=\"lazy\" decoding=\"async\" class=\" wp-image-9876 aligncenter\" src=\"https:\/\/agora.xtec.cat\/ceipsesmondolo\/wp-content\/uploads\/usu311\/2024\/12\/Vestit-a-latzar.png\" alt=\"\" width=\"452\" height=\"311\" \/><\/a><\/p>\n<p data-pm-slice=\"1 1 []\">La idea que han tingut els <em>makers<\/em> s&#8217;ha reestructurat i ha quedat una proposta per a treballar a classe molt interessant, aix\u00ed que podem dir, que en Picasso tenia molta ra\u00f3, quan deia:<\/p>\n<ul>\n<li>Els <strong>bons<\/strong> artistes creen.<\/li>\n<li>Els &#8220;grans&#8221; artistes copien.<\/li>\n<\/ul>\n<p><strong>Ampliar el joc controlant el n\u00famero de regals:<\/strong><\/p>\n<ul>\n<li>En la primera part del joc:\n<ul>\n<li>Es crear\u00e0 la variable numRegals. (No introduir car\u00e0cters especials com accents, etc. ni espais dintre del nom d\u2019una variable)<\/li>\n<li>Cada vegada que entri un regal a la caixa, el n\u00famero de regals augmentar\u00e0.<\/li>\n<\/ul>\n<\/li>\n<li>En la segona part\u00a0 del joc:\n<ul>\n<li>Cauran a la neu tants regals com regals ha capturat la caixa en la primera part del joc.<\/li>\n<\/ul>\n<\/li>\n<\/ul>\n<p><a href=\"https:\/\/agora.xtec.cat\/ceipsesmondolo\/wp-content\/uploads\/usu311\/2024\/12\/Captura-de-pantalla-de-2024-12-15-17-58-22.png\"><img loading=\"lazy\" decoding=\"async\" class=\"size-large wp-image-9882 aligncenter\" src=\"https:\/\/agora.xtec.cat\/ceipsesmondolo\/wp-content\/uploads\/usu311\/2024\/12\/Captura-de-pantalla-de-2024-12-15-17-58-22-1024x624.png\" sizes=\"auto, (max-width: 1024px) 100vw, 1024px\" srcset=\"https:\/\/agora.xtec.cat\/ceipsesmondolo\/wp-content\/uploads\/usu311\/2024\/12\/Captura-de-pantalla-de-2024-12-15-17-58-22-1024x624.png 1024w, https:\/\/agora.xtec.cat\/ceipsesmondolo\/wp-content\/uploads\/usu311\/2024\/12\/Captura-de-pantalla-de-2024-12-15-17-58-22-300x183.png 300w, https:\/\/agora.xtec.cat\/ceipsesmondolo\/wp-content\/uploads\/usu311\/2024\/12\/Captura-de-pantalla-de-2024-12-15-17-58-22-768x468.png 768w, https:\/\/agora.xtec.cat\/ceipsesmondolo\/wp-content\/uploads\/usu311\/2024\/12\/Captura-de-pantalla-de-2024-12-15-17-58-22.png 1487w\" alt=\"\" width=\"1024\" height=\"624\" \/><\/a><\/p>\n<p>&nbsp;<\/p>\n<p><strong>Ara augmentar la dificultat del joc, augmentant la velocitat de baixada dels regals<\/strong><\/p>\n<ul>\n<li>Es crear\u00e0 la variable controlVelocitat.<\/li>\n<li>El valor de la variable controlVelocitat podria variar seguin una d\u2019aquestes dos propostes.<\/li>\n<\/ul>\n<table class=\" aligncenter\" style=\"width: 37.8208%; height: 1075px;\">\n<tbody>\n<tr>\n<td><a href=\"https:\/\/agora.xtec.cat\/ceipsesmondolo\/wp-content\/uploads\/usu311\/2024\/12\/Captura-de-pantalla-de-2024-12-15-18-16-43.png\"><img loading=\"lazy\" decoding=\"async\" class=\"alignnone size-large wp-image-9885\" src=\"https:\/\/agora.xtec.cat\/ceipsesmondolo\/wp-content\/uploads\/usu311\/2024\/12\/Captura-de-pantalla-de-2024-12-15-18-16-43-461x1024.png\" sizes=\"auto, (max-width: 461px) 100vw, 461px\" srcset=\"https:\/\/agora.xtec.cat\/ceipsesmondolo\/wp-content\/uploads\/usu311\/2024\/12\/Captura-de-pantalla-de-2024-12-15-18-16-43-461x1024.png 461w, https:\/\/agora.xtec.cat\/ceipsesmondolo\/wp-content\/uploads\/usu311\/2024\/12\/Captura-de-pantalla-de-2024-12-15-18-16-43-135x300.png 135w, https:\/\/agora.xtec.cat\/ceipsesmondolo\/wp-content\/uploads\/usu311\/2024\/12\/Captura-de-pantalla-de-2024-12-15-18-16-43.png 684w\" alt=\"\" width=\"461\" height=\"1024\" \/><\/a><\/td>\n<td><a href=\"https:\/\/agora.xtec.cat\/ceipsesmondolo\/wp-content\/uploads\/usu311\/2024\/12\/Captura-de-pantalla-de-2024-12-15-18-12-52.png\"><img loading=\"lazy\" decoding=\"async\" class=\"alignnone size-large wp-image-9884\" src=\"https:\/\/agora.xtec.cat\/ceipsesmondolo\/wp-content\/uploads\/usu311\/2024\/12\/Captura-de-pantalla-de-2024-12-15-18-12-52-461x1024.png\" sizes=\"auto, (max-width: 461px) 100vw, 461px\" srcset=\"https:\/\/agora.xtec.cat\/ceipsesmondolo\/wp-content\/uploads\/usu311\/2024\/12\/Captura-de-pantalla-de-2024-12-15-18-12-52-461x1024.png 461w, https:\/\/agora.xtec.cat\/ceipsesmondolo\/wp-content\/uploads\/usu311\/2024\/12\/Captura-de-pantalla-de-2024-12-15-18-12-52-135x300.png 135w, https:\/\/agora.xtec.cat\/ceipsesmondolo\/wp-content\/uploads\/usu311\/2024\/12\/Captura-de-pantalla-de-2024-12-15-18-12-52.png 684w\" alt=\"\" width=\"461\" height=\"1024\" \/><\/a><\/td>\n<\/tr>\n<\/tbody>\n<\/table>\n<p>&nbsp;<\/p>\n<p>I finalment la velocitat s\u2019hauria de gestionar en base a una d\u2019aquestes dues maneres:<\/p>\n<table class=\" aligncenter\" style=\"width: 58.0734%; height: 872px;\">\n<tbody>\n<tr>\n<td style=\"width: 49.7962%;\"><a href=\"https:\/\/agora.xtec.cat\/ceipsesmondolo\/wp-content\/uploads\/usu311\/2024\/12\/Captura-de-pantalla-de-2024-12-15-18-25-38.png\"><img loading=\"lazy\" decoding=\"async\" class=\"alignnone size-full wp-image-9887\" src=\"https:\/\/agora.xtec.cat\/ceipsesmondolo\/wp-content\/uploads\/usu311\/2024\/12\/Captura-de-pantalla-de-2024-12-15-18-25-38.png\" sizes=\"auto, (max-width: 715px) 100vw, 715px\" srcset=\"https:\/\/agora.xtec.cat\/ceipsesmondolo\/wp-content\/uploads\/usu311\/2024\/12\/Captura-de-pantalla-de-2024-12-15-18-25-38.png 715w, https:\/\/agora.xtec.cat\/ceipsesmondolo\/wp-content\/uploads\/usu311\/2024\/12\/Captura-de-pantalla-de-2024-12-15-18-25-38-245x300.png 245w\" alt=\"\" width=\"715\" height=\"876\" \/><\/a><\/td>\n<td style=\"width: 49.7962%;\"><a href=\"https:\/\/agora.xtec.cat\/ceipsesmondolo\/wp-content\/uploads\/usu311\/2024\/12\/Captura-de-pantalla-de-2024-12-15-18-23-35.png\"><img loading=\"lazy\" decoding=\"async\" class=\"alignnone size-full wp-image-9886\" src=\"https:\/\/agora.xtec.cat\/ceipsesmondolo\/wp-content\/uploads\/usu311\/2024\/12\/Captura-de-pantalla-de-2024-12-15-18-23-35.png\" sizes=\"auto, (max-width: 715px) 100vw, 715px\" srcset=\"https:\/\/agora.xtec.cat\/ceipsesmondolo\/wp-content\/uploads\/usu311\/2024\/12\/Captura-de-pantalla-de-2024-12-15-18-23-35.png 715w, https:\/\/agora.xtec.cat\/ceipsesmondolo\/wp-content\/uploads\/usu311\/2024\/12\/Captura-de-pantalla-de-2024-12-15-18-23-35-245x300.png 245w\" alt=\"\" width=\"715\" height=\"876\" \/><\/a><\/td>\n<\/tr>\n<\/tbody>\n<\/table>\n<p>&nbsp;<\/p>\n<p>&nbsp;<\/p>\n","protected":false},"excerpt":{"rendered":"<p>Si ho vols reinventar: <a href=\"https:\/\/scratch.mit.edu\/projects\/1110695914\">Bon Nadal<\/a><br \/>\nAquesta proposta de Scratch \u00e9s una variant del treball que es va fer per\u00a0<a href=\"https:\/\/agora.xtec.cat\/ceipsesmondolo\/steam\/scratch\/fresas-y-bol\/\">Tots Sants a l\u2019escoles SESMON<\/a> i a la ZER Moian\u00e8s Llevant temps enrere. La variant ha estat aportada pels Makers del Moian\u00e8s, que han substitu\u00eft&hellip;  <a href=\"https:\/\/agora.xtec.cat\/zermoianesllevant\/steam\/scratch-3-0\/bon-nadal\/\" title=\"Read Bon Nadal\">Llegeix m\u00e9s\u00bb<\/a><\/p>\n","protected":false},"author":1,"featured_media":0,"parent":7878,"menu_order":220,"comment_status":"closed","ping_status":"closed","template":"page-templates\/side-menu.php","meta":{"_bbp_topic_count":0,"_bbp_reply_count":0,"_bbp_total_topic_count":0,"_bbp_total_reply_count":0,"_bbp_voice_count":0,"_bbp_anonymous_reply_count":0,"_bbp_topic_count_hidden":0,"_bbp_reply_count_hidden":0,"_bbp_forum_subforum_count":0,"footnotes":""},"class_list":["post-10369","page","type-page","status-publish","hentry"],"post_mailing_queue_ids":[],"_links":{"self":[{"href":"https:\/\/agora.xtec.cat\/zermoianesllevant\/wp-json\/wp\/v2\/pages\/10369","targetHints":{"allow":["GET"]}}],"collection":[{"href":"https:\/\/agora.xtec.cat\/zermoianesllevant\/wp-json\/wp\/v2\/pages"}],"about":[{"href":"https:\/\/agora.xtec.cat\/zermoianesllevant\/wp-json\/wp\/v2\/types\/page"}],"author":[{"embeddable":true,"href":"https:\/\/agora.xtec.cat\/zermoianesllevant\/wp-json\/wp\/v2\/users\/1"}],"replies":[{"embeddable":true,"href":"https:\/\/agora.xtec.cat\/zermoianesllevant\/wp-json\/wp\/v2\/comments?post=10369"}],"version-history":[{"count":6,"href":"https:\/\/agora.xtec.cat\/zermoianesllevant\/wp-json\/wp\/v2\/pages\/10369\/revisions"}],"predecessor-version":[{"id":10382,"href":"https:\/\/agora.xtec.cat\/zermoianesllevant\/wp-json\/wp\/v2\/pages\/10369\/revisions\/10382"}],"up":[{"embeddable":true,"href":"https:\/\/agora.xtec.cat\/zermoianesllevant\/wp-json\/wp\/v2\/pages\/7878"}],"wp:attachment":[{"href":"https:\/\/agora.xtec.cat\/zermoianesllevant\/wp-json\/wp\/v2\/media?parent=10369"}],"curies":[{"name":"wp","href":"https:\/\/api.w.org\/{rel}","templated":true}]}}