{"id":10247,"date":"2024-07-07T20:42:32","date_gmt":"2024-07-07T18:42:32","guid":{"rendered":"https:\/\/agora.xtec.cat\/zermoianesllevant\/?page_id=10247"},"modified":"2024-07-08T12:35:44","modified_gmt":"2024-07-08T10:35:44","slug":"material-steam-a-la-zer","status":"publish","type":"page","link":"https:\/\/agora.xtec.cat\/zermoianesllevant\/steam\/pla-deducacio-digital-de-catalunya-curs-2023-24\/material-steam-a-la-zer\/","title":{"rendered":"Material STEAM a la ZER"},"content":{"rendered":"<p>Actualment la ZER t\u00e9 el seg\u00fcent material STEAM;<\/p>\n<table style=\"border-collapse: collapse; width: 60.0675%; height: 320px;\">\n<tbody>\n<tr style=\"height: 32px;\">\n<td style=\"width: 25%; height: 32px; text-align: center;\"><\/td>\n<td style=\"width: 7.60838%; height: 32px; text-align: center;\"><strong>Collsuspina<\/strong><\/td>\n<td style=\"width: 8.46482%; height: 32px; text-align: center;\"><strong>L&#8217;Estany<\/strong><\/td>\n<td style=\"width: 11.851%; height: 32px; text-align: center;\"><strong>Sant Quirze<\/strong><br \/>\n<strong>Safaja<\/strong><\/td>\n<td style=\"width: 7.73468%; text-align: center;\"><strong>Curs<\/strong><\/td>\n<\/tr>\n<tr style=\"height: 32px;\">\n<td style=\"width: 25%; height: 32px;\"><a href=\"https:\/\/agora.xtec.cat\/zermoianesllevant\/steam\/lego-mindstorm-ev3\/\">LEGO MINDSTORMS EV3<\/a><\/td>\n<td style=\"width: 7.60838%; height: 32px;\"><\/td>\n<td style=\"width: 8.46482%; height: 32px;\"><\/td>\n<td style=\"width: 11.851%; height: 32px;\"><\/td>\n<td style=\"width: 7.73468%;\"><\/td>\n<\/tr>\n<tr style=\"height: 32px;\">\n<td style=\"width: 25%; height: 32px;\">Microcontrolador Arduino<\/td>\n<td style=\"width: 7.60838%; height: 32px;\"><\/td>\n<td style=\"width: 8.46482%; height: 32px;\"><\/td>\n<td style=\"width: 11.851%; height: 32px;\"><\/td>\n<td style=\"width: 7.73468%;\"><\/td>\n<\/tr>\n<tr style=\"height: 32px;\">\n<td style=\"width: 25%; height: 32px;\">Microcontrolador Micro:bit<\/td>\n<td style=\"width: 7.60838%; height: 32px;\"><\/td>\n<td style=\"width: 8.46482%; height: 32px;\"><\/td>\n<td style=\"width: 11.851%; height: 32px;\"><\/td>\n<td style=\"width: 7.73468%;\"><\/td>\n<\/tr>\n<tr style=\"height: 32px;\">\n<td style=\"width: 25%; height: 32px;\">Codey Rocky<\/td>\n<td style=\"width: 7.60838%; height: 32px;\"><\/td>\n<td style=\"width: 8.46482%; height: 32px;\"><\/td>\n<td style=\"width: 11.851%; height: 32px;\"><\/td>\n<td style=\"width: 7.73468%;\"><\/td>\n<\/tr>\n<tr style=\"height: 32px;\">\n<td style=\"width: 25%; height: 32px;\">SPIKE Prime<\/td>\n<td style=\"width: 7.60838%; height: 32px;\"><\/td>\n<td style=\"width: 8.46482%; height: 32px;\"><\/td>\n<td style=\"width: 11.851%; height: 32px;\"><\/td>\n<td style=\"width: 7.73468%;\"><\/td>\n<\/tr>\n<tr style=\"height: 32px;\">\n<td style=\"width: 25%; height: 32px;\">Tale Bot<\/td>\n<td style=\"width: 7.60838%; height: 32px;\"><\/td>\n<td style=\"width: 8.46482%; height: 32px;\"><\/td>\n<td style=\"width: 11.851%; height: 32px;\"><\/td>\n<td style=\"width: 7.73468%;\"><\/td>\n<\/tr>\n<tr style=\"height: 32px;\">\n<td style=\"width: 25%; height: 32px;\">micro:shield ebotics<\/td>\n<td style=\"width: 7.60838%; height: 32px;\"><\/td>\n<td style=\"width: 8.46482%; height: 32px;\"><\/td>\n<td style=\"width: 11.851%; height: 32px;\"><\/td>\n<td style=\"width: 7.73468%;\"><\/td>\n<\/tr>\n<tr style=\"height: 32px;\">\n<td style=\"width: 25%; height: 32px;\">Sensors i actuadors prim\u00e0ria<\/td>\n<td style=\"width: 7.60838%; height: 32px;\"><\/td>\n<td style=\"width: 8.46482%; height: 32px;\"><\/td>\n<td style=\"width: 11.851%; height: 32px;\"><\/td>\n<td style=\"width: 7.73468%;\"><\/td>\n<\/tr>\n<tr style=\"height: 32px;\">\n<td style=\"width: 25%; height: 32px;\">Kits d&#8217;activitats<\/td>\n<td style=\"width: 7.60838%; height: 32px;\"><\/td>\n<td style=\"width: 8.46482%; height: 32px;\"><\/td>\n<td style=\"width: 11.851%; height: 32px;\"><\/td>\n<td style=\"width: 7.73468%;\"><\/td>\n<\/tr>\n<tr>\n<td style=\"width: 25%;\">Code and Go<\/td>\n<td style=\"width: 7.60838%;\"><\/td>\n<td style=\"width: 8.46482%;\"><\/td>\n<td style=\"width: 11.851%;\"><\/td>\n<td style=\"width: 7.73468%;\"><\/td>\n<\/tr>\n<tr>\n<td style=\"width: 25%;\">Otto<\/td>\n<td style=\"width: 7.60838%;\"><\/td>\n<td style=\"width: 8.46482%;\"><\/td>\n<td style=\"width: 11.851%;\"><\/td>\n<td style=\"width: 7.73468%;\"><\/td>\n<\/tr>\n<\/tbody>\n<\/table>\n<p>Independent del material f\u00edsic, existeix la possibilitat de treballs virtualitzats, \u00e9s a dir faines que es poden fer, per exemple, en un ordinador, com \u00e9s:<\/p>\n<p>SCRATCH<\/p>\n<p>TINKERCAT<\/p>\n<p><a href=\"https:\/\/makecode.microbit.org\/\">Makecode:microbit<\/a><\/p>\n","protected":false},"excerpt":{"rendered":"<p>Actualment la ZER t\u00e9 el seg\u00fcent material STEAM;<\/p>\n<p>Collsuspina<br \/>\nL&#8217;Estany<br \/>\nSant Quirze<br \/>\nSafaja<br \/>\nCurs<\/p>\n<p><a href=\"https:\/\/agora.xtec.cat\/zermoianesllevant\/steam\/lego-mindstorm-ev3\/\">LEGO MINDSTORMS EV3<\/a><\/p>\n<p>Microcontrolador Arduino<\/p>\n<p>Microcontrolador Micro:bit<\/p>\n<p>Codey Rocky<\/p>\n<p>SPIKE Prime<\/p>\n<p>Tale Bot<\/p>\n<p>micro:shield ebotics<\/p>\n<p>Sensors i actuadors prim\u00e0ria<\/p>\n<p>Kits d&#8217;activitats<\/p>\n<p>Code and Go<\/p>\n<p>Otto<\/p>\n<p>Independent del material f\u00edsic, existeix la possibilitat de treballs virtualitzats, \u00e9s a dir faines que es poden fer, per exemple, en un&hellip;  <a href=\"https:\/\/agora.xtec.cat\/zermoianesllevant\/steam\/pla-deducacio-digital-de-catalunya-curs-2023-24\/material-steam-a-la-zer\/\" title=\"Read Material STEAM a la ZER\">Llegeix m\u00e9s\u00bb<\/a><\/p>\n","protected":false},"author":1,"featured_media":0,"parent":10214,"menu_order":10,"comment_status":"closed","ping_status":"closed","template":"page-templates\/side-menu.php","meta":{"_bbp_topic_count":0,"_bbp_reply_count":0,"_bbp_total_topic_count":0,"_bbp_total_reply_count":0,"_bbp_voice_count":0,"_bbp_anonymous_reply_count":0,"_bbp_topic_count_hidden":0,"_bbp_reply_count_hidden":0,"_bbp_forum_subforum_count":0,"footnotes":""},"class_list":["post-10247","page","type-page","status-publish","hentry"],"post_mailing_queue_ids":[],"_links":{"self":[{"href":"https:\/\/agora.xtec.cat\/zermoianesllevant\/wp-json\/wp\/v2\/pages\/10247","targetHints":{"allow":["GET"]}}],"collection":[{"href":"https:\/\/agora.xtec.cat\/zermoianesllevant\/wp-json\/wp\/v2\/pages"}],"about":[{"href":"https:\/\/agora.xtec.cat\/zermoianesllevant\/wp-json\/wp\/v2\/types\/page"}],"author":[{"embeddable":true,"href":"https:\/\/agora.xtec.cat\/zermoianesllevant\/wp-json\/wp\/v2\/users\/1"}],"replies":[{"embeddable":true,"href":"https:\/\/agora.xtec.cat\/zermoianesllevant\/wp-json\/wp\/v2\/comments?post=10247"}],"version-history":[{"count":7,"href":"https:\/\/agora.xtec.cat\/zermoianesllevant\/wp-json\/wp\/v2\/pages\/10247\/revisions"}],"predecessor-version":[{"id":10261,"href":"https:\/\/agora.xtec.cat\/zermoianesllevant\/wp-json\/wp\/v2\/pages\/10247\/revisions\/10261"}],"up":[{"embeddable":true,"href":"https:\/\/agora.xtec.cat\/zermoianesllevant\/wp-json\/wp\/v2\/pages\/10214"}],"wp:attachment":[{"href":"https:\/\/agora.xtec.cat\/zermoianesllevant\/wp-json\/wp\/v2\/media?parent=10247"}],"curies":[{"name":"wp","href":"https:\/\/api.w.org\/{rel}","templated":true}]}}