{"id":10234,"date":"2024-07-01T17:53:40","date_gmt":"2024-07-01T15:53:40","guid":{"rendered":"https:\/\/agora.xtec.cat\/zermoianesllevant\/?page_id=10234"},"modified":"2024-07-09T23:05:14","modified_gmt":"2024-07-09T21:05:14","slug":"cotxe-electric-programable","status":"publish","type":"page","link":"https:\/\/agora.xtec.cat\/zermoianesllevant\/steam\/cotxe-electric-programable\/","title":{"rendered":"Cotxe el\u00e8ctric programable."},"content":{"rendered":"<p>El\u00a0 cotxe el\u00e8ctric programable ha estat seleccionat per el professorat de la ZER Moian\u00e8s llevant com el t\u00edtol del projecte a seguir per tots els cursos de prim\u00e0ria.<\/p>\n<p>El cotxe el\u00e8ctric programable, ser\u00e0 un concepte &#8220;virtual&#8221; qu\u00e8\u00a0 permetr\u00e0 tenir un primer contacte amb tot el material nou que ha enviat el departament d&#8217;ensenyament a la ZER.<\/p>\n<p>&nbsp;<\/p>\n","protected":false},"excerpt":{"rendered":"<p>El\u00a0 cotxe el\u00e8ctric programable ha estat seleccionat per el professorat de la ZER Moian\u00e8s llevant com el t\u00edtol del projecte a seguir per tots els cursos de prim\u00e0ria.<br \/>\nEl cotxe el\u00e8ctric programable, ser\u00e0 un concepte &#8220;virtual&#8221; qu\u00e8\u00a0 permetr\u00e0 tenir un primer contacte amb tot el material&hellip;  <a href=\"https:\/\/agora.xtec.cat\/zermoianesllevant\/steam\/cotxe-electric-programable\/\" title=\"Read Cotxe el\u00e8ctric programable.\">Llegeix m\u00e9s\u00bb<\/a><\/p>\n","protected":false},"author":1,"featured_media":0,"parent":7808,"menu_order":3,"comment_status":"closed","ping_status":"closed","template":"page-templates\/side-menu.php","meta":{"_bbp_topic_count":0,"_bbp_reply_count":0,"_bbp_total_topic_count":0,"_bbp_total_reply_count":0,"_bbp_voice_count":0,"_bbp_anonymous_reply_count":0,"_bbp_topic_count_hidden":0,"_bbp_reply_count_hidden":0,"_bbp_forum_subforum_count":0,"footnotes":""},"class_list":["post-10234","page","type-page","status-publish","hentry"],"post_mailing_queue_ids":[],"_links":{"self":[{"href":"https:\/\/agora.xtec.cat\/zermoianesllevant\/wp-json\/wp\/v2\/pages\/10234","targetHints":{"allow":["GET"]}}],"collection":[{"href":"https:\/\/agora.xtec.cat\/zermoianesllevant\/wp-json\/wp\/v2\/pages"}],"about":[{"href":"https:\/\/agora.xtec.cat\/zermoianesllevant\/wp-json\/wp\/v2\/types\/page"}],"author":[{"embeddable":true,"href":"https:\/\/agora.xtec.cat\/zermoianesllevant\/wp-json\/wp\/v2\/users\/1"}],"replies":[{"embeddable":true,"href":"https:\/\/agora.xtec.cat\/zermoianesllevant\/wp-json\/wp\/v2\/comments?post=10234"}],"version-history":[{"count":3,"href":"https:\/\/agora.xtec.cat\/zermoianesllevant\/wp-json\/wp\/v2\/pages\/10234\/revisions"}],"predecessor-version":[{"id":10237,"href":"https:\/\/agora.xtec.cat\/zermoianesllevant\/wp-json\/wp\/v2\/pages\/10234\/revisions\/10237"}],"up":[{"embeddable":true,"href":"https:\/\/agora.xtec.cat\/zermoianesllevant\/wp-json\/wp\/v2\/pages\/7808"}],"wp:attachment":[{"href":"https:\/\/agora.xtec.cat\/zermoianesllevant\/wp-json\/wp\/v2\/media?parent=10234"}],"curies":[{"name":"wp","href":"https:\/\/api.w.org\/{rel}","templated":true}]}}