{"id":10200,"date":"2024-06-24T19:32:50","date_gmt":"2024-06-24T17:32:50","guid":{"rendered":"https:\/\/agora.xtec.cat\/zermoianesllevant\/?page_id=10200"},"modified":"2024-06-24T19:32:50","modified_gmt":"2024-06-24T17:32:50","slug":"activitats-extraescolars-paralleles-al-curs-2023-2024","status":"publish","type":"page","link":"https:\/\/agora.xtec.cat\/zermoianesllevant\/steam\/introduccio\/activitats-extraescolars-paralleles-al-curs-2023-2024\/","title":{"rendered":"Activitats extraescolars paral\u00b7leles al curs 2023-2024"},"content":{"rendered":"<p>ALUMNES DE LA ZER MOIAN\u00c8S LLEVANT PARTICIPEN AMB L\u2019ADF QUERCUS A LA FIRA DE L\u2019ESTANY<br \/>\nEl proper 8 de desembre de 2023 es celebrar\u00e0 la 31a edici\u00f3 de la Fira de l\u2019Estany (Moian\u00e8s). Alumnes del grup de grans (4t, 5\u00e8 i 6\u00e8) la ZER Moian\u00e8s Llevant participaran conjuntament amb el grup ADF Quercus en explicar el projecte \u201cLluitadors contra els focs forestals\u201d.<br \/>\nEl grup de grans de les tres escoles rurals que formen part de la ZER \u2013 L\u2019Estany, Collsuspina i Sant Quirze Safaja- estan treballant aquest curs en projectes STEAM les causes, prevenci\u00f3 i predicci\u00f3 dels focs.<br \/>\nD\u2019aquesta manera es muntar\u00e0 una carpa amb els ADF on les criatures explicaran els seu projecte i faran diversos experiments: apagar foc amb CO2, explotar globus amb lupes i demostraran a trav\u00e9s de diferents sensors d\u2019humitat quin terreny pot ser m\u00e9s propens a incendiar-se, el qu\u00e8 seria a la realitat un Pla Alfa.<br \/>\nDes de la l\u2019ADF Quercus es creu que \u00e9s una bona iniciativa per crear una bona pedrera des de ja ben petits. A m\u00e9s activitats com aquestes fomenten l\u2019educaci\u00f3 360 a temps complet que va m\u00e9s enll\u00e0 de les 4 parets de l\u2019aula.<br \/>\nQui vulgui fer les diferents activitats trobaran la carpa de l\u2019ADF al centre del poble des de les 11 a les 13 del mat\u00ed.<\/p>\n<p><a href=\"https:\/\/agora.xtec.cat\/zermoianesllevant\/wp-content\/uploads\/usu130\/2024\/06\/Sensor-humitat-1.jpg\"><img loading=\"lazy\" decoding=\"async\" class=\"wp-image-10201 aligncenter\" src=\"https:\/\/agora.xtec.cat\/zermoianesllevant\/wp-content\/uploads\/usu130\/2024\/06\/Sensor-humitat-1.jpg\" alt=\"\" width=\"733\" height=\"1508\" srcset=\"https:\/\/agora.xtec.cat\/zermoianesllevant\/wp-content\/uploads\/usu130\/2024\/06\/Sensor-humitat-1.jpg 980w, https:\/\/agora.xtec.cat\/zermoianesllevant\/wp-content\/uploads\/usu130\/2024\/06\/Sensor-humitat-1-146x300.jpg 146w, https:\/\/agora.xtec.cat\/zermoianesllevant\/wp-content\/uploads\/usu130\/2024\/06\/Sensor-humitat-1-498x1024.jpg 498w, https:\/\/agora.xtec.cat\/zermoianesllevant\/wp-content\/uploads\/usu130\/2024\/06\/Sensor-humitat-1-768x1580.jpg 768w, https:\/\/agora.xtec.cat\/zermoianesllevant\/wp-content\/uploads\/usu130\/2024\/06\/Sensor-humitat-1-747x1536.jpg 747w\" sizes=\"auto, (max-width: 733px) 100vw, 733px\" \/><\/a><\/p>\n<p>&nbsp;<\/p>\n","protected":false},"excerpt":{"rendered":"<p>ALUMNES DE LA ZER MOIAN\u00c8S LLEVANT PARTICIPEN AMB L\u2019ADF QUERCUS A LA FIRA DE L\u2019ESTANY<br \/>\nEl proper 8 de desembre de 2023 es celebrar\u00e0 la 31a edici\u00f3 de la Fira de l\u2019Estany (Moian\u00e8s). Alumnes del grup de grans (4t, 5\u00e8 i 6\u00e8) la ZER Moian\u00e8s Llevant&hellip;  <a href=\"https:\/\/agora.xtec.cat\/zermoianesllevant\/steam\/introduccio\/activitats-extraescolars-paralleles-al-curs-2023-2024\/\" title=\"Read Activitats extraescolars paral\u00b7leles al curs 2023-2024\">Llegeix m\u00e9s\u00bb<\/a><\/p>\n","protected":false},"author":1,"featured_media":0,"parent":9829,"menu_order":50,"comment_status":"closed","ping_status":"closed","template":"page-templates\/side-menu.php","meta":{"_bbp_topic_count":0,"_bbp_reply_count":0,"_bbp_total_topic_count":0,"_bbp_total_reply_count":0,"_bbp_voice_count":0,"_bbp_anonymous_reply_count":0,"_bbp_topic_count_hidden":0,"_bbp_reply_count_hidden":0,"_bbp_forum_subforum_count":0,"footnotes":""},"class_list":["post-10200","page","type-page","status-publish","hentry"],"post_mailing_queue_ids":[],"_links":{"self":[{"href":"https:\/\/agora.xtec.cat\/zermoianesllevant\/wp-json\/wp\/v2\/pages\/10200","targetHints":{"allow":["GET"]}}],"collection":[{"href":"https:\/\/agora.xtec.cat\/zermoianesllevant\/wp-json\/wp\/v2\/pages"}],"about":[{"href":"https:\/\/agora.xtec.cat\/zermoianesllevant\/wp-json\/wp\/v2\/types\/page"}],"author":[{"embeddable":true,"href":"https:\/\/agora.xtec.cat\/zermoianesllevant\/wp-json\/wp\/v2\/users\/1"}],"replies":[{"embeddable":true,"href":"https:\/\/agora.xtec.cat\/zermoianesllevant\/wp-json\/wp\/v2\/comments?post=10200"}],"version-history":[{"count":1,"href":"https:\/\/agora.xtec.cat\/zermoianesllevant\/wp-json\/wp\/v2\/pages\/10200\/revisions"}],"predecessor-version":[{"id":10203,"href":"https:\/\/agora.xtec.cat\/zermoianesllevant\/wp-json\/wp\/v2\/pages\/10200\/revisions\/10203"}],"up":[{"embeddable":true,"href":"https:\/\/agora.xtec.cat\/zermoianesllevant\/wp-json\/wp\/v2\/pages\/9829"}],"wp:attachment":[{"href":"https:\/\/agora.xtec.cat\/zermoianesllevant\/wp-json\/wp\/v2\/media?parent=10200"}],"curies":[{"name":"wp","href":"https:\/\/api.w.org\/{rel}","templated":true}]}}