{"id":10069,"date":"2024-03-04T09:33:51","date_gmt":"2024-03-04T08:33:51","guid":{"rendered":"https:\/\/agora.xtec.cat\/zermoianesllevant\/?page_id=10069"},"modified":"2024-03-19T08:50:54","modified_gmt":"2024-03-19T07:50:54","slug":"sensor-sonda-de-humedad-del-suelo-tierra","status":"publish","type":"page","link":"https:\/\/agora.xtec.cat\/zermoianesllevant\/steam\/tinkercad\/sensor-sonda-de-humedad-del-suelo-tierra\/","title":{"rendered":"Sensor (sonda) de humedad del suelo (tierra)"},"content":{"rendered":"<h1>Introducci\u00f3n<\/h1>\n<p>La humedad del suelo es un par\u00e1metro fundamental que es necesario conocer para poder hacer un manejo eficiente del riego o bien es un factor m\u00e1s a considerar si se est\u00e1 evaluando el riesgo de incendios. Se puede medir in situ mediante la instalaci\u00f3n en el suelo de sensores com\u00fanmente conocidos como sondas de humedad. Con ellos, podremos conocer de forma r\u00e1pida la humedad existente en la zona radicular, lo que nos va a permitir adaptar el riego a las necesidades del cultivo.<\/p>\n<p>Nuestra pr\u00e1ctica se puede seguir aqu\u00ed: <a href=\"https:\/\/agora.xtec.cat\/zermoianesllevant\/wp-content\/uploads\/usu130\/2024\/03\/17.0.00-T-ESP-Sensor-humedad-v2.pptx.pdf\">17.0.00-[T]-[ESP]-Sensor humedad-v2.pptx<\/a><\/p>\n","protected":false},"excerpt":{"rendered":"<p>Introducci\u00f3n<br \/>\nLa humedad del suelo es un par\u00e1metro fundamental que es necesario conocer para poder hacer un manejo eficiente del riego o bien es un factor m\u00e1s a considerar si se est\u00e1 evaluando el riesgo de incendios. Se puede medir in situ mediante la instalaci\u00f3n en&hellip;  <a href=\"https:\/\/agora.xtec.cat\/zermoianesllevant\/steam\/tinkercad\/sensor-sonda-de-humedad-del-suelo-tierra\/\" title=\"Read Sensor (sonda) de humedad del suelo (tierra)\">Llegeix m\u00e9s\u00bb<\/a><\/p>\n","protected":false},"author":1,"featured_media":0,"parent":8303,"menu_order":200,"comment_status":"closed","ping_status":"closed","template":"page-templates\/side-menu.php","meta":{"_bbp_topic_count":0,"_bbp_reply_count":0,"_bbp_total_topic_count":0,"_bbp_total_reply_count":0,"_bbp_voice_count":0,"_bbp_anonymous_reply_count":0,"_bbp_topic_count_hidden":0,"_bbp_reply_count_hidden":0,"_bbp_forum_subforum_count":0,"footnotes":""},"class_list":["post-10069","page","type-page","status-publish","hentry"],"post_mailing_queue_ids":[],"_links":{"self":[{"href":"https:\/\/agora.xtec.cat\/zermoianesllevant\/wp-json\/wp\/v2\/pages\/10069","targetHints":{"allow":["GET"]}}],"collection":[{"href":"https:\/\/agora.xtec.cat\/zermoianesllevant\/wp-json\/wp\/v2\/pages"}],"about":[{"href":"https:\/\/agora.xtec.cat\/zermoianesllevant\/wp-json\/wp\/v2\/types\/page"}],"author":[{"embeddable":true,"href":"https:\/\/agora.xtec.cat\/zermoianesllevant\/wp-json\/wp\/v2\/users\/1"}],"replies":[{"embeddable":true,"href":"https:\/\/agora.xtec.cat\/zermoianesllevant\/wp-json\/wp\/v2\/comments?post=10069"}],"version-history":[{"count":4,"href":"https:\/\/agora.xtec.cat\/zermoianesllevant\/wp-json\/wp\/v2\/pages\/10069\/revisions"}],"predecessor-version":[{"id":10118,"href":"https:\/\/agora.xtec.cat\/zermoianesllevant\/wp-json\/wp\/v2\/pages\/10069\/revisions\/10118"}],"up":[{"embeddable":true,"href":"https:\/\/agora.xtec.cat\/zermoianesllevant\/wp-json\/wp\/v2\/pages\/8303"}],"wp:attachment":[{"href":"https:\/\/agora.xtec.cat\/zermoianesllevant\/wp-json\/wp\/v2\/media?parent=10069"}],"curies":[{"name":"wp","href":"https:\/\/api.w.org\/{rel}","templated":true}]}}