{"id":297,"date":"2015-07-20T13:42:10","date_gmt":"2015-07-20T12:42:10","guid":{"rendered":"http:\/\/agora.xtec.cat\/zermoianes\/?page_id=297"},"modified":"2024-03-01T09:46:17","modified_gmt":"2024-03-01T08:46:17","slug":"que-fem","status":"publish","type":"page","link":"https:\/\/agora.xtec.cat\/zermoianes\/que-fem\/","title":{"rendered":"Objectius"},"content":{"rendered":"<ul style=\"list-style-type: disc;\">\n<li>Aconseguir una educaci\u00f3 integradora basada en el respecte a les difer\u00e8ncies d&#8217;edat, sexe, capacitats i proced\u00e8ncia.<\/li>\n<li>Fomentar la valoraci\u00f3 i estimaci\u00f3 del propi medi.<\/li>\n<li>Donar una atenci\u00f3\u00a0 i tracte personalitzat a cada infant dins de la din\u00e0mica diversa de cada grup, atenent a la seva pr\u00f2pia evoluci\u00f3.<\/li>\n<li>Establir una bona relaci\u00f3 mestre-alumne-fam\u00edlia en tot el proc\u00e9s curricular.<\/li>\n<li>Adequar el curr\u00edculum\u00a0 a un entorn d&#8217;aula composat per diversos nivells.<\/li>\n<li>Planificar les\u00a0 activitats de manera que afavoreixin la conviv\u00e8ncia entre nivells, edats i sexes, aix\u00ed com entre els pobles ve\u00efns.<\/li>\n<li>Elaborar programes que desenvolupin una din\u00e0mica de treball a diferents nivells: individual, petits grups, grup-classe, escola i zona.<\/li>\n<li>Crear din\u00e0miques que aconsegueixin que els nens i nenes siguin conscients de les seves possibilitats i mancances, de manera que ells mateixos siguin els protagonistes del seu propi proc\u00e9s d&#8217;aprenentatge.<\/li>\n<\/ul>\n<p>El treball a la classe est\u00e0 organitzat de manera que els nens i nenes vagin construint els seus aprenentatges durant la seva estada a l&#8217;escola i, a m\u00e9s a m\u00e9s, adquireixin elements suficients per poder continuar aprenent quan deixin l&#8217;ambient escolar.<\/p>\n<p>Per tot aix\u00f2, intentem treballar a partir de la realitat de cada infant per avan\u00e7ar significament en l&#8217;adquisici\u00f3 dels diferents aprenentatges, posant \u00e8mfasi\u00a0 tant en els resultats com en els processos.<\/p>\n<p>L&#8217;organitzaci\u00f3 de les comunitats es basa en propiciar un marc d&#8217;investigaci\u00f3, descoberta i reflexi\u00f3 sobre els temes que volem treballar, ja sigui perqu\u00e8 s&#8217;han escollit en assemblea o b\u00e9 perqu\u00e8 venen donats pel Disseny Curricular corresponent.<\/p>\n<p>La materialitzaci\u00f3 d&#8217;aquesta manera de treballar \u00e9s la seg\u00fcent:<\/p>\n<ul style=\"list-style-type: disc;\">\n<li>El treball sistem\u00e0tic<\/li>\n<li>El treball per descobriment<\/li>\n<li>El treball d&#8217;organitzaci\u00f3 i autonomia personal (racons, espais, ambients, tasques, plans de treball individuals, h\u00e0bits d&#8217;autonomia b\u00e0sics, organitzaci\u00f3 per agenda, organitzaci\u00f3 per assemblea &#8230;)<\/li>\n<\/ul>\n","protected":false},"excerpt":{"rendered":"<ul style=\"list-style-type: disc;\">\n<li>Aconseguir una educaci\u00f3 integradora basada en el respecte a les difer\u00e8ncies d&#8217;edat, sexe, capacitats i proced\u00e8ncia.<\/li>\n<li>Fomentar la valoraci\u00f3 i estimaci\u00f3 del propi medi.<\/li>\n<li>Donar una atenci\u00f3\u00a0 i tracte personalitzat a cada infant dins de la din\u00e0mica diversa de cada grup, atenent a la seva&hellip;  <a href=\"https:\/\/agora.xtec.cat\/zermoianes\/que-fem\/\" title=\"Read Objectius\">Llegeix m\u00e9s\u00bb<\/a><br \/>\n","protected":false},"author":1,"featured_media":0,"parent":0,"menu_order":40,"comment_status":"closed","ping_status":"closed","template":"page-templates\/side-menu.php","meta":{"_bbp_topic_count":0,"_bbp_reply_count":0,"_bbp_total_topic_count":0,"_bbp_total_reply_count":0,"_bbp_voice_count":0,"_bbp_anonymous_reply_count":0,"_bbp_topic_count_hidden":0,"_bbp_reply_count_hidden":0,"_bbp_forum_subforum_count":0,"footnotes":""},"class_list":["post-297","page","type-page","status-publish","hentry"],"post_mailing_queue_ids":[],"_links":{"self":[{"href":"https:\/\/agora.xtec.cat\/zermoianes\/wp-json\/wp\/v2\/pages\/297","targetHints":{"allow":["GET"]}}],"collection":[{"href":"https:\/\/agora.xtec.cat\/zermoianes\/wp-json\/wp\/v2\/pages"}],"about":[{"href":"https:\/\/agora.xtec.cat\/zermoianes\/wp-json\/wp\/v2\/types\/page"}],"author":[{"embeddable":true,"href":"https:\/\/agora.xtec.cat\/zermoianes\/wp-json\/wp\/v2\/users\/1"}],"replies":[{"embeddable":true,"href":"https:\/\/agora.xtec.cat\/zermoianes\/wp-json\/wp\/v2\/comments?post=297"}],"version-history":[{"count":6,"href":"https:\/\/agora.xtec.cat\/zermoianes\/wp-json\/wp\/v2\/pages\/297\/revisions"}],"predecessor-version":[{"id":767,"href":"https:\/\/agora.xtec.cat\/zermoianes\/wp-json\/wp\/v2\/pages\/297\/revisions\/767"}],"wp:attachment":[{"href":"https:\/\/agora.xtec.cat\/zermoianes\/wp-json\/wp\/v2\/media?parent=297"}],"curies":[{"name":"wp","href":"https:\/\/api.w.org\/{rel}","templated":true}]}}