{"id":258,"date":"2024-01-01T12:40:06","date_gmt":"2024-01-01T11:40:06","guid":{"rendered":"http:\/\/agora.xtec.cat\/zermoianes\/?page_id=258"},"modified":"2025-10-08T15:56:09","modified_gmt":"2025-10-08T13:56:09","slug":"qui-som","status":"publish","type":"page","link":"https:\/\/agora.xtec.cat\/zermoianes\/qui-som\/","title":{"rendered":"Qui som"},"content":{"rendered":"<p>La Zona Escolar Rural El Moian\u00e8s Ponent, \u00e9s una unitat escolar p\u00fablica que forma part d&#8217;unes Comunitats Educatives integrades per les escoles de Cabrianes, Calders, Monistrol de Calders i Mura.<\/p>\n<blockquote><p>L\u2019Escola Rural, l\u2019escola de les tres \u201cP\u201d: Petita, de Poble i P\u00fablica, \u00e9s una escola arrelada al territori, que d\u00f3na vida al municipi, que a vegades n\u2019\u00e9s el pal de paller i\/o dinamitzadora d\u2019una part de la vida que el poble genera, que aglutina activitats, persones, i que \u00e9s motiu de trobada i aprenentatge<\/p><\/blockquote>\n<p>La zona escolar rural t\u00e9 consideraci\u00f3 de centre educatiu \u00fanic amb les caracter\u00edstiques i els efectes que es determinen en el <a href=\"http:\/\/dogc.gencat.cat\/ca\/pdogc_canals_interns\/pdogc_resultats_fitxa\/?documentId=545262&amp;language=ca_ES&amp;action=fitxa\" target=\"_blank\" rel=\"noopener\">Decret 102\/2010, de 3 d\u2019agost d\u2019autonomia dels centres educatius<\/a>, sense perjudici de respectar la identitat jur\u00eddica de cadascuna de les escoles que la integren.<\/p>\n<p>&nbsp;<\/p>\n<p><span style=\"text-decoration: underline;\"><strong>EQUIP DOCENT DE LES DIFERENTS ESCOLES<\/strong><\/span><\/p>\n<p>ESCOLA ANTON BUSQUETS I PUNSET (CALDERS):<\/p>\n<p>ESCOLA L&#8217;ESQUEIX (MONISTROL DE CALDERS):<\/p>\n<p>ESCOLA ELS PINS (CABRIANES):<\/p>\n<p>ESCOLA VALL DE N\u00c9SPOLA (MURA):<\/p>\n<p>&nbsp;<\/p>\n","protected":false},"excerpt":{"rendered":"<p>La Zona Escolar Rural El Moian\u00e8s Ponent, \u00e9s una unitat escolar p\u00fablica que forma part d&#8217;unes Comunitats Educatives integrades per les escoles de Cabrianes, Calders, Monistrol de Calders i Mura.<br \/>\nL\u2019Escola Rural, l\u2019escola de les tres \u201cP\u201d: Petita, de Poble i P\u00fablica, \u00e9s una escola arrelada&hellip;  <a href=\"https:\/\/agora.xtec.cat\/zermoianes\/qui-som\/\" title=\"Read Qui som\">Llegeix m\u00e9s\u00bb<\/a><\/p>\n","protected":false},"author":1,"featured_media":0,"parent":0,"menu_order":0,"comment_status":"closed","ping_status":"closed","template":"page-templates\/side-menu.php","meta":{"_bbp_topic_count":0,"_bbp_reply_count":0,"_bbp_total_topic_count":0,"_bbp_total_reply_count":0,"_bbp_voice_count":0,"_bbp_anonymous_reply_count":0,"_bbp_topic_count_hidden":0,"_bbp_reply_count_hidden":0,"_bbp_forum_subforum_count":0,"footnotes":""},"class_list":["post-258","page","type-page","status-publish","hentry"],"post_mailing_queue_ids":[],"_links":{"self":[{"href":"https:\/\/agora.xtec.cat\/zermoianes\/wp-json\/wp\/v2\/pages\/258","targetHints":{"allow":["GET"]}}],"collection":[{"href":"https:\/\/agora.xtec.cat\/zermoianes\/wp-json\/wp\/v2\/pages"}],"about":[{"href":"https:\/\/agora.xtec.cat\/zermoianes\/wp-json\/wp\/v2\/types\/page"}],"author":[{"embeddable":true,"href":"https:\/\/agora.xtec.cat\/zermoianes\/wp-json\/wp\/v2\/users\/1"}],"replies":[{"embeddable":true,"href":"https:\/\/agora.xtec.cat\/zermoianes\/wp-json\/wp\/v2\/comments?post=258"}],"version-history":[{"count":7,"href":"https:\/\/agora.xtec.cat\/zermoianes\/wp-json\/wp\/v2\/pages\/258\/revisions"}],"predecessor-version":[{"id":797,"href":"https:\/\/agora.xtec.cat\/zermoianes\/wp-json\/wp\/v2\/pages\/258\/revisions\/797"}],"wp:attachment":[{"href":"https:\/\/agora.xtec.cat\/zermoianes\/wp-json\/wp\/v2\/media?parent=258"}],"curies":[{"name":"wp","href":"https:\/\/api.w.org\/{rel}","templated":true}]}}