{"id":7,"date":"2014-09-12T10:14:31","date_gmt":"2014-09-12T10:14:31","guid":{"rendered":"http:\/\/agora.xtec.cat\/zermestral\/?page_id=7"},"modified":"2024-04-03T13:27:07","modified_gmt":"2024-04-03T11:27:07","slug":"inici","status":"publish","type":"page","link":"https:\/\/agora.xtec.cat\/zermestral\/","title":{"rendered":"Benvinguts al web de la ZER Mestral"},"content":{"rendered":"<p>&nbsp;<\/p>\n<p>La ZER Mestral es va constituir el curs 2000\/2001. Consta de tres escoles d\u2019 Educaci\u00f3 Infantil i Prim\u00e0ria. La seu \u00e9s Campred\u00f3.<\/p>\n<p>Som una ZER plural, una agrupaci\u00f3 d\u2019escoles amb caracter\u00edstiques diverses que comparteix docents i una estructura organitzativa en la que fa una cerca continuada de punts d\u2019uni\u00f3.<\/p>\n<p>Est\u00e0 formada per 3 escoles: l\u2019Escola del Lligallo del G\u00e0nguil (Els Lligallos), l\u2019Escola Divina Pastora (Vinallop) i l\u2019Escola Port Rod\u00f3 (Campred\u00f3). Els Lligallos i Campred\u00f3 tenen escoles c\u00edcliques, en canvi, l\u2019escola de Vinallop nom\u00e9s t\u00e9 un sol grup. A m\u00e9s, l\u2019Escola Divina Pastora i l\u2019Escola Port Rod\u00f3 tenen llar d\u2019infants dins l\u2019escola.<\/p>\n<p>Les 3 escoles estan ubicades enmig d\u2019un entorn natural immillorable, amb els Ports i el riu Ebre com a aut\u00e8ntics protagonistes i el Delta i les seves platges a pocs km de dist\u00e0ncia.<\/p>\n<p>La ZER compta amb 22 mestres, dels quals 4 s\u00f3n itinerants (de m\u00fasica, angl\u00e8s, educaci\u00f3 f\u00edsica i educaci\u00f3 especial), dues TEI, 3 auxiliars d\u2019educaci\u00f3 especial i una administrativa.<\/p>\n<p>La ZER Mestral pret\u00e9n esdevenir un centre arrelat al territori, proper, obert i participatiu, on la implicaci\u00f3 dels grups d\u2019inter\u00e8s construeix aprenentatge, l\u2019alumnat tingui un paper actiu en el seu aprenentatge i hi hagi una l\u00ednia pedag\u00f2gica ben definida promoguda pel treball docent en equip.<\/p>\n","protected":false},"excerpt":{"rendered":"<p>&nbsp; La ZER Mestral es va constituir el curs 2000\/2001. Consta de tres escoles d\u2019 Educaci\u00f3 Infantil i Prim\u00e0ria. La seu \u00e9s Campred\u00f3. Som una ZER plural, una agrupaci\u00f3 d\u2019escoles amb caracter\u00edstiques diverses que comparteix docents i una estructura organitzativa en la que fa una cerca continuada de punts d\u2019uni\u00f3. Est\u00e0 formada per 3 escoles: [&hellip;]<\/p>\n","protected":false},"author":1,"featured_media":0,"parent":0,"menu_order":0,"comment_status":"closed","ping_status":"closed","template":"","meta":{"_bbp_topic_count":0,"_bbp_reply_count":0,"_bbp_total_topic_count":0,"_bbp_total_reply_count":0,"_bbp_voice_count":0,"_bbp_anonymous_reply_count":0,"_bbp_topic_count_hidden":0,"_bbp_reply_count_hidden":0,"_bbp_forum_subforum_count":0,"site-sidebar-layout":"default","site-content-layout":"","ast-site-content-layout":"","site-content-style":"default","site-sidebar-style":"default","ast-global-header-display":"","ast-banner-title-visibility":"","ast-main-header-display":"","ast-hfb-above-header-display":"","ast-hfb-below-header-display":"","ast-hfb-mobile-header-display":"","site-post-title":"","ast-breadcrumbs-content":"","ast-featured-img":"","footer-sml-layout":"","theme-transparent-header-meta":"","adv-header-id-meta":"","stick-header-meta":"","header-above-stick-meta":"","header-main-stick-meta":"","header-below-stick-meta":"","astra-migrate-meta-layouts":"default","ast-page-background-enabled":"default","ast-page-background-meta":{"desktop":{"background-color":"var(--ast-global-color-4)","background-image":"","background-repeat":"repeat","background-position":"center center","background-size":"auto","background-attachment":"scroll","background-type":"","background-media":"","overlay-type":"","overlay-color":"","overlay-opacity":"","overlay-gradient":""},"tablet":{"background-color":"","background-image":"","background-repeat":"repeat","background-position":"center center","background-size":"auto","background-attachment":"scroll","background-type":"","background-media":"","overlay-type":"","overlay-color":"","overlay-opacity":"","overlay-gradient":""},"mobile":{"background-color":"","background-image":"","background-repeat":"repeat","background-position":"center center","background-size":"auto","background-attachment":"scroll","background-type":"","background-media":"","overlay-type":"","overlay-color":"","overlay-opacity":"","overlay-gradient":""}},"ast-content-background-meta":{"desktop":{"background-color":"var(--ast-global-color-5)","background-image":"","background-repeat":"repeat","background-position":"center center","background-size":"auto","background-attachment":"scroll","background-type":"","background-media":"","overlay-type":"","overlay-color":"","overlay-opacity":"","overlay-gradient":""},"tablet":{"background-color":"var(--ast-global-color-5)","background-image":"","background-repeat":"repeat","background-position":"center center","background-size":"auto","background-attachment":"scroll","background-type":"","background-media":"","overlay-type":"","overlay-color":"","overlay-opacity":"","overlay-gradient":""},"mobile":{"background-color":"var(--ast-global-color-5)","background-image":"","background-repeat":"repeat","background-position":"center center","background-size":"auto","background-attachment":"scroll","background-type":"","background-media":"","overlay-type":"","overlay-color":"","overlay-opacity":"","overlay-gradient":""}},"footnotes":""},"class_list":["post-7","page","type-page","status-publish","hentry"],"post_mailing_queue_ids":[],"_links":{"self":[{"href":"https:\/\/agora.xtec.cat\/zermestral\/wp-json\/wp\/v2\/pages\/7","targetHints":{"allow":["GET"]}}],"collection":[{"href":"https:\/\/agora.xtec.cat\/zermestral\/wp-json\/wp\/v2\/pages"}],"about":[{"href":"https:\/\/agora.xtec.cat\/zermestral\/wp-json\/wp\/v2\/types\/page"}],"author":[{"embeddable":true,"href":"https:\/\/agora.xtec.cat\/zermestral\/wp-json\/wp\/v2\/users\/1"}],"replies":[{"embeddable":true,"href":"https:\/\/agora.xtec.cat\/zermestral\/wp-json\/wp\/v2\/comments?post=7"}],"version-history":[{"count":6,"href":"https:\/\/agora.xtec.cat\/zermestral\/wp-json\/wp\/v2\/pages\/7\/revisions"}],"predecessor-version":[{"id":2056,"href":"https:\/\/agora.xtec.cat\/zermestral\/wp-json\/wp\/v2\/pages\/7\/revisions\/2056"}],"wp:attachment":[{"href":"https:\/\/agora.xtec.cat\/zermestral\/wp-json\/wp\/v2\/media?parent=7"}],"curies":[{"name":"wp","href":"https:\/\/api.w.org\/{rel}","templated":true}]}}