{"id":435,"date":"2015-07-24T15:14:37","date_gmt":"2015-07-24T14:14:37","guid":{"rendered":"http:\/\/agora.xtec.cat\/zermestral\/?page_id=435"},"modified":"2023-11-14T10:10:33","modified_gmt":"2023-11-14T09:10:33","slug":"afa","status":"publish","type":"page","link":"https:\/\/agora.xtec.cat\/zermestral\/escola-lligallo\/afa\/","title":{"rendered":"AFA"},"content":{"rendered":"<p><strong>Pots veure les \u00faltimes not\u00edcies de l&#8217;AFA de l&#8217;escola <a href=\"http:\/\/agora.xtec.cat\/zermestral\/nodes\/afa_lligallo\/\">aqu\u00ed<\/a>.<\/strong><\/p>\n<p>L\u2019AFA \u00e9s l\u2019entitat que agrupa les fam\u00edlies d\u2019alumnes de l\u2019Escola per a la defensa dels seus interessos en tot all\u00f2 que fa refer\u00e8ncia a l\u2019educaci\u00f3 dels nens i nenes i col\u00b7labora en el funcionament del centre.<br \/>\n\u00c9s una entitat constitu\u00efda com associaci\u00f3 sense \u00e0nim de lucre. Est\u00e0 regulada per uns estatuts i s\u2019organitza a trav\u00e9s de: La Junta Directiva i l\u2019Assemblea General.<br \/>\nL&#8217;objectiu fonamental de l&#8217;AFA \u00e9s contribuir a la millora de la qualitat de l&#8217;ensenyament que reben els nostres fills i filles.<\/p>\n<p>Algunes de les tasques que es fan s\u00f3n:<\/p>\n<ul>\n<li>Promoure la participaci\u00f3 de pares i mares dels alumnes en les diferents activitats d&#8217;escola.<\/li>\n<li>Promoure la representaci\u00f3 i la participaci\u00f3 dels pares i mares dels alumnes en el Consell Escolar.<\/li>\n<li>Col\u00b7labora en les activitats educatives, organitza i gestiona les activitats extraescolars i el menjador de l\u2019Escola.<\/li>\n<li>Venda de roba i llibres de text.<\/li>\n<li>Ajuda al finan\u00e7ament d\u2019aquelles activitats o materials que el centre necessita.<\/li>\n<li>Participa a la comissi\u00f3 fam\u00edlia i escola.<\/li>\n<\/ul>\n<h6>Qui \u00e9s de l\u2019AFA?<\/h6>\n<p>L\u2019Associaci\u00f3 est\u00e0 formada per les fam\u00edlies que s\u2019han inscrit com a s\u00f2cies. L\u2019actual Junta est\u00e0 formada per:<\/p>\n<ul>\n<li>Presid\u00e8ncia: \u00darsula Bertomeu Borr\u00e0s<\/li>\n<li>Vicepresid\u00e8ncia:\u00c0ngela Gimeno Escoda<\/li>\n<li>Secretaria: Pilar Rodr\u00edguez Also<\/li>\n<li>Tresoreria: Arantxa Carles Forcadell<\/li>\n<li>Vocal: A\u00efda Mart\u00ed Rodr\u00edguez<\/li>\n<li>Vocal: Sabrina Mart\u00ednez Bonet<\/li>\n<li>Vocal: Alba Bertomeu Morales<\/li>\n<li>Vocal: Dana Florentina Pop<\/li>\n<\/ul>\n<h6>Contactar<\/h6>\n<ul>\n<li>Correu electr\u00f2nic: afa.lligallo@zermestral.cat ; ampaceiplligallos@gmail.com<\/li>\n<\/ul>\n","protected":false},"excerpt":{"rendered":"<p>Pots veure les \u00faltimes not\u00edcies de l&#8217;AFA de l&#8217;escola aqu\u00ed. L\u2019AFA \u00e9s l\u2019entitat que agrupa les fam\u00edlies d\u2019alumnes de l\u2019Escola per a la defensa dels seus interessos en tot all\u00f2 que fa refer\u00e8ncia a l\u2019educaci\u00f3 dels nens i nenes i col\u00b7labora en el funcionament del centre. \u00c9s una entitat constitu\u00efda com associaci\u00f3 sense \u00e0nim de [&hellip;]<\/p>\n","protected":false},"author":1,"featured_media":0,"parent":266,"menu_order":5,"comment_status":"closed","ping_status":"closed","template":"page-templates\/side-menu.php","meta":{"_bbp_topic_count":0,"_bbp_reply_count":0,"_bbp_total_topic_count":0,"_bbp_total_reply_count":0,"_bbp_voice_count":0,"_bbp_anonymous_reply_count":0,"_bbp_topic_count_hidden":0,"_bbp_reply_count_hidden":0,"_bbp_forum_subforum_count":0,"site-sidebar-layout":"default","site-content-layout":"","ast-site-content-layout":"","site-content-style":"default","site-sidebar-style":"default","ast-global-header-display":"","ast-banner-title-visibility":"","ast-main-header-display":"","ast-hfb-above-header-display":"","ast-hfb-below-header-display":"","ast-hfb-mobile-header-display":"","site-post-title":"","ast-breadcrumbs-content":"","ast-featured-img":"","footer-sml-layout":"","theme-transparent-header-meta":"","adv-header-id-meta":"","stick-header-meta":"","header-above-stick-meta":"","header-main-stick-meta":"","header-below-stick-meta":"","astra-migrate-meta-layouts":"default","ast-page-background-enabled":"default","ast-page-background-meta":{"desktop":{"background-color":"var(--ast-global-color-4)","background-image":"","background-repeat":"repeat","background-position":"center center","background-size":"auto","background-attachment":"scroll","background-type":"","background-media":"","overlay-type":"","overlay-color":"","overlay-opacity":"","overlay-gradient":""},"tablet":{"background-color":"","background-image":"","background-repeat":"repeat","background-position":"center center","background-size":"auto","background-attachment":"scroll","background-type":"","background-media":"","overlay-type":"","overlay-color":"","overlay-opacity":"","overlay-gradient":""},"mobile":{"background-color":"","background-image":"","background-repeat":"repeat","background-position":"center center","background-size":"auto","background-attachment":"scroll","background-type":"","background-media":"","overlay-type":"","overlay-color":"","overlay-opacity":"","overlay-gradient":""}},"ast-content-background-meta":{"desktop":{"background-color":"var(--ast-global-color-5)","background-image":"","background-repeat":"repeat","background-position":"center center","background-size":"auto","background-attachment":"scroll","background-type":"","background-media":"","overlay-type":"","overlay-color":"","overlay-opacity":"","overlay-gradient":""},"tablet":{"background-color":"var(--ast-global-color-5)","background-image":"","background-repeat":"repeat","background-position":"center center","background-size":"auto","background-attachment":"scroll","background-type":"","background-media":"","overlay-type":"","overlay-color":"","overlay-opacity":"","overlay-gradient":""},"mobile":{"background-color":"var(--ast-global-color-5)","background-image":"","background-repeat":"repeat","background-position":"center center","background-size":"auto","background-attachment":"scroll","background-type":"","background-media":"","overlay-type":"","overlay-color":"","overlay-opacity":"","overlay-gradient":""}},"footnotes":""},"class_list":["post-435","page","type-page","status-publish","hentry"],"post_mailing_queue_ids":[],"_links":{"self":[{"href":"https:\/\/agora.xtec.cat\/zermestral\/wp-json\/wp\/v2\/pages\/435","targetHints":{"allow":["GET"]}}],"collection":[{"href":"https:\/\/agora.xtec.cat\/zermestral\/wp-json\/wp\/v2\/pages"}],"about":[{"href":"https:\/\/agora.xtec.cat\/zermestral\/wp-json\/wp\/v2\/types\/page"}],"author":[{"embeddable":true,"href":"https:\/\/agora.xtec.cat\/zermestral\/wp-json\/wp\/v2\/users\/1"}],"replies":[{"embeddable":true,"href":"https:\/\/agora.xtec.cat\/zermestral\/wp-json\/wp\/v2\/comments?post=435"}],"version-history":[{"count":5,"href":"https:\/\/agora.xtec.cat\/zermestral\/wp-json\/wp\/v2\/pages\/435\/revisions"}],"predecessor-version":[{"id":1996,"href":"https:\/\/agora.xtec.cat\/zermestral\/wp-json\/wp\/v2\/pages\/435\/revisions\/1996"}],"up":[{"embeddable":true,"href":"https:\/\/agora.xtec.cat\/zermestral\/wp-json\/wp\/v2\/pages\/266"}],"wp:attachment":[{"href":"https:\/\/agora.xtec.cat\/zermestral\/wp-json\/wp\/v2\/media?parent=435"}],"curies":[{"name":"wp","href":"https:\/\/api.w.org\/{rel}","templated":true}]}}