{"id":398,"date":"2015-07-23T15:26:52","date_gmt":"2015-07-23T14:26:52","guid":{"rendered":"http:\/\/agora.xtec.cat\/zermestral\/?page_id=398"},"modified":"2023-05-17T10:04:11","modified_gmt":"2023-05-17T08:04:11","slug":"on-som","status":"publish","type":"page","link":"https:\/\/agora.xtec.cat\/zermestral\/httpagora-xtec-catzermestralcategoriaescola-port-rodo\/on-som\/","title":{"rendered":"On som"},"content":{"rendered":"<p><a href=\"https:\/\/www.google.com\/maps\/place\/Av.+de+Don+%C3%81lvaro,+166,+43897+Camp-Red%C3%B3,+Tarragona\/@40.7657028,0.5577571,17z\/data=!4m6!3m5!1s0x12a0fcfb35330f17:0x6d7c44862dea0999!8m2!3d40.7651502!4d0.5575854!16s%2Fg%2F11cp86h6zj\"><img loading=\"lazy\" decoding=\"async\" class=\"aligncenter size-large wp-image-1941\" src=\"https:\/\/agora.xtec.cat\/zermestral\/wp-content\/uploads\/usu238\/2023\/05\/campredo-1024x488.jpg\" alt=\"\" width=\"1024\" height=\"488\" srcset=\"https:\/\/agora.xtec.cat\/zermestral\/wp-content\/uploads\/usu238\/2023\/05\/campredo-1024x488.jpg 1024w, https:\/\/agora.xtec.cat\/zermestral\/wp-content\/uploads\/usu238\/2023\/05\/campredo-300x143.jpg 300w, https:\/\/agora.xtec.cat\/zermestral\/wp-content\/uploads\/usu238\/2023\/05\/campredo-768x366.jpg 768w, https:\/\/agora.xtec.cat\/zermestral\/wp-content\/uploads\/usu238\/2023\/05\/campredo-1536x732.jpg 1536w, https:\/\/agora.xtec.cat\/zermestral\/wp-content\/uploads\/usu238\/2023\/05\/campredo.jpg 1576w\" sizes=\"auto, (max-width: 1024px) 100vw, 1024px\" \/><\/a><\/p>\n<p style=\"color: #666666;\"><strong>Escola Port Rod\u00f3<\/strong><br \/>\nAv.Don \u00c1lvaro, 166<br \/>\n43897 Campred\u00f3 &#8211; Tortosa<br \/>\n<a href=\"mailto:e3003987@xtec.cat\">e3003987@xtec.cat<\/a><\/p>\n<p>&nbsp;<\/p>\n","protected":false},"excerpt":{"rendered":"<p>Escola Port Rod\u00f3 Av.Don \u00c1lvaro, 166 43897 Campred\u00f3 &#8211; Tortosa e3003987@xtec.cat &nbsp;<\/p>\n","protected":false},"author":1,"featured_media":0,"parent":268,"menu_order":20,"comment_status":"closed","ping_status":"closed","template":"page-templates\/side-menu.php","meta":{"_bbp_topic_count":0,"_bbp_reply_count":0,"_bbp_total_topic_count":0,"_bbp_total_reply_count":0,"_bbp_voice_count":0,"_bbp_anonymous_reply_count":0,"_bbp_topic_count_hidden":0,"_bbp_reply_count_hidden":0,"_bbp_forum_subforum_count":0,"site-sidebar-layout":"default","site-content-layout":"","ast-site-content-layout":"","site-content-style":"default","site-sidebar-style":"default","ast-global-header-display":"","ast-banner-title-visibility":"","ast-main-header-display":"","ast-hfb-above-header-display":"","ast-hfb-below-header-display":"","ast-hfb-mobile-header-display":"","site-post-title":"","ast-breadcrumbs-content":"","ast-featured-img":"","footer-sml-layout":"","theme-transparent-header-meta":"","adv-header-id-meta":"","stick-header-meta":"","header-above-stick-meta":"","header-main-stick-meta":"","header-below-stick-meta":"","astra-migrate-meta-layouts":"default","ast-page-background-enabled":"default","ast-page-background-meta":{"desktop":{"background-color":"var(--ast-global-color-4)","background-image":"","background-repeat":"repeat","background-position":"center center","background-size":"auto","background-attachment":"scroll","background-type":"","background-media":"","overlay-type":"","overlay-color":"","overlay-opacity":"","overlay-gradient":""},"tablet":{"background-color":"","background-image":"","background-repeat":"repeat","background-position":"center center","background-size":"auto","background-attachment":"scroll","background-type":"","background-media":"","overlay-type":"","overlay-color":"","overlay-opacity":"","overlay-gradient":""},"mobile":{"background-color":"","background-image":"","background-repeat":"repeat","background-position":"center center","background-size":"auto","background-attachment":"scroll","background-type":"","background-media":"","overlay-type":"","overlay-color":"","overlay-opacity":"","overlay-gradient":""}},"ast-content-background-meta":{"desktop":{"background-color":"var(--ast-global-color-5)","background-image":"","background-repeat":"repeat","background-position":"center center","background-size":"auto","background-attachment":"scroll","background-type":"","background-media":"","overlay-type":"","overlay-color":"","overlay-opacity":"","overlay-gradient":""},"tablet":{"background-color":"var(--ast-global-color-5)","background-image":"","background-repeat":"repeat","background-position":"center center","background-size":"auto","background-attachment":"scroll","background-type":"","background-media":"","overlay-type":"","overlay-color":"","overlay-opacity":"","overlay-gradient":""},"mobile":{"background-color":"var(--ast-global-color-5)","background-image":"","background-repeat":"repeat","background-position":"center center","background-size":"auto","background-attachment":"scroll","background-type":"","background-media":"","overlay-type":"","overlay-color":"","overlay-opacity":"","overlay-gradient":""}},"footnotes":""},"class_list":["post-398","page","type-page","status-publish","hentry"],"post_mailing_queue_ids":[],"_links":{"self":[{"href":"https:\/\/agora.xtec.cat\/zermestral\/wp-json\/wp\/v2\/pages\/398","targetHints":{"allow":["GET"]}}],"collection":[{"href":"https:\/\/agora.xtec.cat\/zermestral\/wp-json\/wp\/v2\/pages"}],"about":[{"href":"https:\/\/agora.xtec.cat\/zermestral\/wp-json\/wp\/v2\/types\/page"}],"author":[{"embeddable":true,"href":"https:\/\/agora.xtec.cat\/zermestral\/wp-json\/wp\/v2\/users\/1"}],"replies":[{"embeddable":true,"href":"https:\/\/agora.xtec.cat\/zermestral\/wp-json\/wp\/v2\/comments?post=398"}],"version-history":[{"count":3,"href":"https:\/\/agora.xtec.cat\/zermestral\/wp-json\/wp\/v2\/pages\/398\/revisions"}],"predecessor-version":[{"id":1942,"href":"https:\/\/agora.xtec.cat\/zermestral\/wp-json\/wp\/v2\/pages\/398\/revisions\/1942"}],"up":[{"embeddable":true,"href":"https:\/\/agora.xtec.cat\/zermestral\/wp-json\/wp\/v2\/pages\/268"}],"wp:attachment":[{"href":"https:\/\/agora.xtec.cat\/zermestral\/wp-json\/wp\/v2\/media?parent=398"}],"curies":[{"name":"wp","href":"https:\/\/api.w.org\/{rel}","templated":true}]}}